{"id":975,"date":"2023-03-14T22:00:35","date_gmt":"2023-03-14T22:00:35","guid":{"rendered":"https:\/\/gcf.community\/?page_id=975"},"modified":"2023-09-11T15:21:40","modified_gmt":"2023-09-11T14:21:40","slug":"upload","status":"publish","type":"page","link":"https:\/\/gcf.community\/pt\/events\/brazil2023\/upload\/","title":{"rendered":"Carregar"},"content":{"rendered":"<h3>\n\t\tBrasil 2023\n\t<\/h3>\n<h1>\n\t\tCarregar\n\t<\/h1>\n\t<p>Voc\u00ea pode carregar seus arquivos abaixo. Use esta ferramenta somente para compartilhar recursos como PDFs, documentos do Office, imagens etc. O tamanho m\u00e1ximo do arquivo \u00e9 100 MB. Se desejar, voc\u00ea pode carregar uma pasta de recursos\/arquivos.<\/p>\n<p><strong>Por favor, n\u00e3o carregue nenhum v\u00eddeo para esta p\u00e1gina. Em vez disso, pedimos que voc\u00ea entre no grupo do WhatsApp atrav\u00e9s do bot\u00e3o na parte inferior desta p\u00e1gina e carregue seus v\u00eddeos l\u00e1.<\/strong>.<\/p>\n\t<div id='wpcp-764e4cfd76a288924c8f4b732c3ab94c' class='wpcp-container'><div id='OutoftheBox' class='upload  wpcp-has-scroll-to-top' data-module-id='wpcp-764e4cfd76a288924c8f4b732c3ab94c' style='display:none'><noscript><div class='OutoftheBox-nojsmessage'>Para visualizar este conte\u00fado, voc\u00ea precisa ter o JavaScript habilitado em seu navegador.<br\/><a href='http:\/\/www.enable-javascript.com\/' target='_blank'>Para fazer isso, siga estas instru\u00e7\u00f5es<\/a>.<\/div><\/noscript><div class='wpcp-module OutoftheBox upload jsdisabled'  id='OutoftheBox-764e4cfd76a288924c8f4b732c3ab94c' data-token='764e4cfd76a288924c8f4b732c3ab94c' data-account-id='dbid:AAB2dTcGQmrzZtKegNrHODwdwEKSkvgz8y4' data-org-id='' data-path='' data-org-path='%2F' data-source='5e8698da324cdd20ff2e47bcf068c73e' data-sort='name:asc'>\r\n<div class=\"fileupload-box   auto_upload\" style=\"width:100%;max-width:100%;\" data-preprocess=\"\">\r\n    <!-- FORM ELEMENTS -->\r\n    <div id=\"fileupload-764e4cfd76a288924c8f4b732c3ab94c\" class=\"fileupload-form\" data-token='764e4cfd76a288924c8f4b732c3ab94c'>\r\n        <input type=\"hidden\" name=\"acceptfiletypes\" value=\".(.)$\">\r\n        <input type=\"hidden\" name=\"minfilesize\" value=\"0\">\r\n        <input type=\"hidden\" name=\"maxfilesize\" data-limit=\"1\" value=\"104857600\">\r\n        <input type=\"hidden\" name=\"maxnumberofuploads\" value=\"-1\">\r\n        <input type=\"hidden\" name=\"listtoken\" value=\"764e4cfd76a288924c8f4b732c3ab94c\">\r\n        <input type='hidden' name='fileupload-filelist_764e4cfd76a288924c8f4b732c3ab94c' class='fileupload-filelist' value=''>\r\n        <input type=\"file\" name=\"files[]\" class='upload-input upload-input-files' multiple accept=\"\">\r\n                <input type=\"file\" name=\"files[]\" class='upload-input upload-input-folder' multiple directory webkitdirectory>\r\n            <\/div>\r\n    <!-- END FORM ELEMENTS -->\r\n\r\n    <!-- UPLOAD BOX HEADER -->\r\n    <div class=\"fileupload-header\">\r\n        <div class=\"fileupload-header-title\">\r\n            <div class=\"fileupload-empty\">\r\n                <div class=\"fileupload-header-text-title upload-add-file\">Adicionar arquivos<\/div>\r\n                                <div class=\"fileupload-header-text-subtitle upload-add-folder\"><a title=\"Ou selecione uma pasta\">Ou selecione uma pasta<\/a>\r\n                <\/div>\r\n                            <\/div>\r\n            <div class=\"fileupload-not-empty\">\r\n                <div class=\"fileupload-header-text-title fileupload-items\"><\/div>\r\n                <div class=\"fileupload-header-text-subtitle fileupload-items-size\"><\/div>\r\n            <\/div>\r\n        <\/div>\r\n        <div class=\"fileupload-header-button\">\r\n            <button class='fileupload-requirements-button button button-round-icon secondary' type=\"button\" title=\"Requisitos para upload\"><i class=\"eva eva-list eva-lg\"><\/i><\/button>\r\n            <div class='tippy-content-holder'>\r\n                <div class='tippy-content'>\r\n                    <div class=\"upload-requirements-content-subtitle\">\r\n                        <div class=\"upload-requirements-size\">Tamanho M\u00e1ximo: <em><span class='max-file-size'>100 MB<\/span><\/em><\/div>                    <\/div>\r\n                <\/div>\r\n            <\/div>\r\n        <\/div>\r\n        <div class=\"fileupload-header-button\">\r\n            <button class='fileupload-add-button button button-round-icon' type=\"button\" title=\"Adicionar arquivos\"><i class=\"eva eva-plus-outline eva-lg\"><\/i><\/button>\r\n            <div class='tippy-content-holder'>\r\n                <div class='tippy-content'>\r\n                    <ul>\r\n                        <li class=\"upload-add-file\">\r\n                            <a title=\"Arquivos\">\r\n                                <i class=\"eva eva-file-add-outline eva-lg\"><\/i> Arquivos                            <\/a>\r\n                        <\/li>\r\n                                                <li class=\"upload-add-folder\">\r\n                            <a title=\"Massas\">\r\n                                <i class=\"eva eva-folder-add-outline eva-lg\"><\/i> Massas                            <\/a>\r\n                        <\/li>\r\n                                            <\/ul>\r\n                <\/div>\r\n            <\/div>\r\n        <\/div>\r\n    <\/div>\r\n    <!-- END UPLOAD BOX HEADER -->\r\n\r\n    <!-- UPLOAD PROGRESS -->\r\n    <div class=\"fileupload-global-progress\">\r\n        <div class=\"fileupload-global-progress-bar\"><\/div>\r\n    <\/div>\r\n    <!-- END UPLOAD PROGRESS -->\r\n\r\n    <!-- UPLOAD BOX LIST -->\r\n    <div class=\"fileupload-list\" style=\"\">\r\n        <table role=\"table\" class=\"fileupload-table\">\r\n            <tbody class=\"fileupload-table-body\">\r\n\r\n                <!-- UPLOAD BOX TEMPLATE ROW -->\r\n                <tr class=\"fileupload-table-row fileupload-table-row-template\" role=\"row\">\r\n                    <td class=\"fileupload-table-cell\" role=\"cell\" style=\"flex: 1 1 100%;\">\r\n                        <div class=\"fileupload-table-cell-icon\"><img decoding=\"async\" class=\"\" src=\"\" loading=\"lazy\" \/><\/div>\r\n                        <div class=\"fileupload-table-cell-content\">\r\n                            <div class=\"fileupload-table-cell-text fileupload-table-text-title\"><\/div>\r\n                            <div class=\"fileupload-table-cell-text fileupload-table-text-subtitle\"><\/div>\r\n                        <\/div>\r\n                    <\/td>\r\n\r\n                    <td class=\"fileupload-table-cell fileupload-table-cell-action\" role=\"cell\" style=\"flex: 1 0 auto;\">\r\n                                                <button type=\"button\" title=\"Baixar arquivo\" class=\"upload-download\"><i class=\"eva eva-download-outline eva-lg\"><\/i><span> Baixar arquivo<\/span><\/button>\r\n                                                <button type=\"button\" title=\"Tente carregar o arquivo novamente\" class=\"upload-redo\"><i class=\"eva eva-refresh eva-lg\"><\/i><\/button>\r\n                    <\/td>\r\n\r\n                    <td class=\"fileupload-table-cell fileupload-table-cell-result\" role=\"cell\" style=\"flex: 0 0 64px;\">\r\n                        <i title=\"Removedor de filamento\" aria-label=\"Removedor de filamento\" class=\"upload-remove eva eva-close eva-lg\"><\/i>\r\n                        <i title=\"Carregar para %s\" aria-label=\"Carregar para %s\" class=\"upload-stop eva eva-stop-circle eva-lg\"><\/i>\r\n                        <i class=\"upload-waiting eva eva-pause-circle-outline eva-lg\"><\/i>\r\n                        <i class=\"upload-success eva eva-checkmark eva-lg\"><\/i>\r\n                        <i class=\"upload-fail eva eva-alert-triangle-outline eva-lg\"><\/i>\r\n                        <i class=\"upload-convert eva eva-settings-outline eva-lg eva-spin\"><\/i>\r\n                    <\/td>\r\n\r\n                    <td class=\"fileupload-table-cell fileupload-table-cell-progress\" role=\"cell\" style=\"flex: 0 0 80px;\">\r\n                        <div class=\"fileupload-loading-bar label-center\" data-preset=\"circle\" data-value=\"0\"><\/div>\r\n                    <\/td>\r\n\r\n\r\n                <\/tr>\r\n                <!-- UPLOAD BOX END TEMPLATE ROW -->\r\n            <\/tbody>\r\n        <\/table>\r\n    <\/div>\r\n    <!-- END UPLOAD BOX LIST -->\r\n\r\n    <!-- UPLOAD BOX FOOTER -->\r\n    <div class=\"fileupload-footer\">\r\n        <div class=\"fileupload-footer-content\">\r\n            <button class=\"fileupload-start-button button\" disabled>Iniciar Upload<\/button>\r\n        <\/div>\r\n    <\/div>\r\n    <!-- END UPLOAD BOX FOOTER -->\r\n\r\n<\/div>\r\n\r\n<!-- UPLOAD BOX DRAG & DROP -->\r\n<div class=\"fileupload-drag-drop\"><\/div>\r\n<!-- END UPLOAD DRAG & DROP --><\/div><\/div><div class='wpcp-module-script'><script type='text\/javascript'>if (typeof(jQuery) !== 'undefined' && typeof(jQuery.cp) !== 'undefined' && typeof(jQuery.cp.OutoftheBox) === 'function') { jQuery('#OutoftheBox-764e4cfd76a288924c8f4b732c3ab94c').OutoftheBox(OutoftheBox_vars); };<\/script><\/div><\/div>\n<h4>\n\t\tEnvios de v\u00eddeo\n\t<\/h4>\n\t<p>Se voc\u00ea quiser compartilhar um v\u00eddeo, compartilhe-o com nosso grupo do GCF Video no WhatsApp, no qual voc\u00ea pode entrar atrav\u00e9s do bot\u00e3o abaixo.<\/p>\n\t<a href=\"https:\/\/chat.whatsapp.com\/Kj0tpSATv0EG6i8C8sqfRn\" target=\"_blank\" role=\"button\" rel=\"noopener\" aria-label=\"Junte-se ao grupo WhatsApp da GCF Media\">\n\t\t\t\t\t\tJunte-se ao grupo WhatsApp da GCF Media\n\t\t\t\t\t<\/a>","protected":false},"excerpt":{"rendered":"<p>Brazil 2023 Upload You can upload your files below. Please only use this tool to share resources such as PDFs, Office documents, Images etc. The maximum file size is 100MB. If you wish you can upload a folder of resources \/ files. Please do not upload any videos to this page. Instead we ask that &#8230; <a title=\"Carregar\" class=\"read-more\" href=\"https:\/\/gcf.community\/pt\/events\/brazil2023\/upload\/\" aria-label=\"Leia mais sobre Upload\">Ler mais<\/a><\/p>","protected":false},"author":1,"featured_media":0,"parent":919,"menu_order":0,"comment_status":"closed","ping_status":"closed","template":"","meta":{"_acf_changed":false,"_seopress_robots_primary_cat":"","_seopress_titles_title":"","_seopress_titles_desc":"","_seopress_robots_index":"","footnotes":"","_links_to":"","_links_to_target":""},"categories":[],"class_list":["post-975","page","type-page","status-publish"],"acf":[],"_links":{"self":[{"href":"https:\/\/gcf.community\/pt\/wp-json\/wp\/v2\/pages\/975","targetHints":{"allow":["GET"]}}],"collection":[{"href":"https:\/\/gcf.community\/pt\/wp-json\/wp\/v2\/pages"}],"about":[{"href":"https:\/\/gcf.community\/pt\/wp-json\/wp\/v2\/types\/page"}],"author":[{"embeddable":true,"href":"https:\/\/gcf.community\/pt\/wp-json\/wp\/v2\/users\/1"}],"replies":[{"embeddable":true,"href":"https:\/\/gcf.community\/pt\/wp-json\/wp\/v2\/comments?post=975"}],"version-history":[{"count":0,"href":"https:\/\/gcf.community\/pt\/wp-json\/wp\/v2\/pages\/975\/revisions"}],"up":[{"embeddable":true,"href":"https:\/\/gcf.community\/pt\/wp-json\/wp\/v2\/pages\/919"}],"wp:attachment":[{"href":"https:\/\/gcf.community\/pt\/wp-json\/wp\/v2\/media?parent=975"}],"wp:term":[{"taxonomy":"category","embeddable":true,"href":"https:\/\/gcf.community\/pt\/wp-json\/wp\/v2\/categories?post=975"}],"curies":[{"name":"wp","href":"https:\/\/api.w.org\/{rel}","templated":true}]}}