{"id":812,"date":"2023-03-14T14:59:11","date_gmt":"2023-03-14T14:59:11","guid":{"rendered":"https:\/\/gcf.community\/?page_id=812"},"modified":"2023-03-16T12:25:42","modified_gmt":"2023-03-16T12:25:42","slug":"family-fit","status":"publish","type":"page","link":"https:\/\/gcf.community\/pt\/related\/family-fit\/","title":{"rendered":"Fam\u00edlia.Em Forma"},"content":{"rendered":"<h3>\n\t\tRelacionado\n\t<\/h3>\n<h1>\n\t\tGo Health &#038; Fitness and family.fit\n\t<\/h1>\n\t<h4>Prioridades Estrat\u00e9gicas para 2023<\/h4>\n<ol>\n<li>Monte a equipe de sa\u00fade e fitness family.fit.<\/li>\n<li>Desenvolver centros para o family.fit nas 12 grandes regi\u00f5es em que o movimento esportivo divide o mundo.<\/li>\n<li>Crie caminhos para fam\u00edlias e indiv\u00edduos que usam o family.fit e depois aprendam e cres\u00e7am em outros modelos de sa\u00fade e condicionamento f\u00edsico para fazer disc\u00edpulos para Jesus.<\/li>\n<li>Trabalhe estrategicamente em como a equipe de sa\u00fade e condicionamento f\u00edsico pode atender fam\u00edlias em miss\u00e3o.<\/li>\n<\/ol>\n<h4>Fam\u00edlia em forma<\/h4>\n<p>O desenvolvimento colaborativo do family.fit come\u00e7ou no in\u00edcio de 2020. Ele ajuda sua fam\u00edlia a se manter em forma e saud\u00e1vel, a se manter conectada e a desenvolver seu car\u00e1ter. \u00c9 uma estrat\u00e9gia para todas as idades, ideal para ajudar sua fam\u00edlia a crescer unida na f\u00e9 e na boa forma. Cada sess\u00e3o est\u00e1 dispon\u00edvel no site e em PDF para download. Temos mais de 1.500 sess\u00f5es dispon\u00edveis em 21 idiomas.<\/p>\n<p>Voc\u00ea e sua fam\u00edlia podem usar essas sess\u00f5es para se conectar de maneiras divertidas e se exercitar regularmente em casa, no apartamento ou no parque local. Com um pouco de criatividade, todos podem ficar em forma e saud\u00e1veis, permanecer conectados e desenvolver seu car\u00e1ter e f\u00e9.<\/p>","protected":false},"excerpt":{"rendered":"<p>Related Go Health &#038; Fitness and family.fit 2023 Strategic Priorities Build the family.fit health and fitness team. Develop hubs for family.fit in the 12 Big Regions that the sports movement divide the world in. Create pathways for families and individuals that use family.fit and then learn and grow in other health and fitness models to &#8230; <a title=\"Fam\u00edlia.Em Forma\" class=\"read-more\" href=\"https:\/\/gcf.community\/pt\/related\/family-fit\/\" aria-label=\"Leia mais sobre Family.Fit\">Ler mais<\/a><\/p>","protected":false},"author":1,"featured_media":0,"parent":853,"menu_order":0,"comment_status":"closed","ping_status":"closed","template":"","meta":{"_acf_changed":false,"_seopress_robots_primary_cat":"","_seopress_titles_title":"","_seopress_titles_desc":"","_seopress_robots_index":"","footnotes":"","_links_to":"","_links_to_target":""},"categories":[],"class_list":["post-812","page","type-page","status-publish"],"acf":[],"_links":{"self":[{"href":"https:\/\/gcf.community\/pt\/wp-json\/wp\/v2\/pages\/812","targetHints":{"allow":["GET"]}}],"collection":[{"href":"https:\/\/gcf.community\/pt\/wp-json\/wp\/v2\/pages"}],"about":[{"href":"https:\/\/gcf.community\/pt\/wp-json\/wp\/v2\/types\/page"}],"author":[{"embeddable":true,"href":"https:\/\/gcf.community\/pt\/wp-json\/wp\/v2\/users\/1"}],"replies":[{"embeddable":true,"href":"https:\/\/gcf.community\/pt\/wp-json\/wp\/v2\/comments?post=812"}],"version-history":[{"count":0,"href":"https:\/\/gcf.community\/pt\/wp-json\/wp\/v2\/pages\/812\/revisions"}],"up":[{"embeddable":true,"href":"https:\/\/gcf.community\/pt\/wp-json\/wp\/v2\/pages\/853"}],"wp:attachment":[{"href":"https:\/\/gcf.community\/pt\/wp-json\/wp\/v2\/media?parent=812"}],"wp:term":[{"taxonomy":"category","embeddable":true,"href":"https:\/\/gcf.community\/pt\/wp-json\/wp\/v2\/categories?post=812"}],"curies":[{"name":"wp","href":"https:\/\/api.w.org\/{rel}","templated":true}]}}