{"id":808,"date":"2023-03-14T14:57:44","date_gmt":"2023-03-14T14:57:44","guid":{"rendered":"https:\/\/gcf.community\/?page_id=808"},"modified":"2023-03-16T12:24:37","modified_gmt":"2023-03-16T12:24:37","slug":"goplay","status":"publish","type":"page","link":"https:\/\/gcf.community\/pt\/related\/goplay\/","title":{"rendered":"GOPlay"},"content":{"rendered":"<h3>\n\t\tRelacionado\n\t<\/h3>\n<h1>\n\t\tGOPlay\n\t<\/h1>\n\t<h4>O que \u00e9 GOPlay?<\/h4>\n<p>GOPlay is part of the sport movement. GOPlay focuses on children, teens, families, and communities &#8211; and is therefore open to all. The six priorities of the sport movement are going to unreached people and places, praying strategically, empowering local leaders and teams, and mobilizing every church.<\/p>\n<p>The sport movement sees this phase as a season to develop leaders and team &#8211; mature and multiplying leaders &#8211; supporting and praying for more workers of the harvest (Matthew 9:38). These leaders and teams need to be prepared for going to the GAPS &#8211; places and groups of people where there are no sports ministry leaders and teams making disciples for Jesus.<\/p>\n<p>A GOPlay atua nesse ecossistema mais amplo de movimento esportivo. Na \u00faltima d\u00e9cada, tivemos recursos de treinamento competentes para formar l\u00edderes que trabalham especificamente com crian\u00e7as e adolescentes. Esse tem sido o nosso grande foco. Em colabora\u00e7\u00e3o com a GCF e a GO Health &amp; Fitness, exploramos o potencial de ajudar fam\u00edlias a discipular ativamente seus filhos e a se dedicar \u00e0 miss\u00e3o em suas comunidades locais. Vemos este como o momento de ir e ajudar fam\u00edlias em todos os lugares, incentivando-as tamb\u00e9m a IR aos seus GAPS.<\/p>\n<h4>Prioridades Estrat\u00e9gicas 2023-2025<\/h4>\n<ol>\n<li>Milh\u00f5es de fam\u00edlias em miss\u00e3o<\/li>\n<li>Kids and Youth Leadership Journeys &#8211; apprenticeships<\/li>\n<li>Multiply Schools &#8211; mobilize leaders to start and continue GOPlay disciple-making strategies &#8211; hybrid and face-to-face equipping of leaders and teams.<\/li>\n<li>Continue aprimorando e mobilizando estrat\u00e9gias ativas de fazer disc\u00edpulos em todo o corpo de Cristo por meio de estrat\u00e9gias do GOPlay, como jogos infantis, WLC, CCON e festivais.<\/li>\n<li>Continuar a fortalecer parcerias e colabora\u00e7\u00f5es com outros movimentos e organiza\u00e7\u00f5es com sinergia com nossa vis\u00e3o.<\/li>\n<\/ol>","protected":false},"excerpt":{"rendered":"<p>Related GOPlay What is GOPlay? GOPlay is part of the sport movement. GOPlay focuses on children, teens, families, and communities &#8211; and is therefore open to all. The six priorities of the sport movement are going to unreached people and places, praying strategically, empowering local leaders and teams, and mobilizing every church. The sport movement &#8230; <a title=\"GOPlay\" class=\"read-more\" href=\"https:\/\/gcf.community\/pt\/related\/goplay\/\" aria-label=\"Leia mais sobre GOPlay\">Ler mais<\/a><\/p>","protected":false},"author":1,"featured_media":0,"parent":853,"menu_order":0,"comment_status":"closed","ping_status":"closed","template":"","meta":{"_acf_changed":false,"_seopress_robots_primary_cat":"","_seopress_titles_title":"","_seopress_titles_desc":"","_seopress_robots_index":"","footnotes":"","_links_to":"","_links_to_target":""},"categories":[],"class_list":["post-808","page","type-page","status-publish"],"acf":[],"_links":{"self":[{"href":"https:\/\/gcf.community\/pt\/wp-json\/wp\/v2\/pages\/808","targetHints":{"allow":["GET"]}}],"collection":[{"href":"https:\/\/gcf.community\/pt\/wp-json\/wp\/v2\/pages"}],"about":[{"href":"https:\/\/gcf.community\/pt\/wp-json\/wp\/v2\/types\/page"}],"author":[{"embeddable":true,"href":"https:\/\/gcf.community\/pt\/wp-json\/wp\/v2\/users\/1"}],"replies":[{"embeddable":true,"href":"https:\/\/gcf.community\/pt\/wp-json\/wp\/v2\/comments?post=808"}],"version-history":[{"count":0,"href":"https:\/\/gcf.community\/pt\/wp-json\/wp\/v2\/pages\/808\/revisions"}],"up":[{"embeddable":true,"href":"https:\/\/gcf.community\/pt\/wp-json\/wp\/v2\/pages\/853"}],"wp:attachment":[{"href":"https:\/\/gcf.community\/pt\/wp-json\/wp\/v2\/media?parent=808"}],"wp:term":[{"taxonomy":"category","embeddable":true,"href":"https:\/\/gcf.community\/pt\/wp-json\/wp\/v2\/categories?post=808"}],"curies":[{"name":"wp","href":"https:\/\/api.w.org\/{rel}","templated":true}]}}