{"id":804,"date":"2023-03-14T14:57:09","date_gmt":"2023-03-14T14:57:09","guid":{"rendered":"https:\/\/gcf.community\/?page_id=804"},"modified":"2026-02-13T16:44:35","modified_gmt":"2026-02-13T16:44:35","slug":"about","status":"publish","type":"page","link":"https:\/\/gcf.community\/pt\/about\/","title":{"rendered":"Sobre"},"content":{"rendered":"<h1>\n\t\t\tVis\u00e3o geral\t<\/h1>\n<h3>\n\t\t\tQuem somos n\u00f3s?\t<\/h3>\n\t<p>Somos uma rede parceira de mais de 100 organiza\u00e7\u00f5es, grandes e pequenas, locais e internacionais, que se uniram em torno das crian\u00e7as e do evangelho. Seguimos os princ\u00edpios <a href=\"https:\/\/lausanne.org\/content\/covenant\/lausanne-covenant#cov\" target=\"_blank\" rel=\"noopener\">Pacto de Lausanne<\/a> em quest\u00f5es de cren\u00e7a crist\u00e3 e buscamos viver os valores do reino de Deus em tudo o que fazemos.<\/p>\n<p>Com dois ter\u00e7os dos 2,2 bilh\u00f5es de crian\u00e7as do mundo intocados pelos nossos esfor\u00e7os atuais, algo precisa mudar \u2013 rapidamente. Como resultado, desafiamo-nos a pensar biblicamente sobre o minist\u00e9rio com crian\u00e7as e a explorar o melhor pensamento missional do mundo todo. Ao combinarmos isso com um ambiente de pensamento criativo e inovador, novas e maravilhosas maneiras de ministrar com crian\u00e7as, l\u00edderes, igrejas e fam\u00edlias est\u00e3o surgindo e sendo compartilhadas.<\/p>\n<p>A tecnologia permite que pessoas do mundo todo trabalhem juntas continuamente em projetos e explorem novas ideias. A cada dois anos, aproximadamente, realizamos um encontro presencial global maior. Entre esses encontros, grupos menores se re\u00fanem conforme a necessidade. Tentamos nos reunir em diferentes locais ao redor do mundo para permitir a participa\u00e7\u00e3o de uma grande variedade de pessoas.<\/p>\n<p>Tudo isso \u00e9 feito por meio de parcerias globais e com um cora\u00e7\u00e3o de servo. Nosso desejo \u00e9 ver ferramentas eficazes e pensamento inovador prontamente dispon\u00edveis para todo o Corpo de Cristo. Nos sites do GCF, voc\u00ea encontrar\u00e1 muitos recursos e modelos de minist\u00e9rio livres de custos e restri\u00e7\u00f5es de direitos autorais \u2013 sinta-se \u00e0 vontade para traduzi-los, us\u00e1-los, aprimor\u00e1-los, complement\u00e1-los e compartilh\u00e1-los com outras pessoas.<\/p>\n<p>Sabemos que n\u00e3o somos a \u00fanica resposta ao desafio global da evangeliza\u00e7\u00e3o e do discipulado de crian\u00e7as. Consideramo-nos como o fermento que ajuda toda a massa a crescer. Embora pequenos, buscamos servir de forma que todas as igrejas e organiza\u00e7\u00f5es possam se beneficiar dos nossos esfor\u00e7os.<\/p>\n<h3>\n\t\t\tO que valorizamos\t<\/h3>\n\t<p>Um ao outro<\/p>\n\t<p>Trabalhando juntos<\/p>\n\t<p>Amor e humildade<\/p>\n\t<p>Compartilhando generosamente<\/p>\n\t<p>Coragem e criatividade<\/p>\n<h3>\n\t\t\tPrioridades estrat\u00e9gicas\t<\/h3>\n\t<p>A prioridade do GCF \u00e9 ajudar o povo de Deus a fazer disc\u00edpulos entre as crian\u00e7as e ajud\u00e1-las a vivenciar o shalom de Deus. \u00c9 dada aten\u00e7\u00e3o especial a isso no contexto de fam\u00edlias e crian\u00e7as em situa\u00e7\u00e3o de risco. Acreditamos que o objetivo final \u00e9 equipar e encorajar as crian\u00e7as a serem colaboradoras ativas da miss\u00e3o de Deus e de sua comunidade.<\/p>\n<ol>\n<li>Facilitar a comunidade para compartilhar conhecimento, ferramentas e oportunidades<\/li>\n<li>Facilitar a parceria para alcan\u00e7armos mais juntos do que podemos alcan\u00e7ar separados<\/li>\n<li>Incentivar e facilitar uma generosa libera\u00e7\u00e3o de recursos dentro de uma estrutura de c\u00f3digo aberto<\/li>\n<li>Fortalecer a colabora\u00e7\u00e3o, especialmente em torno das fam\u00edlias mission\u00e1rias<\/li>\n<li>Reformular a lideran\u00e7a, integrando l\u00edderes mais jovens<\/li>\n<li>Desenvolver pilotos regionais de Comunidades de Aprendizagem<\/li>\n<li>Ampliar o escopo estrat\u00e9gico da Experi\u00eancia de Lideran\u00e7a (LE) do GCF<\/li>\n<li>Implementar o FlashLab e outras ferramentas de inova\u00e7\u00e3o<\/li>\n<\/ol>","protected":false},"excerpt":{"rendered":"<p>Vis\u00e3o geral Quem somos? Somos uma rede de parcerias com mais de 100 organiza\u00e7\u00f5es, grandes e pequenas, locais e internacionais, que se uniram em torno das crian\u00e7as e do Evangelho. Aderimos ao Pacto de Lausanne em quest\u00f5es de f\u00e9 crist\u00e3 e buscamos viver os valores do Reino de Deus em tudo o que fazemos. Com dois ter\u00e7os de\u2026 <a title=\"Sobre\" class=\"read-more\" href=\"https:\/\/gcf.community\/pt\/about\/\" aria-label=\"Leia mais sobre Sobre\">Ler mais<\/a><\/p>","protected":false},"author":1,"featured_media":0,"parent":0,"menu_order":0,"comment_status":"closed","ping_status":"closed","template":"","meta":{"_acf_changed":false,"_seopress_robots_primary_cat":"","_seopress_titles_title":"","_seopress_titles_desc":"","_seopress_robots_index":"","footnotes":"","_links_to":"","_links_to_target":""},"categories":[],"class_list":["post-804","page","type-page","status-publish"],"acf":[],"_links":{"self":[{"href":"https:\/\/gcf.community\/pt\/wp-json\/wp\/v2\/pages\/804","targetHints":{"allow":["GET"]}}],"collection":[{"href":"https:\/\/gcf.community\/pt\/wp-json\/wp\/v2\/pages"}],"about":[{"href":"https:\/\/gcf.community\/pt\/wp-json\/wp\/v2\/types\/page"}],"author":[{"embeddable":true,"href":"https:\/\/gcf.community\/pt\/wp-json\/wp\/v2\/users\/1"}],"replies":[{"embeddable":true,"href":"https:\/\/gcf.community\/pt\/wp-json\/wp\/v2\/comments?post=804"}],"version-history":[{"count":2,"href":"https:\/\/gcf.community\/pt\/wp-json\/wp\/v2\/pages\/804\/revisions"}],"predecessor-version":[{"id":3212,"href":"https:\/\/gcf.community\/pt\/wp-json\/wp\/v2\/pages\/804\/revisions\/3212"}],"wp:attachment":[{"href":"https:\/\/gcf.community\/pt\/wp-json\/wp\/v2\/media?parent=804"}],"wp:term":[{"taxonomy":"category","embeddable":true,"href":"https:\/\/gcf.community\/pt\/wp-json\/wp\/v2\/categories?post=804"}],"curies":[{"name":"wp","href":"https:\/\/api.w.org\/{rel}","templated":true}]}}