{"id":800,"date":"2023-03-14T14:56:26","date_gmt":"2023-03-14T14:56:26","guid":{"rendered":"https:\/\/gcf.community\/?page_id=800"},"modified":"2026-02-13T16:48:24","modified_gmt":"2026-02-13T16:48:24","slug":"thinkramp","status":"publish","type":"page","link":"https:\/\/gcf.community\/pt\/resources\/thinkramp\/","title":{"rendered":"Pense na Rampa"},"content":{"rendered":"<h1>\n\t\t\tPense na Rampa\t<\/h1>\n\t<p>Pedir a uma equipe que pense de forma estrat\u00e9gica, criativa e pr\u00e1tica, tudo ao mesmo tempo, ser\u00e1 dif\u00edcil para eles. Ficamos facilmente presos em nossos pensamentos. Encontramos solu\u00e7\u00f5es antigas para desafios familiares. O ThinkRamp tenta nos ajudar a colaborar e pensar de novas maneiras, rompendo com nossos padr\u00f5es familiares.<\/p>\n<p>ThinkRamp \u00e9 um processo que utiliza uma met\u00e1fora poderosa. \u00c9 um espa\u00e7o para explorar e brincar, para ajudar a enxergar circunst\u00e2ncias familiares sob uma nova perspectiva. \u00c9 uma ferramenta para ajudar os participantes a pensar de forma mais profunda e estrat\u00e9gica sobre qualquer meta ou desafio que estejam diante deles.<\/p>\n<h4>\n\t\t\tDiagrama do ThinkRamp em branco\t<\/h4>\n<figure itemscope itemtype=\"https:\/\/schema.org\/ImageObject\">\n\t\t\t\t<a href=\"https:\/\/gcf.community\/wp-content\/uploads\/2023\/03\/thinkramp-blank-a4.jpg\"  target=\"_self\" itemprop=\"url\">\n\t\t\t\t<img decoding=\"async\" src=\"https:\/\/gcf.community\/wp-content\/uploads\/2023\/03\/thinkramp-blank-a4-1536x722.jpg\" alt=\"thinkramp blank a4\" height=\"564\" width=\"1200\" title=\"thinkramp em branco a4\" onerror=\"this.style.display='none'\" loading=\"lazy\" \/>\n\t\t\t\t<\/a>\n\t<\/figure>\n\t<a href=\"https:\/\/gcf.community\/wp-content\/uploads\/2023\/03\/thinkramp-blank-a4.jpg\" target=\"_self\" role=\"button\" download=\"thinkramp-blank-a4.jpg\" aria-label=\"Baixe o ThinkRamp em branco\">\n\t\t\t\t\t\tBaixe o ThinkRamp em branco\n\t\t\t\t\t<\/a>\n\t<div id=\"footable_parent_1204\"\n         class=\"footable_parent ninja_table_wrapper loading_ninja_table wp_table_data_press_parent semantic_ui\">\n                <table data-ninja_table_instance=\"ninja_table_instance_0\" data-footable_id=\"1204\" data-filter-delay=\"1000\" aria-label=\"Componentes do ThinkRamp\"            id=\"footable_1204\"\n           data-unique_identifier=\"ninja_table_unique_id_879217372_1204\"\n           class=\"foo-table ninja_footable foo_table_1204 ninja_table_unique_id_879217372_1204 ui table  nt_type_legacy_table selectable striped vertical_centered  footable-paging-right ninjatable_hide_header_row ninja_table_pro\">\n                <colgroup>\n                            <col class=\"ninja_column_0\">\n                            <col class=\"ninja_column_1\">\n                    <\/colgroup>\n        <thead>\n<tr class=\"footable-header\">\n                                        <th scope=\"col\"  class=\"ninja_column_0 ninja_clmn_nm_object\">Objeto<\/th><th scope=\"col\"  class=\"ninja_column_1 ninja_clmn_nm_function\">Fun\u00e7\u00e3o<\/th><\/tr>\n<\/thead>\n<tbody>\n\n        <tr data-row_id=\"12\" class=\"ninja_table_row_0 nt_row_id_12\">\n            <td>1. Bola<\/td><td>Qual \u00e9 a nossa ideia b\u00e1sica? Precisamos de uma nova ideia b\u00e1sica?<\/td>        <\/tr>\n            <tr data-row_id=\"13\" class=\"ninja_table_row_1 nt_row_id_13\">\n            <td>2. Alvo<\/td><td>Qual \u00e9 a nossa meta? Qu\u00e3o ambiciosa ela \u00e9? Existem v\u00e1rias metas? As metas est\u00e3o alinhadas?<\/td>        <\/tr>\n            <tr data-row_id=\"14\" class=\"ninja_table_row_2 nt_row_id_14\">\n            <td>3. Na rampa<\/td><td>O que nos impulsiona a lan\u00e7ar ideias? Nossa hist\u00f3ria? Nossos pontos fortes e fracos? Nossas conex\u00f5es? Nossos recursos? <\/td>        <\/tr>\n            <tr data-row_id=\"15\" class=\"ninja_table_row_3 nt_row_id_15\">\n            <td>4. Obst\u00e1culos<\/td><td>Quais obst\u00e1culos nos impedem de atingir a meta? Quais s\u00e3o os mais significativos?<\/td>        <\/tr>\n            <tr data-row_id=\"16\" class=\"ninja_table_row_4 nt_row_id_16\">\n            <td>5. Rampa de subida<\/td><td>Que oportunidades existem que podem impulsionar nossa ideia? Que &quot;ondas&quot; nas tend\u00eancias atuais podemos surfar?<\/td>        <\/tr>\n            <tr data-row_id=\"17\" class=\"ninja_table_row_5 nt_row_id_17\">\n            <td>6. Mudan\u00e7a de dire\u00e7\u00e3o<\/td><td>Qual \u00e9 o nosso ponto de virada? Que revolu\u00e7\u00e3o de pensamento precisamos neste momento? \u00c9 necess\u00e1ria uma mudan\u00e7a de paradigma?<\/td>        <\/tr>\n    <\/tbody><!--ninja_tobody_rendering_done-->\n    <\/table>\n    \n    \n    \n<\/div>\n\n<h4>\n\t\t\tDiagrama ThinkRamp conclu\u00eddo\t<\/h4>\n<figure itemscope itemtype=\"https:\/\/schema.org\/ImageObject\">\n\t\t\t\t<img decoding=\"async\" src=\"https:\/\/gcf.community\/wp-content\/uploads\/2023\/03\/ThinkRamp-full-1024x732.jpg\" alt=\"ThinkRamp full\" height=\"732\" width=\"1024\" title=\"ThinkRamp completo\" onerror=\"this.style.display='none'\" loading=\"lazy\" \/>\n\t<\/figure>\n\t<a href=\"https:\/\/gcf.community\/wp-content\/uploads\/2023\/03\/ThinkRamp-full-scaled.jpg\" target=\"_self\" role=\"button\" download=\"ThinkRamp-full-scaled.jpg\" aria-label=\"Baixe o ThinkRamp conclu\u00eddo\">\n\t\t\t\t\t\tBaixe o ThinkRamp conclu\u00eddo\n\t\t\t\t\t<\/a>","protected":false},"excerpt":{"rendered":"<p>ThinkRamp: Pedir a uma equipe que pense de forma estrat\u00e9gica, criativa e pr\u00e1tica, tudo ao mesmo tempo, ser\u00e1 dif\u00edcil para eles. Ficamos facilmente presos em nossos pensamentos. Encontramos solu\u00e7\u00f5es antigas para desafios familiares. O ThinkRamp tenta nos ajudar a colaborar e pensar de novas maneiras, rompendo com nossos padr\u00f5es familiares. O ThinkRamp \u00e9 um processo... <a title=\"Pense na Rampa\" class=\"read-more\" href=\"https:\/\/gcf.community\/pt\/resources\/thinkramp\/\" aria-label=\"Leia mais sobre ThinkRamp\">Ler mais<\/a><\/p>","protected":false},"author":1,"featured_media":0,"parent":3157,"menu_order":0,"comment_status":"closed","ping_status":"closed","template":"","meta":{"_acf_changed":false,"_seopress_robots_primary_cat":"","_seopress_titles_title":"","_seopress_titles_desc":"","_seopress_robots_index":"","footnotes":"","_links_to":"","_links_to_target":""},"categories":[],"class_list":["post-800","page","type-page","status-publish"],"acf":[],"_links":{"self":[{"href":"https:\/\/gcf.community\/pt\/wp-json\/wp\/v2\/pages\/800","targetHints":{"allow":["GET"]}}],"collection":[{"href":"https:\/\/gcf.community\/pt\/wp-json\/wp\/v2\/pages"}],"about":[{"href":"https:\/\/gcf.community\/pt\/wp-json\/wp\/v2\/types\/page"}],"author":[{"embeddable":true,"href":"https:\/\/gcf.community\/pt\/wp-json\/wp\/v2\/users\/1"}],"replies":[{"embeddable":true,"href":"https:\/\/gcf.community\/pt\/wp-json\/wp\/v2\/comments?post=800"}],"version-history":[{"count":2,"href":"https:\/\/gcf.community\/pt\/wp-json\/wp\/v2\/pages\/800\/revisions"}],"predecessor-version":[{"id":3218,"href":"https:\/\/gcf.community\/pt\/wp-json\/wp\/v2\/pages\/800\/revisions\/3218"}],"up":[{"embeddable":true,"href":"https:\/\/gcf.community\/pt\/wp-json\/wp\/v2\/pages\/3157"}],"wp:attachment":[{"href":"https:\/\/gcf.community\/pt\/wp-json\/wp\/v2\/media?parent=800"}],"wp:term":[{"taxonomy":"category","embeddable":true,"href":"https:\/\/gcf.community\/pt\/wp-json\/wp\/v2\/categories?post=800"}],"curies":[{"name":"wp","href":"https:\/\/api.w.org\/{rel}","templated":true}]}}