{"id":796,"date":"2023-03-14T14:55:41","date_gmt":"2023-03-14T14:55:41","guid":{"rendered":"https:\/\/gcf.community\/?page_id=796"},"modified":"2023-03-16T12:42:18","modified_gmt":"2023-03-16T12:42:18","slug":"cewwj","status":"publish","type":"page","link":"https:\/\/gcf.community\/pt\/related\/cewwj\/","title":{"rendered":"CEWWJ"},"content":{"rendered":"<h3>\n\t\tRelacionado\n\t<\/h3>\n<h1>\n\t\tCrian\u00e7as em todos os lugares caminhando com Jesus\n\t<\/h1>\n\t<h4>Como podemos trabalhar com Deus para ver crian\u00e7as em todos os lugares caminhando com Jesus?<\/h4>\n<p><strong>Crian\u00e7as<\/strong>: <em>seeing them through God&#8217;s eyes<\/em><\/p>\n<ul>\n<li>Every child is uniquely made in God&#8217;s image and loved by Him. We need to know and value them as He does if we are to help them walk with Jesus<\/li>\n<li>O quanto conhe\u00e7o as crian\u00e7as ao meu redor, entendo o mundo delas e permito que suas vozes sejam ouvidas e atendidas?<\/li>\n<\/ul>\n<p><strong>Em todos os lugares<\/strong>: <em>entrando em seu mundo<\/em><\/p>\n<ul>\n<li>Ambientes fragmentados carecem da seguran\u00e7a e do cuidado que as crian\u00e7as precisam. O Bom Pastor anseia que as crian\u00e7as caminhem entre pastos verdejantes e \u00e1guas tranquilas, onde possam prosperar.<\/li>\n<li>Estamos criando ambientes de seguran\u00e7a e acolhimento onde as crian\u00e7as podem prosperar em meio a circunst\u00e2ncias desafiadoras?<\/li>\n<\/ul>\n<p><strong>Andando<\/strong>: <em>crescendo na jornada<\/em><\/p>\n<ul>\n<li>Learning to walk with Jesus can happen anywhere, at any time, with anyone &#8211; or alone, Both formal and informal learning experiences are vital to developing deep roots in God that will enable children to stand strong<\/li>\n<li>Ao explorar a vida e a f\u00e9 com crian\u00e7as, demonstro criatividade, relev\u00e2ncia e confian\u00e7a de que Deus fala com elas por meio da B\u00edblia, da ora\u00e7\u00e3o e das experi\u00eancias de vida?<\/li>\n<\/ul>\n<p><strong>Com<\/strong>: <em>prosperando por meio de relacionamentos<\/em><\/p>\n<ul>\n<li>Deus busca um relacionamento com cada crian\u00e7a. Ao caminharmos com elas, n\u00f3s as apoiamos e as ajudamos a encontrar sentido na vida e na f\u00e9.<\/li>\n<li>Vejo meus relacionamentos com crian\u00e7as como possibilidades que abrem oportunidades para que elas tenham experi\u00eancias transformadoras com Deus?<\/li>\n<\/ul>\n<p><strong>Jesus<\/strong>: <em>levando Jesus aos outros<\/em><\/p>\n<ul>\n<li>As children walk with Jesus, they bring Him and his message of hope into their world. They can share Him in places and ways that adults can&#8217;t.<\/li>\n<li>Estou ignorando a contribui\u00e7\u00e3o que as crian\u00e7as podem dar \u00e0 Grande Comiss\u00e3o?<\/li>\n<\/ul>\n<h5>Alcan\u00e7amos o objetivo de crian\u00e7as em todos os lugares caminhando com Jesus por meio de:<\/h5>\n<p>Fam\u00edlias que:<\/p>\n<ol>\n<li>Celebre os dons e jornadas \u00fanicas de cada crian\u00e7a.<\/li>\n<li>Garanta que a fam\u00edlia seja um lugar seguro para as crian\u00e7as crescerem e aprenderem.<\/li>\n<li>Seja um modelo e transmita a f\u00e9 em circunst\u00e2ncias cotidianas.<\/li>\n<li>Sirvam a Deus juntos na igreja e na comunidade.<\/li>\n<\/ol>\n<p>Igrejas que:<\/p>\n<ol>\n<li>Acolher crian\u00e7as e fam\u00edlias em uma comunidade segura e acolhedora que atenda \u00e0s suas necessidades hol\u00edsticas.<\/li>\n<li>Apoiar e equipar as fam\u00edlias para serem centros de desenvolvimento da f\u00e9<\/li>\n<li>Ore, aprenda, sirva e celebre juntos atrav\u00e9s das gera\u00e7\u00f5es.<\/li>\n<li>Crie oportunidades para as crian\u00e7as explorarem os dons que Deus lhes deu e caminhe ao lado delas enquanto aprendem.<\/li>\n<\/ol>\n<p>Crian\u00e7as que:<\/p>\n<ol>\n<li>Saiba que seus dons s\u00e3o valores e tenha oportunidades de us\u00e1-los.<\/li>\n<li>Compartilhe sua f\u00e9 com outros de maneiras criativas.<\/li>\n<li>Are active participants in building God&#8217;s Kingdom<\/li>\n<\/ol>\n<p>Institui\u00e7\u00f5es teol\u00f3gicas e semin\u00e1rios que:<\/p>\n<ol>\n<li>Impacte todos os l\u00edderes da igreja ao incluir uma teologia robusta de minist\u00e9rio para crian\u00e7as e fam\u00edlias em todas as disciplinas acad\u00eamicas<\/li>\n<li>Ensure that children&#8217;s ministry is a genuine academic option.<\/li>\n<li>Tornar-se centros regionais para networking, conversas e recursos no minist\u00e9rio para crian\u00e7as e fam\u00edlias.<\/li>\n<\/ol>\n<p>Parcerias entre organiza\u00e7\u00f5es crist\u00e3s e seculares que:<\/p>\n<ol>\n<li>Meet children&#8217;s practical needs for food and shelter, health and education<\/li>\n<li>Advocate for children&#8217;s rights at all levels of community and government.<\/li>\n<li>Explore innovative approaches that address the changing, often difficult, realities for today&#8217;s children and families and ensure that these are adequately resources.<\/li>\n<li>Incentive as crian\u00e7as a contribu\u00edrem para o bem-estar da comunidade.<\/li>\n<\/ol>","protected":false},"excerpt":{"rendered":"<p>Related Children Everywhere Walking With Jesus How can we work with God to see children everywhere walking with Jesus? Children: seeing them through God&#8217;s eyes Every child is uniquely made in God&#8217;s image and loved by Him. We need to know and value them as He does if we are to help them walk with &#8230; <a title=\"CEWWJ\" class=\"read-more\" href=\"https:\/\/gcf.community\/pt\/related\/cewwj\/\" aria-label=\"Leia mais sobre CEWWJ\">Ler mais<\/a><\/p>","protected":false},"author":1,"featured_media":0,"parent":853,"menu_order":0,"comment_status":"closed","ping_status":"closed","template":"","meta":{"_acf_changed":false,"_seopress_robots_primary_cat":"","_seopress_titles_title":"","_seopress_titles_desc":"","_seopress_robots_index":"","footnotes":"","_links_to":"","_links_to_target":""},"categories":[],"class_list":["post-796","page","type-page","status-publish"],"acf":[],"_links":{"self":[{"href":"https:\/\/gcf.community\/pt\/wp-json\/wp\/v2\/pages\/796","targetHints":{"allow":["GET"]}}],"collection":[{"href":"https:\/\/gcf.community\/pt\/wp-json\/wp\/v2\/pages"}],"about":[{"href":"https:\/\/gcf.community\/pt\/wp-json\/wp\/v2\/types\/page"}],"author":[{"embeddable":true,"href":"https:\/\/gcf.community\/pt\/wp-json\/wp\/v2\/users\/1"}],"replies":[{"embeddable":true,"href":"https:\/\/gcf.community\/pt\/wp-json\/wp\/v2\/comments?post=796"}],"version-history":[{"count":0,"href":"https:\/\/gcf.community\/pt\/wp-json\/wp\/v2\/pages\/796\/revisions"}],"up":[{"embeddable":true,"href":"https:\/\/gcf.community\/pt\/wp-json\/wp\/v2\/pages\/853"}],"wp:attachment":[{"href":"https:\/\/gcf.community\/pt\/wp-json\/wp\/v2\/media?parent=796"}],"wp:term":[{"taxonomy":"category","embeddable":true,"href":"https:\/\/gcf.community\/pt\/wp-json\/wp\/v2\/categories?post=796"}],"curies":[{"name":"wp","href":"https:\/\/api.w.org\/{rel}","templated":true}]}}