{"id":792,"date":"2023-03-14T14:54:06","date_gmt":"2023-03-14T14:54:06","guid":{"rendered":"https:\/\/gcf.community\/?page_id=792"},"modified":"2023-03-16T12:19:08","modified_gmt":"2023-03-16T12:19:08","slug":"brokenness-to-wholeness-framework","status":"publish","type":"page","link":"https:\/\/gcf.community\/pt\/about\/brokenness-to-wholeness-framework\/","title":{"rendered":"Estrutura da Quebra para a Totalidade"},"content":{"rendered":"<h3>\n\t\tSobre\n\t<\/h3>\n<h1>\n\t\tEstrutura da Quebra para a Totalidade\n\t<\/h1>\n\t\t\t\t<img loading=\"lazy\" decoding=\"async\" src=\"https:\/\/gcf.community\/wp-content\/uploads\/2023\/03\/Brokennes-to-Wholeness-2018.jpg\" alt=\"Brokennes to Wholeness 2018\" itemprop=\"image\" height=\"1084\" width=\"1200\" title=\"Quebras para a Totalidade 2018\" onerror=\"this.style.display='none'\"  \/>\n\t<p>Este diagrama mostra o caminho da Quebra do pecado para a Totalidade do shalom.<\/p>\n<p>Os dois eixos representam as duas esferas de quebrantamento.<\/p>\n<h4>Eixo horizontal<\/h4>\n<p>A fragilidade f\u00edsica, pessoal e social \u00e9 evidenciada pela pobreza, guerra, abuso, doen\u00e7a, etc. Programas de ajuda e desenvolvimento podem ajudar a levar essas crian\u00e7as a um ambiente seguro e saud\u00e1vel, onde elas possam se desenvolver pessoalmente e contribuir para a sociedade.<\/p>\n<h4>Eixo Vertical<\/h4>\n<p>A separa\u00e7\u00e3o espiritual de Deus, causada pelo pecado e pela ignor\u00e2ncia, \u00e9 curada \u00e0 medida que a igreja os alcan\u00e7a, compartilha o Evangelho e os guia para um relacionamento com Deus. Como parte da comunidade do Seu Corpo, o relacionamento deles com Deus \u00e9 fortalecido e eles s\u00e3o capacitados a se tornarem participantes ativos em Sua obra.<\/p>\n<p>All children are currently somewhere on this matrix &#8211; experiencing different levels of brokenness and wholeness in different areas of their lives. Our goal is to move them closer to the complete wholeness of Shalom, found in the upper right quadrant.<\/p>","protected":false},"excerpt":{"rendered":"<p>About Brokenness to Wholeness Framework This diagram shows the path from Brokenness of sin to the Wholeness of shalom. The two axes represent the two spheres of brokenness. Horizontal Axis Physical, personal, social brokenness is evidenced by poverty, war, abuse, sickness, etc. Aid and development programs can help bring these children into a safe and &#8230; <a title=\"Estrutura da Quebra para a Totalidade\" class=\"read-more\" href=\"https:\/\/gcf.community\/pt\/about\/brokenness-to-wholeness-framework\/\" aria-label=\"Leia mais sobre Brokenness to Wholeness Framework\">Ler mais<\/a><\/p>","protected":false},"author":1,"featured_media":0,"parent":804,"menu_order":0,"comment_status":"closed","ping_status":"closed","template":"","meta":{"_acf_changed":false,"_seopress_robots_primary_cat":"","_seopress_titles_title":"","_seopress_titles_desc":"","_seopress_robots_index":"","footnotes":"","_links_to":"","_links_to_target":""},"categories":[],"class_list":["post-792","page","type-page","status-publish"],"acf":[],"_links":{"self":[{"href":"https:\/\/gcf.community\/pt\/wp-json\/wp\/v2\/pages\/792","targetHints":{"allow":["GET"]}}],"collection":[{"href":"https:\/\/gcf.community\/pt\/wp-json\/wp\/v2\/pages"}],"about":[{"href":"https:\/\/gcf.community\/pt\/wp-json\/wp\/v2\/types\/page"}],"author":[{"embeddable":true,"href":"https:\/\/gcf.community\/pt\/wp-json\/wp\/v2\/users\/1"}],"replies":[{"embeddable":true,"href":"https:\/\/gcf.community\/pt\/wp-json\/wp\/v2\/comments?post=792"}],"version-history":[{"count":0,"href":"https:\/\/gcf.community\/pt\/wp-json\/wp\/v2\/pages\/792\/revisions"}],"up":[{"embeddable":true,"href":"https:\/\/gcf.community\/pt\/wp-json\/wp\/v2\/pages\/804"}],"wp:attachment":[{"href":"https:\/\/gcf.community\/pt\/wp-json\/wp\/v2\/media?parent=792"}],"wp:term":[{"taxonomy":"category","embeddable":true,"href":"https:\/\/gcf.community\/pt\/wp-json\/wp\/v2\/categories?post=792"}],"curies":[{"name":"wp","href":"https:\/\/api.w.org\/{rel}","templated":true}]}}