{"id":788,"date":"2023-03-14T14:52:26","date_gmt":"2023-03-14T14:52:26","guid":{"rendered":"https:\/\/gcf.community\/?page_id=788"},"modified":"2023-08-30T15:39:41","modified_gmt":"2023-08-30T14:39:41","slug":"writing-process","status":"publish","type":"page","link":"https:\/\/gcf.community\/pt\/resources\/flashlab\/writing-process\/","title":{"rendered":"Processo de escrita"},"content":{"rendered":"<h1>\n\t\tProcesso de Escrita do FlashLab\n\t<\/h1>\n\t<p>Cada equipe de trabalho come\u00e7ar\u00e1 de um ponto diferente, portanto, cada uma ter\u00e1 tarefas diferentes para realizar. Algumas equipes n\u00e3o t\u00eam sess\u00f5es de treinamento escritas em seu t\u00f3pico geral, enquanto outras j\u00e1 t\u00eam a maioria das sess\u00f5es de treinamento escritas. No entanto, como estamos criando novas ferramentas al\u00e9m das sess\u00f5es de treinamento, haver\u00e1 muitas tarefas para cada equipe realizar.<\/p>\n\t\t\t\t<img loading=\"lazy\" decoding=\"async\" src=\"https:\/\/gcf.community\/wp-content\/uploads\/2023\/03\/flashlab-process.png\" alt=\"flashlab process\" itemprop=\"image\" height=\"222\" width=\"900\" title=\"processo flashlab\" onerror=\"this.style.display='none'\">\n\t<p>This writing process below is indicative only. Each team&#8217;s facilitator will be shaping a process that will uniquely work for their team. Your team will need to:<\/p>\n<h5>Entenda toda a tarefa<\/h5>\n<p>Audite e entenda a \u00e1rea de conte\u00fado em que sua equipe est\u00e1 trabalhando. Entenda como as sess\u00f5es\/partes se encaixam no contexto geral.<\/p>\n<ul>\n<li>Que novos componentes voc\u00ea est\u00e1 fabricando? Por qu\u00ea?<\/li>\n<li>Qual \u00e9 o problema que voc\u00ea est\u00e1 tentando resolver?<\/li>\n<li>Entenda os modelos e como cada pe\u00e7a se encaixa.<\/li>\n<\/ul>\n<h5>Fa\u00e7a um plano<\/h5>\n<p>Ao planejar, fa\u00e7a a si mesmo estas perguntas:<\/p>\n<ul>\n<li>O que podemos priorizar fazer neste per\u00edodo do FlashLab?<\/li>\n<li>Quais s\u00e3o as lacunas e tarefas a serem conclu\u00eddas?<\/li>\n<li>Quais ser\u00e3o as equipes e subequipes? Quais ser\u00e3o as fun\u00e7\u00f5es?<\/li>\n<li>Quem executar\u00e1 quais tarefas?<\/li>\n<li>Como podemos continuar depois deste FlashLab?<\/li>\n<\/ul>\n\t\t\t\t<img loading=\"lazy\" decoding=\"async\" src=\"https:\/\/gcf.community\/wp-content\/uploads\/2023\/03\/Stretch-play-choose.png\" alt=\"Stretch play choose\" itemprop=\"image\" height=\"258\" width=\"600\" title=\"Escolha a brincadeira de alongamento\" onerror=\"this.style.display='none'\">\n\t<h5>Fa\u00e7a um brainstorming, crie, escreva e revise<\/h5>\n<p>Veja o processo de 1 a 7 abaixo.<\/p>\n\t\t\t\t<a href=\"https:\/\/gcf.community\/wp-content\/uploads\/2023\/03\/brainstorm.png\" target=\"_self\" itemprop=\"url\" rel=\"noopener\">\n\t\t\t\t<img loading=\"lazy\" decoding=\"async\" src=\"https:\/\/gcf.community\/wp-content\/uploads\/2023\/03\/brainstorm.png\" alt=\"brainstorm\" itemprop=\"image\" height=\"781\" width=\"1200\" title=\"chuva de ideias\" onerror=\"this.style.display='none'\">\n\t\t\t\t<\/a>\n\t<h5>Celebre tudo o que Deus fez<\/h5>\n<p>Let&#8217;s see what God can do in our midst as we labor together.<\/p>","protected":false},"excerpt":{"rendered":"<p>FlashLab Writing Process Every work team will be starting from a different point, so each one will have different tasks to do. Some teams have no training sessions written in their broad topic, while other teams have most training sessions written. However, as we are creating new tools other than the training sessions, there will &#8230; <a title=\"Processo de escrita\" class=\"read-more\" href=\"https:\/\/gcf.community\/pt\/resources\/flashlab\/writing-process\/\" aria-label=\"Leia mais sobre Writing Process\">Ler mais<\/a><\/p>","protected":false},"author":1,"featured_media":0,"parent":1917,"menu_order":0,"comment_status":"closed","ping_status":"closed","template":"","meta":{"_acf_changed":false,"_seopress_robots_primary_cat":"","_seopress_titles_title":"","_seopress_titles_desc":"","_seopress_robots_index":"","footnotes":"","_links_to":"","_links_to_target":""},"categories":[91],"class_list":{"0":"post-788","1":"page","2":"type-page","3":"status-publish","5":"category-flashlab"},"acf":[],"_links":{"self":[{"href":"https:\/\/gcf.community\/pt\/wp-json\/wp\/v2\/pages\/788","targetHints":{"allow":["GET"]}}],"collection":[{"href":"https:\/\/gcf.community\/pt\/wp-json\/wp\/v2\/pages"}],"about":[{"href":"https:\/\/gcf.community\/pt\/wp-json\/wp\/v2\/types\/page"}],"author":[{"embeddable":true,"href":"https:\/\/gcf.community\/pt\/wp-json\/wp\/v2\/users\/1"}],"replies":[{"embeddable":true,"href":"https:\/\/gcf.community\/pt\/wp-json\/wp\/v2\/comments?post=788"}],"version-history":[{"count":0,"href":"https:\/\/gcf.community\/pt\/wp-json\/wp\/v2\/pages\/788\/revisions"}],"up":[{"embeddable":true,"href":"https:\/\/gcf.community\/pt\/wp-json\/wp\/v2\/pages\/1917"}],"wp:attachment":[{"href":"https:\/\/gcf.community\/pt\/wp-json\/wp\/v2\/media?parent=788"}],"wp:term":[{"taxonomy":"category","embeddable":true,"href":"https:\/\/gcf.community\/pt\/wp-json\/wp\/v2\/categories?post=788"}],"curies":[{"name":"wp","href":"https:\/\/api.w.org\/{rel}","templated":true}]}}