{"id":780,"date":"2023-03-14T14:51:05","date_gmt":"2023-03-14T14:51:05","guid":{"rendered":"https:\/\/gcf.community\/?page_id=780"},"modified":"2023-03-15T08:35:58","modified_gmt":"2023-03-15T08:35:58","slug":"goals-and-outcomes","status":"publish","type":"page","link":"https:\/\/gcf.community\/pt\/events\/brazil2023\/goals-and-outcomes\/","title":{"rendered":"Metas e Resultados"},"content":{"rendered":"<h3>\n\t\tBrasil 2023\n\t<\/h3>\n\t\t\t<button tabindex=\"0\" role=\"button\" aria-label=\"Menu\">\n\t\t\t\t\t\t\t<\/button>\n\t<nav aria-label=\"Brasil\" itemscope=\"itemscope\" itemtype=\"https:\/\/schema.org\/SiteNavigationElement\">\n\t\t<ul id=\"menu-brazil\"><li id=\"menu-item-830\"><a href=\"https:\/\/gcf.community\/pt\/events\/brazil2023\/welcome\/\" tabindex=\"0\" role=\"link\">Bem-vindo<\/a><\/li><li id=\"menu-item-832\"><a href=\"https:\/\/gcf.community\/pt\/events\/brazil2023\/preparation\/\" tabindex=\"0\" role=\"link\">Prepara\u00e7\u00e3o<\/a><\/li><li id=\"menu-item-835\"><a href=\"https:\/\/gcf.community\/pt\/events\/brazil2023\/travel-information\/\" tabindex=\"0\" role=\"link\">Informa\u00e7\u00f5es de viagem<\/a><\/li><li id=\"menu-item-829\"><a href=\"https:\/\/gcf.community\/pt\/events\/brazil2023\/venue-information\/\" tabindex=\"0\" role=\"link\">Informa\u00e7\u00f5es do local<\/a><\/li><li id=\"menu-item-831\"><a href=\"https:\/\/gcf.community\/pt\/events\/brazil2023\/venue-map\/\" tabindex=\"0\" role=\"link\">Mapa do local<\/a><\/li><li id=\"menu-item-828\"><a href=\"https:\/\/gcf.community\/pt\/events\/brazil2023\/goals-and-outcomes\/\" aria-current=\"page\" tabindex=\"0\" role=\"link\">Metas e Resultados<\/a><\/li><li id=\"menu-item-833\"><a href=\"https:\/\/gcf.community\/pt\/events\/brazil2023\/program\/\" tabindex=\"0\" role=\"link\">Programa<\/a><\/li><li id=\"menu-item-834\"><a href=\"https:\/\/gcf.community\/pt\/events\/brazil2023\/resources\/\" tabindex=\"0\" role=\"link\">Recursos<\/a><\/li><li id=\"menu-item-981\"><a href=\"https:\/\/gcf.community\/pt\/events\/brazil2023\/upload\/\" tabindex=\"0\" role=\"link\">Carregar<\/a><\/li><li id=\"menu-item-873\"><a href=\"https:\/\/gcf.community\/pt\/events\/brazil2023\/downloads\/\" tabindex=\"0\" role=\"link\">Transfer\u00eancias<\/a><\/li><li id=\"menu-item-874\"><a href=\"https:\/\/gcf.community\/pt\/events\/brazil2023\/bios\/\" tabindex=\"0\" role=\"link\">BIOS<\/a><\/li><\/ul>\n\t\t\t<\/nav>\n<h1>\n\t\tMetas e Resultados da Confer\u00eancia\n\t<\/h1>\n\t<p>Informa\u00e7\u00f5es sobre os poss\u00edveis grupos de trabalho e resultados iniciais esperados:<\/p>\n<p>&nbsp;<\/p>\n<div id=\"footable_parent_968\"\n         class=\"footable_parent ninja_table_wrapper loading_ninja_table wp_table_data_press_parent semantic_ui\">\n                <table data-ninja_table_instance=\"ninja_table_instance_0\" data-footable_id=\"968\" data-filter-delay=\"1000\" aria-label=\"Metas e Resultados do Brasil\"            id=\"footable_968\"\n           data-unique_identifier=\"ninja_table_unique_id_2107661313_968\"\n           class=\"foo-table ninja_footable foo_table_968 ninja_table_unique_id_2107661313_968 ui table  nt_type_legacy_table selectable striped vertical_centered  footable-paging-right ninja_table_search_disabled ninja_table_pro\">\n                <colgroup>\n                            <col class=\"ninja_column_0\">\n                            <col class=\"ninja_column_1\">\n                            <col class=\"ninja_column_2\">\n                    <\/colgroup>\n        <thead>\n<tr class=\"footable-header\">\n                                                        <th scope=\"col\"  class=\"ninja_column_0 ninja_clmn_nm_number\"><\/th><th scope=\"col\"  class=\"ninja_column_1 ninja_clmn_nm_goals\">Metas<\/th><th scope=\"col\"  class=\"ninja_column_2 ninja_clmn_nm_outcomes\">Resultados<\/th><\/tr>\n<\/thead>\n<tbody>\n\n        <tr data-row_id=\"1\" class=\"ninja_table_row_0 nt_row_id_1\">\n            <td>1<\/td><td><p><strong>Colabora\u00e7\u00e3o do Reino<\/strong><br \/>Queremos ver movimentos e ag\u00eancias focados em crian\u00e7as e fam\u00edlias dialogando e planejando o que podemos fazer juntos e que n\u00e3o podemos fazer sozinhos.<\/p><\/td><td><ul>\n<li>Confian\u00e7a e clareza<\/li>\n<li>Plano estrat\u00e9gico<\/li>\n<li>Maior alcance\/impacto<\/li>\n<\/ul><\/td>        <\/tr>\n            <tr data-row_id=\"2\" class=\"ninja_table_row_1 nt_row_id_2\">\n            <td>2<\/td><td><p><strong>Fam\u00edlias em Miss\u00e3o (FOM)<\/strong> <br \/>Juntos, imaginaremos o impacto de milh\u00f5es de fam\u00edlias pensando e agindo missionariamente. Desenvolveremos maneiras de equip\u00e1-las, conect\u00e1-las e motiv\u00e1-las.<\/p><\/td><td><ul>\n<li>Clareza nas defini\u00e7\u00f5es, desafios e estrat\u00e9gias para equipar fam\u00edlias para estarem em miss\u00e3o local.<\/li>\n<\/ul><\/td>        <\/tr>\n            <tr data-row_id=\"3\" class=\"ninja_table_row_2 nt_row_id_3\">\n            <td>3<\/td><td><strong>Grupos de trabalho<\/strong> <br \/>Dessas discuss\u00f5es surgir\u00e3o grupos de trabalho pr\u00e1ticos para desenvolver planos e projetos pr\u00e1ticos.<\/td><td><ul>\n<li>Um plano para cada equipe de trabalho continuar o processo ap\u00f3s o f\u00f3rum presencial.<\/li>\n<li>Cada equipe contribui com conte\u00fado para um guia FOM.<\/li>\n<\/ul><\/td>        <\/tr>\n            <tr data-row_id=\"4\" class=\"ninja_table_row_3 nt_row_id_4\">\n            <td>4<\/td><td><strong>Reuni\u00f5es de movimento<\/strong> <br \/>Cada um dos movimentos representativos ter\u00e1 sua pr\u00f3pria agenda, equipes e s\u00edntese do FOM para trabalhar. As notas da agenda de cada movimento est\u00e3o inclu\u00eddas abaixo. (GCF, GOPlay, GO Health &amp; Fitness, Generosity)<\/td><td><ul>\n<li>Itens da pauta para cada movimento foram esclarecidos, delimitados e levados adiante.<\/li>\n<\/ul><\/td>        <\/tr>\n            <tr data-row_id=\"5\" class=\"ninja_table_row_4 nt_row_id_5\">\n            <td>5<\/td><td><strong>Formas e est\u00e1gios da fam\u00edlia<\/strong> <br \/>Durante a confer\u00eancia, nos encontraremos com outras pessoas em um est\u00e1gio semelhante da vida para lidar com as amea\u00e7as e oportunidades dessa fase em rela\u00e7\u00e3o ao FOM.<\/td><td><ul>\n<li>Cada equipe contribui com conte\u00fado para um guia FOM.<\/li>\n<\/ul><\/td>        <\/tr>\n            <tr data-row_id=\"6\" class=\"ninja_table_row_5 nt_row_id_6\">\n            <td>6<\/td><td><p><strong>Compartilhe hist\u00f3rias<\/strong> <br \/>Juntos, compartilharemos hist\u00f3rias de fam\u00edlias em miss\u00e3o e seremos inspirados.<\/p>\n<p><strong>Rezar<\/strong> <br \/>Ore pelas fam\u00edlias em todos os lugares e orem uns pelos outros em nossos desafios.<\/p><\/td><td><ul>\n<li>Confian\u00e7a, alegria e celebra\u00e7\u00e3o.<\/li>\n<li>Um banco de hist\u00f3rias como exemplos de fam\u00edlias em miss\u00e3o (audiovisuais e escritas).<\/li>\n<\/ul><\/td>        <\/tr>\n    <\/tbody><!--ninja_tobody_rendering_done-->\n    <\/table>\n    \n    \n    \n<\/div>","protected":false},"excerpt":{"rendered":"<p>Brasil 2023 Bem-vindo Prepara\u00e7\u00e3o Informa\u00e7\u00f5es de viagem Informa\u00e7\u00f5es sobre o local Mapa do local Metas e resultados Recursos do programa Carregar downloads Biografias Metas e resultados da confer\u00eancia Informa\u00e7\u00f5es sobre os poss\u00edveis grupos de trabalho e os resultados iniciais esperados: &nbsp;<\/p>","protected":false},"author":1,"featured_media":0,"parent":919,"menu_order":0,"comment_status":"closed","ping_status":"closed","template":"","meta":{"_acf_changed":false,"_seopress_robots_primary_cat":"","_seopress_titles_title":"","_seopress_titles_desc":"","_seopress_robots_index":"","footnotes":"","_links_to":"","_links_to_target":""},"categories":[],"class_list":["post-780","page","type-page","status-publish"],"acf":[],"_links":{"self":[{"href":"https:\/\/gcf.community\/pt\/wp-json\/wp\/v2\/pages\/780","targetHints":{"allow":["GET"]}}],"collection":[{"href":"https:\/\/gcf.community\/pt\/wp-json\/wp\/v2\/pages"}],"about":[{"href":"https:\/\/gcf.community\/pt\/wp-json\/wp\/v2\/types\/page"}],"author":[{"embeddable":true,"href":"https:\/\/gcf.community\/pt\/wp-json\/wp\/v2\/users\/1"}],"replies":[{"embeddable":true,"href":"https:\/\/gcf.community\/pt\/wp-json\/wp\/v2\/comments?post=780"}],"version-history":[{"count":0,"href":"https:\/\/gcf.community\/pt\/wp-json\/wp\/v2\/pages\/780\/revisions"}],"up":[{"embeddable":true,"href":"https:\/\/gcf.community\/pt\/wp-json\/wp\/v2\/pages\/919"}],"wp:attachment":[{"href":"https:\/\/gcf.community\/pt\/wp-json\/wp\/v2\/media?parent=780"}],"wp:term":[{"taxonomy":"category","embeddable":true,"href":"https:\/\/gcf.community\/pt\/wp-json\/wp\/v2\/categories?post=780"}],"curies":[{"name":"wp","href":"https:\/\/api.w.org\/{rel}","templated":true}]}}