{"id":751,"date":"2023-03-14T14:22:13","date_gmt":"2023-03-14T14:22:13","guid":{"rendered":"https:\/\/gcf.community\/?page_id=751"},"modified":"2023-03-16T11:42:11","modified_gmt":"2023-03-16T11:42:11","slug":"preparation","status":"publish","type":"page","link":"https:\/\/gcf.community\/pt\/events\/brazil2023\/preparation\/","title":{"rendered":"Prepara\u00e7\u00e3o"},"content":{"rendered":"<h3>\n\t\tBrasil 2023\n\t<\/h3>\n<h1>\n\t\tPrepara\u00e7\u00e3o\n\t<\/h1>\n\t<p>Abaixo est\u00e3o alguns recursos que voc\u00ea pode consultar enquanto se prepara para nossas reuni\u00f5es no Brasil.<\/p>\n<h4>\n\t\tSess\u00e3o de apresenta\u00e7\u00e3o de Lawson Murray\n\t<\/h4>\n\t<iframe allowfullscreen allow=\"autoplay\" data-src=\"https:\/\/www.youtube.com\/embed\/MSbfJZASNSg?feature=oembed&amp;start&amp;end&amp;wmode=opaque&amp;loop=0&amp;controls=1&amp;mute=0&amp;rel=0&amp;modestbranding=0\"><\/iframe>\t\t\n\t\t\t\t\tReproduzir v\u00eddeo\n<h4>\n\t\tResultados da pesquisa do Dr. PC Mathew\n\t<\/h4>\n\t<ol>\n<li>&#8216;Worshipping as a family&#8217; was at the centre of all the other four characteristics of the missional families.<\/li>\n<li>A falta de harmonia conjugal e de compromisso com Cristo \u00e9 o fator mais prejudicial para que uma fam\u00edlia se torne mission\u00e1ria.<\/li>\n<li>Ensinar sobre a fam\u00edlia missional ajudou muitos a se conectarem intencionalmente com seus vizinhos, amigos e parentes.<\/li>\n<li>O ensino sobre a fam\u00edlia missional deve ser dado a todos os membros para um maior impacto.<\/li>\n<\/ol>","protected":false},"excerpt":{"rendered":"<p>Brazil 2023 Preparation Below are some resources that you may like to look through as you prepare for our meetings in Brazil. Lawson Murray Showcase Session Play Video Dr P C Mathew Research Findings &#8216;Worshipping as a family&#8217; was at the centre of all the other four characteristics of the missional families. Lack of marital &#8230; <a title=\"Prepara\u00e7\u00e3o\" class=\"read-more\" href=\"https:\/\/gcf.community\/pt\/events\/brazil2023\/preparation\/\" aria-label=\"Leia mais sobre Preparation\">Ler mais<\/a><\/p>","protected":false},"author":1,"featured_media":0,"parent":919,"menu_order":0,"comment_status":"closed","ping_status":"closed","template":"","meta":{"_acf_changed":false,"_seopress_robots_primary_cat":"","_seopress_titles_title":"","_seopress_titles_desc":"","_seopress_robots_index":"","footnotes":"","_links_to":"","_links_to_target":""},"categories":[],"class_list":["post-751","page","type-page","status-publish"],"acf":[],"_links":{"self":[{"href":"https:\/\/gcf.community\/pt\/wp-json\/wp\/v2\/pages\/751","targetHints":{"allow":["GET"]}}],"collection":[{"href":"https:\/\/gcf.community\/pt\/wp-json\/wp\/v2\/pages"}],"about":[{"href":"https:\/\/gcf.community\/pt\/wp-json\/wp\/v2\/types\/page"}],"author":[{"embeddable":true,"href":"https:\/\/gcf.community\/pt\/wp-json\/wp\/v2\/users\/1"}],"replies":[{"embeddable":true,"href":"https:\/\/gcf.community\/pt\/wp-json\/wp\/v2\/comments?post=751"}],"version-history":[{"count":0,"href":"https:\/\/gcf.community\/pt\/wp-json\/wp\/v2\/pages\/751\/revisions"}],"up":[{"embeddable":true,"href":"https:\/\/gcf.community\/pt\/wp-json\/wp\/v2\/pages\/919"}],"wp:attachment":[{"href":"https:\/\/gcf.community\/pt\/wp-json\/wp\/v2\/media?parent=751"}],"wp:term":[{"taxonomy":"category","embeddable":true,"href":"https:\/\/gcf.community\/pt\/wp-json\/wp\/v2\/categories?post=751"}],"curies":[{"name":"wp","href":"https:\/\/api.w.org\/{rel}","templated":true}]}}