{"id":717,"date":"2023-02-23T07:22:21","date_gmt":"2023-02-23T07:22:21","guid":{"rendered":"https:\/\/gcf.community\/?page_id=717"},"modified":"2023-03-17T05:45:30","modified_gmt":"2023-03-17T05:45:30","slug":"travel-information","status":"publish","type":"page","link":"https:\/\/gcf.community\/pt\/events\/brazil2023\/travel-information\/","title":{"rendered":"Informa\u00e7\u00f5es de viagem"},"content":{"rendered":"<h3>\n\t\tBrasil 2023\n\t<\/h3>\n<h1>\n\t\tInforma\u00e7\u00f5es de viagem\n\t<\/h1>\n\t<p>Voc\u00ea pode achar as seguintes informa\u00e7\u00f5es \u00fateis.<\/p>\n<p>Se voc\u00ea deseja baixar essas informa\u00e7\u00f5es em PDF, clique no bot\u00e3o abaixo.<\/p>\n\t<a href=\"https:\/\/gcf.community\/wp-content\/uploads\/2023\/02\/Brazil-2023-Meetings-INFORMATION.pdf\" target=\"_self\" role=\"button\" download=\"Brazil-2023-Meetings-INFORMATION.pdf\" aria-label=\"Baixar PDF\" rel=\"noopener\">\n\t\t\t\t\t\tBaixar PDF\n\t\t\t\t\t<\/a>\n\t\t\t\tInforma\u00e7\u00f5es de contato\n\t\t\t\t<p>O endere\u00e7o do local \u00e9:<\/p>\n<p>Farol IBMAlphaville, Caminho Conc\u00f3rdia Salus 3100\/3500, Jacare\u00ed, SP 12334-080<\/p>\n<p>O link do Waze para dire\u00e7\u00f5es \u00e9: <a href=\"https:\/\/waze.com\/ul\/h6gz78gccg\" target=\"_blank\" rel=\"noopener\">https:\/\/waze.com\/ul\/h6gz78gccg<\/a><\/p>\n<p>Telefone: <a href=\"tel:+5511947276718\">+55 11 94727-6718<\/a><\/p>\n\t\t\t\tEm caso de emerg\u00eancia\n\t\t\t\t<p><strong>Vale<\/strong><br \/>Telefone: <a href=\"tel:+5511981120201\">+55 11 98112-0201<\/a> <br \/>E-mail: <a href=\"mailto:valbygill@gmail.com\">valbygill@gmail.com<\/a><\/p>\n<p><strong>James<br \/><\/strong>Telefone: <a href=\"tel:+447506789420\">+44 7506 789420<\/a> <br \/>E-mail: <a href=\"mailto:james@perfectlydigital.net\">james@perfectlydigital.net<\/a><\/p>\n<p><strong>Pedro<br \/><\/strong>Telefone: <a href=\"tel:+351916686956\">+351 916 686 956<\/a> <br \/>E-mail: <a href=\"mailto:pedritomateus@gmail.com\">pedritomateus@gmail.com<\/a><\/p>\n\t\t\t\tTransporte do aeroporto\n\t\t\t\t<p>Oferecemos traslados de ida e volta do aeroporto. Voc\u00ea n\u00e3o precisa reservar seu pr\u00f3prio traslado. N\u00f3s providenciaremos os detalhes e informaremos voc\u00ea mais pr\u00f3ximo do hor\u00e1rio. Isso incluir\u00e1 o local de encontro do servi\u00e7o de traslado e outras pessoas que viajar\u00e3o com voc\u00ea para o local.<\/p>\n\t\t\t\tClima em S\u00e3o Paulo\n\t\t\t\t<p>A temperatura m\u00e9dia em S\u00e3o Paulo em mar\u00e7o \u00e9 de 20 a 28\u00b0C. Ser\u00e1 o fim da esta\u00e7\u00e3o chuvosa. Como estamos no fim da esta\u00e7\u00e3o chuvosa, recomendamos fortemente que voc\u00ea leve repelente de mosquitos. \u00a0<\/p>\n<p>The venue is located in the outskirts of the city (about an hour&#8217;s drive from S\u00e3o Paulo airport) in a wooded area.<\/p>\n\t\t\t\tO que vestir\n\t\t\t\t<p>Nossos encontros ser\u00e3o em traje casual. Shorts, jeans, cal\u00e7as, camisetas e vestidos s\u00e3o trajes adequados, desde que sejam confort\u00e1veis. N\u00e3o h\u00e1 necessidade de ternos, gravatas ou qualquer traje formal.\u00a0<\/p>\n\t\t\t\tTempo\n\t\t\t\t<p>The time in S\u00e3o Paulo is GMT &#8211; 3.<\/p>\n\t\t\t\tEletr\u00f4nica\n\t\t\t\t<p><img loading=\"lazy\" decoding=\"async\" src=\"https:\/\/gcf.community\/wp-content\/uploads\/2023\/02\/socket.png\" alt=\"\" width=\"193\" height=\"193\" \/>A voltagem em S\u00e3o Paulo \u00e9 220, por\u00e9m a tomada \u00e9 diferente. As tomadas do local exigem tr\u00eas pinos, como mostrado na imagem. Elas s\u00e3o chamadas de Tipo N. Voc\u00ea precisar\u00e1 levar um adaptador.<\/p>\n\t\t\t\tLinguagem\n\t\t\t\t<p>O ingl\u00eas n\u00e3o \u00e9 uma l\u00edngua muito falada. Se quiser impressionar alguns moradores locais, aprenda algumas palavras e express\u00f5es em portugu\u00eas, como: \u00a0<\/p>\n<ul>\n<li>Bom dia<\/li>\n<li>Boa noite<\/li>\n<li>Obrigada (thank you &#8211; if you are female)<\/li>\n<li>Obrigado (thank you &#8211; if you are male)<\/li>\n<li>Legal (legal)<\/li>\n<\/ul>\n\t\t\t\tDinheiro \/ cart\u00f5es\n\t\t\t\t<p>A maioria dos lugares aceita cart\u00f5es de cr\u00e9dito e d\u00e9bito (Visa e Mastercard). American Express n\u00e3o \u00e9 t\u00e3o amplamente aceito. Se desejar converter para moeda local (REAL), voc\u00ea pode sacar fundos em caixas eletr\u00f4nicos comuns ou no Cambio. Para converter fundos em d\u00f3lares, ser\u00e3o cobradas taxas para fundos locais e, em seguida, uma segunda taxa para converter para d\u00f3lares. Se voc\u00ea tiver combinado de pagar parte de suas despesas em dinheiro, recomendamos que fa\u00e7a a convers\u00e3o em seu pa\u00eds para d\u00f3lares. \u00a0<\/p>\n\t\t\t\tM\u00e9dico\n\t\t\t\t<p>Caso tenha alguma condi\u00e7\u00e3o m\u00e9dica preexistente, pedimos que nos informe, especialmente sobre alergias alimentares ou ambientais. H\u00e1 servi\u00e7os de primeiros socorros dispon\u00edveis no local, mas qualquer problema de sa\u00fade grave exigir\u00e1 uma consulta m\u00e9dica local. Certifique-se de ter uma c\u00f3pia impressa dos dados de contato do seu seguro e do n\u00famero da ap\u00f3lice.<\/p>\n<p>Se voc\u00ea estiver tomando medicamentos, precisar\u00e1 levar uma c\u00f3pia da sua receita. Tamb\u00e9m \u00e9 uma boa ideia levar um estoque de receitas na bagagem de m\u00e3o e na bagagem despachada, para o caso de perda de alguma delas.<\/p>\n\t\t\t\tComodidades do hotel\n\t\t\t\t<p>O local oferece sabonete l\u00edquido, xampu, condicionador e lo\u00e7\u00e3o. H\u00e1 tamb\u00e9m tr\u00eas secadores de cabelo que podem ser emprestados e devolvidos \u00e0 recep\u00e7\u00e3o ap\u00f3s o uso. Observe que o papel higi\u00eanico deve ser jogado na lixeira, e n\u00e3o no vaso sanit\u00e1rio.<\/p>\n\t\t\t\tInternet\n\t\t\t\t<p>Haver\u00e1 internet em todo o local onde estaremos hospedados e reunidos. Esteja ciente de que a conex\u00e3o pode ficar mais lenta durante o hor\u00e1rio livre, quando as pessoas estiverem tentando se conectar.<\/p>\n\t\t\t\tSauda\u00e7\u00f5es culturais\n\t\t\t\t<p>Como voc\u00ea provavelmente sabe, os brasileiros s\u00e3o muito relacionais e adoram o toque pessoal quando se conectam com voc\u00ea. Muitos podem querer abra\u00e7\u00e1-lo ao cumpriment\u00e1-lo, especialmente aqueles com quem voc\u00ea come\u00e7a a se relacionar mais de uma ou duas vezes. Eles est\u00e3o mais sens\u00edveis desde a COVID, mas voc\u00ea encontrar\u00e1 alguns que ainda desejar\u00e3o cumpriment\u00e1-lo com abra\u00e7os sempre que se reencontrarem. Se preferir manter a dist\u00e2ncia, certifique-se de estender a m\u00e3o para um aperto de m\u00e3o ou usar m\u00e1scara. Isso ser\u00e1 um sinal de que voc\u00ea est\u00e1 sendo mais cauteloso e prefere evitar toques carinhosos extras.\u00a0<\/p>\n\t\t\t\tQuando estiver fora do local\n\t\t\t\t<p><strong>Fa\u00e7a c\u00f3pias dos seus documentos<br \/><\/strong>\u00c9 obrigat\u00f3rio apresentar um documento de identidade no Brasil e, mesmo que nunca seja solicitado, nos raros casos em que for necess\u00e1rio, ser\u00e1 exigido que voc\u00ea o apresente. Em vez de portar seu passaporte, carteira de habilita\u00e7\u00e3o ou qualquer outro documento de identidade, leve apenas c\u00f3pias n\u00edtidas e limpas do seu documento de identidade, garantindo que seja um documento de identidade com foto.<\/p>\n<p><strong>Bolsas \/ sacolas<br \/><\/strong>A bag that crosses over your body is the best kind. Avoid carrying around larger, expensive handbags or bags with an open pocket which is easy for pick-pocketing. Don&#8217;t leave your bag unattended.<\/p>\n<p>Evite pendurar suas bolsas no encosto das cadeiras, pois \u00e9 f\u00e1cil algu\u00e9m pegar suas coisas e fugir rapidamente. Mantenha seus pertences pr\u00f3ximos ao corpo ou na cadeira ao lado.<\/p>\n<p><strong>Celulares<br \/><\/strong>Evite que seu celular fique vis\u00edvel ao caminhar ao ar livre. N\u00e3o guarde seu celular no bolso de tr\u00e1s ou em um bolso lateral da bolsa, onde seja f\u00e1cil peg\u00e1-lo.<\/p>\n<p><strong>Travessia de rua<br \/><\/strong>Double check EVEN if there is green man telling you are allowed to cross. It&#8217;s common for cars to start speeding up from far away when the light has turned yellow and go through as it turns red.<\/p>","protected":false},"excerpt":{"rendered":"<p>Brazil 2023 Travel Information You may find the following information useful. If you wish to download this information as a PDF you can do that by clicking on the button below. Download PDF Contact information The address of the venue is: Farol IBMAlphaville, Caminho Concordia Salus 3100\/3500, Jacare\u00ed, SP 12334-080 The Waze link for directions &#8230; <a title=\"Informa\u00e7\u00f5es de viagem\" class=\"read-more\" href=\"https:\/\/gcf.community\/pt\/events\/brazil2023\/travel-information\/\" aria-label=\"Leia mais sobre Travel Information\">Ler mais<\/a><\/p>","protected":false},"author":1,"featured_media":0,"parent":919,"menu_order":0,"comment_status":"closed","ping_status":"closed","template":"","meta":{"_acf_changed":false,"_seopress_robots_primary_cat":"","_seopress_titles_title":"","_seopress_titles_desc":"","_seopress_robots_index":"","footnotes":"","_links_to":"","_links_to_target":""},"categories":[],"class_list":["post-717","page","type-page","status-publish"],"acf":[],"_links":{"self":[{"href":"https:\/\/gcf.community\/pt\/wp-json\/wp\/v2\/pages\/717","targetHints":{"allow":["GET"]}}],"collection":[{"href":"https:\/\/gcf.community\/pt\/wp-json\/wp\/v2\/pages"}],"about":[{"href":"https:\/\/gcf.community\/pt\/wp-json\/wp\/v2\/types\/page"}],"author":[{"embeddable":true,"href":"https:\/\/gcf.community\/pt\/wp-json\/wp\/v2\/users\/1"}],"replies":[{"embeddable":true,"href":"https:\/\/gcf.community\/pt\/wp-json\/wp\/v2\/comments?post=717"}],"version-history":[{"count":0,"href":"https:\/\/gcf.community\/pt\/wp-json\/wp\/v2\/pages\/717\/revisions"}],"up":[{"embeddable":true,"href":"https:\/\/gcf.community\/pt\/wp-json\/wp\/v2\/pages\/919"}],"wp:attachment":[{"href":"https:\/\/gcf.community\/pt\/wp-json\/wp\/v2\/media?parent=717"}],"wp:term":[{"taxonomy":"category","embeddable":true,"href":"https:\/\/gcf.community\/pt\/wp-json\/wp\/v2\/categories?post=717"}],"curies":[{"name":"wp","href":"https:\/\/api.w.org\/{rel}","templated":true}]}}