{"id":650,"date":"2022-11-22T12:09:57","date_gmt":"2022-11-22T12:09:57","guid":{"rendered":"https:\/\/gcf.community\/?page_id=650"},"modified":"2023-04-28T14:39:19","modified_gmt":"2023-04-28T13:39:19","slug":"sponsorship","status":"publish","type":"page","link":"https:\/\/gcf.community\/pt\/events\/brazil2023\/sponsorship\/","title":{"rendered":"Sponsorship"},"content":{"rendered":"<h1>\n\t\tPatroc\u00ednio para reuni\u00f5es GCF \/ GoPlay\n\t<\/h1>\n\t<p>Thank you for your interest in attending the GCF \/ GoPlay meetings in S\u0101o Paulo in March 2023. We always have a large number of people requesting financial assistance &#8211; more than we can provide for. We assess each application on its own merit and give priority to those who meet certain criteria and who are able to make various commitments.<\/p>\n<p>O formul\u00e1rio abaixo nos ajudar\u00e1 a avaliar essas solicita\u00e7\u00f5es de patroc\u00ednio, portanto, leia-o com aten\u00e7\u00e3o e, se desejar ser considerado para patroc\u00ednio, preencha o formul\u00e1rio o mais r\u00e1pido poss\u00edvel.<\/p>\n<p>Obrigado.<\/p>\n\tForma n\u00e3o publicada","protected":false},"excerpt":{"rendered":"<p>Sponsorship for GCF \/ GoPlay Meetings Thank you for your interest in attending the GCF \/ GoPlay meetings in S\u0101o Paulo in March 2023. We always have a large number of people requesting financial assistance &#8211; more than we can provide for. We assess each application on its own merit and give priority to those &#8230; <a title=\"Sponsorship\" class=\"read-more\" href=\"https:\/\/gcf.community\/pt\/events\/brazil2023\/sponsorship\/\" aria-label=\"Leia mais sobre Sponsorship\">Ler mais<\/a><\/p>","protected":false},"author":1,"featured_media":0,"parent":919,"menu_order":0,"comment_status":"closed","ping_status":"closed","template":"","meta":{"_acf_changed":false,"_seopress_robots_primary_cat":"","_seopress_titles_title":"","_seopress_titles_desc":"","_seopress_robots_index":"","footnotes":"","_links_to":"","_links_to_target":""},"categories":[],"class_list":["post-650","page","type-page","status-publish"],"acf":[],"_links":{"self":[{"href":"https:\/\/gcf.community\/pt\/wp-json\/wp\/v2\/pages\/650","targetHints":{"allow":["GET"]}}],"collection":[{"href":"https:\/\/gcf.community\/pt\/wp-json\/wp\/v2\/pages"}],"about":[{"href":"https:\/\/gcf.community\/pt\/wp-json\/wp\/v2\/types\/page"}],"author":[{"embeddable":true,"href":"https:\/\/gcf.community\/pt\/wp-json\/wp\/v2\/users\/1"}],"replies":[{"embeddable":true,"href":"https:\/\/gcf.community\/pt\/wp-json\/wp\/v2\/comments?post=650"}],"version-history":[{"count":0,"href":"https:\/\/gcf.community\/pt\/wp-json\/wp\/v2\/pages\/650\/revisions"}],"up":[{"embeddable":true,"href":"https:\/\/gcf.community\/pt\/wp-json\/wp\/v2\/pages\/919"}],"wp:attachment":[{"href":"https:\/\/gcf.community\/pt\/wp-json\/wp\/v2\/media?parent=650"}],"wp:term":[{"taxonomy":"category","embeddable":true,"href":"https:\/\/gcf.community\/pt\/wp-json\/wp\/v2\/categories?post=650"}],"curies":[{"name":"wp","href":"https:\/\/api.w.org\/{rel}","templated":true}]}}