{"id":5994787,"date":"2026-04-07T23:59:03","date_gmt":"2026-04-07T22:59:03","guid":{"rendered":""},"modified":"-0001-11-30T00:00:00","modified_gmt":"-0001-11-29T23:00:00","slug":"term-login-5994787","status":"publish","type":"page","link":"https:\/\/gcf.community\/pt\/term-login-5994787\/","title":{"rendered":"Login necess\u00e1rio"},"content":{"rendered":"<div class=\"ppc-login-form-container\">\n<form id=\"ppc-login-form-1\" action=\"\/pt\/directory\/\" class=\"ppc-login-form post-password-form\" method=\"post\" data-trp-original-action=\"\/pt\/directory\/\">\n<p>Este conte\u00fado \u00e9 protegido por senha. Para visualiz\u00e1-lo, digite sua senha abaixo:<\/p>\n<p>\n\t\t\t\t\t<label class=\"ppc-password-label\" for=\"pwbox-1\"><span class=\"ppc-login-form-label-text\">Senha:<\/span><input type=\"password\" name=\"post_password\" id=\"pwbox-1\" class=\"ppc-login-form-password\" size=\"25\" placeholder=\"\" autofocus><\/label>\t\t\t\t\t<input type=\"submit\" name=\"Submit\" class=\"ppc-login-form-submit\" value=\"Conecte-se\" \/><br \/>\n\t\t\t\t\t<input type=\"hidden\" name=\"ppc_login\" value=\"1\" \/><br \/>\n\t\t\t\t\t<input type=\"hidden\" id=\"ppc_nonce\" name=\"ppc_nonce\" value=\"6cd939271e\" \/><input type=\"hidden\" name=\"_wp_http_referer\" value=\"\/pt\/directory\/\" \/>\t\t\t\t\t\t\t\t\t<\/p>\n<\/p><input type=\"hidden\" name=\"trp-form-language\" value=\"pt\"\/><\/form>\n<\/p><\/div>","protected":false},"excerpt":{"rendered":"<p>Este conte\u00fado \u00e9 protegido por senha. Para visualiz\u00e1-lo, digite sua senha abaixo: Senha:<\/p>","protected":false},"author":1,"featured_media":0,"parent":0,"menu_order":0,"comment_status":"closed","ping_status":"closed","template":"","meta":{"_acf_changed":false,"_seopress_robots_primary_cat":"","_seopress_titles_title":"","_seopress_titles_desc":"","_seopress_robots_index":"","footnotes":"","_links_to":"","_links_to_target":""},"categories":[],"class_list":["post-5994787","page","type-page","status-publish"],"acf":[],"_links":{"self":[{"href":"https:\/\/gcf.community\/pt\/wp-json\/wp\/v2\/pages\/5994787","targetHints":{"allow":["GET"]}}],"collection":[{"href":"https:\/\/gcf.community\/pt\/wp-json\/wp\/v2\/pages"}],"about":[{"href":"https:\/\/gcf.community\/pt\/wp-json\/wp\/v2\/types\/page"}],"author":[{"embeddable":true,"href":"https:\/\/gcf.community\/pt\/wp-json\/wp\/v2\/users\/1"}],"replies":[{"embeddable":true,"href":"https:\/\/gcf.community\/pt\/wp-json\/wp\/v2\/comments?post=5994787"}],"version-history":[{"count":0,"href":"https:\/\/gcf.community\/pt\/wp-json\/wp\/v2\/pages\/5994787\/revisions"}],"wp:attachment":[{"href":"https:\/\/gcf.community\/pt\/wp-json\/wp\/v2\/media?parent=5994787"}],"wp:term":[{"taxonomy":"category","embeddable":true,"href":"https:\/\/gcf.community\/pt\/wp-json\/wp\/v2\/categories?post=5994787"}],"curies":[{"name":"wp","href":"https:\/\/api.w.org\/{rel}","templated":true}]}}