{"id":565,"date":"2022-11-09T14:06:17","date_gmt":"2022-11-09T14:06:17","guid":{"rendered":"https:\/\/gcf.community\/?page_id=565"},"modified":"2023-03-16T07:09:20","modified_gmt":"2023-03-16T07:09:20","slug":"registration","status":"publish","type":"page","link":"https:\/\/gcf.community\/pt\/events\/brazil2023\/registration\/","title":{"rendered":"Registro"},"content":{"rendered":"<h1>\n\t\tFormul\u00e1rio de inscri\u00e7\u00e3o\n\t<\/h1>\n\t<p>Estamos entusiasmados em anunciar as reuni\u00f5es GCF \/ GoPlay \/ family.fit que acontecer\u00e3o em <em>Farol IBMAlphaville<\/em> no Brasil a partir da hora do almo\u00e7o <strong>Segunda-feira, 20 de mar\u00e7o <\/strong>at\u00e9 o caf\u00e9 da manh\u00e3 em<strong> S\u00e1bado, 25 de mar\u00e7o de 2023<\/strong>.<\/p>\n\t\t\t\t\t<a href=\"#\" id=\"fl-accordion--label-0\" tabindex=\"0\" aria-controls=\"fl-accordion--panel-0\">Por que eu deveria vir?<\/a>\n\t\t\t\t\t\t\t\t\t\t\t<a href=\"#\" id=\"fl-accordion--icon-0\" tabindex=\"0\" aria-controls=\"fl-accordion--panel-0\"><i>Expand<\/i><\/a>\n\t\t\t\t\t<p>So much has happened over the last few years, where travel has not been possible and in many ways we are still adapting to how things have changed. Join us for a precious few days to pray, explore, learn and create together as we continue to seek God&#8217;s Kingdom, striving to see children everywhere walking with Jesus.<\/p>\n<p>O f\u00f3rum ser\u00e1 realizado em conjunto com as equipes da GoPlay e da family.fit, onde, juntos, atendemos crian\u00e7as, jovens e fam\u00edlias, com foco especial em investir em l\u00edderes mais jovens. Tamb\u00e9m exploraremos como podemos construir juntos comunidades de aprendizagem, incubando ideias influentes, com foco especial em investir em l\u00edderes mais jovens.<\/p>\n<p>Tem havido um impulso crescente em torno das necessidades das fam\u00edlias e de como podemos melhor atend\u00ea-las junto com as crian\u00e7as. Discuss\u00f5es recentes t\u00eam apresentado o desafio de como podemos ver um milh\u00e3o de fam\u00edlias abra\u00e7ando o que significa pensar e agir missionariamente. Ao observarmos as necessidades ao nosso redor em nosso mundo e ao nos unirmos como parceiros do Reino, poder\u00edamos ao menos come\u00e7ar a imaginar como poder\u00edamos ver Deus abrir o caminho para equipar <strong>100 milh\u00f5es de fam\u00edlias mission\u00e1rias<\/strong>?<\/p>\n<p>Temos uma vis\u00e3o para crian\u00e7as em todos os lugares caminhando com Jesus. E nossos encontros no Brasil se basear\u00e3o nisso no contexto das seguintes \u00e1reas:<\/p>\n<ul>\n<li><strong>Lideran\u00e7a<\/strong>\n<ul>\n<li>Libertar jovens l\u00edderes para serem pioneiros na pr\u00f3xima temporada<\/li>\n<li>Conectar mentores e mentorados, ampliando o desenvolvimento da lideran\u00e7a<\/li>\n<li>Desenvolver estrat\u00e9gias de multiplica\u00e7\u00e3o para a Experi\u00eancia de Lideran\u00e7a<\/li>\n<\/ul>\n<\/li>\n<li><strong>Pilotos Regionais da Comunidade de Aprendizagem<\/strong>\n<ul>\n<li>Conectar e acelerar comunidades regionais de aprendizagem na Am\u00e9rica Latina, \u00c1frica, \u00c1sia e Europa<\/li>\n<li>Integrar a Experi\u00eancia de Lideran\u00e7a como estrat\u00e9gia de multiplica\u00e7\u00e3o do DNA do GCF<\/li>\n<\/ul>\n<\/li>\n<li><strong>Inova\u00e7\u00e3o<\/strong>\n<ul>\n<li>Construir equipes h\u00edbridas do FlashLab para inovar em projetos-chave (family.fit, experi\u00eancia de lideran\u00e7a, fam\u00edlia, regi\u00f5es, academia)<\/li>\n<\/ul>\n<\/li>\n<li><strong>Colabora\u00e7\u00e3o<\/strong>\n<ul>\n<li>Descubra como a GCF, a GoPlay e a family.fit podem colaborar em diversas iniciativas<\/li>\n<\/ul>\n<\/li>\n<\/ul>\n\t<p>Nossos encontros ocorrer\u00e3o no <a href=\"https:\/\/farol-ibma.org.br\/\" target=\"_blank\" rel=\"noopener\">Farol IBMAlphaville<\/a> localizado aqui:<\/p>\n\t<iframe src=\"https:\/\/www.google.com\/maps\/embed?pb=!1m18!1m12!1m3!1d117310.12488170322!2d-46.07449136219149!3d-23.24521930779995!2m3!1f0!2f0!3f0!3m2!1i1024!2i768!4f13.1!3m3!1m2!1s0x94cc33c262e0a52f%3A0x6a588a0e1e8caf8d!2sFarol%20IBMAlphaville!5e0!3m2!1sen!2suk!4v1668003900645!5m2!1sen!2suk\" width=\"1020\" height=\"400\" allowfullscreen=\"\" loading=\"lazy\" referrerpolicy=\"no-referrer-when-downgrade\"><\/iframe>\n\t<p>O <em>Farol IBMAlphaville<\/em> est\u00e1 situado a 67 km do Aeroporto Internacional de S\u00e3o Paulo (GRU).<\/p>\n\t\t\t\t\t\t\t\t\t\t\t\t\t\t\t\t\t<a href=\"https:\/\/gcf.community\/wp-content\/uploads\/2022\/11\/WhatsApp-Image-2022-11-07-at-11.15.45-AM-copy.jpg\" target=\"_self\" data-caption=\"\" rel=\"noopener\">\n\t\t\t\t\t\t\t\t\t\t<\/a>\n\t\t\t\t\t\t\t\t\t\t\t\t\t\t\t\t\t<a href=\"https:\/\/gcf.community\/wp-content\/uploads\/2022\/11\/WhatsApp-Image-2022-11-07-at-11.15.40-AM-copy.jpg\" target=\"_self\" data-caption=\"\" rel=\"noopener\">\n\t\t\t\t\t\t\t\t\t\t<\/a>\n\t\t\t\t\t\t\t\t\t\t\t\t\t\t\t\t\t<a href=\"https:\/\/gcf.community\/wp-content\/uploads\/2022\/11\/WhatsApp-Image-2022-11-07-at-11.15.33-AM-copy.jpg\" target=\"_self\" data-caption=\"\" rel=\"noopener\">\n\t\t\t\t\t\t\t\t\t\t<\/a>\n\t\t\t\t\t\t\t\t\t\t\t\t\t\t\t\t\t<a href=\"https:\/\/gcf.community\/wp-content\/uploads\/2022\/11\/WhatsApp-Image-2022-11-07-at-11.15.48-AM-copy.jpg\" target=\"_self\" data-caption=\"\" rel=\"noopener\">\n\t\t\t\t\t\t\t\t\t\t<\/a>\n\t\t\t\t\t\t\t\t\t\t\t\t\t\t\t\t\t<a href=\"https:\/\/gcf.community\/wp-content\/uploads\/2022\/11\/WhatsApp-Image-2022-11-07-at-11.16.12-AM-copy.jpg\" target=\"_self\" data-caption=\"\" rel=\"noopener\">\n\t\t\t\t\t\t\t\t\t\t<\/a>\n\t\t\t\t\t\t\t\t\t\t\t\t\t\t\t\t\t<a href=\"https:\/\/gcf.community\/wp-content\/uploads\/2022\/11\/WhatsApp-Image-2022-11-07-at-11.16.05-AM-copy.jpg\" target=\"_self\" data-caption=\"\" rel=\"noopener\">\n\t\t\t\t\t\t\t\t\t\t<\/a>\n\t\t\t\t\t\t\t\t\t\t\t\t\t\t\t\t\t<a href=\"https:\/\/gcf.community\/wp-content\/uploads\/2022\/11\/WhatsApp-Image-2022-11-07-at-11.15.52-AM-copy.jpg\" target=\"_self\" data-caption=\"\" rel=\"noopener\">\n\t\t\t\t\t\t\t\t\t\t<\/a>\n\t\t\t\t\t\t\t\t\t\t\t\t\t\t\t\t\t<a href=\"https:\/\/gcf.community\/wp-content\/uploads\/2022\/11\/WhatsApp-Image-2022-11-07-at-11.16.09-AM-copy.jpg\" target=\"_self\" data-caption=\"\" rel=\"noopener\">\n\t\t\t\t\t\t\t\t\t\t<\/a>\n\t\t\t\t\t\t\t\t\t\t\t\t\t\t\t\t\t<a href=\"https:\/\/gcf.community\/wp-content\/uploads\/2022\/11\/WhatsApp-Image-2022-11-07-at-11.15.55-AM-copy.jpg\" target=\"_self\" data-caption=\"\" rel=\"noopener\">\n\t\t\t\t\t\t\t\t\t\t<\/a>\n\t\t\t\t\t\t\t\t\t\t\t\t\t\t\t\t\t<a href=\"https:\/\/gcf.community\/wp-content\/uploads\/2022\/11\/WhatsApp-Image-2022-11-07-at-11.15.58-AM-copy.jpg\" target=\"_self\" data-caption=\"\" rel=\"noopener\">\n\t\t\t\t\t\t\t\t\t\t<\/a>\n\t\t\t\t\t\t\t\t\t\t\t\t\t\t\t\t\t<a href=\"https:\/\/gcf.community\/wp-content\/uploads\/2022\/11\/WhatsApp-Image-2022-11-07-at-11.16.02-AM-copy.jpg\" target=\"_self\" data-caption=\"\" rel=\"noopener\">\n\t\t\t\t\t\t\t\t\t\t<\/a>\n\t\t\t\t\t\t\t\t\t\t\t\t\t\t\t\t\t<a href=\"https:\/\/gcf.community\/wp-content\/uploads\/2022\/11\/WhatsApp-Image-2022-11-07-at-11.15.36-AM-copy.jpg\" target=\"_self\" data-caption=\"\" rel=\"noopener\">\n\t\t\t\t\t\t\t\t\t\t<\/a>\n\t\t\t\t\t\t<!-- pagination -->\n\t<h3>Notas importantes<\/h3>\n<hr \/>\n<ul>\n<li>Todos os pre\u00e7os abaixo est\u00e3o em d\u00f3lares americanos.<\/li>\n<li>Nossas reuni\u00f5es come\u00e7ar\u00e3o \u00e0s 13h da segunda-feira, 20 de mar\u00e7o. Cheguem com anteced\u00eancia para o in\u00edcio das reuni\u00f5es.<\/li>\n<li>Nossas reuni\u00f5es terminar\u00e3o \u00e0s 18h da sexta-feira, 24 de mar\u00e7o. Planeje sua estadia durante todo o per\u00edodo das reuni\u00f5es e organize seu retorno ap\u00f3s o t\u00e9rmino das mesmas.<\/li>\n<\/ul>\n<p><strong>Para quem vem de fora do Brasil:<\/strong><\/p>\n<ul>\n<li>Voc\u00ea precisar\u00e1 fornecer comprovante de vacina\u00e7\u00e3o contra Covid-19 ou resultado de teste negativo recente.<\/li>\n<li>Voc\u00ea precisar\u00e1 fornecer seguro de viagem.<\/li>\n<li>Seu passaporte deve ser v\u00e1lido por seis meses ap\u00f3s a data de entrada.<\/li>\n<\/ul>\n<p><strong>Transporte de\/para o aeroporto:<\/strong><\/p>\n<ul>\n<li>Forneceremos transporte do Aeroporto Internacional de S\u00e3o Paulo (GRU) at\u00e9 o local do evento para quem chegar no domingo, dia 19, ou na segunda-feira, dia 20. O aeroporto fica a aproximadamente uma hora de carro do local. Se voc\u00ea chegar fora desse hor\u00e1rio, poder\u00e1 precisar contratar seu pr\u00f3prio transporte, como um Uber.<\/li>\n<li>Oferecemos transporte de ida e volta do local do evento para o Aeroporto Internacional de S\u00e3o Paulo (GRU) para partidas na noite de sexta-feira, 24, ou no s\u00e1bado, 25. Se a sua partida for fora desse hor\u00e1rio, voc\u00ea poder\u00e1 precisar contratar seu pr\u00f3prio transporte, como um Uber.<\/li>\n<li>O transporte do aeroporto ser\u00e1 feito em grupos de chegada. Voc\u00ea poder\u00e1 precisar aguardar no aeroporto por um curto per\u00edodo enquanto os outros passageiros chegam. Da mesma forma, o transporte de volta ao aeroporto ser\u00e1 feito em grupos de partida.<\/li>\n<\/ul>\n\tForma n\u00e3o publicada","protected":false},"excerpt":{"rendered":"<p>Registration Form We are excited to announce the GCF \/ GoPlay \/ family.fit meetings which will take place in Farol IBMAlphaville in Brazil from lunchtime on Monday 20th March through to breakfast on Saturday 25th March 2023. Why should I come? Expand So much has happened over the last few years, where travel has not &#8230; <a title=\"Registro\" class=\"read-more\" href=\"https:\/\/gcf.community\/pt\/events\/brazil2023\/registration\/\" aria-label=\"Leia mais sobre Registration\">Ler mais<\/a><\/p>","protected":false},"author":1,"featured_media":0,"parent":919,"menu_order":0,"comment_status":"closed","ping_status":"closed","template":"","meta":{"_acf_changed":false,"_seopress_robots_primary_cat":"","_seopress_titles_title":"","_seopress_titles_desc":"Registrations now open! We are excited to announce the GCF \/ GoPlay \/ family.fit meetings which will take place in Farol IBMAlphaville in Brazil.","_seopress_robots_index":"","footnotes":"","_links_to":"","_links_to_target":""},"categories":[],"class_list":["post-565","page","type-page","status-publish"],"acf":[],"_links":{"self":[{"href":"https:\/\/gcf.community\/pt\/wp-json\/wp\/v2\/pages\/565","targetHints":{"allow":["GET"]}}],"collection":[{"href":"https:\/\/gcf.community\/pt\/wp-json\/wp\/v2\/pages"}],"about":[{"href":"https:\/\/gcf.community\/pt\/wp-json\/wp\/v2\/types\/page"}],"author":[{"embeddable":true,"href":"https:\/\/gcf.community\/pt\/wp-json\/wp\/v2\/users\/1"}],"replies":[{"embeddable":true,"href":"https:\/\/gcf.community\/pt\/wp-json\/wp\/v2\/comments?post=565"}],"version-history":[{"count":0,"href":"https:\/\/gcf.community\/pt\/wp-json\/wp\/v2\/pages\/565\/revisions"}],"up":[{"embeddable":true,"href":"https:\/\/gcf.community\/pt\/wp-json\/wp\/v2\/pages\/919"}],"wp:attachment":[{"href":"https:\/\/gcf.community\/pt\/wp-json\/wp\/v2\/media?parent=565"}],"wp:term":[{"taxonomy":"category","embeddable":true,"href":"https:\/\/gcf.community\/pt\/wp-json\/wp\/v2\/categories?post=565"}],"curies":[{"name":"wp","href":"https:\/\/api.w.org\/{rel}","templated":true}]}}