{"id":543,"date":"2022-09-22T08:55:55","date_gmt":"2022-09-22T07:55:55","guid":{"rendered":"https:\/\/gcf.community\/?page_id=543"},"modified":"2023-05-29T14:53:18","modified_gmt":"2023-05-29T13:53:18","slug":"share-your-story","status":"publish","type":"page","link":"https:\/\/gcf.community\/pt\/participate\/share-your-story\/","title":{"rendered":"Compartilhe sua hist\u00f3ria"},"content":{"rendered":"<h1>\n\t\tCompartilhe sua hist\u00f3ria\n\t<\/h1>\n\t<p>Voc\u00ea tem alguma hist\u00f3ria para compartilhar sobre o seu minist\u00e9rio com crian\u00e7as? Adorar\u00edamos ouvi-la. Se voc\u00ea quiser compartilhar sua hist\u00f3ria abaixo, podemos us\u00e1-la para encorajar e inspirar outras pessoas em nossa comunidade.<\/p>\n<p>Ao nos enviar esta hist\u00f3ria, voc\u00ea nos d\u00e1 permiss\u00e3o para usar o texto e quaisquer fotos que voc\u00ea incluir em materiais impressos e quaisquer comunica\u00e7\u00f5es digitais, como artigos em um site, mensagens do WhatsApp e postagens em m\u00eddias sociais.<\/p>\n<p>Certifique-se de que voc\u00ea tem as permiss\u00f5es necess\u00e1rias para qualquer foto que voc\u00ea enviar.<\/p>\n\t<form action=\"https:\/\/gcf.community\/pt\/wp-json\/ws-form\/v1\/submit\" class=\"wsf-form wsf-form-canvas\" id=\"ws-form-1\" data-id=\"13\" method=\"POST\" data-instance-id=\"1\" data-wsf-style-id=\"1\" data-trp-original-action=\"https:\/\/gcf.community\/pt\/wp-json\/ws-form\/v1\/submit\"><input type=\"hidden\" name=\"trp-form-language\" value=\"pt\"\/><\/form>","protected":false},"excerpt":{"rendered":"<p>Compartilhe sua hist\u00f3ria. Voc\u00ea tem uma hist\u00f3ria para compartilhar sobre seu minist\u00e9rio com crian\u00e7as? Adorar\u00edamos ouvi-la. Se voc\u00ea quiser compartilhar sua hist\u00f3ria abaixo, podemos us\u00e1-la para encorajar e inspirar outras pessoas em nossa comunidade. Ao nos enviar esta hist\u00f3ria, voc\u00ea nos d\u00e1 permiss\u00e3o para usar a\u2026 <a title=\"Compartilhe sua hist\u00f3ria\" class=\"read-more\" href=\"https:\/\/gcf.community\/pt\/participate\/share-your-story\/\" aria-label=\"Leia mais sobre Compartilhe sua hist\u00f3ria\">Ler mais<\/a><\/p>","protected":false},"author":1,"featured_media":0,"parent":1687,"menu_order":0,"comment_status":"closed","ping_status":"closed","template":"","meta":{"_acf_changed":false,"_seopress_robots_primary_cat":"","_seopress_titles_title":"","_seopress_titles_desc":"","_seopress_robots_index":"","footnotes":"","_links_to":"","_links_to_target":""},"categories":[],"class_list":["post-543","page","type-page","status-publish"],"acf":[],"_links":{"self":[{"href":"https:\/\/gcf.community\/pt\/wp-json\/wp\/v2\/pages\/543","targetHints":{"allow":["GET"]}}],"collection":[{"href":"https:\/\/gcf.community\/pt\/wp-json\/wp\/v2\/pages"}],"about":[{"href":"https:\/\/gcf.community\/pt\/wp-json\/wp\/v2\/types\/page"}],"author":[{"embeddable":true,"href":"https:\/\/gcf.community\/pt\/wp-json\/wp\/v2\/users\/1"}],"replies":[{"embeddable":true,"href":"https:\/\/gcf.community\/pt\/wp-json\/wp\/v2\/comments?post=543"}],"version-history":[{"count":0,"href":"https:\/\/gcf.community\/pt\/wp-json\/wp\/v2\/pages\/543\/revisions"}],"up":[{"embeddable":true,"href":"https:\/\/gcf.community\/pt\/wp-json\/wp\/v2\/pages\/1687"}],"wp:attachment":[{"href":"https:\/\/gcf.community\/pt\/wp-json\/wp\/v2\/media?parent=543"}],"wp:term":[{"taxonomy":"category","embeddable":true,"href":"https:\/\/gcf.community\/pt\/wp-json\/wp\/v2\/categories?post=543"}],"curies":[{"name":"wp","href":"https:\/\/api.w.org\/{rel}","templated":true}]}}