{"id":349,"date":"2022-02-20T16:27:12","date_gmt":"2022-02-20T16:27:12","guid":{"rendered":"https:\/\/gcf.community\/?page_id=349"},"modified":"2022-02-20T16:37:09","modified_gmt":"2022-02-20T16:37:09","slug":"data-protection","status":"publish","type":"page","link":"https:\/\/gcf.community\/pt\/data-protection\/","title":{"rendered":"Prote\u00e7\u00e3o de Dados"},"content":{"rendered":"<h1>\n\t\tProte\u00e7\u00e3o de Dados\n\t<\/h1>\n\t<p><strong>Seus dados pertencem a voc\u00ea<\/strong>. Voc\u00ea pode solicitar o recebimento dos dados que temos sobre voc\u00ea ou solicitar que removamos esses dados usando os formul\u00e1rios abaixo.<\/p>\n\t\t\t\tSolicita\u00e7\u00e3o de exporta\u00e7\u00e3o de dados Solicita\u00e7\u00e3o de remo\u00e7\u00e3o de dados Solicita\u00e7\u00e3o de exporta\u00e7\u00e3o de dados\n\t\t\t\t<p>Se a qualquer momento voc\u00ea quiser receber uma c\u00f3pia dos dados que temos sobre voc\u00ea, basta fornecer seu endere\u00e7o de e-mail abaixo.<\/p>\n<form action=\"https:\/\/gcf.community\/pt\/wp-json\/ws-form\/v1\/submit\" class=\"wsf-form wsf-form-canvas\" id=\"ws-form-1\" data-id=\"10\" method=\"POST\" data-instance-id=\"1\" data-wsf-style-id=\"1\" data-trp-original-action=\"https:\/\/gcf.community\/pt\/wp-json\/ws-form\/v1\/submit\"><input type=\"hidden\" name=\"trp-form-language\" value=\"pt\"\/><\/form>\n\t\t\t\t\t\t\tSolicita\u00e7\u00e3o de remo\u00e7\u00e3o de dados\n\t\t\t\t<p>Se a qualquer momento voc\u00ea quiser remover seus dados do nosso site, basta fornecer seu endere\u00e7o de e-mail abaixo.<\/p>\n<form action=\"https:\/\/gcf.community\/pt\/wp-json\/ws-form\/v1\/submit\" class=\"wsf-form wsf-form-canvas\" id=\"ws-form-2\" data-id=\"9\" method=\"POST\" data-instance-id=\"2\" data-wsf-style-id=\"1\" data-trp-original-action=\"https:\/\/gcf.community\/pt\/wp-json\/ws-form\/v1\/submit\"><input type=\"hidden\" name=\"trp-form-language\" value=\"pt\"\/><\/form>","protected":false},"excerpt":{"rendered":"<p>Prote\u00e7\u00e3o de Dados Seus dados pertencem a voc\u00ea. Voc\u00ea pode solicitar o recebimento dos dados que mantemos sobre voc\u00ea ou solicitar a remo\u00e7\u00e3o desses dados usando os formul\u00e1rios abaixo. Solicita\u00e7\u00e3o de Exporta\u00e7\u00e3o de Dados Solicita\u00e7\u00e3o de Remo\u00e7\u00e3o de Dados Solicita\u00e7\u00e3o de Exporta\u00e7\u00e3o de Dados Se, a qualquer momento, voc\u00ea desejar receber uma c\u00f3pia dos dados que mantemos... <a title=\"Prote\u00e7\u00e3o de Dados\" class=\"read-more\" href=\"https:\/\/gcf.community\/pt\/data-protection\/\" aria-label=\"Leia mais sobre Prote\u00e7\u00e3o de Dados\">Ler mais<\/a><\/p>","protected":false},"author":1,"featured_media":0,"parent":0,"menu_order":0,"comment_status":"closed","ping_status":"closed","template":"","meta":{"_acf_changed":false,"_seopress_robots_primary_cat":"","_seopress_titles_title":"","_seopress_titles_desc":"","_seopress_robots_index":"","footnotes":"","_links_to":"","_links_to_target":""},"categories":[],"class_list":["post-349","page","type-page","status-publish"],"acf":[],"_links":{"self":[{"href":"https:\/\/gcf.community\/pt\/wp-json\/wp\/v2\/pages\/349","targetHints":{"allow":["GET"]}}],"collection":[{"href":"https:\/\/gcf.community\/pt\/wp-json\/wp\/v2\/pages"}],"about":[{"href":"https:\/\/gcf.community\/pt\/wp-json\/wp\/v2\/types\/page"}],"author":[{"embeddable":true,"href":"https:\/\/gcf.community\/pt\/wp-json\/wp\/v2\/users\/1"}],"replies":[{"embeddable":true,"href":"https:\/\/gcf.community\/pt\/wp-json\/wp\/v2\/comments?post=349"}],"version-history":[{"count":0,"href":"https:\/\/gcf.community\/pt\/wp-json\/wp\/v2\/pages\/349\/revisions"}],"wp:attachment":[{"href":"https:\/\/gcf.community\/pt\/wp-json\/wp\/v2\/media?parent=349"}],"wp:term":[{"taxonomy":"category","embeddable":true,"href":"https:\/\/gcf.community\/pt\/wp-json\/wp\/v2\/categories?post=349"}],"curies":[{"name":"wp","href":"https:\/\/api.w.org\/{rel}","templated":true}]}}