{"id":3286,"date":"2026-03-02T13:29:46","date_gmt":"2026-03-02T13:29:46","guid":{"rendered":"https:\/\/gcf.community\/?page_id=3286"},"modified":"2026-03-02T13:57:29","modified_gmt":"2026-03-02T13:57:29","slug":"sponsorship","status":"publish","type":"page","link":"https:\/\/gcf.community\/pt\/events\/zambia-2026\/sponsorship\/","title":{"rendered":"Sponsorship"},"content":{"rendered":"<h1>\n\t\t\tSponsorship for GCF Leaders Gathering\t<\/h1>\n\t<p>Thank you for your interest in attending the GCF Leaders Gathering in Lusaka in June 2026. We always have a large number of people requesting financial assistance &#8211; more than we can provide for. We assess each application on its own merit and give priority to those who meet certain criteria and who are able to make various commitments.<\/p>\n<p>O formul\u00e1rio abaixo nos ajudar\u00e1 a avaliar essas solicita\u00e7\u00f5es de patroc\u00ednio, portanto, leia-o com aten\u00e7\u00e3o e, se desejar ser considerado para patroc\u00ednio, preencha o formul\u00e1rio o mais r\u00e1pido poss\u00edvel.<\/p>\n<p>Obrigado.<\/p>\n<h2>\n\t\t\tSponsorship Form\t<\/h2>\n\t<form action=\"https:\/\/gcf.community\/pt\/wp-json\/ws-form\/v1\/submit\" class=\"wsf-form wsf-form-canvas\" id=\"ws-form-1\" data-id=\"53\" method=\"POST\" data-instance-id=\"1\" data-wsf-style-id=\"1\" data-trp-original-action=\"https:\/\/gcf.community\/pt\/wp-json\/ws-form\/v1\/submit\"><input type=\"hidden\" name=\"trp-form-language\" value=\"pt\"\/><\/form>\n\n\n\n<p><\/p>","protected":false},"excerpt":{"rendered":"<p>Sponsorship for GCF Leaders Gathering Thank you for your interest in attending the GCF Leaders Gathering in Lusaka in June 2026. We always have a large number of people requesting financial assistance &#8211; more than we can provide for. We assess each application on its own merit and give priority to those who meet certain &#8230; <a title=\"Sponsorship\" class=\"read-more\" href=\"https:\/\/gcf.community\/pt\/events\/zambia-2026\/sponsorship\/\" aria-label=\"Leia mais sobre Sponsorship\">Ler mais<\/a><\/p>","protected":false},"author":1,"featured_media":0,"parent":3231,"menu_order":0,"comment_status":"closed","ping_status":"closed","template":"","meta":{"_acf_changed":false,"_seopress_robots_primary_cat":"","_seopress_titles_title":"","_seopress_titles_desc":"","_seopress_robots_index":"","footnotes":"","_links_to":"","_links_to_target":""},"categories":[],"class_list":["post-3286","page","type-page","status-publish"],"acf":[],"_links":{"self":[{"href":"https:\/\/gcf.community\/pt\/wp-json\/wp\/v2\/pages\/3286","targetHints":{"allow":["GET"]}}],"collection":[{"href":"https:\/\/gcf.community\/pt\/wp-json\/wp\/v2\/pages"}],"about":[{"href":"https:\/\/gcf.community\/pt\/wp-json\/wp\/v2\/types\/page"}],"author":[{"embeddable":true,"href":"https:\/\/gcf.community\/pt\/wp-json\/wp\/v2\/users\/1"}],"replies":[{"embeddable":true,"href":"https:\/\/gcf.community\/pt\/wp-json\/wp\/v2\/comments?post=3286"}],"version-history":[{"count":3,"href":"https:\/\/gcf.community\/pt\/wp-json\/wp\/v2\/pages\/3286\/revisions"}],"predecessor-version":[{"id":3296,"href":"https:\/\/gcf.community\/pt\/wp-json\/wp\/v2\/pages\/3286\/revisions\/3296"}],"up":[{"embeddable":true,"href":"https:\/\/gcf.community\/pt\/wp-json\/wp\/v2\/pages\/3231"}],"wp:attachment":[{"href":"https:\/\/gcf.community\/pt\/wp-json\/wp\/v2\/media?parent=3286"}],"wp:term":[{"taxonomy":"category","embeddable":true,"href":"https:\/\/gcf.community\/pt\/wp-json\/wp\/v2\/categories?post=3286"}],"curies":[{"name":"wp","href":"https:\/\/api.w.org\/{rel}","templated":true}]}}