{"id":3237,"date":"2026-02-18T13:35:04","date_gmt":"2026-02-18T13:35:04","guid":{"rendered":"https:\/\/gcf.community\/?page_id=3237"},"modified":"2026-03-04T18:06:11","modified_gmt":"2026-03-04T18:06:11","slug":"gcf-leadership","status":"publish","type":"page","link":"https:\/\/gcf.community\/pt\/events\/zambia-2026\/gcf-leadership\/","title":{"rendered":"GCF Leadership"},"content":{"rendered":"<h1>\n\t\t\tGCF Leaders Gathering: June 2026\t<\/h1>\n\t<p>We are excited to announce the GCF Leaders Gathering which will take place in Lusaka, Zambia from <strong>Thursday 18th June &#8211; Saturday 20th June 2026<\/strong>.<\/p>\n<p>Para melhor aproveitar o tempo dispon\u00edvel na reuni\u00e3o, pedimos \u00e0s pessoas que<strong> arrive on Wednesday 17th June<\/strong> e para <strong>depart after breakfast on Sunday 21st June<\/strong>.<\/p>\n<p>Al\u00e9m dessas reuni\u00f5es presenciais de lideran\u00e7a, tamb\u00e9m teremos algumas chamadas de planejamento e acompanhamento pelo Zoom para ajudar a otimizar nosso tempo e manter o ritmo. Ao concluir este cadastro, voc\u00ea indica seu compromisso de participar dessas chamadas adicionais, sempre que poss\u00edvel.<\/p>\n<p>Nossas reuni\u00f5es ser\u00e3o realizadas em Lusaka, Z\u00e2mbia, no <a href=\"https:\/\/www.booking.com\/hotel\/zm\/cresta-golfview-lusaka-lusaka.en-gb.html\" target=\"_blank\" rel=\"noopener\">M&#8217;kango Golfview Hotel<\/a> localizado aqui:<\/p>\n\t<iframe src=\"https:\/\/www.google.com\/maps\/embed\/v1\/place?q=M%27kango+Golfview+Hotel%2C+10247%2C+Great+East+Road%2C+Chudleigh%2C+00100+Lusaka%2C+Zambia&#038;key=AIzaSyD09zQ9PNDNNy9TadMuzRV_UsPUoWKntt8\" aria-hidden=\"true\"><\/iframe>\n<h2>\n\t\t\tFormul\u00e1rio de inscri\u00e7\u00e3o\t<\/h2>\n\t<form action=\"https:\/\/gcf.community\/pt\/wp-json\/ws-form\/v1\/submit\" class=\"wsf-form wsf-form-canvas\" id=\"ws-form-1\" data-id=\"46\" method=\"POST\" data-instance-id=\"1\" data-wsf-style-id=\"1\" data-trp-original-action=\"https:\/\/gcf.community\/pt\/wp-json\/ws-form\/v1\/submit\"><input type=\"hidden\" name=\"trp-form-language\" value=\"pt\"\/><\/form>","protected":false},"excerpt":{"rendered":"<p>GCF Leaders Gathering: June 2026 We are excited to announce the GCF Leaders Gathering which will take place in Lusaka, Zambia from Thursday 18th June &#8211; Saturday 20th June 2026. To make best use of the meeting time available we are asking people to arrive on Wednesday 17th June and to depart after breakfast on &#8230; <a title=\"GCF Leadership\" class=\"read-more\" href=\"https:\/\/gcf.community\/pt\/events\/zambia-2026\/gcf-leadership\/\" aria-label=\"Leia mais sobre GCF Leadership\">Ler mais<\/a><\/p>","protected":false},"author":1,"featured_media":0,"parent":3231,"menu_order":0,"comment_status":"closed","ping_status":"closed","template":"","meta":{"_acf_changed":false,"_seopress_robots_primary_cat":"","_seopress_titles_title":"","_seopress_titles_desc":"","_seopress_robots_index":"","footnotes":"","_links_to":"","_links_to_target":""},"categories":[],"class_list":["post-3237","page","type-page","status-publish"],"acf":[],"_links":{"self":[{"href":"https:\/\/gcf.community\/pt\/wp-json\/wp\/v2\/pages\/3237","targetHints":{"allow":["GET"]}}],"collection":[{"href":"https:\/\/gcf.community\/pt\/wp-json\/wp\/v2\/pages"}],"about":[{"href":"https:\/\/gcf.community\/pt\/wp-json\/wp\/v2\/types\/page"}],"author":[{"embeddable":true,"href":"https:\/\/gcf.community\/pt\/wp-json\/wp\/v2\/users\/1"}],"replies":[{"embeddable":true,"href":"https:\/\/gcf.community\/pt\/wp-json\/wp\/v2\/comments?post=3237"}],"version-history":[{"count":6,"href":"https:\/\/gcf.community\/pt\/wp-json\/wp\/v2\/pages\/3237\/revisions"}],"predecessor-version":[{"id":3318,"href":"https:\/\/gcf.community\/pt\/wp-json\/wp\/v2\/pages\/3237\/revisions\/3318"}],"up":[{"embeddable":true,"href":"https:\/\/gcf.community\/pt\/wp-json\/wp\/v2\/pages\/3231"}],"wp:attachment":[{"href":"https:\/\/gcf.community\/pt\/wp-json\/wp\/v2\/media?parent=3237"}],"wp:term":[{"taxonomy":"category","embeddable":true,"href":"https:\/\/gcf.community\/pt\/wp-json\/wp\/v2\/categories?post=3237"}],"curies":[{"name":"wp","href":"https:\/\/api.w.org\/{rel}","templated":true}]}}