{"id":3139,"date":"2025-06-11T12:58:43","date_gmt":"2025-06-11T11:58:43","guid":{"rendered":"https:\/\/gcf.community\/?page_id=3139"},"modified":"2025-06-11T17:08:26","modified_gmt":"2025-06-11T16:08:26","slug":"ai-tool-comparisons","status":"publish","type":"page","link":"https:\/\/gcf.community\/pt\/resources\/ai-tool-comparisons\/","title":{"rendered":"Ferramentas de IA"},"content":{"rendered":"\n<h1>\n\t\t\tAI Tools\t<\/h1>\n\t<p>Below is a list of resources and tools for AI that we have collected. They are organised into different categories. You can use the Tool Types filer box to filter the tools by category, or you can use the search box below to filter the tools.<\/p>\n<p>Most paid plans will offer an option to subscribe for a year for a 20% discount. For example, if the monthly plan is $10 then you can pay $8 a month if you sign up for a full year.<\/p>\n<p>Free plans generally have limits such as: limitation to tools \/ functionality, watermarks, limitation to amount of content you can create, limitation to support, limitations to latest models, reduced quality of output.<\/p>\n<p>Free plans are good to experiment with and to get a sense as to whether it is the right tool for you. But if you are going to create content regularly on an ongoing basis then you will find free plans very limiting. They are designed to give you a taste only, and to encourage you into a paid plan.<\/p>\n<p>If you find a link is broken, or if the information is incorrect, or if you find a resource that you think would be useful for us to add to this list then please use the form on this page to let us know.<\/p>\n\t<table id=\"ptp_6f1e0a437678ecfd_1\" class=\"posts-data-table square-corners\" width=\"100%\" data-config=\"{&quot;pageLength&quot;:25,&quot;pagingType&quot;:&quot;numbers&quot;,&quot;serverSide&quot;:false,&quot;autoWidth&quot;:true,&quot;clickFilter&quot;:&quot;tax:tool-type&quot;,&quot;stickyHeader&quot;:false,&quot;scrollOffset&quot;:15,&quot;resetButton&quot;:true,&quot;numOrder&quot;:false,&quot;lengthMenu&quot;:[[10,25,50,100,-1],[10,25,50,100,&quot;Todos&quot;]],&quot;columnDefs&quot;:[{&quot;className&quot;:&quot;col-title&quot;,&quot;targets&quot;:0,&quot;type&quot;:&quot;html&quot;},{&quot;className&quot;:&quot;col-tool-type&quot;,&quot;targets&quot;:1,&quot;type&quot;:&quot;html&quot;},{&quot;className&quot;:&quot;col-free_allowance&quot;,&quot;targets&quot;:2,&quot;type&quot;:&quot;html&quot;},{&quot;className&quot;:&quot;col-paid_plan_costs&quot;,&quot;targets&quot;:3,&quot;type&quot;:&quot;html&quot;},{&quot;className&quot;:&quot;col-limitations_on_free&quot;,&quot;targets&quot;:4,&quot;type&quot;:&quot;html&quot;},{&quot;className&quot;:&quot;col-button&quot;,&quot;targets&quot;:5,&quot;type&quot;:&quot;html&quot;}],&quot;responsive&quot;:{&quot;details&quot;:{&quot;display&quot;:&quot;child_row&quot;}},&quot;language&quot;:{&quot;info&quot;:&quot;_TOTAL_ tools&quot;,&quot;infoEmpty&quot;:&quot;0 tools&quot;,&quot;emptyTable&quot;:&quot;Sem correspond\\u00eancia tools.&quot;,&quot;zeroRecords&quot;:&quot;Sem correspond\\u00eancia tools.&quot;,&quot;totalsSingle&quot;:&quot;tool&quot;,&quot;totalsPlural&quot;:&quot;tools&quot;},&quot;dom&quot;:&quot;&lt;\\&quot;posts-table-wrapper generatepress\\&quot;&lt;\\&quot;posts-table-above posts-table-controls\\&quot;f&gt;t&lt;\\&quot;posts-table-below posts-table-controls\\&quot;lip&gt;&gt;&quot;}\" data-filters=\"{&quot;tax_tool-type&quot;:{&quot;taxonomy&quot;:&quot;tool-type&quot;,&quot;heading&quot;:&quot;Tool Types&quot;,&quot;terms&quot;:[{&quot;name&quot;:&quot;AI&quot;,&quot;slug&quot;:&quot;ai&quot;},{&quot;name&quot;:&quot;Animation&quot;,&quot;slug&quot;:&quot;animation&quot;},{&quot;name&quot;:&quot;Art&quot;,&quot;slug&quot;:&quot;art&quot;},{&quot;name&quot;:&quot;Audio&quot;,&quot;slug&quot;:&quot;audio&quot;},{&quot;name&quot;:&quot;Chatbots&quot;,&quot;slug&quot;:&quot;chatbots&quot;},{&quot;name&quot;:&quot;Free&quot;,&quot;slug&quot;:&quot;free&quot;},{&quot;name&quot;:&quot;Freemium&quot;,&quot;slug&quot;:&quot;freemium&quot;},{&quot;name&quot;:&quot;Music&quot;,&quot;slug&quot;:&quot;music&quot;},{&quot;name&quot;:&quot;News \\\/ Hub&quot;,&quot;slug&quot;:&quot;news-hub&quot;},{&quot;name&quot;:&quot;Premium&quot;,&quot;slug&quot;:&quot;premium&quot;},{&quot;name&quot;:&quot;Special Effects&quot;,&quot;slug&quot;:&quot;special-effects&quot;},{&quot;name&quot;:&quot;Speech to Text&quot;,&quot;slug&quot;:&quot;speech-to-text&quot;},{&quot;name&quot;:&quot;Subtitles&quot;,&quot;slug&quot;:&quot;subtitles&quot;},{&quot;name&quot;:&quot;Text to Speech&quot;,&quot;slug&quot;:&quot;text-to-speech&quot;},{&quot;name&quot;:&quot;Translation&quot;,&quot;slug&quot;:&quot;translation&quot;},{&quot;name&quot;:&quot;Video&quot;,&quot;slug&quot;:&quot;video&quot;}],&quot;searchColumn&quot;:&quot;hf_tax_tool-type&quot;}}\" data-order='[[0, \"asc\"]]'><thead><tr><th class=\"all\" data-name=\"title\" data-orderable=\"true\" data-searchable=\"true\" data-width=\"20%\" data-priority=\"1\">Title<\/th><th data-name=\"tax_tool-type\" data-orderable=\"true\" data-searchable=\"true\" data-width=\"15%\" data-priority=\"default\">Tool Types<\/th><th data-name=\"cf_free_allowance\" data-orderable=\"true\" data-searchable=\"true\" data-width=\"17%\" data-priority=\"default\">Free Allowance<\/th><th data-name=\"cf_paid_plan_costs\" data-orderable=\"true\" data-searchable=\"true\" data-width=\"17%\" data-priority=\"default\">Paid plan costs<\/th><th data-name=\"cf_limitations_on_free\" data-orderable=\"true\" data-searchable=\"true\" data-width=\"19%\" data-priority=\"default\">Limitations on free<\/th><th data-name=\"button\" data-orderable=\"false\" data-searchable=\"false\" data-width=\"10%\" data-priority=\"default\">Link<\/th><th data-name=\"hf_tax_tool-type\" data-tax=\"tool-type\" data-searchable=\"true\" data-visible=\"false\">hf:tax:tool-type<\/th><\/tr><\/thead><tbody><tr id=\"post-row-2227\" class=\"post-row post-type-tool tool-2227 publish\"><td><a href=\"https:\/\/chatgpt.com\/\">ChatGPT<\/a><\/td><td><a href=\"https:\/\/gcf.community\/pt\/tool-type\/art\/\" data-column=\"tax_tool-type\" rel=\"tag\" ><span data-slug=\"art\">Art<\/span><\/a>, <a href=\"https:\/\/gcf.community\/pt\/tool-type\/chatbots\/\" data-column=\"tax_tool-type\" rel=\"tag\" ><span data-slug=\"chatbots\">Chatbots<\/span><\/a>, <a href=\"https:\/\/gcf.community\/pt\/tool-type\/translation\/\" data-column=\"tax_tool-type\" rel=\"tag\" ><span data-slug=\"translation\">Translation<\/span><\/a><\/td><td>Access to GPT-4o mini<\/td><td>$20 - $200 a month<\/td><td>Limited access to latest models, limited access to functionality<\/td><td><a href=\"https:\/\/chatgpt.com\/\" class=\"posts-table-button button btn\">View<\/a><\/td><td>art chatbots translation<\/td><\/tr><tr id=\"post-row-3023\" class=\"post-row post-type-tool tool-3023 publish\"><td><a href=\"https:\/\/elevenlabs.io\/\">ElevenLabs<\/a><\/td><td><a href=\"https:\/\/gcf.community\/pt\/tool-type\/text-to-speech\/\" data-column=\"tax_tool-type\" rel=\"tag\" ><span data-slug=\"text-to-speech\">Text to Speech<\/span><\/a><\/td><td>10,000 credits a month<\/td><td>$5 - $100 a month<\/td><td>No voice cloning, no dubbing, no commercial licence<\/td><td><a href=\"https:\/\/elevenlabs.io\/\" class=\"posts-table-button button btn\">View<\/a><\/td><td>text-to-speech<\/td><\/tr><tr id=\"post-row-3173\" class=\"post-row post-type-tool tool-3173 publish\"><td><a href=\"https:\/\/one.google.com\/\">GoogleOne<\/a><\/td><td><a href=\"https:\/\/gcf.community\/pt\/tool-type\/art\/\" data-column=\"tax_tool-type\" rel=\"tag\" ><span data-slug=\"art\">Art<\/span><\/a>, <a href=\"https:\/\/gcf.community\/pt\/tool-type\/chatbots\/\" data-column=\"tax_tool-type\" rel=\"tag\" ><span data-slug=\"chatbots\">Chatbots<\/span><\/a>, <a href=\"https:\/\/gcf.community\/pt\/tool-type\/video\/\" data-column=\"tax_tool-type\" rel=\"tag\" ><span data-slug=\"video\">Video<\/span><\/a><\/td><td>First month free<\/td><td>$25 - $325 a month<\/td><td>Limited free access to Veo 3 for first month only<\/td><td><a href=\"https:\/\/one.google.com\/\" class=\"posts-table-button button btn\">View<\/a><\/td><td>art chatbots video<\/td><\/tr><tr id=\"post-row-3033\" class=\"post-row post-type-tool tool-3033 publish\"><td><a href=\"https:\/\/www.heygen.com\/\">HeyGen<\/a><\/td><td><a href=\"https:\/\/gcf.community\/pt\/tool-type\/translation\/\" data-column=\"tax_tool-type\" rel=\"tag\" ><span data-slug=\"translation\">Translation<\/span><\/a>, <a href=\"https:\/\/gcf.community\/pt\/tool-type\/video\/\" data-column=\"tax_tool-type\" rel=\"tag\" ><span data-slug=\"video\">Video<\/span><\/a><\/td><td>3 videos a month<\/td><td>$30 - $80 a month<\/td><td>Videos limited to 3 a month and limited to 3 mins duration and 720p export<\/td><td><a href=\"https:\/\/www.heygen.com\/\" class=\"posts-table-button button btn\">View<\/a><\/td><td>translation video<\/td><\/tr><tr id=\"post-row-3180\" class=\"post-row post-type-tool tool-3180 publish\"><td><a href=\"https:\/\/app.klingai.com\/\">KlingAI<\/a><\/td><td><a href=\"https:\/\/gcf.community\/pt\/tool-type\/video\/\" data-column=\"tax_tool-type\" rel=\"tag\" ><span data-slug=\"video\">Video<\/span><\/a><\/td><td>$5 for 330 credits<\/td><td>$10 - $92 a month<\/td><td>Watermarked, limited access to tools<\/td><td><a href=\"https:\/\/app.klingai.com\/\" class=\"posts-table-button button btn\">View<\/a><\/td><td>video<\/td><\/tr><tr id=\"post-row-3183\" class=\"post-row post-type-tool tool-3183 publish\"><td><a href=\"https:\/\/www.krea.ai\/\">Krea<\/a><\/td><td><a href=\"https:\/\/gcf.community\/pt\/tool-type\/art\/\" data-column=\"tax_tool-type\" rel=\"tag\" ><span data-slug=\"art\">Art<\/span><\/a>, <a href=\"https:\/\/gcf.community\/pt\/tool-type\/video\/\" data-column=\"tax_tool-type\" rel=\"tag\" ><span data-slug=\"video\">Video<\/span><\/a><\/td><td>1 video | 13 images<\/td><td>$10 - $60 a month<\/td><td>Limited access to tools<\/td><td><a href=\"https:\/\/www.krea.ai\/\" class=\"posts-table-button button btn\">View<\/a><\/td><td>art video<\/td><\/tr><tr id=\"post-row-2964\" class=\"post-row post-type-tool tool-2964 publish\"><td><a href=\"https:\/\/lumalabs.ai\/\">Lumalabs<\/a><\/td><td><a href=\"https:\/\/gcf.community\/pt\/tool-type\/art\/\" data-column=\"tax_tool-type\" rel=\"tag\" ><span data-slug=\"art\">Art<\/span><\/a>, <a href=\"https:\/\/gcf.community\/pt\/tool-type\/video\/\" data-column=\"tax_tool-type\" rel=\"tag\" ><span data-slug=\"video\">Video<\/span><\/a><\/td><td>Low resolution still images only<\/td><td>$10 - $95 a month<\/td><td>No access to video tools, limited quality output<\/td><td><a href=\"https:\/\/lumalabs.ai\/\" class=\"posts-table-button button btn\">View<\/a><\/td><td>art video<\/td><\/tr><tr id=\"post-row-2778\" class=\"post-row post-type-tool tool-2778 publish\"><td><a href=\"https:\/\/www.midjourney.com\/\">Midjourney<\/a><\/td><td><a href=\"https:\/\/gcf.community\/pt\/tool-type\/art\/\" data-column=\"tax_tool-type\" rel=\"tag\" ><span data-slug=\"art\">Art<\/span><\/a><\/td><td>None<\/td><td>$10 - $120 a month<\/td><td>N\/A<\/td><td><a href=\"https:\/\/www.midjourney.com\/\" class=\"posts-table-button button btn\">View<\/a><\/td><td>art<\/td><\/tr><tr id=\"post-row-3186\" class=\"post-row post-type-tool tool-3186 publish\"><td><a href=\"https:\/\/app.pixverse.ai\/home\">Pixverse<\/a><\/td><td><a href=\"https:\/\/gcf.community\/pt\/tool-type\/video\/\" data-column=\"tax_tool-type\" rel=\"tag\" ><span data-slug=\"video\">Video<\/span><\/a><\/td><td>60 credits a day (1-4 videos)<\/td><td>$10 - $60 a month<\/td><td>Watermarked, reduced resolution<\/td><td><a href=\"https:\/\/app.pixverse.ai\/home\" class=\"posts-table-button button btn\">View<\/a><\/td><td>video<\/td><\/tr><tr id=\"post-row-2769\" class=\"post-row post-type-tool tool-2769 publish\"><td><a href=\"https:\/\/runwayml.com\/\">Runway<\/a><\/td><td><a href=\"https:\/\/gcf.community\/pt\/tool-type\/video\/\" data-column=\"tax_tool-type\" rel=\"tag\" ><span data-slug=\"video\">Video<\/span><\/a><\/td><td>125 credits (one time) = about 25 second video<\/td><td>$15 - $95 a month<\/td><td>Watermarked, limited access to tools, lower quality<\/td><td><a href=\"https:\/\/runwayml.com\/\" class=\"posts-table-button button btn\">View<\/a><\/td><td>video<\/td><\/tr><tr id=\"post-row-3189\" class=\"post-row post-type-tool tool-3189 publish\"><td><a href=\"https:\/\/openai.com\/sora\">Sora<\/a><\/td><td><a href=\"https:\/\/gcf.community\/pt\/tool-type\/video\/\" data-column=\"tax_tool-type\" rel=\"tag\" ><span data-slug=\"video\">Video<\/span><\/a><\/td><td>None<\/td><td>$20 - $200 a month<\/td><td>N\/A<\/td><td><a href=\"https:\/\/openai.com\/sora\" class=\"posts-table-button button btn\">View<\/a><\/td><td>video<\/td><\/tr><tr id=\"post-row-2772\" class=\"post-row post-type-tool tool-2772 publish\"><td><a href=\"https:\/\/suno.com\/\">Suno<\/a><\/td><td><a href=\"https:\/\/gcf.community\/pt\/tool-type\/music\/\" data-column=\"tax_tool-type\" rel=\"tag\" ><span data-slug=\"music\">Music<\/span><\/a><\/td><td>50 credits a day (10 songs)<\/td><td>$10 - $30 a month<\/td><td>No access to latest model, limitations on tools, no commercial licence<\/td><td><a href=\"https:\/\/suno.com\/\" class=\"posts-table-button button btn\">View<\/a><\/td><td>music<\/td><\/tr><tr id=\"post-row-3192\" class=\"post-row post-type-tool tool-3192 publish\"><td><a href=\"https:\/\/deepmind.google\/models\/veo\/\">Veo3<\/a><\/td><td><a href=\"https:\/\/gcf.community\/pt\/tool-type\/video\/\" data-column=\"tax_tool-type\" rel=\"tag\" ><span data-slug=\"video\">Video<\/span><\/a><\/td><td>First month free<\/td><td>$25 - $325 a month<\/td><td>First month only<\/td><td><a href=\"https:\/\/deepmind.google\/models\/veo\/\" class=\"posts-table-button button btn\">View<\/a><\/td><td>video<\/td><\/tr><\/tbody><\/table>\n\n","protected":false},"excerpt":{"rendered":"<p>Ferramentas de IA Abaixo, voc\u00ea encontra uma lista de recursos e ferramentas para IA que reunimos. Eles est\u00e3o organizados em diferentes categorias. Voc\u00ea pode usar o filtro &quot;Tipos de Ferramentas&quot; para filtrar as ferramentas por categoria ou usar a caixa de pesquisa abaixo para filtr\u00e1-las. A maioria dos planos pagos oferece uma op\u00e7\u00e3o... <a title=\"Ferramentas de IA\" class=\"read-more\" href=\"https:\/\/gcf.community\/pt\/resources\/ai-tool-comparisons\/\" aria-label=\"Leia mais sobre Ferramentas de IA\">Ler mais<\/a><\/p>","protected":false},"author":1,"featured_media":0,"parent":3157,"menu_order":0,"comment_status":"closed","ping_status":"closed","template":"","meta":{"_acf_changed":false,"_seopress_robots_primary_cat":"","_seopress_titles_title":"","_seopress_titles_desc":"","_seopress_robots_index":"","footnotes":"","_links_to":"","_links_to_target":""},"categories":[],"class_list":["post-3139","page","type-page","status-publish"],"acf":[],"_links":{"self":[{"href":"https:\/\/gcf.community\/pt\/wp-json\/wp\/v2\/pages\/3139","targetHints":{"allow":["GET"]}}],"collection":[{"href":"https:\/\/gcf.community\/pt\/wp-json\/wp\/v2\/pages"}],"about":[{"href":"https:\/\/gcf.community\/pt\/wp-json\/wp\/v2\/types\/page"}],"author":[{"embeddable":true,"href":"https:\/\/gcf.community\/pt\/wp-json\/wp\/v2\/users\/1"}],"replies":[{"embeddable":true,"href":"https:\/\/gcf.community\/pt\/wp-json\/wp\/v2\/comments?post=3139"}],"version-history":[{"count":8,"href":"https:\/\/gcf.community\/pt\/wp-json\/wp\/v2\/pages\/3139\/revisions"}],"predecessor-version":[{"id":3172,"href":"https:\/\/gcf.community\/pt\/wp-json\/wp\/v2\/pages\/3139\/revisions\/3172"}],"up":[{"embeddable":true,"href":"https:\/\/gcf.community\/pt\/wp-json\/wp\/v2\/pages\/3157"}],"wp:attachment":[{"href":"https:\/\/gcf.community\/pt\/wp-json\/wp\/v2\/media?parent=3139"}],"wp:term":[{"taxonomy":"category","embeddable":true,"href":"https:\/\/gcf.community\/pt\/wp-json\/wp\/v2\/categories?post=3139"}],"curies":[{"name":"wp","href":"https:\/\/api.w.org\/{rel}","templated":true}]}}