{"id":313,"date":"2022-02-20T11:55:00","date_gmt":"2022-02-20T11:55:00","guid":{"rendered":"https:\/\/gcf.community\/?page_id=313"},"modified":"2026-02-13T16:55:40","modified_gmt":"2026-02-13T16:55:40","slug":"cookies","status":"publish","type":"page","link":"https:\/\/gcf.community\/pt\/cookies\/","title":{"rendered":"Biscoitos"},"content":{"rendered":"<h1>\n\t\t\tBiscoitos\t<\/h1>\n\t<p>Usamos cookies em nosso site. Um cookie \u00e9 um pequeno arquivo de texto que \u00e9 colocado no seu computador para ajudar o site a fornecer uma melhor experi\u00eancia do usu\u00e1rio.<\/p>\n<p>Geralmente, usamos cookies para nos ajudar a administrar este site e melhorar sua usabilidade. Tamb\u00e9m podemos usar cookies para identificar quais p\u00e1ginas est\u00e3o sendo utilizadas. Isso nos ajuda a analisar dados sobre o tr\u00e1fego da p\u00e1gina e a aprimorar nosso site, a fim de adapt\u00e1-lo aos visitantes. Usamos essas informa\u00e7\u00f5es apenas para fins de an\u00e1lise estat\u00edstica e, em seguida, os dados s\u00e3o removidos do sistema.<\/p>\n<p>No geral, os cookies nos ajudam a fornecer um site melhor, permitindo-nos monitorar quais p\u00e1ginas voc\u00ea considera \u00fateis e quais n\u00e3o.<\/p>\n<p>Os cookies n\u00e3o cont\u00eam nenhuma informa\u00e7\u00e3o que o identifique pessoalmente. Um cookie n\u00e3o nos d\u00e1 acesso ao seu computador ou a nenhuma informa\u00e7\u00e3o sobre voc\u00ea.<\/p>\n<p>Voc\u00ea pode ler nossa pol\u00edtica de privacidade online completa\u00a0<a href=\"https:\/\/gcf.community\/pt\/privacy\/\">aqui<\/a>.<\/p>\n<p>Voc\u00ea pode escolher aceitar ou recusar cookies. A maioria dos navegadores da web aceita cookies automaticamente, mas voc\u00ea pode modificar a configura\u00e7\u00e3o do seu navegador para recusar cookies, se preferir. Isso pode impedir que voc\u00ea aproveite ao m\u00e1ximo o site.<\/p>\n<h4>Cookies neste site<\/h4>\n<p>Existem dois tipos principais de cookies: cookies de sess\u00e3o e cookies persistentes. Os cookies de sess\u00e3o duram apenas enquanto os usu\u00e1rios utilizam o site e s\u00e3o exclu\u00eddos do seu computador quando voc\u00ea fecha o navegador, enquanto os cookies persistentes duram mais que as sess\u00f5es do usu\u00e1rio e permanecem armazenados no seu computador at\u00e9 serem exclu\u00eddos ou at\u00e9 atingirem a data de validade.<\/p>\n<p>Usamos cookies de sess\u00e3o e cookies persistentes neste site.<\/p>\n<h4>Cookies de terceiros<\/h4>\n<p>Tamb\u00e9m usamos cookies de terceiros para fornecer an\u00e1lise estat\u00edstica do uso do site. Criamos relat\u00f3rios que usamos para ajustar o sistema e fornecer uma interface melhor para o usu\u00e1rio final.<\/p>\n<p>Para este fim, utilizamos o Google Analytics para analisar a utiliza\u00e7\u00e3o deste website. O Google Analytics gera informa\u00e7\u00f5es estat\u00edsticas e outras informa\u00e7\u00f5es sobre a utiliza\u00e7\u00e3o do website atrav\u00e9s de cookies, que s\u00e3o armazenados nos computadores dos utilizadores. As informa\u00e7\u00f5es geradas relativamente ao nosso website s\u00e3o utilizadas para criar relat\u00f3rios sobre a utiliza\u00e7\u00e3o do website. O Google armazenar\u00e1 e utilizar\u00e1 estas informa\u00e7\u00f5es. A pol\u00edtica de privacidade do Google est\u00e1 dispon\u00edvel em <a href=\"https:\/\/www.google.com\/policies\/privacy\/\" target=\"_blank\" rel=\"noopener\">https:\/\/www.google.com\/policies\/privacy\/<\/a>. Se voc\u00ea quiser optar por n\u00e3o ser rastreado pelo Google Analytics em todos os sites, visite: <a href=\"https:\/\/tools.google.com\/dlpage\/gaoptout\" target=\"_blank\" rel=\"noopener\">https:\/\/tools.google.com\/dlpage\/gaoptout<\/a>.<\/p>\n<p>A maioria dos navegadores permite que voc\u00ea rejeite todos os cookies, enquanto alguns navegadores permitem que voc\u00ea rejeite apenas cookies de terceiros.<\/p>\n<h4>Como altero minhas configura\u00e7\u00f5es de cookies?<\/h4>\n<p>A maioria dos navegadores da web permite algum controle da maioria dos cookies por meio das configura\u00e7\u00f5es do navegador. Para saber mais sobre cookies, incluindo como ver quais cookies foram definidos, visite\u00a0<a href=\"https:\/\/www.allaboutcookies.org\" target=\"_blank\" rel=\"noopener\">www.allaboutcookies.org<\/a>.<\/p>\n<p>Descubra como gerenciar cookies em navegadores populares:<\/p>\n<ul>\n<li><a href=\"https:\/\/support.google.com\/accounts\/answer\/61416?co=GENIE.Platform%3DDesktop&amp;hl=en\" target=\"_blank\" rel=\"noopener\">Google Chrome<\/a><\/li>\n<li><a href=\"https:\/\/support.microsoft.com\/en-us\/windows\/microsoft-edge-browsing-data-and-privacy-bb8174ba-9d73-dcf2-9b4a-c582b4e640dd\" target=\"_blank\" rel=\"noopener\">Microsoft borda<\/a><\/li>\n<li><a href=\"https:\/\/support.mozilla.org\/en-US\/kb\/enhanced-tracking-protection-firefox-desktop?redirectslug=enable-and-disable-cookies-website-preferences&amp;redirectlocale=en-US\" target=\"_blank\" rel=\"noopener\">Mozilla Firefox<\/a><\/li>\n<li><a href=\"https:\/\/support.microsoft.com\/en-us\/windows\/delete-and-manage-cookies-168dab11-0753-043d-7c16-ede5947fc64d\" target=\"_blank\" rel=\"noopener\">Microsoft Internet Explorer<\/a><\/li>\n<li><a href=\"https:\/\/help.opera.com\/en\/latest\/web-preferences\/\" target=\"_blank\" rel=\"noopener\">\u00d3pera<\/a><\/li>\n<li><a href=\"https:\/\/support.apple.com\/en-gb\/guide\/safari\/sfri11471\/mac\" target=\"_blank\" rel=\"noopener\">Safari da Apple<\/a><\/li>\n<\/ul>\n<p>Para encontrar informa\u00e7\u00f5es relacionadas a outros navegadores, visite o site do desenvolvedor do navegador.<\/p>","protected":false},"excerpt":{"rendered":"<p>Cookies Utilizamos cookies em nosso site. Um cookie \u00e9 um pequeno arquivo de texto que \u00e9 colocado no seu computador para ajudar o site a proporcionar uma melhor experi\u00eancia ao usu\u00e1rio. Geralmente, usamos cookies para nos ajudar a administrar este site e melhorar sua usabilidade. Tamb\u00e9m podemos usar cookies para identificar quais p\u00e1ginas s\u00e3o\u2026 <a title=\"Biscoitos\" class=\"read-more\" href=\"https:\/\/gcf.community\/pt\/cookies\/\" aria-label=\"Leia mais sobre Cookies\">Ler mais<\/a><\/p>","protected":false},"author":1,"featured_media":0,"parent":0,"menu_order":0,"comment_status":"closed","ping_status":"closed","template":"","meta":{"_acf_changed":false,"_seopress_robots_primary_cat":"","_seopress_titles_title":"","_seopress_titles_desc":"","_seopress_robots_index":"","footnotes":"","_links_to":"","_links_to_target":""},"categories":[],"class_list":["post-313","page","type-page","status-publish"],"acf":[],"_links":{"self":[{"href":"https:\/\/gcf.community\/pt\/wp-json\/wp\/v2\/pages\/313","targetHints":{"allow":["GET"]}}],"collection":[{"href":"https:\/\/gcf.community\/pt\/wp-json\/wp\/v2\/pages"}],"about":[{"href":"https:\/\/gcf.community\/pt\/wp-json\/wp\/v2\/types\/page"}],"author":[{"embeddable":true,"href":"https:\/\/gcf.community\/pt\/wp-json\/wp\/v2\/users\/1"}],"replies":[{"embeddable":true,"href":"https:\/\/gcf.community\/pt\/wp-json\/wp\/v2\/comments?post=313"}],"version-history":[{"count":1,"href":"https:\/\/gcf.community\/pt\/wp-json\/wp\/v2\/pages\/313\/revisions"}],"predecessor-version":[{"id":3228,"href":"https:\/\/gcf.community\/pt\/wp-json\/wp\/v2\/pages\/313\/revisions\/3228"}],"wp:attachment":[{"href":"https:\/\/gcf.community\/pt\/wp-json\/wp\/v2\/media?parent=313"}],"wp:term":[{"taxonomy":"category","embeddable":true,"href":"https:\/\/gcf.community\/pt\/wp-json\/wp\/v2\/categories?post=313"}],"curies":[{"name":"wp","href":"https:\/\/api.w.org\/{rel}","templated":true}]}}