{"id":311,"date":"2022-02-20T11:54:33","date_gmt":"2022-02-20T11:54:33","guid":{"rendered":"https:\/\/gcf.community\/?page_id=311"},"modified":"2026-02-13T16:55:13","modified_gmt":"2026-02-13T16:55:13","slug":"privacy","status":"publish","type":"page","link":"https:\/\/gcf.community\/pt\/privacy\/","title":{"rendered":"Privacidade"},"content":{"rendered":"<h1>\n\t\t\tPrivacidade\t<\/h1>\n\t<p>Privacidade \u00e9 importante, mas pode ser confusa. Esta p\u00e1gina explica nossa abordagem \u00e0 privacidade e como ela afeta voc\u00ea.<\/p>\n<h4>Vers\u00e3o curta<\/h4>\n<p>Coletamos estat\u00edsticas an\u00f4nimas sobre sua visita, como quais de nossas p\u00e1ginas voc\u00ea visualizou.<\/p>\n<p>Alguns terceiros, como o Facebook, podem saber que voc\u00ea visitou este site, caso utilize os servi\u00e7os deles. N\u00e3o podemos control\u00e1-los, mas n\u00e3o acreditamos que esse conhecimento represente qualquer amea\u00e7a a voc\u00ea.<\/p>\n<p>Se voc\u00ea se inscrever conosco, tomaremos muito cuidado para manter suas informa\u00e7\u00f5es seguras e nunca as compartilharemos com terceiros sem sua permiss\u00e3o expressa.<\/p>\n<p>Nunca compartilhamos seus dados com terceiros, exceto para nos ajudar a fornecer nossos pr\u00f3prios servi\u00e7os.<\/p>\n<p>Estes s\u00e3o apenas os pontos principais. Se precisar de mais detalhes, continue lendo.<\/p>\n<h4>Medindo nossos visitantes<\/h4>\n<p>Medimos os visitantes do nosso site usando o Google Analytics. Ele registra quais p\u00e1ginas voc\u00ea visualizou em nosso site, como chegou at\u00e9 ele e algumas informa\u00e7\u00f5es b\u00e1sicas sobre o seu computador. Todas essas informa\u00e7\u00f5es s\u00e3o an\u00f4nimas \u2014 portanto, n\u00e3o sabemos quem voc\u00ea \u00e9; apenas que algu\u00e9m visitou nosso site.<\/p>\n<p>As informa\u00e7\u00f5es que coletamos por meio de an\u00e1lises nos ajudam a entender quais partes dos nossos sites est\u00e3o apresentando bom desempenho, como as pessoas chegam ao nosso site e assim por diante. Como a maioria dos sites, usamos essas informa\u00e7\u00f5es para melhorar nosso site.<\/p>\n<p>Voc\u00ea pode aprender mais sobre o Google Analytics <a href=\"https:\/\/support.google.com\/analytics\/answer\/6004245\" target=\"_blank\" rel=\"noopener\">aqui<\/a>.<\/p>\n<h4>Conte\u00fado incorporado de outros sites<\/h4>\n<p>O conte\u00fado deste site pode incluir conte\u00fado incorporado (por exemplo, v\u00eddeos, imagens, artigos, etc.). Conte\u00fado incorporado de outros sites se comporta exatamente da mesma forma como se o visitante tivesse visitado o site de origem.<\/p>\n<p>Esses sites podem coletar dados sobre voc\u00ea, usar cookies, incorporar rastreamento adicional de terceiros e monitorar sua intera\u00e7\u00e3o com esse conte\u00fado incorporado, incluindo o rastreamento de sua intera\u00e7\u00e3o com o conte\u00fado incorporado se voc\u00ea tiver uma conta e estiver conectado a esse site.<\/p>\n<h4>An\u00fancios e links patrocinados<\/h4>\n<p>Este site n\u00e3o cont\u00e9m links patrocinados ou an\u00fancios.<\/p>\n<h4>Downloads e arquivos de m\u00eddia<\/h4>\n<p>Quaisquer documentos, arquivos ou m\u00eddias para download disponibilizados neste site s\u00e3o fornecidos a voc\u00ea por sua conta e risco. Embora todas as precau\u00e7\u00f5es tenham sido tomadas para garantir que apenas downloads genu\u00ednos estejam dispon\u00edveis, recomendamos que voc\u00ea verifique sua autenticidade usando software antiv\u00edrus de terceiros ou aplicativos semelhantes.<\/p>\n<p>N\u00e3o nos responsabilizamos por downloads de terceiros ou por downloads fornecidos por sites externos. Recomendamos que voc\u00ea verifique a autenticidade deles usando software antiv\u00edrus de terceiros ou aplicativos semelhantes.<\/p>\n<h4>Facebook, Twitter e outras redes sociais<\/h4>\n<p>Esses servi\u00e7os fornecem bot\u00f5es sociais e recursos semelhantes que usamos em nosso site, como os bot\u00f5es \u201cCurtir\u201d e \u201cTweet\u201d.<\/p>\n<p>Para isso, incorporamos o c\u00f3digo que eles fornecem e n\u00e3o temos controle sobre n\u00f3s mesmos. Para funcionar, os bot\u00f5es deles geralmente sabem se voc\u00ea est\u00e1 logado; por exemplo, o Facebook usa isso para dizer &quot;x dos seus amigos curtiram isso&quot;. N\u00e3o temos acesso a essas informa\u00e7\u00f5es, nem podemos controlar como essas redes as usam.<\/p>\n<p>As redes sociais, portanto, podem saber que voc\u00ea est\u00e1 visualizando este site, se voc\u00ea usar os servi\u00e7os delas. (Isso n\u00e3o quer dizer que elas saibam, mas suas pol\u00edticas podem mudar).<\/p>\n<h4>Se voc\u00ea se inscrever em um servi\u00e7o<\/h4>\n<p>Quando voc\u00ea se inscreve em qualquer um dos nossos servi\u00e7os (por exemplo, inscrevendo-se na lista de e-mail), registramos informa\u00e7\u00f5es pessoais espec\u00edficas sobre voc\u00ea, como seu nome e endere\u00e7o de e-mail.<\/p>\n<h4>E-mails<\/h4>\n<p>Podemos enviar notifica\u00e7\u00f5es por e-mail que voc\u00ea tenha solicitado especificamente (como boletins informativos ou notifica\u00e7\u00f5es). Voc\u00ea pode optar por n\u00e3o receber essas comunica\u00e7\u00f5es a qualquer momento.<\/p>\n<p>Nunca forneceremos suas informa\u00e7\u00f5es pessoais ou endere\u00e7o de e-mail a terceiros, exceto quando eles forem contratados especificamente para ajudar a fornecer nossos pr\u00f3prios servi\u00e7os, conforme detalhado acima.<\/p>\n<h4>Seguran\u00e7a<\/h4>\n<p>Tomamos diversas precau\u00e7\u00f5es para evitar a perda, o uso indevido ou a altera\u00e7\u00e3o das suas informa\u00e7\u00f5es pessoais. Essas precau\u00e7\u00f5es incluem:<\/p>\n<ul>\n<li>Uso de criptografia SSL para todo o conte\u00fado da p\u00e1gina e quaisquer dados coletados<\/li>\n<li>Hardware armazenado em datacenters seguros atr\u00e1s de firewalls<\/li>\n<li>Todo acesso \u00e0 informa\u00e7\u00e3o \u00e9 restrito por senha e\/ou chave de seguran\u00e7a<\/li>\n<li>Restri\u00e7\u00f5es sobre quais informa\u00e7\u00f5es podem ser acessadas por meio de qualquer local<\/li>\n<\/ul>\n<p>Embora tomemos muito cuidado para garantir que todas as informa\u00e7\u00f5es confidenciais permane\u00e7am protegidas, n\u00e3o podemos garantir a seguran\u00e7a dos dados enviados pela Internet.<\/p>\n<p>Se, durante a utiliza\u00e7\u00e3o deste site, voc\u00ea for solicitado a criar uma conta de usu\u00e1rio, observe que voc\u00ea \u00e9 respons\u00e1vel por manter sua senha e seus dados de usu\u00e1rio confidenciais. Nunca solicitaremos sua senha, portanto, n\u00e3o confie em ningu\u00e9m que a pe\u00e7a.<\/p>\n<h4>Descoberta de dados<\/h4>\n<p>Utilizamos v\u00e1rios servi\u00e7os de terceiros <a href=\"https:\/\/en.wikipedia.org\/wiki\/API\" target=\"_blank\" rel=\"noopener\">APIs<\/a> neste site para realizar determinadas tarefas. Por exemplo, usamos a API Sendinblue para processar assinaturas em listas de e-mail.<\/p>\n<h4>Seus dados<\/h4>\n<p>Seus dados pertencem a voc\u00ea. Se, a qualquer momento, desejar solicitar uma c\u00f3pia dos seus dados ou solicitar que os removamos do nosso sistema, voc\u00ea pode faz\u00ea-lo. <a href=\"https:\/\/gcf.community\/pt\/data-protection\/\">aqui<\/a>.<\/p>\n<h4>Atualiza\u00e7\u00f5es desta pol\u00edtica<\/h4>\n<p>Podemos atualizar esta pol\u00edtica de privacidade periodicamente, especialmente conforme a tecnologia evolui. Voc\u00ea pode sempre consultar esta p\u00e1gina para obter a vers\u00e3o mais recente. Tamb\u00e9m podemos notific\u00e1-lo sobre altera\u00e7\u00f5es em nossa pol\u00edtica de privacidade por e-mail.<\/p>\n<h4>Entrando em contato conosco<\/h4>\n<p>Se houver alguma d\u00favida sobre esta pol\u00edtica de privacidade, por favor\u00a0<a href=\"https:\/\/gcf.community\/pt\/contact\/\">Contate-nos<\/a>.<\/p>","protected":false},"excerpt":{"rendered":"<p>Privacidade A privacidade \u00e9 importante, mas pode ser confusa. Esta p\u00e1gina explica nossa abordagem \u00e0 privacidade e como ela afeta voc\u00ea. Vers\u00e3o resumida: Coletamos estat\u00edsticas an\u00f4nimas sobre sua visita, como quais de nossas p\u00e1ginas voc\u00ea visualizou. Alguns terceiros, como o Facebook, podem saber que voc\u00ea visitou este site, caso utilize os servi\u00e7os deles. N\u00e3o podemos controlar... <a title=\"Privacidade\" class=\"read-more\" href=\"https:\/\/gcf.community\/pt\/privacy\/\" aria-label=\"Leia mais sobre Privacidade\">Ler mais<\/a><\/p>","protected":false},"author":1,"featured_media":0,"parent":0,"menu_order":0,"comment_status":"closed","ping_status":"closed","template":"","meta":{"_acf_changed":false,"_seopress_robots_primary_cat":"","_seopress_titles_title":"","_seopress_titles_desc":"","_seopress_robots_index":"","footnotes":"","_links_to":"","_links_to_target":""},"categories":[],"class_list":["post-311","page","type-page","status-publish"],"acf":[],"_links":{"self":[{"href":"https:\/\/gcf.community\/pt\/wp-json\/wp\/v2\/pages\/311","targetHints":{"allow":["GET"]}}],"collection":[{"href":"https:\/\/gcf.community\/pt\/wp-json\/wp\/v2\/pages"}],"about":[{"href":"https:\/\/gcf.community\/pt\/wp-json\/wp\/v2\/types\/page"}],"author":[{"embeddable":true,"href":"https:\/\/gcf.community\/pt\/wp-json\/wp\/v2\/users\/1"}],"replies":[{"embeddable":true,"href":"https:\/\/gcf.community\/pt\/wp-json\/wp\/v2\/comments?post=311"}],"version-history":[{"count":1,"href":"https:\/\/gcf.community\/pt\/wp-json\/wp\/v2\/pages\/311\/revisions"}],"predecessor-version":[{"id":3227,"href":"https:\/\/gcf.community\/pt\/wp-json\/wp\/v2\/pages\/311\/revisions\/3227"}],"wp:attachment":[{"href":"https:\/\/gcf.community\/pt\/wp-json\/wp\/v2\/media?parent=311"}],"wp:term":[{"taxonomy":"category","embeddable":true,"href":"https:\/\/gcf.community\/pt\/wp-json\/wp\/v2\/categories?post=311"}],"curies":[{"name":"wp","href":"https:\/\/api.w.org\/{rel}","templated":true}]}}