{"id":2840,"date":"2024-10-21T14:13:57","date_gmt":"2024-10-21T13:13:57","guid":{"rendered":"https:\/\/gcf.community\/?page_id=2840"},"modified":"2024-10-22T14:18:08","modified_gmt":"2024-10-22T13:18:08","slug":"getting-ai-apps-set-up","status":"publish","type":"page","link":"https:\/\/gcf.community\/pt\/events\/max7-ai-academy\/ai-manual\/getting-ai-apps-set-up\/","title":{"rendered":"Como configurar aplicativos de IA"},"content":{"rendered":"<button tabindex=\"0\" aria-label=\"Menu\">\n\t\t\t\t\t\t\t<\/button>\n\t<nav aria-label=\"IA\" itemscope=\"itemscope\" itemtype=\"https:\/\/schema.org\/SiteNavigationElement\">\n\t\t<ul id=\"menu-ai\"><li id=\"menu-item-2607\"><a href=\"https:\/\/gcf.community\/pt\/events\/max7-ai-academy\/\">Academia Max7 AI<\/a><\/li><li id=\"menu-item-2604\"><a href=\"https:\/\/gcf.community\/pt\/events\/max7-ai-academy\/dates-times\/\">Datas \/ Hor\u00e1rios<\/a><\/li><li id=\"menu-item-2603\"><a href=\"https:\/\/gcf.community\/pt\/events\/max7-ai-academy\/info-updates\/\">Atualiza\u00e7\u00f5es de informa\u00e7\u00f5es<\/a><\/li><li id=\"menu-item-2606\"><a href=\"https:\/\/gcf.community\/pt\/events\/max7-ai-academy\/faqs\/\">Perguntas frequentes<\/a><\/li><li id=\"menu-item-2797\"><a href=\"https:\/\/gcf.community\/pt\/events\/max7-ai-academy\/ai-glossary\/\">Gloss\u00e1rio de IA<\/a><\/li><li id=\"menu-item-2798\"><a href=\"https:\/\/gcf.community\/pt\/events\/max7-ai-academy\/tools\/\">Ferramentas<\/a><\/li><li id=\"menu-item-2796\"><a href=\"https:\/\/gcf.community\/pt\/events\/max7-ai-academy\/ai-manual\/\">Manual de IA<\/a><ul>\t<li id=\"menu-item-2866\"><a href=\"https:\/\/gcf.community\/pt\/events\/max7-ai-academy\/ai-manual\/introduction\/\">Introdu\u00e7\u00e3o<\/a><\/li>\t<li id=\"menu-item-2865\"><a href=\"https:\/\/gcf.community\/pt\/events\/max7-ai-academy\/ai-manual\/what-is-ai\/\">O que \u00e9 IA?<\/a><\/li>\t<li id=\"menu-item-2864\"><a href=\"https:\/\/gcf.community\/pt\/events\/max7-ai-academy\/ai-manual\/ai-and-ministry-leaders\/\">L\u00edderes de IA e Minist\u00e9rio<\/a><\/li>\t<li id=\"menu-item-2863\"><a href=\"https:\/\/gcf.community\/pt\/events\/max7-ai-academy\/ai-manual\/getting-ai-apps-set-up\/\" aria-current=\"page\">Como configurar aplicativos de IA<\/a><\/li>\t<li id=\"menu-item-2924\"><a href=\"https:\/\/gcf.community\/pt\/events\/max7-ai-academy\/ai-manual\/types-of-prompts\/\">Tipos de Prompts<\/a><\/li><\/ul><\/li><li id=\"menu-item-2795\"><a href=\"https:\/\/gcf.community\/pt\/events\/max7-ai-academy\/videos\/\">V\u00eddeos<\/a><\/li><li id=\"menu-item-2825\"><a href=\"https:\/\/ai-academy.max7.org\/\">Academia de IA no Max7<\/a><\/li><\/ul>\n\t\t\t<\/nav>\n<h1>\n\t\tConfigura\u00e7\u00e3o de aplicativos de IA\n\t<\/h1>\n<h2>\n\t\tIntrodu\u00e7\u00e3o\n\t<\/h2>\n\t<p>Gostar\u00edamos de ajudar voc\u00ea a aprender a usar a IA. Muitos dos aplicativos que compartilhamos s\u00e3o gratuitos. \u00c9 importante que voc\u00ea aprenda a acessar e configurar os aplicativos de IA que deseja usar para que o treinamento seja \u00fatil e pr\u00e1tico.<\/p>\n<h2>\n\t\tConfigurando um Chatbot\n\t<\/h2>\n\t<h3>O que \u00e9 um Chatbot?<\/h3>\n<p>Os chatbots s\u00e3o projetados para imitar a conversa humana. O software \u00e9 programado para suportar uma conversa bidirecional. Isso pode ser para fazer\/responder perguntas, oferecer solu\u00e7\u00f5es e resolver problemas. Os chatbots existem em modelos de texto e voz.<\/p>\n<h3>O que os Chatbots podem fazer?<\/h3>\n<p>Os chatbots podem fornecer solu\u00e7\u00f5es simples para os clientes em um site e, em seguida, encaminhar para um agente humano quando atingirem o limite de sua programa\u00e7\u00e3o. Mas os chatbots podem fornecer respostas muito mais complexas, como os chatbots que veremos em nossos tutoriais e no Zoom. Podemos us\u00e1-los como parceiros de escrita ou editor de texto, parceiros de pesquisa, equipes de brainstorming... H\u00e1 tantas aplica\u00e7\u00f5es variadas!<\/p>\n<h3>Configurando o ChatGPT<\/h3>\n<ol>\n<li>V\u00e1 para <a href=\"https:\/\/chatgpt.com\/\" target=\"_blank\" rel=\"noopener\">https:\/\/chatgpt.com\/<\/a> e passe pelo processo de inscri\u00e7\u00e3o ou login. Baixe o aplicativo se planeja trabalhar offline.<\/li>\n<li>Depois de fazer login (voc\u00ea pode usar sua conta do Google, Microsoft etc.), voc\u00ea ver\u00e1 a barra de prompts \u2013 parece uma barra de pesquisa \u2013 onde voc\u00ea pode digitar ou colar seus prompts.<\/li>\n<li>No lado esquerdo da p\u00e1gina, voc\u00ea ver\u00e1 um t\u00edtulo para o seu primeiro prompt. Quando quiser iniciar um novo t\u00f3pico de prompt, clique no \u00edcone L\u00e1pis no Papel para iniciar um novo t\u00f3pico de bate-papo.<\/li>\n<li>O ChatGPT salvar\u00e1 seus t\u00f3picos de bate-papo, dar\u00e1 a eles um t\u00edtulo \u00fatil e l\u00f3gico, para que voc\u00ea possa identific\u00e1-los facilmente para uso posterior.<\/li>\n<li>Se voc\u00ea usar o ChatGPT sem fazer login, nenhum trabalho seu ser\u00e1 salvo para uso posterior.<\/li>\n<\/ol>\n<h3>Configurando o Google Gemini<\/h3>\n<p>O Google Gemini tamb\u00e9m \u00e9 gratuito. Acesse <a href=\"https:\/\/gemini.google.com\/\" target=\"_blank\" rel=\"noopener\">https:\/\/gemini.google.com\/<\/a> e fa\u00e7a login.<\/p>\n<h2>\n\t\tIntrodu\u00e7\u00e3o \u00e0 Arte Generativa\n\t<\/h2>\n        <p>Arte generativa de IA \u00e9 uma imagem criada por um programa de computador usando intelig\u00eancia artificial.<\/p>    \n\t<p>O computador \u00e9 treinado com uma enorme quantidade de dados de arte existente ou pode criar novas artes do zero. A arte generativa com IA pode ser usada para criar uma variedade de tipos de arte, incluindo pinturas, desenhos, design gr\u00e1fico, logotipos, esculturas e muito mais.<\/p>\n<h3>Configurando o Microsoft Designer<\/h3>\n<p>H\u00e1 sites de Arte com IA mais avan\u00e7ados listados no final. Usamos o Microsoft Designer por ser um lugar simples para come\u00e7ar (ou experimente o Adobe Firefly: <a href=\"https:\/\/firefly.adobe.com\/\" target=\"_blank\" rel=\"noopener\">https:\/\/firefly.adobe.com\/<\/a>):<\/p>\n<ol>\n<li>Ir para o Microsoft Designer <a href=\"https:\/\/designer.microsoft.com\/\" target=\"_blank\" rel=\"noopener\">https:\/\/designer.microsoft.com\/<\/a><\/li>\n<li>Entre com sua conta da Microsoft.<\/li>\n<li>Procure por \u201cCriador de imagens\u201d.<\/li>\n<li>Digite um prompt ou pergunta na caixa de texto.<\/li>\n<li>Clique no bot\u00e3o \u201cGerar\u201d.<\/li>\n<li>O designer ir\u00e1 gerar uma imagem com base no seu prompt.<\/li>\n<\/ol>\n<p>Voc\u00ea pode ent\u00e3o salvar a imagem e us\u00e1-la em seus recursos.<\/p>\n<h2>\n\t\tOutros aplicativos de IA\n\t<\/h2>\n\t<p>Mais adiante no Manual, discutiremos o V\u00eddeo, a M\u00fasica e a Anima\u00e7\u00e3o da IA e como acess\u00e1-los.<\/p>\n<p>Voc\u00ea tamb\u00e9m pode clicar <a href=\"https:\/\/gcf.community\/pt\/events\/max7-ai-academy\/tools\/\">aqui<\/a> para uma lista crescente de ferramentas de IA e como encontr\u00e1-las. Voc\u00ea tamb\u00e9m pode adicionar suas sugest\u00f5es l\u00e1.<\/p>\n\t<a href=\"https:\/\/gcf.community\/pt\/events\/max7-ai-academy\/ai-manual\/ai-and-ministry-leaders\/\" target=\"_self\" role=\"button\" aria-label=\"ANTERIOR\" rel=\"noopener\">\n\t\t\t\t\t\tANTERIOR\n\t\t\t\t\t<\/a>\n\t<a href=\"https:\/\/gcf.community\/pt\/events\/max7-ai-academy\/ai-manual\/types-of-prompts\/\" target=\"_self\" role=\"button\" aria-label=\"PR\u00d3XIMO\" rel=\"noopener\">\n\t\t\t\t\t\tPR\u00d3XIMO\n\t\t\t<\/a>","protected":false},"excerpt":{"rendered":"<p>Academia de IA Max7 Datas\/Hor\u00e1rios Informa\u00e7\u00f5es Atualiza\u00e7\u00f5es Perguntas Frequentes Gloss\u00e1rio de IA Ferramentas Manual de IA Introdu\u00e7\u00e3o O que \u00e9 IA? IA e L\u00edderes Ministeriais Obtendo Aplicativos de IA Configura\u00e7\u00e3o Tipos de Prompts V\u00eddeos Academia de IA no Max7 Obtendo Aplicativos de IA Configura\u00e7\u00e3o Introdu\u00e7\u00e3o Gostar\u00edamos de ajudar voc\u00ea a aprender a usar a IA. Muitos dos aplicativos\u2026 <a title=\"Como configurar aplicativos de IA\" class=\"read-more\" href=\"https:\/\/gcf.community\/pt\/events\/max7-ai-academy\/ai-manual\/getting-ai-apps-set-up\/\" aria-label=\"Leia mais sobre Como configurar aplicativos de IA\">Ler mais<\/a><\/p>","protected":false},"author":1,"featured_media":0,"parent":2632,"menu_order":0,"comment_status":"closed","ping_status":"closed","template":"","meta":{"_acf_changed":false,"_seopress_robots_primary_cat":"","_seopress_titles_title":"","_seopress_titles_desc":"","_seopress_robots_index":"","footnotes":"","_links_to":"","_links_to_target":""},"categories":[],"class_list":["post-2840","page","type-page","status-publish"],"acf":[],"_links":{"self":[{"href":"https:\/\/gcf.community\/pt\/wp-json\/wp\/v2\/pages\/2840","targetHints":{"allow":["GET"]}}],"collection":[{"href":"https:\/\/gcf.community\/pt\/wp-json\/wp\/v2\/pages"}],"about":[{"href":"https:\/\/gcf.community\/pt\/wp-json\/wp\/v2\/types\/page"}],"author":[{"embeddable":true,"href":"https:\/\/gcf.community\/pt\/wp-json\/wp\/v2\/users\/1"}],"replies":[{"embeddable":true,"href":"https:\/\/gcf.community\/pt\/wp-json\/wp\/v2\/comments?post=2840"}],"version-history":[{"count":6,"href":"https:\/\/gcf.community\/pt\/wp-json\/wp\/v2\/pages\/2840\/revisions"}],"predecessor-version":[{"id":2927,"href":"https:\/\/gcf.community\/pt\/wp-json\/wp\/v2\/pages\/2840\/revisions\/2927"}],"up":[{"embeddable":true,"href":"https:\/\/gcf.community\/pt\/wp-json\/wp\/v2\/pages\/2632"}],"wp:attachment":[{"href":"https:\/\/gcf.community\/pt\/wp-json\/wp\/v2\/media?parent=2840"}],"wp:term":[{"taxonomy":"category","embeddable":true,"href":"https:\/\/gcf.community\/pt\/wp-json\/wp\/v2\/categories?post=2840"}],"curies":[{"name":"wp","href":"https:\/\/api.w.org\/{rel}","templated":true}]}}