{"id":2836,"date":"2024-10-21T14:13:23","date_gmt":"2024-10-21T13:13:23","guid":{"rendered":"https:\/\/gcf.community\/?page_id=2836"},"modified":"2024-10-21T21:37:48","modified_gmt":"2024-10-21T20:37:48","slug":"ai-and-ministry-leaders","status":"publish","type":"page","link":"https:\/\/gcf.community\/pt\/events\/max7-ai-academy\/ai-manual\/ai-and-ministry-leaders\/","title":{"rendered":"L\u00edderes de IA e Minist\u00e9rio"},"content":{"rendered":"<button tabindex=\"0\" aria-label=\"Menu\">\n\t\t\t\t\t\t\t<\/button>\n\t<nav aria-label=\"IA\" itemscope=\"itemscope\" itemtype=\"https:\/\/schema.org\/SiteNavigationElement\">\n\t\t<ul id=\"menu-ai\"><li id=\"menu-item-2607\"><a href=\"https:\/\/gcf.community\/pt\/events\/max7-ai-academy\/\">Academia Max7 AI<\/a><\/li><li id=\"menu-item-2604\"><a href=\"https:\/\/gcf.community\/pt\/events\/max7-ai-academy\/dates-times\/\">Datas \/ Hor\u00e1rios<\/a><\/li><li id=\"menu-item-2603\"><a href=\"https:\/\/gcf.community\/pt\/events\/max7-ai-academy\/info-updates\/\">Atualiza\u00e7\u00f5es de informa\u00e7\u00f5es<\/a><\/li><li id=\"menu-item-2606\"><a href=\"https:\/\/gcf.community\/pt\/events\/max7-ai-academy\/faqs\/\">Perguntas frequentes<\/a><\/li><li id=\"menu-item-2797\"><a href=\"https:\/\/gcf.community\/pt\/events\/max7-ai-academy\/ai-glossary\/\">Gloss\u00e1rio de IA<\/a><\/li><li id=\"menu-item-2798\"><a href=\"https:\/\/gcf.community\/pt\/events\/max7-ai-academy\/tools\/\">Ferramentas<\/a><\/li><li id=\"menu-item-2796\"><a href=\"https:\/\/gcf.community\/pt\/events\/max7-ai-academy\/ai-manual\/\">Manual de IA<\/a><ul>\t<li id=\"menu-item-2866\"><a href=\"https:\/\/gcf.community\/pt\/events\/max7-ai-academy\/ai-manual\/introduction\/\">Introdu\u00e7\u00e3o<\/a><\/li>\t<li id=\"menu-item-2865\"><a href=\"https:\/\/gcf.community\/pt\/events\/max7-ai-academy\/ai-manual\/what-is-ai\/\">O que \u00e9 IA?<\/a><\/li>\t<li id=\"menu-item-2864\"><a href=\"https:\/\/gcf.community\/pt\/events\/max7-ai-academy\/ai-manual\/ai-and-ministry-leaders\/\" aria-current=\"page\">L\u00edderes de IA e Minist\u00e9rio<\/a><\/li>\t<li id=\"menu-item-2863\"><a href=\"https:\/\/gcf.community\/pt\/events\/max7-ai-academy\/ai-manual\/getting-ai-apps-set-up\/\">Como configurar aplicativos de IA<\/a><\/li><\/ul><\/li><li id=\"menu-item-2795\"><a href=\"https:\/\/gcf.community\/pt\/events\/max7-ai-academy\/videos\/\">V\u00eddeos<\/a><\/li><li id=\"menu-item-2825\"><a href=\"https:\/\/www.max7.org\/en\/resource\/aiacademy\">Academia de IA no Max7<\/a><\/li><\/ul>\n\t\t\t<\/nav>\n<h1>\n\t\tL\u00edderes de IA e Minist\u00e9rio\n\t<\/h1>\n<h2>\n\t\tPor que eu usaria IA no minist\u00e9rio b\u00edblico?\n\t<\/h2>\n\t<p>Voc\u00ea pode ter vindo a esta AI Academy para descobrir por que e como a IA \u00e9 \u00fatil em um ambiente ministerial. Muitas ferramentas de IA s\u00e3o novas e at\u00e9 mesmo as pessoas que as constroem ainda n\u00e3o descobriram tudo o que elas podem fazer! H\u00e1 muito medo em torno da IA tomando empregos, da IA destruindo a criatividade humana, da IA sendo usada para criar v\u00eddeos falsos e at\u00e9 mesmo da IA dominando o mundo.<\/p>\n<p>Portanto, perguntar qual o papel que ela desempenha em um minist\u00e9rio centrado em Jesus \u00e9 uma quest\u00e3o especialmente v\u00e1lida.<\/p>\n<p>Para l\u00edderes ministeriais, a IA apresenta novas maneiras de servir comunidades, espalhar o Evangelho e promover a obra de Deus. A IA pode auxiliar em tudo, desde a automatiza\u00e7\u00e3o de tarefas administrativas at\u00e9 a gera\u00e7\u00e3o de novas ideias para o minist\u00e9rio e o evangelismo, permitindo mais tempo para o discipulado e a conex\u00e3o pessoal.<\/p>\n<p>No entanto, como qualquer ferramenta, ela deve ser abordada com discernimento e sabedoria. H\u00e1 muita coisa que a IA pode fazer para ajudar, mas a IA \u00e9 uma serva, n\u00e3o a mestra. Abordamos algumas dessas quest\u00f5es em um cap\u00edtulo posterior deste manual.<\/p>\n<h3>Algumas coisas nunca mudam<\/h3>\n<p>Podemos considerar o que \u00e9 minist\u00e9rio e o que acreditamos ser os fundamentos imut\u00e1veis de nossas vidas de servi\u00e7o e f\u00e9. Isto \u00e9 o que acreditamos:<\/p>\n<ul>\n<li>A Palavra de Deus nunca muda. \u201cA tua palavra, Senhor, \u00e9 eterna; est\u00e1 firmada nos c\u00e9us.\u201d Salmo 119:89 (NVI)<\/li>\n<li>A Boa Nova (o evangelho) de Jesus nunca muda. \u201cJesus Cristo \u00e9 o mesmo ontem, hoje e para sempre.\u201d Hebreus 13:8 (NVI)<\/li>\n<li>O mandamento e a comiss\u00e3o de Jesus \u00e9 Amar a Deus, Amar aos Outros e Fazer Disc\u00edpulos, cada um dos quais diz respeito a pessoas e relacionamentos.<\/li>\n<li>Jesus viveu, morreu e ressuscitou pelas pessoas.<\/li>\n<\/ul>\n<p>Poder\u00edamos acrescentar mais, mas este \u00e9 um come\u00e7o \u00fatil.<\/p>\n<p>Ent\u00e3o, qual o papel da IA em nosso minist\u00e9rio? \u2026 em obedecer ao Maior Mandamento e nos capacitar a participar plenamente da Grande Comiss\u00e3o?<\/p>\n<h3>O que a hist\u00f3ria pode nos ensinar?<\/h3>\n<p>Ao longo da hist\u00f3ria, a tecnologia e a inova\u00e7\u00e3o desempenharam pap\u00e9is significativos no plano de salva\u00e7\u00e3o de Deus.<\/p>\n\t\t\t\t<img loading=\"lazy\" decoding=\"async\" src=\"https:\/\/gcf.community\/wp-content\/uploads\/2024\/10\/ai-blue.png\" alt=\"ai blue\" itemprop=\"image\" height=\"87\" width=\"81\" title=\"ai azul\" onerror=\"this.style.display='none'\"  \/>\n\t<p><strong>Ideia r\u00e1pida<\/strong>: Pergunte ao ChatGPT: Voc\u00ea pode listar as principais inven\u00e7\u00f5es ou inova\u00e7\u00f5es da \u00e9poca de Jesus at\u00e9 hoje que fizeram uma diferen\u00e7a significativa na miss\u00e3o positiva da igreja?<\/p>\n\t<p>Voc\u00ea pode descobrir que a miss\u00e3o de Jesus se beneficiou de:<\/p>\n<ul>\n<li><strong>O C\u00f3dice<\/strong> \u2013 A ado\u00e7\u00e3o de uma nova inova\u00e7\u00e3o romana de c\u00f3dices (ou codex \u2013 pergaminhos que eram encadernados como livros) para espalhar as Escrituras no s\u00e9culo I e II.<\/li>\n<li><strong>Papel<\/strong> \u2013 uma inven\u00e7\u00e3o chinesa trazida para a Europa no s\u00e9culo XII e usada para difundir a literatura crist\u00e3.<\/li>\n<li><strong>A imprensa<\/strong> \u2013 A inven\u00e7\u00e3o da imprensa por Johannes Gutenberg em 1440 revolucionou a capacidade da Igreja de difundir a B\u00edblia e a literatura crist\u00e3. A produ\u00e7\u00e3o em massa de B\u00edblias (notadamente a B\u00edblia de Gutenberg) possibilitou o amplo acesso \u00e0s Escrituras, impulsionando a Reforma e a educa\u00e7\u00e3o generalizada.<\/li>\n<\/ul>\n<p>Ao longo da hist\u00f3ria, cada nova inova\u00e7\u00e3o tecnol\u00f3gica (por exemplo, transporte mais r\u00e1pido, jornal, telefone, avi\u00f5es, r\u00e1dio, filme, TV, computadores, Internet e celulares) foi usada pelos seguidores de Jesus para realizar seu trabalho de servi\u00e7o. Cada tecnologia pode servir ao bem maior e, infelizmente, pode ser usada para promover o mal.<\/p>\n<p>A IA \u00e9 outra tecnologia nesta extensa linha que pode auxiliar em tarefas ministeriais. Ela n\u00e3o elimina a necessidade dos humanos de fazer o que somente os humanos podem fazer. Ela pode ajudar a acelerar e simplificar certas tarefas, deixando mais tempo para relacionamentos e minist\u00e9rio. Mas, como voc\u00ea descobrir\u00e1 nesta AI Academy, h\u00e1 tantas coisas que a IA pode fazer que podem ser \u00fateis para voc\u00ea.<\/p>\n<h2>\n\t\tO que a IA pode fazer para me ajudar no minist\u00e9rio?\n\t<\/h2>\n\t<p>Para l\u00edderes ministeriais, a B\u00edblia \u00e9 a ferramenta mais importante que temos e a \u00daNICA ferramenta necess\u00e1ria para alcan\u00e7ar os prop\u00f3sitos de Deus. No entanto, a IA \u00e9 como mais um membro da equipe que possui algumas habilidades que podem ser \u00fateis. Imagine se voc\u00ea tivesse um membro da equipe que pudesse ajud\u00e1-lo:<\/p>\n<div id=\"footable_parent_2893\"\n         class=\"footable_parent ninja_table_wrapper loading_ninja_table wp_table_data_press_parent semantic_ui\">\n                <table data-ninja_table_instance=\"ninja_table_instance_0\" data-footable_id=\"2893\" data-filter-delay=\"1000\" aria-label=\"Manual AIA T5\"            id=\"footable_2893\"\n           data-unique_identifier=\"ninja_table_unique_id_3504799884_2893\"\n           class=\"foo-table ninja_footable foo_table_2893 ninja_table_unique_id_3504799884_2893 ui table  nt_type_legacy_table selectable striped vertical_centered  footable-paging-right ninjatable_hide_header_row ninja_table_search_disabled ninja_table_pro\">\n                <colgroup>\n                            <col class=\"ninja_column_0\">\n                            <col class=\"ninja_column_1\">\n                    <\/colgroup>\n        <thead>\n<tr class=\"footable-header\">\n                                        <th scope=\"col\"  class=\"ninja_column_0 ninja_clmn_nm_1\">1<\/th><th scope=\"col\"  class=\"ninja_column_1 ninja_clmn_nm_2\">2<\/th><\/tr>\n<\/thead>\n<tbody>\n\n        <tr data-row_id=\"62\" class=\"ninja_table_row_0 nt_row_id_62\">\n            <td>Fa\u00e7a um brainstorming de ideias para suas palestras<\/td><td>Explique quais s\u00e3o as palavras gregas originais em uma passagem da B\u00edblia e o que elas significam<\/td>        <\/tr>\n            <tr data-row_id=\"63\" class=\"ninja_table_row_1 nt_row_id_63\">\n            <td>Design de imagens e obras de arte<\/td><td>Traduzir texto ou v\u00eddeo<\/td>        <\/tr>\n            <tr data-row_id=\"64\" class=\"ninja_table_row_2 nt_row_id_64\">\n            <td>Ler documentos longos e fornecer um resumo simples<\/td><td>Elabore um programa de acampamento para 3, 5 ou 10 dias (quantos voc\u00ea precisar)<\/td>        <\/tr>\n            <tr data-row_id=\"65\" class=\"ninja_table_row_3 nt_row_id_65\">\n            <td>Registre as reuni\u00f5es e digite o resumo<\/td><td>Ajudar voc\u00ea a planejar a comunica\u00e7\u00e3o com os pais<\/td>        <\/tr>\n            <tr data-row_id=\"66\" class=\"ninja_table_row_4 nt_row_id_66\">\n            <td>Crie uma m\u00fasica com letras que voc\u00ea escreveu com base na sua palestra<\/td><td>Leia um documento legal e explique-o em linguagem simples<\/td>        <\/tr>\n            <tr data-row_id=\"67\" class=\"ninja_table_row_5 nt_row_id_67\">\n            <td>Pegue sua escrita e revise-a, simplifique-a, edite e finalize sua escrita<\/td><td>Explique um conceito complexo ou um t\u00f3pico que voc\u00ea n\u00e3o tem certeza de como comunicar em palavras que uma crian\u00e7a de 8 anos entender\u00e1<\/td>        <\/tr>\n            <tr data-row_id=\"68\" class=\"ninja_table_row_6 nt_row_id_68\">\n            <td>Ajudar voc\u00ea a pensar em perguntas baseadas em seu serm\u00e3o\/palestra b\u00edblica.<\/td><td>Explique quais s\u00e3o as palavras gregas originais em uma passagem da B\u00edblia e o que elas significam<\/td>        <\/tr>\n    <\/tbody><!--ninja_tobody_rendering_done-->\n    <\/table>\n    \n    \n    \n<\/div>\n\n<p>Este \u00e9 s\u00f3 o come\u00e7o! Todos n\u00f3s precisamos de membros da equipe que possam nos ajudar a fazer nosso trabalho. A IA pode ser uma b\u00ean\u00e7\u00e3o em \u00e1reas onde voc\u00ea n\u00e3o tem habilidades, tempo ou ideias.<\/p>\n<h2>\n\t\tEstudo de caso \u2013 Imagens de IA em uma aldeia tribal\n\t<\/h2>\n\t<p>O FlashLab Mundial de 2023. Durante uma de nossas chamadas pelo Zoom, um participante pediu ajuda para criar arte. Eles estavam implementando uma miss\u00e3o para crian\u00e7as e precisavam de obras de arte. O problema era que o artista contratado n\u00e3o conseguia mais fazer o trabalho. Eles n\u00e3o tinham mais ningu\u00e9m para ajud\u00e1-los, e o tempo estava se esgotando!<\/p>\n<p>Usando software livre (cria\u00e7\u00e3o de imagem BING), flashcards importantes para contar hist\u00f3rias puderam ser completados. Essa foi a maneira mais pr\u00e1tica de contar hist\u00f3rias nessa cultura. Nossos alunos do FlashLab puderam ter o que precisavam urgentemente para completar seu curr\u00edculo para compartilhar no treinamento de l\u00edderes.<\/p>\n<p>Al\u00e9m de serem pontuais, essas imagens foram importantes porque:<\/p>\n<ul>\n<li>Pareciam as crian\u00e7as daquelas aldeias<\/li>\n<li>N\u00e3o foram utilizadas fotografias de crian\u00e7as vulner\u00e1veis<\/li>\n<li>Eles elevaram as crian\u00e7as e refletiram uma imagem positiva delas para eles.<\/li>\n<li>O minist\u00e9rio conseguiu obter essas imagens sem nenhum custo.<\/li>\n<\/ul>\n\t\t\t\t<img loading=\"lazy\" decoding=\"async\" src=\"https:\/\/gcf.community\/wp-content\/uploads\/2024\/10\/1.jpg\" alt=\"1\" itemprop=\"image\" height=\"435\" width=\"435\" title=\"1\" onerror=\"this.style.display='none'\"  \/>\n\t\t\t\t<img loading=\"lazy\" decoding=\"async\" src=\"https:\/\/gcf.community\/wp-content\/uploads\/2024\/10\/2.jpg\" alt=\"2\" itemprop=\"image\" height=\"435\" width=\"435\" title=\"2\" onerror=\"this.style.display='none'\"  \/>\n\t\t\t\t<img loading=\"lazy\" decoding=\"async\" src=\"https:\/\/gcf.community\/wp-content\/uploads\/2024\/10\/3.jpg\" alt=\"3\" itemprop=\"image\" height=\"435\" width=\"435\" title=\"3\" onerror=\"this.style.display='none'\"  \/>\n\t\t\t\t<img loading=\"lazy\" decoding=\"async\" src=\"https:\/\/gcf.community\/wp-content\/uploads\/2024\/10\/4.jpg\" alt=\"4\" itemprop=\"image\" height=\"435\" width=\"435\" title=\"4\" onerror=\"this.style.display='none'\"  \/>\n\t<a href=\"https:\/\/gcf.community\/pt\/events\/max7-ai-academy\/ai-manual\/what-is-ai\/\" target=\"_self\" role=\"button\" aria-label=\"ANTERIOR\" rel=\"noopener\">\n\t\t\t\t\t\tANTERIOR\n\t\t\t\t\t<\/a>\n\t<a href=\"https:\/\/gcf.community\/pt\/events\/max7-ai-academy\/ai-manual\/getting-ai-apps-set-up\/\" target=\"_self\" role=\"button\" aria-label=\"PR\u00d3XIMO\" rel=\"noopener\">\n\t\t\t\t\t\tPR\u00d3XIMO\n\t\t\t<\/a>","protected":false},"excerpt":{"rendered":"<p>Academia de IA Max7 Datas\/Hor\u00e1rios Informa\u00e7\u00f5es Atualiza\u00e7\u00f5es Perguntas Frequentes Gloss\u00e1rio de IA Ferramentas Manual de IA Introdu\u00e7\u00e3o O que \u00e9 IA? IA e L\u00edderes Ministeriais Obtendo Aplicativos de IA Configurar V\u00eddeos Academia de IA no Max7 IA e L\u00edderes Ministeriais Por que eu usaria IA no minist\u00e9rio b\u00edblico? Voc\u00ea pode ter vindo a esta Academia de IA para descobrir por que... <a title=\"L\u00edderes de IA e Minist\u00e9rio\" class=\"read-more\" href=\"https:\/\/gcf.community\/pt\/events\/max7-ai-academy\/ai-manual\/ai-and-ministry-leaders\/\" aria-label=\"Leia mais sobre IA e l\u00edderes de minist\u00e9rio\">Ler mais<\/a><\/p>","protected":false},"author":1,"featured_media":0,"parent":2632,"menu_order":0,"comment_status":"closed","ping_status":"closed","template":"","meta":{"_acf_changed":false,"_seopress_robots_primary_cat":"","_seopress_titles_title":"","_seopress_titles_desc":"","_seopress_robots_index":"","footnotes":"","_links_to":"","_links_to_target":""},"categories":[],"class_list":["post-2836","page","type-page","status-publish"],"acf":[],"_links":{"self":[{"href":"https:\/\/gcf.community\/pt\/wp-json\/wp\/v2\/pages\/2836","targetHints":{"allow":["GET"]}}],"collection":[{"href":"https:\/\/gcf.community\/pt\/wp-json\/wp\/v2\/pages"}],"about":[{"href":"https:\/\/gcf.community\/pt\/wp-json\/wp\/v2\/types\/page"}],"author":[{"embeddable":true,"href":"https:\/\/gcf.community\/pt\/wp-json\/wp\/v2\/users\/1"}],"replies":[{"embeddable":true,"href":"https:\/\/gcf.community\/pt\/wp-json\/wp\/v2\/comments?post=2836"}],"version-history":[{"count":5,"href":"https:\/\/gcf.community\/pt\/wp-json\/wp\/v2\/pages\/2836\/revisions"}],"predecessor-version":[{"id":2905,"href":"https:\/\/gcf.community\/pt\/wp-json\/wp\/v2\/pages\/2836\/revisions\/2905"}],"up":[{"embeddable":true,"href":"https:\/\/gcf.community\/pt\/wp-json\/wp\/v2\/pages\/2632"}],"wp:attachment":[{"href":"https:\/\/gcf.community\/pt\/wp-json\/wp\/v2\/media?parent=2836"}],"wp:term":[{"taxonomy":"category","embeddable":true,"href":"https:\/\/gcf.community\/pt\/wp-json\/wp\/v2\/categories?post=2836"}],"curies":[{"name":"wp","href":"https:\/\/api.w.org\/{rel}","templated":true}]}}