{"id":2828,"date":"2024-10-21T13:52:37","date_gmt":"2024-10-21T12:52:37","guid":{"rendered":"https:\/\/gcf.community\/?page_id=2828"},"modified":"2024-10-21T21:35:08","modified_gmt":"2024-10-21T20:35:08","slug":"introduction","status":"publish","type":"page","link":"https:\/\/gcf.community\/pt\/events\/max7-ai-academy\/ai-manual\/introduction\/","title":{"rendered":"Introdu\u00e7\u00e3o"},"content":{"rendered":"<button tabindex=\"0\" aria-label=\"Menu\">\n\t\t\t\t\t\t\t<\/button>\n\t<nav aria-label=\"IA\" itemscope=\"itemscope\" itemtype=\"https:\/\/schema.org\/SiteNavigationElement\">\n\t\t<ul id=\"menu-ai\"><li id=\"menu-item-2607\"><a href=\"https:\/\/gcf.community\/pt\/events\/max7-ai-academy\/\">Academia Max7 AI<\/a><\/li><li id=\"menu-item-2604\"><a href=\"https:\/\/gcf.community\/pt\/events\/max7-ai-academy\/dates-times\/\">Datas \/ Hor\u00e1rios<\/a><\/li><li id=\"menu-item-2603\"><a href=\"https:\/\/gcf.community\/pt\/events\/max7-ai-academy\/info-updates\/\">Atualiza\u00e7\u00f5es de informa\u00e7\u00f5es<\/a><\/li><li id=\"menu-item-2606\"><a href=\"https:\/\/gcf.community\/pt\/events\/max7-ai-academy\/faqs\/\">Perguntas frequentes<\/a><\/li><li id=\"menu-item-2797\"><a href=\"https:\/\/gcf.community\/pt\/events\/max7-ai-academy\/ai-glossary\/\">Gloss\u00e1rio de IA<\/a><\/li><li id=\"menu-item-2798\"><a href=\"https:\/\/gcf.community\/pt\/events\/max7-ai-academy\/tools\/\">Ferramentas<\/a><\/li><li id=\"menu-item-2796\"><a href=\"https:\/\/gcf.community\/pt\/events\/max7-ai-academy\/ai-manual\/\">Manual de IA<\/a><ul>\t<li id=\"menu-item-2866\"><a href=\"https:\/\/gcf.community\/pt\/events\/max7-ai-academy\/ai-manual\/introduction\/\" aria-current=\"page\">Introdu\u00e7\u00e3o<\/a><\/li>\t<li id=\"menu-item-2865\"><a href=\"https:\/\/gcf.community\/pt\/events\/max7-ai-academy\/ai-manual\/what-is-ai\/\">O que \u00e9 IA?<\/a><\/li>\t<li id=\"menu-item-2864\"><a href=\"https:\/\/gcf.community\/pt\/events\/max7-ai-academy\/ai-manual\/ai-and-ministry-leaders\/\">L\u00edderes de IA e Minist\u00e9rio<\/a><\/li>\t<li id=\"menu-item-2863\"><a href=\"https:\/\/gcf.community\/pt\/events\/max7-ai-academy\/ai-manual\/getting-ai-apps-set-up\/\">Como configurar aplicativos de IA<\/a><\/li><\/ul><\/li><li id=\"menu-item-2795\"><a href=\"https:\/\/gcf.community\/pt\/events\/max7-ai-academy\/videos\/\">V\u00eddeos<\/a><\/li><li id=\"menu-item-2825\"><a href=\"https:\/\/www.max7.org\/en\/resource\/aiacademy\">Academia de IA no Max7<\/a><\/li><\/ul>\n\t\t\t<\/nav>\n<h1>\n\t\tIntrodu\u00e7\u00e3o \u00e0 Academia de IA\n\t<\/h1>\n<h2>\n\t\tSobre a AI Academy\n\t<\/h2>\n\t<p>Bem-vindo \u00e0 Max7 AI Academy 2024. Estamos muito felizes que voc\u00ea esteja aqui! Voc\u00ea se juntou a uma comunidade de aprendizagem global \u00fanica e experimental, com foco em como aproveitar nossa criatividade dada por Deus de novas maneiras.<\/p>\n<p>A AI Academy foi projetada para empregar a criatividade humana no processo de explora\u00e7\u00e3o da IA. Acreditamos, e continuamos descobrindo, que voc\u00ea precisa de MAIS criatividade para usar a IA de forma eficaz, n\u00e3o menos. A IA pode executar certas tarefas com mais rapidez e precis\u00e3o do que os humanos. No entanto, em muitas tarefas de IA, o envolvimento humano \u00e9 essencial para definir o escopo da tarefa, verificar os fatos, moldar comandos e garantir que os resultados sejam apropriados para o p\u00fablico-alvo. Em muitos aspectos, o c\u00e9rebro humano e a criatividade humana permanecem muito superiores \u00e0 IA. A IA nos ajuda a descobrir, memorizar e usar dados\/informa\u00e7\u00f5es da maneira que pedimos.<\/p>\n<p>A combina\u00e7\u00e3o da criatividade humana e da IA, quando usada com discernimento, abre uma infinidade de novas aplica\u00e7\u00f5es e possibilidades ministeriais!<\/p>\n        <p>Muitas surpresas aguardam voc\u00ea... a primeira \u00e9 que o MANUAL DA ACADEMIA DE IA ainda n\u00e3o est\u00e1 pronto! N\u00e3o porque sejamos pregui\u00e7osos, mas porque queremos que VOC\u00ca nos ajude a termin\u00e1-lo. Continue lendo para saber mais.<\/p>    \n<h2>\n\t\tCelebra\u00e7\u00e3o e Adora\u00e7\u00e3o\n\t<\/h2>\n\t<p>Queremos que esta seja uma celebra\u00e7\u00e3o da abundante criatividade dos seguidores de Jesus em todo o mundo. Damos as boas-vindas a todos que ainda n\u00e3o conhecem Jesus e querem aprender tamb\u00e9m!<\/p>\n<p>O jubiloso Salmo 98 de Davi captura um pouco da ess\u00eancia desta Academia, come\u00e7ando com:<\/p>\n\t\t\t\t<p>Cantem ao Senhor um c\u00e2ntico novo, porque ele fez maravilhas\u2026<\/p>\n\t\t\t\t<h4>Salmo 98:1a (NVI)<\/h4>\n\t<p>Estaremos cantando novas m\u00fasicas, escrevendo novas ideias, criando novas imagens e aprendendo a fazer novas anima\u00e7\u00f5es, tudo para glorificar nosso Deus que nunca muda. Com essas novas habilidades, esperamos que muito mais pessoas descubram esse Deus incr\u00edvel que nos ama e a quem servimos.<\/p>\n<h2>\n\t\tIA \u00e9 uma ferramenta\n\t<\/h2>\n        <p>Nesta Academia, temos a vis\u00e3o de que a Intelig\u00eancia Artificial (IA) \u00e9 simplesmente uma ferramenta. Assim como as inven\u00e7\u00f5es que vieram antes dela, incluindo a imprensa, o computador, a internet e o telefone celular, cada uma pode ser aproveitada para bons prop\u00f3sitos (e para o mal).<\/p>    \n\t<p>Nossa esperan\u00e7a \u00e9 que voc\u00ea aprenda novas habilidades, entenda melhor a IA e se esforce para experimentar coisas que nunca tentou antes. Acima de tudo, buscamos encorajar uns aos outros a continuar perseverando na tarefa de servir a Jesus em nossas fam\u00edlias, igrejas, comunidades, escolas e locais de trabalho.<\/p>\n<p>Estamos ansiosos para compartilhar juntos esta experi\u00eancia de aprendizado pr\u00e1tico.<\/p>\n<h2>\n\t\tO que vamos aprender?\n\t<\/h2>\n\t<p>A AI Academy estar\u00e1 em andamento por cinco semanas, embora o material compartilhado permane\u00e7a ativo e online. Portanto, n\u00e3o importa se voc\u00ea estiver lendo este Manual durante a AI Academy ou depois, aprenderemos de v\u00e1rias maneiras:<\/p>\n        <ol><li>Aprenderemos sobre diferentes ferramentas de IA e como podemos aproveit\u00e1-las ao m\u00e1ximo.<\/li><li>Mostraremos como configurar diferentes ferramentas de IA.<\/li><li>Receberemos guias e tarefas para iniciantes para nos mostrar como usar essas ferramentas.<\/li><li>Receberemos tarefas mais avan\u00e7adas e desafiadoras para ampliar nosso pensamento e nos ajudar a descobrir mais que podemos fazer com a IA.<\/li><li>Seremos guiados com uma abordagem do Reino; como usar essas ferramentas de maneiras que sirvam \u00e0 miss\u00e3o de Jesus no mundo.<\/li><li>Receberemos tutoriais semanais do Zoom, guias de instru\u00e7\u00f5es, exemplos e um manual de suporte para que possamos fazer um aprendizado mais autodirigido nas \u00e1reas que mais nos interessam.<\/li><li>Teremos uma comunidade de discuss\u00e3o moderada no WhatsApp, onde poderemos compartilhar perguntas, nossos resultados e inspirar uns aos outros com ideias.<\/li><li>Poderemos ensinar uns aos outros compartilhando o manual, em nosso f\u00f3rum de discuss\u00e3o do WhatsApp e por meio de sess\u00f5es de perguntas e respostas em nossas chamadas semanais do Zoom.<\/li><\/ol>    \n<h2>\n\t\tPr\u00e1tico e divertido\n\t<\/h2>\n\t<p>Esta AI Academy foi projetada para tentar coisas novas e se divertir aprendendo. Faremos isso por meio de:<\/p>\n<ol>\n<li>Dando a voc\u00ea novos v\u00eddeos para assistir e documentos para ler a cada dia da semana da Academia. Depende de voc\u00ea o quanto voc\u00ea quer assistir e quanto tempo voc\u00ea escolhe investir.<\/li>\n<li>Tudo permanecer\u00e1 on-line, para que voc\u00ea possa levar mais de cinco semanas para aprender e explorar.<\/li>\n<li>As chamadas do Zoom e o grupo do WhatsApp s\u00e3o projetados para serem interativos, permitindo que voc\u00ea fa\u00e7a perguntas e aprenda com outras pessoas.<\/li>\n<li>Cada documento que enviarmos ter\u00e1 Ideias R\u00e1pidas em uma caixa amarela, que voc\u00ea pode copiar e colar no seu aplicativo de IA para ver como funciona e aprender com os resultados.<\/li>\n<\/ol>\n\t\t\t\t<img loading=\"lazy\" decoding=\"async\" src=\"https:\/\/gcf.community\/wp-content\/uploads\/2024\/10\/ai-blue.png\" alt=\"ai blue\" itemprop=\"image\" height=\"87\" width=\"81\" title=\"ai azul\" onerror=\"this.style.display='none'\"  \/>\n\t<p>O \u00edcone azul ser\u00e1 um prompt para um chatbot.<\/p>\n\t\t\t\t<img loading=\"lazy\" decoding=\"async\" src=\"https:\/\/gcf.community\/wp-content\/uploads\/2024\/10\/ai-yellow.png\" alt=\"ai yellow\" itemprop=\"image\" height=\"92\" width=\"85\" title=\"ai amarelo\" onerror=\"this.style.display='none'\"  \/>\n\t<p>O \u00edcone amarelo ser\u00e1 um prompt para arte generativa, v\u00eddeo ou m\u00fasica.<\/p>\n\t<h3>Por exemplo<\/h3>\n<p>Tente copiar isso para o seu Chatbot (ChatGPT ou Google Gemini, por exemplo):<\/p>\n\t\t\t\t<img loading=\"lazy\" decoding=\"async\" src=\"https:\/\/gcf.community\/wp-content\/uploads\/2024\/10\/ai-blue.png\" alt=\"ai blue\" itemprop=\"image\" height=\"87\" width=\"81\" title=\"ai azul\" onerror=\"this.style.display='none'\"  \/>\n\t<p><strong>Ideia r\u00e1pida<\/strong>: Voc\u00ea pode me dar uma lista de cinco maneiras surpreendentes de aprender algo novo hoje? N\u00e3o quero gastar dinheiro e n\u00e3o quero usar nenhuma tecnologia.<\/p>\n\t<p>Se voc\u00ea nunca usou nenhum chatbot de IA, explicaremos como fazer isso.<\/p>\n<h2>\n\t\tVis\u00e3o geral da academia\n\t<\/h2>\n\t<h3>Documentos do Manual de IA<\/h3>\n<p>Este manual est\u00e1 em andamento e ser\u00e1 compartilhado em segmentos ao longo de nossas cinco semanas juntos. Compartilharemos PDFs no canal WhatsApp AI Academy NEWS e INFO. Tamb\u00e9m compartilharemos um link de download para que voc\u00ea possa baixar uma vers\u00e3o WORD, se preferir.<\/p>\n<ul>\n<li>Baixe o Manual e todos os arquivos da Academia no Canal da Academia AI no Max7.org.<\/li>\n<li>Leia o Manual on-line no site gcf.community.<\/li>\n<\/ul>\n<h3>Canal do YouTube da AI Academy<\/h3>\n<p>O canal do YouTube da AI Academy crescer\u00e1 a cada dia! Avisaremos voc\u00eas conforme novos recursos forem carregados no grupo NEWS &amp; INFO do WhatsApp.<\/p>\n<p>Isto \u00e9 o que est\u00e1 planejado ao longo das cinco semanas em cada uma das playlists:<\/p>\n<div id=\"footable_parent_2873\"\n         class=\"footable_parent ninja_table_wrapper loading_ninja_table wp_table_data_press_parent semantic_ui\">\n                <table data-ninja_table_instance=\"ninja_table_instance_0\" data-footable_id=\"2873\" data-filter-delay=\"1000\" aria-label=\"Manual AIA T1\"            id=\"footable_2873\"\n           data-unique_identifier=\"ninja_table_unique_id_1260454353_2873\"\n           class=\"foo-table ninja_footable foo_table_2873 ninja_table_unique_id_1260454353_2873 ui table  nt_type_legacy_table selectable striped vertical_centered  footable-paging-right ninjatable_hide_header_row ninja_table_search_disabled ninja_table_pro\">\n                <colgroup>\n                            <col class=\"ninja_column_0\">\n                            <col class=\"ninja_column_1\">\n                    <\/colgroup>\n        <thead>\n<tr class=\"footable-header\">\n                                        <th scope=\"col\"  class=\"ninja_column_0 ninja_clmn_nm_week_subject\">Assunto da semana<\/th><th scope=\"col\"  class=\"ninja_column_1 ninja_clmn_nm_week_content\">Conte\u00fado da semana<\/th><\/tr>\n<\/thead>\n<tbody>\n\n        <tr data-row_id=\"32\" class=\"ninja_table_row_0 nt_row_id_32\">\n            <td>Como usar...<\/td><td>Chatbots, arte generativa, v\u00eddeo e anima\u00e7\u00e3o de IA, m\u00fasica de IA, v\u00e1rios outros aplicativos de IA<\/td>        <\/tr>\n            <tr data-row_id=\"33\" class=\"ninja_table_row_1 nt_row_id_33\">\n            <td>Aumente sua criatividade<\/td><td>V\u00eddeos que ajudam a desenvolver suas habilidades de pensamento criativo e aplic\u00e1-las \u00e0 IA.<\/td>        <\/tr>\n            <tr data-row_id=\"34\" class=\"ninja_table_row_2 nt_row_id_34\">\n            <td>A B\u00edblia e a IA<\/td><td>Criando Imagens B\u00edblicas, Exemplos de Hist\u00f3rias B\u00edblicas<\/td>        <\/tr>\n            <tr data-row_id=\"35\" class=\"ninja_table_row_3 nt_row_id_35\">\n            <td>Como eu fiz...<\/td><td>Uma s\u00e9rie de v\u00eddeos explicando como um recurso foi criado. Isso ajudar\u00e1 voc\u00ea a aprender com os outros e o que eles fizeram.<\/td>        <\/tr>\n            <tr data-row_id=\"36\" class=\"ninja_table_row_4 nt_row_id_36\">\n            <td>Minha hist\u00f3ria<\/td><td>\u00c9 aqui que queremos compartilhar hist\u00f3rias sobre o que voc\u00ea fez no minist\u00e9rio e como a IA ajudou ou atrapalhou.<\/td>        <\/tr>\n    <\/tbody><!--ninja_tobody_rendering_done-->\n    <\/table>\n    \n    \n    \n<\/div>\n\n<h3>Chamadas de Zoom da AI Academy<\/h3>\n<p>H\u00e1 duas chamadas de zoom por semana, \u00e0s quintas-feiras (ou sextas-feiras de manh\u00e3 em algumas partes do mundo, incluindo Austr\u00e1lia e Pac\u00edfico). A segunda chamada \u00e9 uma repeti\u00e7\u00e3o para que possamos cobrir todos os fusos hor\u00e1rios.<\/p>\n<p>Ir <a href=\"https:\/\/gcf.community\/pt\/events\/max7-ai-academy\/dates-times\/\">aqui<\/a> para se registrar e encontrar hor\u00e1rios de chamadas de zoom na sua parte do mundo.<\/p>\n<h2>\n\t\tTipos de IA que esta Academia abordar\u00e1\n\t<\/h2>\n\t<p>Existem muitos tipos de ferramentas de IA, e mais est\u00e3o sendo lan\u00e7adas ou atualizadas constantemente. A lista a seguir cont\u00e9m aquelas em que focaremos nesta AI Academy:<\/p>\n<div id=\"footable_parent_2874\"\n         class=\"footable_parent ninja_table_wrapper loading_ninja_table wp_table_data_press_parent semantic_ui\">\n                <table data-ninja_table_instance=\"ninja_table_instance_1\" data-footable_id=\"2874\" data-filter-delay=\"1000\" aria-label=\"Manual AIA T2\"            id=\"footable_2874\"\n           data-unique_identifier=\"ninja_table_unique_id_3201698145_2874\"\n           class=\"foo-table ninja_footable foo_table_2874 ninja_table_unique_id_3201698145_2874 ui table  nt_type_legacy_table selectable striped vertical_centered  footable-paging-right ninja_table_search_disabled ninja_table_pro\">\n                <colgroup>\n                            <col class=\"ninja_column_0\">\n                            <col class=\"ninja_column_1\">\n                    <\/colgroup>\n        <thead>\n<tr class=\"footable-header\">\n                                        <th scope=\"col\"  class=\"ninja_column_0 ninja_clmn_nm_type_of_ai\">Tipo de IA<\/th><th scope=\"col\"  class=\"ninja_column_1 ninja_clmn_nm_what_does_it_do\">O que ele faz?<\/th><\/tr>\n<\/thead>\n<tbody>\n\n        <tr data-row_id=\"37\" class=\"ninja_table_row_0 nt_row_id_37\">\n            <td>Chatbots (IA Conversacional)<\/td><td>IA que entende e responde \u00e0 linguagem humana de forma natural por meio de texto ou voz. Usado para atendimento ao cliente, responder perguntas ou assist\u00eancia pessoal.<\/td>        <\/tr>\n            <tr data-row_id=\"38\" class=\"ninja_table_row_1 nt_row_id_38\">\n            <td>Arte Generativa (Arte IA)<\/td><td>IA que cria obras de arte visuais originais com base em prompts ou entrada de usu\u00e1rios. Ela pode gerar pinturas, ilustra\u00e7\u00f5es e at\u00e9 modelos 3D.<\/td>        <\/tr>\n            <tr data-row_id=\"39\" class=\"ninja_table_row_2 nt_row_id_39\">\n            <td>Gera\u00e7\u00e3o de v\u00eddeo de IA<\/td><td>IA que ajuda na cria\u00e7\u00e3o e edi\u00e7\u00e3o de v\u00eddeos, \u00e0s vezes at\u00e9 gerando v\u00eddeos a partir de descri\u00e7\u00f5es de texto ou anima\u00e7\u00f5es.<\/td>        <\/tr>\n            <tr data-row_id=\"40\" class=\"ninja_table_row_3 nt_row_id_40\">\n            <td>Gera\u00e7\u00e3o de m\u00fasica de IA<\/td><td>IA que comp\u00f5e m\u00fasica ou auxilia na cria\u00e7\u00e3o musical gerando melodias, harmonias ou at\u00e9 mesmo faixas completas.<\/td>        <\/tr>\n            <tr data-row_id=\"41\" class=\"ninja_table_row_4 nt_row_id_41\">\n            <td>Assistentes de escrita de IA<\/td><td>IA que ajuda na escrita, oferecendo sugest\u00f5es, corrigindo gram\u00e1tica ou at\u00e9 mesmo gerando texto completo com base na entrada.<\/td>        <\/tr>\n            <tr data-row_id=\"42\" class=\"ninja_table_row_5 nt_row_id_42\">\n            <td>Ferramentas de tradu\u00e7\u00e3o de IA<\/td><td>IA que traduz texto ou fala de um idioma para outro, geralmente instantaneamente e com boa precis\u00e3o.<\/td>        <\/tr>\n            <tr data-row_id=\"43\" class=\"ninja_table_row_6 nt_row_id_43\">\n            <td>IA para tradu\u00e7\u00e3o de v\u00eddeos e \u00e1udio<\/td><td>IA que traduz a linguagem falada em v\u00eddeos ou arquivos de \u00e1udio e geralmente sincroniza o texto ou a voz traduzidos com os recursos visuais.<\/td>        <\/tr>\n            <tr data-row_id=\"44\" class=\"ninja_table_row_7 nt_row_id_44\">\n            <td>Gera\u00e7\u00e3o de voz de IA<\/td><td>IA que cria fala com som natural a partir de texto. Isso \u00e9 frequentemente usado para assistentes virtuais, audiolivros, podcasts e muito mais.<\/td>        <\/tr>\n            <tr data-row_id=\"45\" class=\"ninja_table_row_8 nt_row_id_45\">\n            <td>Melhoria de \u00e1udio de IA<\/td><td>IA que melhora a qualidade do som em grava\u00e7\u00f5es, removendo ru\u00eddos ou aumentando a clareza.<\/td>        <\/tr>\n    <\/tbody><!--ninja_tobody_rendering_done-->\n    <\/table>\n    \n    \n    \n<\/div>\n\n<p>E h\u00e1 muitos outros que provavelmente n\u00e3o conseguiremos cobrir.<\/p>\n<h2>\n\t\tContribuindo com seu aprendizado para todos\n\t<\/h2>\n\t<p>Esta ser\u00e1 uma experi\u00eancia de aprendizagem compartilhada!<\/p>\n<p>Dissemos anteriormente que este Manual n\u00e3o est\u00e1 conclu\u00eddo. Deixe-nos explicar\u2026<\/p>\n<p>Parte da singularidade desta AI Academy \u00e9 que esta \u00e9 uma comunidade de aprendizagem (onde aprendemos uns com os outros). No grupo, h\u00e1 pessoas com tantas experi\u00eancias, habilidades, aprendizados e exemplos diferentes de uso de IA:<\/p>\n<ul>\n<li>Sabemos que acampamentos digitais e de IA para crian\u00e7as est\u00e3o sendo realizados em zonas de guerra!<\/li>\n<li>Conhecemos recursos novos e fabulosos que foram feitos inteiramente com IA.<\/li>\n<\/ul>\n<p>Teremos cinco semanas nesta Academia e gostar\u00edamos de reunir suas hist\u00f3rias, suas ideias, o que voc\u00ea aprendeu usando-a em seu contexto local, quais habilidades voc\u00ea desenvolveu no uso de IA e muito mais.<\/p>\n<p>Ao longo das cinco semanas, coletaremos suas informa\u00e7\u00f5es, as usaremos para editar este manual e daremos a voc\u00ea uma vers\u00e3o revisada do manual at\u00e9 a conclus\u00e3o do nosso tempo juntos. No final, nosso aprendizado ser\u00e1 muito mais rico como resultado do aprendizado conjunto.<\/p>\n<h2>\n\t\tComo compartilhar suas ideias\n\t<\/h2>\n\t<p>Voc\u00ea pode compartilhar ideias de duas maneiras:<\/p>\n<ol>\n<li><strong>AI Academy DISCUSS\u00c3O WhatsApp<\/strong>: <a href=\"https:\/\/chat.whatsapp.com\/JCI5YZ0erTjEJgiLdgDnB4\" target=\"_blank\" rel=\"noopener\">https:\/\/chat.whatsapp.com\/JCI5YZ0erTjEJgiLdgDnB4<\/a><\/li>\n<li><strong>Este formul\u00e1rio do Google<\/strong> \u2013 onde voc\u00ea pode compartilhar respostas mais detalhadas que voc\u00ea acha que seriam boas para compartilhar com os participantes da AI Academy \u2013 <a href=\"https:\/\/forms.gle\/x6hWpMuTboixsVzJ6\" target=\"_blank\" rel=\"noopener\">https:\/\/forms.gle\/x6hWpMuTboixsVzJ6<\/a><\/li>\n<\/ol>\n<h2>\n\t\tQuem est\u00e1 administrando esta Academia de IA?\n\t<\/h2>\n\t<p>Esta Max7 AI Academy vem at\u00e9 voc\u00ea de um grupo de movimentos dedicados a compartilhar as boas novas de Jesus e fazer disc\u00edpulos para Ele. Isso inclui:<\/p>\n        <p>F\u00f3rum Global da Crian\u00e7a; GO Play e o movimento esportivo; Gera\u00e7\u00f5es Generosas; Movimento 4\/14; Associa\u00e7\u00e3o Evang\u00e9lica Mundial e muito mais. Voc\u00ea conhecer\u00e1 a equipe em nossas chamadas e v\u00eddeos do Zoom e aprender\u00e1 mais.<\/p>    \n\t<p><strong>Max7.org<\/strong> \u00e9 uma biblioteca compartilhada de recursos ministeriais gratuitos que atende a todos esses movimentos desde seu lan\u00e7amento em 2007. Visite <a href=\"https:\/\/www.max7.org\/\" target=\"_blank\" rel=\"noopener\">max7.org<\/a> para encontrar milhares de ferramentas e recursos maravilhosos que voc\u00ea pode usar ou adaptar sem nenhum custo.<\/p>\n\t<a href=\"https:\/\/gcf.community\/pt\/events\/max7-ai-academy\/ai-manual\/what-is-ai\/\" target=\"_self\" role=\"button\" aria-label=\"PR\u00d3XIMO\" rel=\"noopener\">\n\t\t\t\t\t\tPR\u00d3XIMO\n\t\t\t<\/a>","protected":false},"excerpt":{"rendered":"<p>Datas\/Hor\u00e1rios da Max7 AI Academy Informa\u00e7\u00f5es Atualiza\u00e7\u00f5es Perguntas Frequentes Gloss\u00e1rio de IA Ferramentas Manual de IA Introdu\u00e7\u00e3o O que \u00e9 IA? IA e L\u00edderes Ministeriais Preparando Aplicativos de IA Configurar V\u00eddeos AI Academy no Max7 Introdu\u00e7\u00e3o \u00e0 AI Academy Sobre a AI Academy Bem-vindo \u00e0 Max7 AI Academy 2024. Estamos muito felizes com sua presen\u00e7a! \u2026 <a title=\"Introdu\u00e7\u00e3o\" class=\"read-more\" href=\"https:\/\/gcf.community\/pt\/events\/max7-ai-academy\/ai-manual\/introduction\/\" aria-label=\"Leia mais sobre Introdu\u00e7\u00e3o\">Ler mais<\/a><\/p>","protected":false},"author":1,"featured_media":0,"parent":2632,"menu_order":0,"comment_status":"closed","ping_status":"closed","template":"","meta":{"_acf_changed":false,"_seopress_robots_primary_cat":"","_seopress_titles_title":"","_seopress_titles_desc":"","_seopress_robots_index":"","footnotes":"","_links_to":"","_links_to_target":""},"categories":[],"class_list":["post-2828","page","type-page","status-publish"],"acf":[],"_links":{"self":[{"href":"https:\/\/gcf.community\/pt\/wp-json\/wp\/v2\/pages\/2828","targetHints":{"allow":["GET"]}}],"collection":[{"href":"https:\/\/gcf.community\/pt\/wp-json\/wp\/v2\/pages"}],"about":[{"href":"https:\/\/gcf.community\/pt\/wp-json\/wp\/v2\/types\/page"}],"author":[{"embeddable":true,"href":"https:\/\/gcf.community\/pt\/wp-json\/wp\/v2\/users\/1"}],"replies":[{"embeddable":true,"href":"https:\/\/gcf.community\/pt\/wp-json\/wp\/v2\/comments?post=2828"}],"version-history":[{"count":6,"href":"https:\/\/gcf.community\/pt\/wp-json\/wp\/v2\/pages\/2828\/revisions"}],"predecessor-version":[{"id":2903,"href":"https:\/\/gcf.community\/pt\/wp-json\/wp\/v2\/pages\/2828\/revisions\/2903"}],"up":[{"embeddable":true,"href":"https:\/\/gcf.community\/pt\/wp-json\/wp\/v2\/pages\/2632"}],"wp:attachment":[{"href":"https:\/\/gcf.community\/pt\/wp-json\/wp\/v2\/media?parent=2828"}],"wp:term":[{"taxonomy":"category","embeddable":true,"href":"https:\/\/gcf.community\/pt\/wp-json\/wp\/v2\/categories?post=2828"}],"curies":[{"name":"wp","href":"https:\/\/api.w.org\/{rel}","templated":true}]}}