{"id":2632,"date":"2024-10-09T20:10:57","date_gmt":"2024-10-09T19:10:57","guid":{"rendered":"https:\/\/gcf.community\/?page_id=2632"},"modified":"2024-11-21T19:44:42","modified_gmt":"2024-11-21T19:44:42","slug":"ai-manual","status":"publish","type":"page","link":"https:\/\/gcf.community\/pt\/events\/max7-ai-academy\/ai-manual\/","title":{"rendered":"Manual de IA"},"content":{"rendered":"<button tabindex=\"0\" aria-label=\"Menu\">\n\t\t\t\t\t\t\t<\/button>\n\t<nav aria-label=\"IA\" itemscope=\"itemscope\" itemtype=\"https:\/\/schema.org\/SiteNavigationElement\">\n\t\t<ul id=\"menu-ai\"><li id=\"menu-item-2607\"><a href=\"https:\/\/gcf.community\/pt\/events\/max7-ai-academy\/\">Academia Max7 AI<\/a><\/li><li id=\"menu-item-2604\"><a href=\"https:\/\/gcf.community\/pt\/events\/max7-ai-academy\/dates-times\/\">Datas \/ Hor\u00e1rios<\/a><\/li><li id=\"menu-item-2606\"><a href=\"https:\/\/gcf.community\/pt\/events\/max7-ai-academy\/faqs\/\">Perguntas frequentes<\/a><\/li><li id=\"menu-item-2797\"><a href=\"https:\/\/gcf.community\/pt\/events\/max7-ai-academy\/ai-glossary\/\">Gloss\u00e1rio de IA<\/a><\/li><li id=\"menu-item-2798\"><a href=\"https:\/\/gcf.community\/pt\/events\/max7-ai-academy\/tools\/\">Ferramentas<\/a><\/li><li id=\"menu-item-2796\"><a href=\"https:\/\/gcf.community\/pt\/events\/max7-ai-academy\/ai-manual\/\" aria-current=\"page\">Manual de IA<\/a><ul>\t<li id=\"menu-item-2866\"><a href=\"https:\/\/gcf.community\/pt\/events\/max7-ai-academy\/ai-manual\/introduction\/\">Introdu\u00e7\u00e3o<\/a><\/li>\t<li id=\"menu-item-2865\"><a href=\"https:\/\/gcf.community\/pt\/events\/max7-ai-academy\/ai-manual\/what-is-ai\/\">O que \u00e9 IA?<\/a><\/li>\t<li id=\"menu-item-2864\"><a href=\"https:\/\/gcf.community\/pt\/events\/max7-ai-academy\/ai-manual\/ai-and-ministry-leaders\/\">L\u00edderes de IA e Minist\u00e9rio<\/a><\/li>\t<li id=\"menu-item-2863\"><a href=\"https:\/\/gcf.community\/pt\/events\/max7-ai-academy\/ai-manual\/getting-ai-apps-set-up\/\">Como configurar aplicativos de IA<\/a><\/li>\t<li id=\"menu-item-2924\"><a href=\"https:\/\/gcf.community\/pt\/events\/max7-ai-academy\/ai-manual\/types-of-prompts\/\">Tipos de Prompts<\/a><\/li>\t<li id=\"menu-item-2944\"><a href=\"https:\/\/gcf.community\/pt\/events\/max7-ai-academy\/ai-manual\/chatbot-ministry-examples-to-try\/\">Exemplos de minist\u00e9rio de chatbot para experimentar<\/a><\/li><\/ul><\/li><li id=\"menu-item-2795\"><a href=\"https:\/\/gcf.community\/pt\/events\/max7-ai-academy\/videos\/\">V\u00eddeos<\/a><\/li><li id=\"menu-item-2825\"><a href=\"https:\/\/ai-academy.max7.org\/\">Academia de IA no Max7<\/a><\/li><\/ul>\n\t\t\t<\/nav>\n<h1>\n\t\tManual de IA\n\t<\/h1>\n\t<p>Voc\u00ea pode acessar o Manual da AI Academy online navegando pelos cap\u00edtulos listados abaixo ou baixando as vers\u00f5es em PDF do Manual.<\/p>\n<h2>\n\t\tAcesso online\n\t<\/h2>\n\t\t\t<a href=\"https:\/\/gcf.community\/pt\/events\/max7-ai-academy\/ai-manual\/introduction\/\" target=\"_self\">\n\t\t<h4>Introdu\u00e7\u00e3o \u00e0 Academia de IA<\/h4>\n\t\t<\/a>\n\t\t\t<a href=\"https:\/\/gcf.community\/pt\/events\/max7-ai-academy\/ai-manual\/what-is-ai\/\" target=\"_self\">\n\t\t<h4>O que \u00e9 IA?<\/h4>\n\t\t<\/a>\n\t\t\t<a href=\"https:\/\/gcf.community\/pt\/events\/max7-ai-academy\/ai-manual\/ai-and-ministry-leaders\/\" target=\"_self\">\n\t\t<h4>L\u00edderes de IA e Minist\u00e9rio<\/h4>\n\t\t<\/a>\n\t\t\t<a href=\"https:\/\/gcf.community\/pt\/events\/max7-ai-academy\/ai-manual\/getting-ai-apps-set-up\/\" target=\"_self\">\n\t\t<h4>Configurando aplicativos de IA<\/h4>\n\t\t<\/a>\n\t\t\t<a href=\"https:\/\/gcf.community\/pt\/events\/max7-ai-academy\/ai-manual\/types-of-prompts\/\" target=\"_self\">\n\t\t<h4>Tipos de Prompts<\/h4>\n\t\t<\/a>\n\t\t\t<a href=\"https:\/\/gcf.community\/pt\/events\/max7-ai-academy\/ai-manual\/types-of-prompts\/\" target=\"_self\">\n\t\t<h4>Exemplos de Chatbot Ministry para experimentar<\/h4>\n\t\t<\/a>\n<h2>\n\t\tPDFs\n\t<\/h2>\n<h3>\n\t\tManual \u2013 Parte 1\n\t<\/h3>\n\t<a href=\"https:\/\/ai-academy.max7.org\/en\/resource\/aiacademymanualintroduction01\" target=\"_blank\" role=\"button\" rel=\"noopener\" aria-label=\"Baixe a Parte 1 (PDF)\">\n\t\t\t\t\t\tBaixe a Parte 1 (PDF)\n\t\t\t<\/a>\n\t        <div class=\"embedpress-document-embed ose-document ep-doc-d7fcf3f3b136871a304a78937b86779c\" style=\"width: 730px; height: 450px;; max-width:100%; display: block\">\n                                    <iframe title=\"Manual de Treinamento da AI Academy Parte 1\" allowfullscreen=\"true\" mozallowfullscreen=\"true\" webkitallowfullscreen=\"true\" style=\"width: 730px; height: 450px;; max-width:100%; display: inline-block\" data-emsrc=\"https:\/\/gcf.community\/wp-content\/uploads\/2024\/10\/AI-Academy-Training-Manual-Part-1.pdf\" data-emid=\"embedpress-pdf-shortcode\" class=\"embedpress-embed-document-pdf embedpress-pdf-shortcode\" src=\"https:\/\/gcf.community\/wp-admin\/admin-ajax.php?action=get_viewer&#038;file=https%3A%2F%2Fgcf.community%2Fwp-content%2Fuploads%2F2024%2F10%2FAI-Academy-Training-Manual-Part-1.pdf#key=dGhlbWVNb2RlPWRlZmF1bHQmdG9vbGJhcj10cnVlJmxhenlMb2FkPWZhbHNlJnBvc2l0aW9uPXRvcCZwcmVzZW50YXRpb249dHJ1ZSZkb3dubG9hZD10cnVlJmNvcHlfdGV4dD10cnVlJmFkZF90ZXh0PXRydWUmZHJhdz10cnVlJmRvY19yb3RhdGlvbj10cnVlJmFkZF9pbWFnZT10cnVlJmRvY19kZXRhaWxzPXRydWUmc2VsZWN0aW9uX3Rvb2w9MCZzY3JvbGxpbmc9LTEmc3ByZWFkcz0tMSZ6b29tX2luPXRydWUmem9vbV9vdXQ9dHJ1ZSZmaXRfdmlldz10cnVlJmJvb2ttYXJrPXRydWUmc291bmQ9dHJ1ZSZmbGlwYm9va190b29sYmFyX3Bvc2l0aW9uPWJvdHRvbQ==\" frameborder=\"0\">\n                        <\/iframe>\n                            <\/div>\n\n\n<h3>\n\t\tManual \u2013 Parte 2\n\t<\/h3>\n\t<a href=\"https:\/\/ai-academy.max7.org\/en\/resource\/aiacademymanualpart02prompting\" target=\"_blank\" role=\"button\" rel=\"noopener\" aria-label=\"Baixe a Parte 2 (PDF)\">\n\t\t\t\t\t\tBaixe a Parte 2 (PDF)\n\t\t\t<\/a>\n\t        <div class=\"embedpress-document-embed ose-document ep-doc-d7fcf3f3b136871a304a78937b86779c\" style=\"width: 730px; height: 450px;; max-width:100%; display: block\">\n                                    <iframe title=\"Manual de Treinamento da AI Academy Parte 2\" allowfullscreen=\"true\" mozallowfullscreen=\"true\" webkitallowfullscreen=\"true\" style=\"width: 730px; height: 450px;; max-width:100%; display: inline-block\" data-emsrc=\"https:\/\/gcf.community\/wp-content\/uploads\/2024\/10\/AI-Academy-Training-Manual-Part-2.pdf\" data-emid=\"embedpress-pdf-shortcode\" class=\"embedpress-embed-document-pdf embedpress-pdf-shortcode\" src=\"https:\/\/gcf.community\/wp-admin\/admin-ajax.php?action=get_viewer&#038;file=https%3A%2F%2Fgcf.community%2Fwp-content%2Fuploads%2F2024%2F10%2FAI-Academy-Training-Manual-Part-2.pdf#key=dGhlbWVNb2RlPWRlZmF1bHQmdG9vbGJhcj10cnVlJmxhenlMb2FkPWZhbHNlJnBvc2l0aW9uPXRvcCZwcmVzZW50YXRpb249dHJ1ZSZkb3dubG9hZD10cnVlJmNvcHlfdGV4dD10cnVlJmFkZF90ZXh0PXRydWUmZHJhdz10cnVlJmRvY19yb3RhdGlvbj10cnVlJmFkZF9pbWFnZT10cnVlJmRvY19kZXRhaWxzPXRydWUmc2VsZWN0aW9uX3Rvb2w9MCZzY3JvbGxpbmc9LTEmc3ByZWFkcz0tMSZ6b29tX2luPXRydWUmem9vbV9vdXQ9dHJ1ZSZmaXRfdmlldz10cnVlJmJvb2ttYXJrPXRydWUmc291bmQ9dHJ1ZSZmbGlwYm9va190b29sYmFyX3Bvc2l0aW9uPWJvdHRvbQ==\" frameborder=\"0\">\n                        <\/iframe>\n                            <\/div>\n\n\n<h3>\n\t\tManual \u2013 Parte 3\n\t<\/h3>\n\t<a href=\"https:\/\/ai-academy.max7.org\/en\/resource\/aiacademymanualpart3\" target=\"_blank\" role=\"button\" rel=\"noopener\" aria-label=\"Baixe a Parte 3 (PDF)\">\n\t\t\t\t\t\tBaixe a Parte 3 (PDF)\n\t\t\t<\/a>\n\t        <div class=\"embedpress-document-embed ose-document ep-doc-d7fcf3f3b136871a304a78937b86779c\" style=\"width: 730px; height: 450px;; max-width:100%; display: block\">\n                                    <iframe title=\"aiacademymanualpart3_a4_en\" allowfullscreen=\"true\" mozallowfullscreen=\"true\" webkitallowfullscreen=\"true\" style=\"width: 730px; height: 450px;; max-width:100%; display: inline-block\" data-emsrc=\"https:\/\/gcf.community\/wp-content\/uploads\/2024\/10\/aiacademymanualpart3_a4_en.pdf\" data-emid=\"embedpress-pdf-shortcode\" class=\"embedpress-embed-document-pdf embedpress-pdf-shortcode\" src=\"https:\/\/gcf.community\/wp-admin\/admin-ajax.php?action=get_viewer&#038;file=https%3A%2F%2Fgcf.community%2Fwp-content%2Fuploads%2F2024%2F10%2Faiacademymanualpart3_a4_en.pdf#key=dGhlbWVNb2RlPWRlZmF1bHQmdG9vbGJhcj10cnVlJmxhenlMb2FkPWZhbHNlJnBvc2l0aW9uPXRvcCZwcmVzZW50YXRpb249dHJ1ZSZkb3dubG9hZD10cnVlJmNvcHlfdGV4dD10cnVlJmFkZF90ZXh0PXRydWUmZHJhdz10cnVlJmRvY19yb3RhdGlvbj10cnVlJmFkZF9pbWFnZT10cnVlJmRvY19kZXRhaWxzPXRydWUmc2VsZWN0aW9uX3Rvb2w9MCZzY3JvbGxpbmc9LTEmc3ByZWFkcz0tMSZ6b29tX2luPXRydWUmem9vbV9vdXQ9dHJ1ZSZmaXRfdmlldz10cnVlJmJvb2ttYXJrPXRydWUmc291bmQ9dHJ1ZSZmbGlwYm9va190b29sYmFyX3Bvc2l0aW9uPWJvdHRvbQ==\" frameborder=\"0\">\n                        <\/iframe>\n                            <\/div>\n\n\n<h3>\n\t\tManual \u2013 Parte 4\n\t<\/h3>\n\t<a href=\"https:\/\/ai-academy.max7.org\/en\/resource\/aiacademymanualpart4generativeart\" target=\"_blank\" role=\"button\" rel=\"noopener\" aria-label=\"Baixe a Parte 4 (PDF)\">\n\t\t\t\t\t\tBaixe a Parte 4 (PDF)\n\t\t\t<\/a>\n\t        <div class=\"embedpress-document-embed ose-document ep-doc-d7fcf3f3b136871a304a78937b86779c\" style=\"width: 730px; height: 450px;; max-width:100%; display: block\">\n                                    <iframe title=\"aiacademymanualpart4generativeart_manual_a4_en\" allowfullscreen=\"true\" mozallowfullscreen=\"true\" webkitallowfullscreen=\"true\" style=\"width: 730px; height: 450px;; max-width:100%; display: inline-block\" data-emsrc=\"https:\/\/gcf.community\/wp-content\/uploads\/2024\/10\/aiacademymanualpart4generativeart_manual_a4_en.pdf\" data-emid=\"embedpress-pdf-shortcode\" class=\"embedpress-embed-document-pdf embedpress-pdf-shortcode\" src=\"https:\/\/gcf.community\/wp-admin\/admin-ajax.php?action=get_viewer&#038;file=https%3A%2F%2Fgcf.community%2Fwp-content%2Fuploads%2F2024%2F10%2Faiacademymanualpart4generativeart_manual_a4_en.pdf#key=dGhlbWVNb2RlPWRlZmF1bHQmdG9vbGJhcj10cnVlJmxhenlMb2FkPWZhbHNlJnBvc2l0aW9uPXRvcCZwcmVzZW50YXRpb249dHJ1ZSZkb3dubG9hZD10cnVlJmNvcHlfdGV4dD10cnVlJmFkZF90ZXh0PXRydWUmZHJhdz10cnVlJmRvY19yb3RhdGlvbj10cnVlJmFkZF9pbWFnZT10cnVlJmRvY19kZXRhaWxzPXRydWUmc2VsZWN0aW9uX3Rvb2w9MCZzY3JvbGxpbmc9LTEmc3ByZWFkcz0tMSZ6b29tX2luPXRydWUmem9vbV9vdXQ9dHJ1ZSZmaXRfdmlldz10cnVlJmJvb2ttYXJrPXRydWUmc291bmQ9dHJ1ZSZmbGlwYm9va190b29sYmFyX3Bvc2l0aW9uPWJvdHRvbQ==\" frameborder=\"0\">\n                        <\/iframe>\n                            <\/div>\n\n\n<h3>\n\t\tManual \u2013 Parte 5\n\t<\/h3>\n\t<a href=\"https:\/\/ai-academy.max7.org\/en\/resource\/aiacademymanualpart5biblehandling\" target=\"_blank\" role=\"button\" rel=\"noopener\" aria-label=\"Baixe a Parte 5 (PDF)\">\n\t\t\t\t\t\tBaixe a Parte 5 (PDF)\n\t\t\t<\/a>\n\t        <div class=\"embedpress-document-embed ose-document ep-doc-d7fcf3f3b136871a304a78937b86779c\" style=\"width: 730px; height: 450px;; max-width:100%; display: block\">\n                                    <iframe title=\"aiacademymanualpart5biblehandling_a4_en\" allowfullscreen=\"true\" mozallowfullscreen=\"true\" webkitallowfullscreen=\"true\" style=\"width: 730px; height: 450px;; max-width:100%; display: inline-block\" data-emsrc=\"https:\/\/gcf.community\/wp-content\/uploads\/2024\/10\/aiacademymanualpart5biblehandling_a4_en.pdf\" data-emid=\"embedpress-pdf-shortcode\" class=\"embedpress-embed-document-pdf embedpress-pdf-shortcode\" src=\"https:\/\/gcf.community\/wp-admin\/admin-ajax.php?action=get_viewer&#038;file=https%3A%2F%2Fgcf.community%2Fwp-content%2Fuploads%2F2024%2F10%2Faiacademymanualpart5biblehandling_a4_en.pdf#key=dGhlbWVNb2RlPWRlZmF1bHQmdG9vbGJhcj10cnVlJmxhenlMb2FkPWZhbHNlJnBvc2l0aW9uPXRvcCZwcmVzZW50YXRpb249dHJ1ZSZkb3dubG9hZD10cnVlJmNvcHlfdGV4dD10cnVlJmFkZF90ZXh0PXRydWUmZHJhdz10cnVlJmRvY19yb3RhdGlvbj10cnVlJmFkZF9pbWFnZT10cnVlJmRvY19kZXRhaWxzPXRydWUmc2VsZWN0aW9uX3Rvb2w9MCZzY3JvbGxpbmc9LTEmc3ByZWFkcz0tMSZ6b29tX2luPXRydWUmem9vbV9vdXQ9dHJ1ZSZmaXRfdmlldz10cnVlJmJvb2ttYXJrPXRydWUmc291bmQ9dHJ1ZSZmbGlwYm9va190b29sYmFyX3Bvc2l0aW9uPWJvdHRvbQ==\" frameborder=\"0\">\n                        <\/iframe>\n                            <\/div>\n\n\n<h3>\n\t\tManual \u2013 Parte 6\n\t<\/h3>\n\t<a href=\"https:\/\/ai-academy.max7.org\/en\/resource\/aiacademymanualpart6creativityquestions\" target=\"_blank\" role=\"button\" rel=\"noopener\" aria-label=\"Baixe a Parte 6 (PDF)\">\n\t\t\t\t\t\tBaixe a Parte 6 (PDF)\n\t\t\t<\/a>\n\t        <div class=\"embedpress-document-embed ose-document ep-doc-d7fcf3f3b136871a304a78937b86779c\" style=\"width: 730px; height: 450px;; max-width:100%; display: block\">\n                                    <iframe title=\"aiacademymanualpart6criatividadeperguntas_a4_en\" allowfullscreen=\"true\" mozallowfullscreen=\"true\" webkitallowfullscreen=\"true\" style=\"width: 730px; height: 450px;; max-width:100%; display: inline-block\" data-emsrc=\"https:\/\/gcf.community\/wp-content\/uploads\/2024\/11\/aiacademymanualpart6creativityquestions_a4_en.pdf\" data-emid=\"embedpress-pdf-shortcode\" class=\"embedpress-embed-document-pdf embedpress-pdf-shortcode\" src=\"https:\/\/gcf.community\/wp-admin\/admin-ajax.php?action=get_viewer&#038;file=https%3A%2F%2Fgcf.community%2Fwp-content%2Fuploads%2F2024%2F11%2Faiacademymanualpart6creativityquestions_a4_en.pdf#key=dGhlbWVNb2RlPWRlZmF1bHQmdG9vbGJhcj10cnVlJmxhenlMb2FkPWZhbHNlJnBvc2l0aW9uPXRvcCZwcmVzZW50YXRpb249dHJ1ZSZkb3dubG9hZD10cnVlJmNvcHlfdGV4dD10cnVlJmFkZF90ZXh0PXRydWUmZHJhdz10cnVlJmRvY19yb3RhdGlvbj10cnVlJmFkZF9pbWFnZT10cnVlJmRvY19kZXRhaWxzPXRydWUmc2VsZWN0aW9uX3Rvb2w9MCZzY3JvbGxpbmc9LTEmc3ByZWFkcz0tMSZ6b29tX2luPXRydWUmem9vbV9vdXQ9dHJ1ZSZmaXRfdmlldz10cnVlJmJvb2ttYXJrPXRydWUmc291bmQ9dHJ1ZSZmbGlwYm9va190b29sYmFyX3Bvc2l0aW9uPWJvdHRvbQ==\" frameborder=\"0\">\n                        <\/iframe>\n                            <\/div>\n\n\n<h3>\n\t\tManual \u2013 Parte 7\n\t<\/h3>\n\t<a href=\"https:\/\/ai-academy.max7.org\/en\/resource\/aiacademymanualpart7aivideoaimusic\" target=\"_blank\" role=\"button\" rel=\"noopener\" aria-label=\"Baixe a Parte 7 (PDF)\">\n\t\t\t\t\t\tBaixe a Parte 7 (PDF)\n\t\t\t<\/a>\n\t        <div class=\"embedpress-document-embed ose-document ep-doc-d7fcf3f3b136871a304a78937b86779c\" style=\"width: 730px; height: 450px;; max-width:100%; display: block\">\n                                    <iframe title=\"aiacademymanualpart7aivideoaimusic_manual_a4_en\" allowfullscreen=\"true\" mozallowfullscreen=\"true\" webkitallowfullscreen=\"true\" style=\"width: 730px; height: 450px;; max-width:100%; display: inline-block\" data-emsrc=\"https:\/\/gcf.community\/wp-content\/uploads\/2024\/11\/aiacademymanualpart7aivideoaimusic_manual_a4_en.pdf\" data-emid=\"embedpress-pdf-shortcode\" class=\"embedpress-embed-document-pdf embedpress-pdf-shortcode\" src=\"https:\/\/gcf.community\/wp-admin\/admin-ajax.php?action=get_viewer&#038;file=https%3A%2F%2Fgcf.community%2Fwp-content%2Fuploads%2F2024%2F11%2Faiacademymanualpart7aivideoaimusic_manual_a4_en.pdf#key=dGhlbWVNb2RlPWRlZmF1bHQmdG9vbGJhcj10cnVlJmxhenlMb2FkPWZhbHNlJnBvc2l0aW9uPXRvcCZwcmVzZW50YXRpb249dHJ1ZSZkb3dubG9hZD10cnVlJmNvcHlfdGV4dD10cnVlJmFkZF90ZXh0PXRydWUmZHJhdz10cnVlJmRvY19yb3RhdGlvbj10cnVlJmFkZF9pbWFnZT10cnVlJmRvY19kZXRhaWxzPXRydWUmc2VsZWN0aW9uX3Rvb2w9MCZzY3JvbGxpbmc9LTEmc3ByZWFkcz0tMSZ6b29tX2luPXRydWUmem9vbV9vdXQ9dHJ1ZSZmaXRfdmlldz10cnVlJmJvb2ttYXJrPXRydWUmc291bmQ9dHJ1ZSZmbGlwYm9va190b29sYmFyX3Bvc2l0aW9uPWJvdHRvbQ==\" frameborder=\"0\">\n                        <\/iframe>\n                            <\/div>\n\n\n<h3>\n\t\tManual \u2013 Parte 8\n\t<\/h3>\n\t<a href=\"https:\/\/ai-academy.max7.org\/en\/resource\/aiacademymanualpart8theologicalconsiderations\" target=\"_blank\" role=\"button\" rel=\"noopener\" aria-label=\"Baixe a Parte 8 (PDF)\">\n\t\t\t\t\t\tBaixe a Parte 8 (PDF)\n\t\t\t<\/a>\n\t        <div class=\"embedpress-document-embed ose-document ep-doc-d7fcf3f3b136871a304a78937b86779c\" style=\"width: 730px; height: 450px;; max-width:100%; display: block\">\n                                    <iframe title=\"Manual de Treinamento da AI-Academy-Parte-8\" allowfullscreen=\"true\" mozallowfullscreen=\"true\" webkitallowfullscreen=\"true\" style=\"width: 730px; height: 450px;; max-width:100%; display: inline-block\" data-emsrc=\"https:\/\/gcf.community\/wp-content\/uploads\/2024\/11\/AI-Academy-Training-Manual-Part-8.pdf\" data-emid=\"embedpress-pdf-shortcode\" class=\"embedpress-embed-document-pdf embedpress-pdf-shortcode\" src=\"https:\/\/gcf.community\/wp-admin\/admin-ajax.php?action=get_viewer&#038;file=https%3A%2F%2Fgcf.community%2Fwp-content%2Fuploads%2F2024%2F11%2FAI-Academy-Training-Manual-Part-8.pdf#key=dGhlbWVNb2RlPWRlZmF1bHQmdG9vbGJhcj10cnVlJmxhenlMb2FkPWZhbHNlJnBvc2l0aW9uPXRvcCZwcmVzZW50YXRpb249dHJ1ZSZkb3dubG9hZD10cnVlJmNvcHlfdGV4dD10cnVlJmFkZF90ZXh0PXRydWUmZHJhdz10cnVlJmRvY19yb3RhdGlvbj10cnVlJmFkZF9pbWFnZT10cnVlJmRvY19kZXRhaWxzPXRydWUmc2VsZWN0aW9uX3Rvb2w9MCZzY3JvbGxpbmc9LTEmc3ByZWFkcz0tMSZ6b29tX2luPXRydWUmem9vbV9vdXQ9dHJ1ZSZmaXRfdmlldz10cnVlJmJvb2ttYXJrPXRydWUmc291bmQ9dHJ1ZSZmbGlwYm9va190b29sYmFyX3Bvc2l0aW9uPWJvdHRvbQ==\" frameborder=\"0\">\n                        <\/iframe>\n                            <\/div>\n\n\n<h3>\n\t\tManual \u2013 Parte 9\n\t<\/h3>\n\t<a href=\"https:\/\/ai-academy.max7.org\/en\/resource\/aiacademymanualpart9dangersandethicsinai\" target=\"_blank\" role=\"button\" rel=\"noopener\" aria-label=\"Baixe a Parte 7 (PDF)\">\n\t\t\t\t\t\tBaixe a Parte 7 (PDF)\n\t\t\t<\/a>\n\t        <div class=\"embedpress-document-embed ose-document ep-doc-d7fcf3f3b136871a304a78937b86779c\" style=\"width: 730px; height: 450px;; max-width:100%; display: block\">\n                                    <iframe title=\"Manual de Treinamento da AI-Academy-Parte-9\" allowfullscreen=\"true\" mozallowfullscreen=\"true\" webkitallowfullscreen=\"true\" style=\"width: 730px; height: 450px;; max-width:100%; display: inline-block\" data-emsrc=\"https:\/\/gcf.community\/wp-content\/uploads\/2024\/11\/AI-Academy-Training-Manual-Part-9.pdf\" data-emid=\"embedpress-pdf-shortcode\" class=\"embedpress-embed-document-pdf embedpress-pdf-shortcode\" src=\"https:\/\/gcf.community\/wp-admin\/admin-ajax.php?action=get_viewer&#038;file=https%3A%2F%2Fgcf.community%2Fwp-content%2Fuploads%2F2024%2F11%2FAI-Academy-Training-Manual-Part-9.pdf#key=dGhlbWVNb2RlPWRlZmF1bHQmdG9vbGJhcj10cnVlJmxhenlMb2FkPWZhbHNlJnBvc2l0aW9uPXRvcCZwcmVzZW50YXRpb249dHJ1ZSZkb3dubG9hZD10cnVlJmNvcHlfdGV4dD10cnVlJmFkZF90ZXh0PXRydWUmZHJhdz10cnVlJmRvY19yb3RhdGlvbj10cnVlJmFkZF9pbWFnZT10cnVlJmRvY19kZXRhaWxzPXRydWUmc2VsZWN0aW9uX3Rvb2w9MCZzY3JvbGxpbmc9LTEmc3ByZWFkcz0tMSZ6b29tX2luPXRydWUmem9vbV9vdXQ9dHJ1ZSZmaXRfdmlldz10cnVlJmJvb2ttYXJrPXRydWUmc291bmQ9dHJ1ZSZmbGlwYm9va190b29sYmFyX3Bvc2l0aW9uPWJvdHRvbQ==\" frameborder=\"0\">\n                        <\/iframe>\n                            <\/div>","protected":false},"excerpt":{"rendered":"<p>Datas\/Hor\u00e1rios da Academia de IA Max7 Perguntas Frequentes Gloss\u00e1rio de IA Ferramentas Manual de IA Introdu\u00e7\u00e3o O que \u00e9 IA? IA e L\u00edderes Ministeriais Como Configurar Aplicativos de IA Tipos de Prompts Exemplos de Chatbots para Minist\u00e9rio para Experimentar V\u00eddeos Academia de IA no Manual de IA Max7 Voc\u00ea pode acessar o Manual da Academia de IA online navegando pelos cap\u00edtulos... <a title=\"Manual de IA\" class=\"read-more\" href=\"https:\/\/gcf.community\/pt\/events\/max7-ai-academy\/ai-manual\/\" aria-label=\"Leia mais sobre o Manual de IA\">Ler mais<\/a><\/p>","protected":false},"author":1,"featured_media":0,"parent":2379,"menu_order":0,"comment_status":"closed","ping_status":"closed","template":"","meta":{"_acf_changed":false,"_seopress_robots_primary_cat":"","_seopress_titles_title":"","_seopress_titles_desc":"","_seopress_robots_index":"","footnotes":"","_links_to":"","_links_to_target":""},"categories":[],"class_list":["post-2632","page","type-page","status-publish"],"acf":[],"_links":{"self":[{"href":"https:\/\/gcf.community\/pt\/wp-json\/wp\/v2\/pages\/2632","targetHints":{"allow":["GET"]}}],"collection":[{"href":"https:\/\/gcf.community\/pt\/wp-json\/wp\/v2\/pages"}],"about":[{"href":"https:\/\/gcf.community\/pt\/wp-json\/wp\/v2\/types\/page"}],"author":[{"embeddable":true,"href":"https:\/\/gcf.community\/pt\/wp-json\/wp\/v2\/users\/1"}],"replies":[{"embeddable":true,"href":"https:\/\/gcf.community\/pt\/wp-json\/wp\/v2\/comments?post=2632"}],"version-history":[{"count":17,"href":"https:\/\/gcf.community\/pt\/wp-json\/wp\/v2\/pages\/2632\/revisions"}],"predecessor-version":[{"id":3118,"href":"https:\/\/gcf.community\/pt\/wp-json\/wp\/v2\/pages\/2632\/revisions\/3118"}],"up":[{"embeddable":true,"href":"https:\/\/gcf.community\/pt\/wp-json\/wp\/v2\/pages\/2379"}],"wp:attachment":[{"href":"https:\/\/gcf.community\/pt\/wp-json\/wp\/v2\/media?parent=2632"}],"wp:term":[{"taxonomy":"category","embeddable":true,"href":"https:\/\/gcf.community\/pt\/wp-json\/wp\/v2\/categories?post=2632"}],"curies":[{"name":"wp","href":"https:\/\/api.w.org\/{rel}","templated":true}]}}