{"id":2612,"date":"2024-10-09T17:37:59","date_gmt":"2024-10-09T16:37:59","guid":{"rendered":"https:\/\/gcf.community\/?page_id=2612"},"modified":"2024-11-08T10:36:59","modified_gmt":"2024-11-08T10:36:59","slug":"tools","status":"publish","type":"page","link":"https:\/\/gcf.community\/pt\/events\/max7-ai-academy\/tools\/","title":{"rendered":"Ferramentas"},"content":{"rendered":"<button tabindex=\"0\" aria-label=\"Menu\">\n\t\t\t\t\t\t\t<\/button>\n\t<nav aria-label=\"IA\" itemscope=\"itemscope\" itemtype=\"https:\/\/schema.org\/SiteNavigationElement\">\n\t\t<ul id=\"menu-ai\"><li id=\"menu-item-2607\"><a href=\"https:\/\/gcf.community\/pt\/events\/max7-ai-academy\/\">Academia Max7 AI<\/a><\/li><li id=\"menu-item-2604\"><a href=\"https:\/\/gcf.community\/pt\/events\/max7-ai-academy\/dates-times\/\">Datas \/ Hor\u00e1rios<\/a><\/li><li id=\"menu-item-2603\"><a href=\"https:\/\/gcf.community\/pt\/events\/max7-ai-academy\/info-updates\/\">Atualiza\u00e7\u00f5es de informa\u00e7\u00f5es<\/a><\/li><li id=\"menu-item-2606\"><a href=\"https:\/\/gcf.community\/pt\/events\/max7-ai-academy\/faqs\/\">Perguntas frequentes<\/a><\/li><li id=\"menu-item-2797\"><a href=\"https:\/\/gcf.community\/pt\/events\/max7-ai-academy\/ai-glossary\/\">Gloss\u00e1rio de IA<\/a><\/li><li id=\"menu-item-2798\"><a href=\"https:\/\/gcf.community\/pt\/events\/max7-ai-academy\/tools\/\" aria-current=\"page\">Ferramentas<\/a><\/li><li id=\"menu-item-2796\"><a href=\"https:\/\/gcf.community\/pt\/events\/max7-ai-academy\/ai-manual\/\">Manual de IA<\/a><ul>\t<li id=\"menu-item-2866\"><a href=\"https:\/\/gcf.community\/pt\/events\/max7-ai-academy\/ai-manual\/introduction\/\">Introdu\u00e7\u00e3o<\/a><\/li>\t<li id=\"menu-item-2865\"><a href=\"https:\/\/gcf.community\/pt\/events\/max7-ai-academy\/ai-manual\/what-is-ai\/\">O que \u00e9 IA?<\/a><\/li>\t<li id=\"menu-item-2864\"><a href=\"https:\/\/gcf.community\/pt\/events\/max7-ai-academy\/ai-manual\/ai-and-ministry-leaders\/\">L\u00edderes de IA e Minist\u00e9rio<\/a><\/li>\t<li id=\"menu-item-2863\"><a href=\"https:\/\/gcf.community\/pt\/events\/max7-ai-academy\/ai-manual\/getting-ai-apps-set-up\/\">Como configurar aplicativos de IA<\/a><\/li>\t<li id=\"menu-item-2924\"><a href=\"https:\/\/gcf.community\/pt\/events\/max7-ai-academy\/ai-manual\/types-of-prompts\/\">Tipos de Prompts<\/a><\/li>\t<li id=\"menu-item-2944\"><a href=\"https:\/\/gcf.community\/pt\/events\/max7-ai-academy\/ai-manual\/chatbot-ministry-examples-to-try\/\">Exemplos de minist\u00e9rio de chatbot para experimentar<\/a><\/li><\/ul><\/li><li id=\"menu-item-2795\"><a href=\"https:\/\/gcf.community\/pt\/events\/max7-ai-academy\/videos\/\">V\u00eddeos<\/a><\/li><li id=\"menu-item-2825\"><a href=\"https:\/\/ai-academy.max7.org\/\">Academia de IA no Max7<\/a><\/li><\/ul>\n\t\t\t<\/nav>\n<h1>\n\t\tFerramentas de IA\n\t<\/h1>\n\t<p>Abaixo est\u00e1 uma lista de recursos e ferramentas para IA que coletamos. Eles est\u00e3o organizados em diferentes categorias.<\/p>\n<p>Voc\u00ea pode usar as caixas de sele\u00e7\u00e3o para filtrar as ferramentas por categoria ou pode usar a caixa de pesquisa abaixo para filtrar as ferramentas.<\/p>\n<p>Se voc\u00ea perceber que um link est\u00e1 quebrado, ou se a informa\u00e7\u00e3o estiver incorreta, ou se voc\u00ea encontrar um recurso que acha que seria \u00fatil para adicionarmos a esta lista, use o formul\u00e1rio nesta p\u00e1gina para nos informar.<\/p>\n<h4>\n\t\tPesquisar ferramentas de IA\n\t<\/h4>\n\t<div class=\"wpgb-facet wpgb-loading wpgb-facet-14\" data-facet=\"14\" data-grid=\"4\">\t<fieldset>\n\t\t<legend class=\"wpgb-facet-title wpgb-sr-only\">Pesquisar (ferramentas de IA)<\/legend>\n\t\t<div class=\"wpgb-search-facet\"><label>\n\t\t\t\t<span class=\"wpgb-sr-only\" data-no-translation=\"\" data-trp-gettext=\"\">Rechercher<\/span>\n\t\t\t\t<input class=\"wpgb-input\" type=\"search\" name=\"search_faqs_3\" placeholder=\"Ferramentas de pesquisa para filtrar resultados\" value=\"\" autocomplete=\"off\">\n\t\t\t\t<svg class=\"wpgb-input-icon\" viewbox=\"0 0 24 24\" height=\"16\" width=\"16\" aria-hidden=\"true\" focusable=\"false\"><path d=\"M17.5 17.5 23 23Zm-16-7a9 9 0 1 1 9 9 9 9 0 0 1-9-9Z\"\/><\/svg>\n\t\t\t<\/label><button type=\"button\" class=\"wpgb-clear-button\" hidden><span class=\"wpgb-sr-only\" data-no-translation=\"\" data-trp-gettext=\"\">Effacer<\/span><svg viewbox=\"0 0 24 24\" height=\"24\" width=\"24\" aria-hidden=\"true\" focusable=\"false\"><path d=\"m12 12-4.25 4.75L12.001 12 7.75 7.25 12.001 12l4.249-4.75L12 12l4.25 4.75Z\"\/><\/svg><\/button><\/div>\t<\/fieldset>\n\t<\/div>\n<h4>\n\t\tCategorias de ferramentas\n\t<\/h4>\n\t<div class=\"wpgb-facet wpgb-loading wpgb-facet-13\" data-facet=\"13\" data-grid=\"4\">\t<fieldset>\n\t\t<legend class=\"wpgb-facet-title wpgb-sr-only\">Categorias (ferramentas de IA)<\/legend>\n\t\t<div class=\"wpgb-checkbox-facet\"><ul class=\"wpgb-hierarchical-list\"><li><div class=\"wpgb-checkbox\" role=\"button\" aria-pressed=\"false\" tabindex=\"0\"><input type=\"hidden\" name=\"categories_faqs_2[]\" value=\"ai\"><span class=\"wpgb-checkbox-control\"><\/span><span class=\"wpgb-checkbox-label\">IA&nbsp;<span>(35)<\/span><\/span><\/div><\/li><li><div class=\"wpgb-checkbox\" role=\"button\" aria-pressed=\"false\" tabindex=\"0\"><input type=\"hidden\" name=\"categories_faqs_2[]\" value=\"animation\"><span class=\"wpgb-checkbox-control\"><\/span><span class=\"wpgb-checkbox-label\">Anima\u00e7\u00e3o&nbsp;<span>(3)<\/span><\/span><\/div><\/li><li><div class=\"wpgb-checkbox\" role=\"button\" aria-pressed=\"false\" tabindex=\"0\"><input type=\"hidden\" name=\"categories_faqs_2[]\" value=\"art\"><span class=\"wpgb-checkbox-control\"><\/span><span class=\"wpgb-checkbox-label\">Arte&nbsp;<span>(15)<\/span><\/span><\/div><\/li><li><div class=\"wpgb-checkbox\" role=\"button\" aria-pressed=\"false\" tabindex=\"0\"><input type=\"hidden\" name=\"categories_faqs_2[]\" value=\"audio\"><span class=\"wpgb-checkbox-control\"><\/span><span class=\"wpgb-checkbox-label\">\u00c1udio&nbsp;<span>(4)<\/span><\/span><\/div><\/li><li><div class=\"wpgb-checkbox\" role=\"button\" aria-pressed=\"false\" tabindex=\"0\"><input type=\"hidden\" name=\"categories_faqs_2[]\" value=\"chatbots\"><span class=\"wpgb-checkbox-control\"><\/span><span class=\"wpgb-checkbox-label\">Chatbots&nbsp;<span>(6)<\/span><\/span><\/div><\/li><li><div class=\"wpgb-checkbox\" role=\"button\" aria-pressed=\"false\" tabindex=\"0\"><input type=\"hidden\" name=\"categories_faqs_2[]\" value=\"free\"><span class=\"wpgb-checkbox-control\"><\/span><span class=\"wpgb-checkbox-label\">Livre&nbsp;<span>(10)<\/span><\/span><\/div><\/li><li><div class=\"wpgb-checkbox\" role=\"button\" aria-pressed=\"false\" tabindex=\"0\"><input type=\"hidden\" name=\"categories_faqs_2[]\" value=\"freemium\"><span class=\"wpgb-checkbox-control\"><\/span><span class=\"wpgb-checkbox-label\">Gr\u00e1tis&nbsp;<span>(22)<\/span><\/span><\/div><\/li><li><div class=\"wpgb-checkbox\" role=\"button\" aria-pressed=\"false\" tabindex=\"0\"><input type=\"hidden\" name=\"categories_faqs_2[]\" value=\"music\"><span class=\"wpgb-checkbox-control\"><\/span><span class=\"wpgb-checkbox-label\">M\u00fasica&nbsp;<span>(5)<\/span><\/span><\/div><\/li><li><div class=\"wpgb-checkbox\" role=\"button\" aria-pressed=\"false\" tabindex=\"0\"><input type=\"hidden\" name=\"categories_faqs_2[]\" value=\"news-hub\"><span class=\"wpgb-checkbox-control\"><\/span><span class=\"wpgb-checkbox-label\">Not\u00edcias \/ Hub&nbsp;<span>(4)<\/span><\/span><\/div><\/li><li><div class=\"wpgb-checkbox\" role=\"button\" aria-pressed=\"false\" tabindex=\"0\"><input type=\"hidden\" name=\"categories_faqs_2[]\" value=\"premium\"><span class=\"wpgb-checkbox-control\"><\/span><span class=\"wpgb-checkbox-label\">Pr\u00eamio&nbsp;<span>(6)<\/span><\/span><\/div><\/li><li><div class=\"wpgb-checkbox\" role=\"button\" aria-pressed=\"false\" tabindex=\"0\"><input type=\"hidden\" name=\"categories_faqs_2[]\" value=\"special-effects\"><span class=\"wpgb-checkbox-control\"><\/span><span class=\"wpgb-checkbox-label\">Efeitos especiais&nbsp;<span>(3)<\/span><\/span><\/div><\/li><li><div class=\"wpgb-checkbox\" role=\"button\" aria-pressed=\"false\" tabindex=\"0\"><input type=\"hidden\" name=\"categories_faqs_2[]\" value=\"speech-to-text\"><span class=\"wpgb-checkbox-control\"><\/span><span class=\"wpgb-checkbox-label\">Fala para texto&nbsp;<span>(6)<\/span><\/span><\/div><\/li><li><div class=\"wpgb-checkbox\" role=\"button\" aria-pressed=\"false\" tabindex=\"0\"><input type=\"hidden\" name=\"categories_faqs_2[]\" value=\"subtitles\"><span class=\"wpgb-checkbox-control\"><\/span><span class=\"wpgb-checkbox-label\">Legendas&nbsp;<span>(1)<\/span><\/span><\/div><\/li><li><div class=\"wpgb-checkbox\" role=\"button\" aria-pressed=\"false\" tabindex=\"0\"><input type=\"hidden\" name=\"categories_faqs_2[]\" value=\"text-to-speech\"><span class=\"wpgb-checkbox-control\"><\/span><span class=\"wpgb-checkbox-label\">Texto para fala&nbsp;<span>(7)<\/span><\/span><\/div><\/li><li><div class=\"wpgb-checkbox\" role=\"button\" aria-pressed=\"false\" tabindex=\"0\"><input type=\"hidden\" name=\"categories_faqs_2[]\" value=\"translation\"><span class=\"wpgb-checkbox-control\"><\/span><span class=\"wpgb-checkbox-label\">Tradu\u00e7\u00e3o&nbsp;<span>(8)<\/span><\/span><\/div><\/li><li><div class=\"wpgb-checkbox\" role=\"button\" aria-pressed=\"false\" tabindex=\"0\"><input type=\"hidden\" name=\"categories_faqs_2[]\" value=\"video\"><span class=\"wpgb-checkbox-control\"><\/span><span class=\"wpgb-checkbox-label\">V\u00eddeo&nbsp;<span>(15)<\/span><\/span><\/div><\/li><\/ul><\/div>\t<\/fieldset>\n\t<\/div>\n\t<div class=\"wpgb-facet wpgb-loading wpgb-facet-4\" data-facet=\"4\" data-grid=\"4\"><button type=\"button\" class=\"wpgb-button wpgb-reset\" name=\"reset\">Reiniciar<\/button><\/div>\n<h4>\n\t\tResultados das ferramentas de IA\n\t<\/h4>\n\t<!-- Gridbuilder \u1d42\u1d3e Plugin (https:\/\/wpgridbuilder.com) -->\n<div class=\"wp-grid-builder wpgb-grid-4\" data-options=\"{&quot;id&quot;:4,&quot;type&quot;:&quot;masonry&quot;,&quot;source&quot;:&quot;post_type&quot;,&quot;loader&quot;:false,&quot;layout&quot;:&quot;vertical&quot;,&quot;reveal&quot;:0,&quot;isMainQuery&quot;:0,&quot;lazyLoad&quot;:false,&quot;cardSizes&quot;:{&quot;9999&quot;:{&quot;columns&quot;:3,&quot;height&quot;:240,&quot;gutter&quot;:16,&quot;ratio&quot;:&quot;1.33333&quot;},&quot;1280&quot;:{&quot;columns&quot;:3,&quot;height&quot;:240,&quot;gutter&quot;:16,&quot;ratio&quot;:&quot;1.33333&quot;},&quot;1024&quot;:{&quot;columns&quot;:2,&quot;height&quot;:220,&quot;gutter&quot;:16,&quot;ratio&quot;:&quot;1.33333&quot;},&quot;640&quot;:{&quot;columns&quot;:1,&quot;height&quot;:220,&quot;gutter&quot;:16,&quot;ratio&quot;:&quot;1.33333&quot;}},&quot;fitRows&quot;:false,&quot;equalRows&quot;:0,&quot;equalColumns&quot;:false,&quot;fillLastRow&quot;:0,&quot;centerLastRow&quot;:0,&quot;horizontalOrder&quot;:false,&quot;fullWidth&quot;:false,&quot;transitionDelay&quot;:100,&quot;gallerySlideshow&quot;:false,&quot;rowsNumber&quot;:1,&quot;slideAlign&quot;:&quot;left&quot;,&quot;groupCells&quot;:1,&quot;draggable&quot;:true,&quot;initialIndex&quot;:0,&quot;contain&quot;:false,&quot;freeScroll&quot;:false,&quot;freeFriction&quot;:&quot;0.075&quot;,&quot;friction&quot;:&quot;0.285&quot;,&quot;attraction&quot;:&quot;0.025&quot;,&quot;autoPlay&quot;:0,&quot;pageDotAriaLabel&quot;:&quot;Page dot %d&quot;,&quot;isPreview&quot;:false,&quot;isGutenberg&quot;:false,&quot;rightToLeft&quot;:false}\"><div class=\"wpgb-svg-icons\" hidden>\n\t<svg viewbox=\"0 0 120 24\" width=\"0\" height=\"0\">\n\t<defs>\n        <polygon id=\"wpgb-star-svg\" points=\"12 2.5 15.1 8.8 22 9.8 17 14.6 18.2 21.5 12 18.3 5.8 21.5 7 14.6 2 9.8 8.9 8.8\"><\/polygon>\n    <\/defs>\n    <symbol id=\"wpgb-rating-stars-svg\">\n        <use xlink:href=\"#wpgb-star-svg\"><\/use>\n        <use xlink:href=\"#wpgb-star-svg\" x=\"24\"><\/use>\n        <use xlink:href=\"#wpgb-star-svg\" x=\"48\"><\/use>\n        <use xlink:href=\"#wpgb-star-svg\" x=\"72\"><\/use>\n        <use xlink:href=\"#wpgb-star-svg\" x=\"96\"><\/use>\n    <\/symbol>\n<\/svg>\n<\/div>\n<div class=\"wpgb-wrapper\">\n\t<div class=\"wpgb-main\">\n\t<div class=\"wpgb-layout\">\n\t<div class=\"wpgb-viewport\">\n\t\t<div class=\"wpgb-masonry\">\n\t\t\t<article class=\"wpgb-card wpgb-card-29 wpgb-post-3041\" data-col=\"1\" data-row=\"1\" data-format=\"standard\"><div class=\"wpgb-card-wrapper\"><div class=\"wpgb-card-inner\"><div class=\"wpgb-card-content wpgb-scheme-dark\"><div class=\"wpgb-card-body\"><h3 class=\"wpgb-block-1\">Movimento<\/h3><div class=\"wpgb-block-2\"><\/div><div class=\"wpgb-block-5\"><p>Transforme suas ideias em hist\u00f3rias visuais.<\/p><\/div><a class=\"wpgb-block-3\" target=\"_blank\" rel=\"external noopener noreferrer\" href=\"https:\/\/mootion.com\/\">https:\/\/mootion.com\/<\/a><\/div><\/div><\/div><\/div><\/article><article class=\"wpgb-card wpgb-card-29 wpgb-post-3180\" data-col=\"1\" data-row=\"1\" data-format=\"standard\"><div class=\"wpgb-card-wrapper\"><div class=\"wpgb-card-inner\"><div class=\"wpgb-card-content wpgb-scheme-dark\"><div class=\"wpgb-card-body\"><h3 class=\"wpgb-block-1\">KlingAI<\/h3><div class=\"wpgb-block-2\"><\/div><a class=\"wpgb-block-3\" target=\"_blank\" rel=\"external noopener noreferrer\" href=\"https:\/\/app.klingai.com\/\">https:\/\/app.klingai.com\/<\/a><\/div><\/div><\/div><\/div><\/article><article class=\"wpgb-card wpgb-card-29 wpgb-post-3058\" data-col=\"1\" data-row=\"1\" data-format=\"standard\"><div class=\"wpgb-card-wrapper\"><div class=\"wpgb-card-inner\"><div class=\"wpgb-card-content wpgb-scheme-dark\"><div class=\"wpgb-card-body\"><h3 class=\"wpgb-block-1\">Poe<\/h3><div class=\"wpgb-block-2\"><\/div><div class=\"wpgb-block-5\"><p>Poe \u00e9 uma plataforma que permite que as pessoas fa\u00e7am perguntas, obtenham respostas instant\u00e2neas e tenham conversas de ida e volta com uma grande variedade de bots com tecnologia de IA. Est\u00e1 dispon\u00edvel para iOS, Android, MacOS, Windows e web.<\/p><\/div><a class=\"wpgb-block-3\" target=\"_blank\" rel=\"external noopener noreferrer\" href=\"https:\/\/poe.com\/\">https:\/\/poe.com\/<\/a><\/div><\/div><\/div><\/div><\/article><article class=\"wpgb-card wpgb-card-29 wpgb-post-3086\" data-col=\"1\" data-row=\"1\" data-format=\"standard\"><div class=\"wpgb-card-wrapper\"><div class=\"wpgb-card-inner\"><div class=\"wpgb-card-content wpgb-scheme-dark\"><div class=\"wpgb-card-body\"><h3 class=\"wpgb-block-1\">Google Tradutor<\/h3><div class=\"wpgb-block-2\"><\/div><a class=\"wpgb-block-3\" target=\"_blank\" rel=\"external noopener noreferrer\" href=\"https:\/\/translate.google.com\/\">https:\/\/translate.google.com\/<\/a><\/div><\/div><\/div><\/div><\/article><article class=\"wpgb-card wpgb-card-29 wpgb-post-2967\" data-col=\"1\" data-row=\"1\" data-format=\"standard\"><div class=\"wpgb-card-wrapper\"><div class=\"wpgb-card-inner\"><div class=\"wpgb-card-content wpgb-scheme-dark\"><div class=\"wpgb-card-body\"><h3 class=\"wpgb-block-1\">Tad IA<\/h3><div class=\"wpgb-block-2\"><\/div><div class=\"wpgb-block-5\"><p>O Tad AI cria m\u00fasicas originais com g\u00eaneros e climas de sua escolha usando prompts de texto.<\/p><\/div><a class=\"wpgb-block-3\" target=\"_blank\" rel=\"external noopener noreferrer\" href=\"https:\/\/tad.ai\/\">https:\/\/tad.ai\/<\/a><\/div><\/div><\/div><\/div><\/article><article class=\"wpgb-card wpgb-card-29 wpgb-post-3080\" data-col=\"1\" data-row=\"1\" data-format=\"standard\"><div class=\"wpgb-card-wrapper\"><div class=\"wpgb-card-inner\"><div class=\"wpgb-card-content wpgb-scheme-dark\"><div class=\"wpgb-card-body\"><h3 class=\"wpgb-block-1\">Transcrever sussurro<\/h3><div class=\"wpgb-block-2\"><\/div><div class=\"wpgb-block-5\"><p>Gere uma transcri\u00e7\u00e3o, um resumo, notas de apresenta\u00e7\u00e3o, t\u00edtulos, postagens em m\u00eddias sociais, uma postagem de blog e muito mais.<br \/>Seu ChatGPT pessoal para seu \u00e1udio e v\u00eddeo.<\/p><\/div><a class=\"wpgb-block-3\" target=\"_blank\" rel=\"external noopener noreferrer\" href=\"https:\/\/www.whispertranscribe.com\/\">https:\/\/www.whispertranscribe.com\/<\/a><\/div><\/div><\/div><\/div><\/article><article class=\"wpgb-card wpgb-card-29 wpgb-post-2227\" data-col=\"1\" data-row=\"1\" data-format=\"standard\"><div class=\"wpgb-card-wrapper\"><div class=\"wpgb-card-inner\"><div class=\"wpgb-card-content wpgb-scheme-dark\"><div class=\"wpgb-card-body\"><h3 class=\"wpgb-block-1\">Bate-papoGPT<\/h3><div class=\"wpgb-block-2\"><\/div><div class=\"wpgb-block-5\"><p>ChatGPT \u00e9 um modelo de linguagem avan\u00e7ado desenvolvido pela OpenAI que pode entender e gerar texto semelhante ao humano com base na entrada que recebe. Ele \u00e9 projetado para uma ampla gama de aplica\u00e7\u00f5es, incluindo conversa\u00e7\u00e3o, gera\u00e7\u00e3o de conte\u00fado e resolu\u00e7\u00e3o de problemas.<\/p><\/div><a class=\"wpgb-block-3\" target=\"_blank\" rel=\"external noopener noreferrer\" href=\"https:\/\/chatgpt.com\/\">https:\/\/chatgpt.com\/<\/a><\/div><\/div><\/div><\/div><\/article><article class=\"wpgb-card wpgb-card-29 wpgb-post-2778\" data-col=\"1\" data-row=\"1\" data-format=\"standard\"><div class=\"wpgb-card-wrapper\"><div class=\"wpgb-card-inner\"><div class=\"wpgb-card-content wpgb-scheme-dark\"><div class=\"wpgb-card-body\"><h3 class=\"wpgb-block-1\">No meio da jornada<\/h3><div class=\"wpgb-block-2\"><\/div><div class=\"wpgb-block-5\"><p>Midjourney \u00e9 um programa que cria imagens a partir de descri\u00e7\u00f5es de texto usando tecnologia computacional. Ele ajuda as pessoas a criar imagens art\u00edsticas facilmente, digitando o que imaginam.<\/p><\/div><a class=\"wpgb-block-3\" target=\"_blank\" rel=\"external noopener noreferrer\" href=\"https:\/\/www.midjourney.com\/\">https:\/\/www.midjourney.com\/<\/a><\/div><\/div><\/div><\/div><\/article><article class=\"wpgb-card wpgb-card-29 wpgb-post-3000\" data-col=\"1\" data-row=\"1\" data-format=\"standard\"><div class=\"wpgb-card-wrapper\"><div class=\"wpgb-card-inner\"><div class=\"wpgb-card-content wpgb-scheme-dark\"><div class=\"wpgb-card-body\"><h3 class=\"wpgb-block-1\">Perplexidade<\/h3><div class=\"wpgb-block-2\"><\/div><div class=\"wpgb-block-5\"><p>Perplexity \u00e9 um mecanismo de resposta com tecnologia de IA que fornece respostas precisas, confi\u00e1veis e em tempo real para qualquer pergunta.<\/p><\/div><a class=\"wpgb-block-3\" target=\"_blank\" rel=\"external noopener noreferrer\" href=\"https:\/\/www.perplexity.ai\/\">https:\/\/www.perplexity.ai\/<\/a><\/div><\/div><\/div><\/div><\/article><article class=\"wpgb-card wpgb-card-29 wpgb-post-3003\" data-col=\"1\" data-row=\"1\" data-format=\"standard\"><div class=\"wpgb-card-wrapper\"><div class=\"wpgb-card-inner\"><div class=\"wpgb-card-content wpgb-scheme-dark\"><div class=\"wpgb-card-body\"><h3 class=\"wpgb-block-1\">Designer da Microsoft<\/h3><div class=\"wpgb-block-2\"><\/div><div class=\"wpgb-block-5\"><p>Um aplicativo de design gr\u00e1fico que ajuda voc\u00ea a criar imagens de qualidade profissional, postagens para redes sociais, convites, cart\u00f5es postais digitais, gr\u00e1ficos e muito mais.<\/p><\/div><a class=\"wpgb-block-3\" target=\"_blank\" rel=\"external noopener noreferrer\" href=\"https:\/\/designer.microsoft.com\/\">https:\/\/designer.microsoft.com\/<\/a><\/div><\/div><\/div><\/div><\/article>\t\t<\/div>\n\t<\/div>\n\t<\/div>\n\t<\/div>\n\t\t<\/div>\n<\/div>\n\n\t<div class=\"wpgb-facet wpgb-loading wpgb-facet-11\" data-facet=\"11\" data-grid=\"4\"><nav class=\"wpgb-pagination-facet\" aria-label=\"Navigation\" data-no-translation-aria-label=\"\"><ul class=\"wpgb-pagination\"><li class=\"wpgb-page\"><a href=\"https:\/\/gcf.community\/fr\/events\/max7-ai-academy\/tools\/?_pagination_faqs=1\" aria-current=\"true\" aria-label=\"Page courante, Page 1\" data-page=\"1\" data-no-translation-aria-label=\"\">1<\/a><\/li><li class=\"wpgb-page\"><a href=\"https:\/\/gcf.community\/fr\/events\/max7-ai-academy\/tools\/?_pagination_faqs=2\" aria-label=\"Aller \u00e0 la page 2\" data-page=\"2\" data-no-translation-aria-label=\"\">2<\/a><\/li><li class=\"wpgb-page\"><a href=\"https:\/\/gcf.community\/fr\/events\/max7-ai-academy\/tools\/?_pagination_faqs=3\" aria-label=\"Aller \u00e0 la page 3\" data-page=\"3\" data-no-translation-aria-label=\"\">3<\/a><\/li><li class=\"wpgb-page\"><span class=\"wpgb-dots-page\">\u2026<\/span><\/li><li class=\"wpgb-page\"><a href=\"https:\/\/gcf.community\/fr\/events\/max7-ai-academy\/tools\/?_pagination_faqs=5\" aria-label=\"Aller \u00e0 la page 5\" data-page=\"5\" data-no-translation-aria-label=\"\">5<\/a><\/li><li class=\"wpgb-page\"><a href=\"https:\/\/gcf.community\/fr\/events\/max7-ai-academy\/tools\/?_pagination_faqs=6\" aria-label=\"Aller \u00e0 la page 6\" data-page=\"6\" data-no-translation-aria-label=\"\">6<\/a><\/li><li class=\"wpgb-page wpgb-page-next\"><a href=\"https:\/\/gcf.community\/fr\/events\/max7-ai-academy\/tools\/?_pagination_faqs=2\" aria-label=\"Aller \u00e0 la page 2\" data-page=\"2\" data-no-translation-aria-label=\"\">Pr\u00f3ximo &quot;<\/a><\/li><\/ul><\/nav><\/div>\n<h2>\n\t\tEntre em contato conosco sobre novos recursos e ferramentas\n\t<\/h2>\n\t<p>Voc\u00ea tem ideias de recursos e ferramentas que dever\u00edamos adicionar \u00e0 lista acima? Por favor, envie-as para n\u00f3s usando o formul\u00e1rio abaixo.<\/p>\n\t<form action=\"https:\/\/gcf.community\/pt\/wp-json\/ws-form\/v1\/submit\" class=\"wsf-form wsf-form-canvas\" id=\"ws-form-1\" data-id=\"36\" method=\"POST\" data-instance-id=\"1\" data-wsf-style-id=\"1\" data-trp-original-action=\"https:\/\/gcf.community\/pt\/wp-json\/ws-form\/v1\/submit\"><input type=\"hidden\" name=\"trp-form-language\" value=\"pt\"\/><\/form>","protected":false},"excerpt":{"rendered":"<p>Um aplicativo de design gr\u00e1fico que ajuda voc\u00ea a criar imagens de qualidade profissional, postagens para redes sociais, convites, cart\u00f5es postais digitais, gr\u00e1ficos e muito mais.<\/p>","protected":false},"author":1,"featured_media":0,"parent":2379,"menu_order":0,"comment_status":"closed","ping_status":"closed","template":"","meta":{"_acf_changed":false,"_seopress_robots_primary_cat":"","_seopress_titles_title":"","_seopress_titles_desc":"","_seopress_robots_index":"","footnotes":"","_links_to":"","_links_to_target":""},"categories":[],"class_list":["post-2612","page","type-page","status-publish","hentry"],"acf":[],"_links":{"self":[{"href":"https:\/\/gcf.community\/pt\/wp-json\/wp\/v2\/pages\/2612","targetHints":{"allow":["GET"]}}],"collection":[{"href":"https:\/\/gcf.community\/pt\/wp-json\/wp\/v2\/pages"}],"about":[{"href":"https:\/\/gcf.community\/pt\/wp-json\/wp\/v2\/types\/page"}],"author":[{"embeddable":true,"href":"https:\/\/gcf.community\/pt\/wp-json\/wp\/v2\/users\/1"}],"replies":[{"embeddable":true,"href":"https:\/\/gcf.community\/pt\/wp-json\/wp\/v2\/comments?post=2612"}],"version-history":[{"count":24,"href":"https:\/\/gcf.community\/pt\/wp-json\/wp\/v2\/pages\/2612\/revisions"}],"predecessor-version":[{"id":2985,"href":"https:\/\/gcf.community\/pt\/wp-json\/wp\/v2\/pages\/2612\/revisions\/2985"}],"up":[{"embeddable":true,"href":"https:\/\/gcf.community\/pt\/wp-json\/wp\/v2\/pages\/2379"}],"wp:attachment":[{"href":"https:\/\/gcf.community\/pt\/wp-json\/wp\/v2\/media?parent=2612"}],"wp:term":[{"taxonomy":"category","embeddable":true,"href":"https:\/\/gcf.community\/pt\/wp-json\/wp\/v2\/categories?post=2612"}],"curies":[{"name":"wp","href":"https:\/\/api.w.org\/{rel}","templated":true}]}}