{"id":2433,"date":"2024-10-08T16:11:53","date_gmt":"2024-10-08T15:11:53","guid":{"rendered":"https:\/\/gcf.community\/?page_id=2433"},"modified":"2024-10-21T14:16:04","modified_gmt":"2024-10-21T13:16:04","slug":"info-updates","status":"publish","type":"page","link":"https:\/\/gcf.community\/pt\/events\/max7-ai-academy\/info-updates\/","title":{"rendered":"Atualiza\u00e7\u00f5es de informa\u00e7\u00f5es"},"content":{"rendered":"<button tabindex=\"0\" aria-label=\"Menu\">\n\t\t\t\t\t\t\t<\/button>\n\t<nav aria-label=\"IA\" itemscope=\"itemscope\" itemtype=\"https:\/\/schema.org\/SiteNavigationElement\">\n\t\t<ul id=\"menu-ai\"><li id=\"menu-item-2607\"><a href=\"https:\/\/gcf.community\/pt\/events\/max7-ai-academy\/\">Academia Max7 AI<\/a><\/li><li id=\"menu-item-2604\"><a href=\"https:\/\/gcf.community\/pt\/events\/max7-ai-academy\/dates-times\/\">Datas \/ Hor\u00e1rios<\/a><\/li><li id=\"menu-item-2603\"><a href=\"https:\/\/gcf.community\/pt\/events\/max7-ai-academy\/info-updates\/\" aria-current=\"page\">Atualiza\u00e7\u00f5es de informa\u00e7\u00f5es<\/a><\/li><li id=\"menu-item-2606\"><a href=\"https:\/\/gcf.community\/pt\/events\/max7-ai-academy\/faqs\/\">Perguntas frequentes<\/a><\/li><li id=\"menu-item-2797\"><a href=\"https:\/\/gcf.community\/pt\/events\/max7-ai-academy\/ai-glossary\/\">Gloss\u00e1rio de IA<\/a><\/li><li id=\"menu-item-2798\"><a href=\"https:\/\/gcf.community\/pt\/events\/max7-ai-academy\/tools\/\">Ferramentas<\/a><\/li><li id=\"menu-item-2796\"><a href=\"https:\/\/gcf.community\/pt\/events\/max7-ai-academy\/ai-manual\/\">Manual de IA<\/a><\/li><li id=\"menu-item-2795\"><a href=\"https:\/\/gcf.community\/pt\/events\/max7-ai-academy\/videos\/\">V\u00eddeos<\/a><\/li><li id=\"menu-item-2825\"><a href=\"https:\/\/www.max7.org\/en\/resource\/aiacademy\">Academia de IA no Max7<\/a><\/li><\/ul>\n\t\t\t<\/nav>\n<h1>\n\t\tAtualiza\u00e7\u00f5es de informa\u00e7\u00f5es\n\t<\/h1>\n\t\t\t\tAtualiza\u00e7\u00e3o de informa\u00e7\u00f5es 01\n\t\t\t\t<p><img loading=\"lazy\" decoding=\"async\" src=\"https:\/\/gcf.community\/wp-content\/uploads\/2024\/10\/Update-1-1024x303.jpeg\" alt=\"\" width=\"1024\" height=\"303\" \/><\/p>\n<p>Ol\u00e1 amigos<\/p>\n<p>Esta IMAGEM DE ATUALIZA\u00c7\u00c3O DE INFORMA\u00c7\u00d5ES vermelha acima ajudar\u00e1 voc\u00ea a ver informa\u00e7\u00f5es importantes. Numeraremos as atualiza\u00e7\u00f5es caso precisemos compartilhar novamente quando mais pessoas estiverem no grupo.<\/p>\n<ol>\n<li><strong>APLICATIVOS DE COMPARTILHAMENTO<\/strong> &#8211; If you have an AI app you would like to share with the group, please click here <a href=\"https:\/\/gcf.community\/pt\/tools\/resources\/\">https:\/\/gcf.community\/tools\/resources\/<\/a> and add your suggestion into the form there (plus you&#8217;ll see links to AI tools). We will be collating everything to share in the Academy Manual you will receive.<\/li>\n<li><strong>PERGUNTAS E RESPOSTAS<\/strong> &#8211; In a few days time we will be emailing updated details of dates, times and answers to the questions people have sent in the Google registration form.<\/li>\n<li><strong>PREPARA\u00c7\u00c3O<\/strong> &#8211; Please be in prayer for this unique AI Academy. Pray also about what you want to make in the Academy, as this will help you learn and use AI by doing it. (Pray also for the admin team who are all volunteers!)<\/li>\n<\/ol>\n<p>Esta Academia ser\u00e1 \u00fanica, pois buscaremos aprender juntos uns com os outros. Representamos mais de 70 na\u00e7\u00f5es e todas as regi\u00f5es do mundo. 442 pessoas se inscreveram at\u00e9 agora!<\/p>\n<p>Oramos para que esse tempo seja pr\u00e1tico, amplie nosso pensamento de maneiras \u00fateis sobre o uso da IA em nosso minist\u00e9rio, nos ajude a ser mais criativos e forne\u00e7a insights \u00fanicos sobre como a IA est\u00e1 sendo usada em diferentes lugares.<\/p>\n<p>Nosso objetivo \u00e9 atender desde iniciantes que nunca usaram IA at\u00e9 usu\u00e1rios avan\u00e7ados que a utilizam diariamente! Al\u00e9m disso, queremos oferecer maneiras para voc\u00ea contribuir com seu aprendizado. Ningu\u00e9m sabe tudo sobre IA! Este ser\u00e1 um momento emocionante e desafiador juntos.<\/p>\n<p>Por favor, ore e pe\u00e7a ao Senhor para preparar todos n\u00f3s para aprender e crescer.<\/p>\n\t\t\t\tAtualiza\u00e7\u00e3o de informa\u00e7\u00f5es 02\n\t\t\t\t<p><img loading=\"lazy\" decoding=\"async\" src=\"https:\/\/gcf.community\/wp-content\/uploads\/2024\/10\/Update-2-1024x303.jpeg\" alt=\"\" width=\"1024\" height=\"303\" \/><\/p>\n<p>We will be sending everyone an email in the next few days with important information about the AI Academy. Please look out for it, as it will come from the Global Children&#8217;s Forum email system.<\/p>\n<p>This will be a long email attempting to answer everyone&#8217;s questions! So please take a few minutes to read it when it comes.<\/p>\n<h3>Vis\u00e3o geral r\u00e1pida de datas e hor\u00e1rios<\/h3>\n<ol>\n<li><strong>LAN\u00c7AMENTO EM 19 DE OUTUBRO<\/strong>: No dia 19 de outubro, enviaremos a primeira fase de materiais e v\u00eddeos de treinamento. Isso lhe dar\u00e1 tempo para analis\u00e1-los antes da primeira chamada. <strong>N\u00c3O teremos uma chamada de zoom no dia 19 de outubro agora<\/strong>Sabemos que voc\u00ea precisar\u00e1 de algum tempo para analisar os materiais e fazer com que as chamadas de zoom valham a pena.<\/li>\n<li><strong>CHAMADAS SEMANAIS DE ZOOM<\/strong>As chamadas via Zoom da AI Academy come\u00e7ar\u00e3o na quinta-feira, 24 de outubro, \u00e0s 10h GMT\/UTC, repetindo-se \u00e0s 22h GMT\/UTC (veja mais detalhes aqui). Ser\u00e3o cinco quintas-feiras consecutivas, terminando em 21 de novembro. Essas chamadas ser\u00e3o para discuss\u00f5es e aprendizado conjunto com base no material de treinamento e nos v\u00eddeos da Academia. As chamadas via Zoom ser\u00e3o gravadas e compartilhadas com todos.<\/li>\n<\/ol>\n<p>Saibam que esta Academia de IA visa desenvolver a nossa criatividade na pr\u00e1tica, aprender a manusear bem a B\u00edblia (com IA), desenvolver habilidades ministeriais e conhecer melhor Jesus, ao mesmo tempo em que descobrimos como a IA funciona e como ela pode nos ajudar! Por favor, continuem orando por este tempo juntos.<\/p>\n<p>Obrigado!<\/p>\n\t\t\t\tAtualiza\u00e7\u00e3o de informa\u00e7\u00f5es 03\n\t\t\t\t<p>Hello everyone! I just wanted to let you know that we sent out an email on Saturday to everyone who has registered for the AI Academy. Do please look out for that in your email inbox. If you haven&#8217;t received it do please check your &#8216;Promotions&#8217; folder and your Spam folder.<\/p>\n<p>O e-mail cont\u00e9m muitas informa\u00e7\u00f5es \u00fateis, incluindo:<\/p>\n<ul>\n<li>Informa\u00e7\u00f5es importantes sobre a Academia<\/li>\n<li>Datas e hor\u00e1rios das chamadas do Zoom<\/li>\n<li>O link para se registrar para as chamadas do Zoom<\/li>\n<li>Respostas a todas as perguntas feitas no formul\u00e1rio de inscri\u00e7\u00e3o<\/li>\n<\/ul>\n<p><strong>Se voc\u00ea n\u00e3o recebeu o e-mail<\/strong> por favor envie um e-mail para <a href=\"mailto:info@gcf.community\">info@gcf.community<\/a>.<\/p>\n<p><strong>Se voc\u00ea tiver alguma d\u00favida<\/strong> ent\u00e3o, por favor, adicione-os aqui tamb\u00e9m.<\/p>\n<p>Se voc\u00ea planeja participar das chamadas do Zoom, certifique-se de que:<\/p>\n<ul>\n<li>Voc\u00ea se inscreveu para as chamadas do Zoom. Voc\u00ea pode fazer isso aqui:<\/li>\n<li>Voc\u00ea adicionou as datas e hor\u00e1rios das chamadas ao seu calend\u00e1rio. Observe que muitas partes do mundo mudar\u00e3o seus rel\u00f3gios em algum momento ao longo dos pr\u00f3ximos meses. Voc\u00ea pode visualizar os hor\u00e1rios e adicionar automaticamente as chamadas ao seu calend\u00e1rio clicando nos links abaixo:<\/li>\n<\/ul>\n<p>Clique nos links abaixo para ver o hor\u00e1rio de cada reuni\u00e3o do Zoom no seu fuso hor\u00e1rio local. Voc\u00ea pode clicar em &#039;<strong>Adicionar ao calend\u00e1rio<\/strong>&#039; para adicionar cada reuni\u00e3o que voc\u00ea deseja participar<\/p>\n<p>Observe que o link &#039;Adicionar ao calend\u00e1rio&#039; no e-mail de confirma\u00e7\u00e3o de inscri\u00e7\u00e3o do Zoom que voc\u00ea receber\u00e1, <strong>pode n\u00e3o adicionar as reuni\u00f5es nos momentos certos<\/strong>. Por favor, use os links <strong>abaixo<\/strong> para adicionar essas reuni\u00f5es ao seu calend\u00e1rio.<\/p>\n<p>Observe que muitas partes do mundo mudar\u00e3o seus rel\u00f3gios em algum momento ao longo dos pr\u00f3ximos meses.<\/p>\n<h4>Quinta-feira, 24 de outubro<\/h4>\n<ul>\n<li>10h (GMT\/UTC) <a href=\"https:\/\/www.timeanddate.com\/worldclock\/fixedtime.html?msg=AI+Academy+Session+1A+%2810am+UTC%29&amp;iso=20241024T10&amp;p1=1440&amp;ah=2\" target=\"_blank\" rel=\"noopener\">Veja a hora no seu fuso hor\u00e1rio<\/a> | <a href=\"https:\/\/gcf.community\/wp-content\/uploads\/2024\/10\/AI-Academy-Session-1A-10am-UTC.ics\" target=\"_blank\" rel=\"noopener\">Adicionar ao calend\u00e1rio<\/a><\/li>\n<li>22h (GMT\/UTC) <a href=\"https:\/\/www.timeanddate.com\/worldclock\/fixedtime.html?msg=AI+Academy+Session+1B+%2810pm+UTC%29&amp;iso=20241024T22&amp;p1=1440&amp;ah=2\" target=\"_blank\" rel=\"noopener\">Veja a hora no seu fuso hor\u00e1rio<\/a> | <a href=\"https:\/\/gcf.community\/wp-content\/uploads\/2024\/10\/AI-Academy-Session-1B-10pm-UTC.ics\" target=\"_blank\" rel=\"noopener\">Adicionar ao calend\u00e1rio<\/a><\/li>\n<\/ul>\n<h4>Quinta-feira, 31 de outubro<\/h4>\n<ul>\n<li>10h (GMT\/UTC) <a href=\"https:\/\/www.timeanddate.com\/worldclock\/fixedtime.html?msg=AI+Academy+Session+2A+%2810am+UTC%29&amp;iso=20241031T10&amp;p1=1440&amp;ah=2\" target=\"_blank\" rel=\"noopener\">Veja a hora no seu fuso hor\u00e1rio<\/a> | <a href=\"https:\/\/gcf.community\/wp-content\/uploads\/2024\/10\/AI-Academy-Session-2A-10am-UTC.ics\" target=\"_blank\" rel=\"noopener\">Adicionar ao calend\u00e1rio<\/a><\/li>\n<li>22h (GMT\/UTC) <a href=\"https:\/\/www.timeanddate.com\/worldclock\/fixedtime.html?msg=AI+Academy+Session+2B+%2810pm+UTC%29&amp;iso=20241031T22&amp;p1=1440&amp;ah=2\" target=\"_blank\" rel=\"noopener\">Veja a hora no seu fuso hor\u00e1rio<\/a> | <a href=\"https:\/\/gcf.community\/wp-content\/uploads\/2024\/10\/AI-Academy-Session-2B-10pm-UTC.ics\" target=\"_blank\" rel=\"noopener\">Adicionar ao calend\u00e1rio<\/a><\/li>\n<\/ul>\n<h4>Quinta-feira, 7 de novembro<\/h4>\n<ul>\n<li>10h (GMT\/UTC) <a href=\"https:\/\/www.timeanddate.com\/worldclock\/fixedtime.html?msg=AI+Academy+Session+3A+%2810am+UTC%29&amp;iso=20241107T10&amp;p1=1440&amp;ah=2\" target=\"_blank\" rel=\"noopener\">Veja a hora no seu fuso hor\u00e1rio<\/a> | <a href=\"https:\/\/gcf.community\/wp-content\/uploads\/2024\/10\/AI-Academy-Session-3A-10am-UTC.ics\" target=\"_blank\" rel=\"noopener\">Adicionar ao calend\u00e1rio<\/a><\/li>\n<li>22h (GMT\/UTC) <a href=\"https:\/\/www.timeanddate.com\/worldclock\/fixedtime.html?msg=AI+Academy+Session+3B+%2810pm+UTC%29&amp;iso=20241107T22&amp;p1=1440&amp;ah=2\" target=\"_blank\" rel=\"noopener\">Veja a hora no seu fuso hor\u00e1rio<\/a> | <a href=\"https:\/\/gcf.community\/wp-content\/uploads\/2024\/10\/AI-Academy-Session-3B-10pm-UTC.ics\" target=\"_blank\" rel=\"noopener\">Adicionar ao calend\u00e1rio<\/a><\/li>\n<\/ul>\n<h4>Quinta-feira, 14 de novembro<\/h4>\n<ul>\n<li>10h (GMT\/UTC) <a href=\"https:\/\/www.timeanddate.com\/worldclock\/fixedtime.html?msg=AI+Academy+Session+4A+%2810am+UTC%29&amp;iso=20241114T10&amp;p1=1440&amp;ah=2\" target=\"_blank\" rel=\"noopener\">Veja a hora no seu fuso hor\u00e1rio<\/a> | <a href=\"https:\/\/gcf.community\/wp-content\/uploads\/2024\/10\/AI-Academy-Session-4A-10am-UTC.ics\" target=\"_blank\" rel=\"noopener\">Adicionar ao calend\u00e1rio<\/a><\/li>\n<li>22h (GMT\/UTC) <a href=\"https:\/\/www.timeanddate.com\/worldclock\/fixedtime.html?msg=AI+Academy+Session+4B+%2810pm+UTC%29&amp;iso=20241114T22&amp;p1=1440&amp;ah=2\" target=\"_blank\" rel=\"noopener\">Veja a hora no seu fuso hor\u00e1rio<\/a> | <a href=\"https:\/\/gcf.community\/wp-content\/uploads\/2024\/10\/AI-Academy-Session-4B-10pm-UTC.ics\" target=\"_blank\" rel=\"noopener\">Adicionar ao calend\u00e1rio<\/a><\/li>\n<\/ul>\n<h4>Quinta-feira, 21 de novembro<\/h4>\n<ul>\n<li>10h (GMT\/UTC) <a href=\"https:\/\/www.timeanddate.com\/worldclock\/fixedtime.html?msg=AI+Academy+Session+5A+%2810am+UTC%29&amp;iso=20241121T10&amp;p1=1440&amp;ah=2\" target=\"_blank\" rel=\"noopener\">Veja a hora no seu fuso hor\u00e1rio<\/a> | <a href=\"https:\/\/gcf.community\/wp-content\/uploads\/2024\/10\/AI-Academy-Session-5A-10am-UTC.ics\" target=\"_blank\" rel=\"noopener\">Adicionar ao calend\u00e1rio<\/a><\/li>\n<li>22h (GMT\/UTC) <a href=\"https:\/\/www.timeanddate.com\/worldclock\/fixedtime.html?msg=AI+Academy+Session+5B+%2810pm+UTC%29&amp;iso=20241121T22&amp;p1=1440&amp;ah=2\" target=\"_blank\" rel=\"noopener\">Veja a hora no seu fuso hor\u00e1rio<\/a> | <a href=\"https:\/\/gcf.community\/wp-content\/uploads\/2024\/10\/AI-Academy-Session-5B-10pm-UTC.ics\" target=\"_blank\" rel=\"noopener\">Adicionar ao calend\u00e1rio<\/a><\/li>\n<\/ul>\n<p>Obrigado<\/p>\n\t\t\t\tAtualiza\u00e7\u00e3o de informa\u00e7\u00f5es 04\n\t\t\t\t<p><img loading=\"lazy\" decoding=\"async\" src=\"https:\/\/gcf.community\/wp-content\/uploads\/2024\/10\/Update-4-1024x303.jpeg\" alt=\"\" width=\"1024\" height=\"303\" \/><\/p>\n<h3>AVISOS E DIRETRIZES<\/h3>\n<p>\u00c9 com muita tristeza que anunciamos que algumas pessoas usaram as informa\u00e7\u00f5es deste grupo para nos enviar mensagens de spam e ingressar em grupos.<\/p>\n<p><strong>SE VOC\u00ca FOR CONVIDADO PARA UM GRUPO QUE N\u00c3O SEJA UM GRUPO OFICIAL DA AI ACADEMY<\/strong> Por favor, bloqueie e exclua. Voc\u00ea saber\u00e1 que um grupo \u00e9 oficial se ele for de Simon Hood ou James Burden.<\/p>\n<p>This AI Academy is going to be wonderful celebration of Jesus, the Bible, human creativity and learning AI Tools. It involves so many remarkable leaders from 90+ countries. It is about learning together is an environment of love, joy and encouragement. We value everyone&#8217;s precious time and involvement.<\/p>\n<p>Para proteger a todos, temos diretrizes r\u00edgidas e permitimos apenas mensagens relacionadas \u00e0 AI Academy. <strong>You may not use anyone&#8217;s WhatsApp numbers<\/strong> ou detalhes para qualquer outra finalidade.<\/p>\n<p>Qualquer um que quebrar isso ser\u00e1 imediatamente retirado do grupo da AI Academy.<\/p>\n<p>Obrigado por sua compreens\u00e3o e por aproveitar este treinamento de IA oferecido gratuitamente com total integridade.<\/p>","protected":false},"excerpt":{"rendered":"<p>Max7 AI Academy Dates \/ Times Info Updates FAQs AI Glossary Tools AI Manual Videos AI Academy on Max7 Info Updates Info Update 01 Hi friends This red INFO UPDATE IMAGE above will help you see important information. We will number the updates in case we have to share again once more people are in &#8230; <a title=\"Atualiza\u00e7\u00f5es de informa\u00e7\u00f5es\" class=\"read-more\" href=\"https:\/\/gcf.community\/pt\/events\/max7-ai-academy\/info-updates\/\" aria-label=\"Leia mais sobre Info Updates\">Ler mais<\/a><\/p>","protected":false},"author":1,"featured_media":0,"parent":2379,"menu_order":0,"comment_status":"closed","ping_status":"closed","template":"","meta":{"_acf_changed":false,"_seopress_robots_primary_cat":"","_seopress_titles_title":"","_seopress_titles_desc":"","_seopress_robots_index":"","footnotes":"","_links_to":"","_links_to_target":""},"categories":[],"class_list":["post-2433","page","type-page","status-publish"],"acf":[],"_links":{"self":[{"href":"https:\/\/gcf.community\/pt\/wp-json\/wp\/v2\/pages\/2433","targetHints":{"allow":["GET"]}}],"collection":[{"href":"https:\/\/gcf.community\/pt\/wp-json\/wp\/v2\/pages"}],"about":[{"href":"https:\/\/gcf.community\/pt\/wp-json\/wp\/v2\/types\/page"}],"author":[{"embeddable":true,"href":"https:\/\/gcf.community\/pt\/wp-json\/wp\/v2\/users\/1"}],"replies":[{"embeddable":true,"href":"https:\/\/gcf.community\/pt\/wp-json\/wp\/v2\/comments?post=2433"}],"version-history":[{"count":5,"href":"https:\/\/gcf.community\/pt\/wp-json\/wp\/v2\/pages\/2433\/revisions"}],"predecessor-version":[{"id":2848,"href":"https:\/\/gcf.community\/pt\/wp-json\/wp\/v2\/pages\/2433\/revisions\/2848"}],"up":[{"embeddable":true,"href":"https:\/\/gcf.community\/pt\/wp-json\/wp\/v2\/pages\/2379"}],"wp:attachment":[{"href":"https:\/\/gcf.community\/pt\/wp-json\/wp\/v2\/media?parent=2433"}],"wp:term":[{"taxonomy":"category","embeddable":true,"href":"https:\/\/gcf.community\/pt\/wp-json\/wp\/v2\/categories?post=2433"}],"curies":[{"name":"wp","href":"https:\/\/api.w.org\/{rel}","templated":true}]}}