{"id":2426,"date":"2024-10-08T16:11:02","date_gmt":"2024-10-08T15:11:02","guid":{"rendered":"https:\/\/gcf.community\/?page_id=2426"},"modified":"2024-11-08T10:40:13","modified_gmt":"2024-11-08T10:40:13","slug":"dates-times","status":"publish","type":"page","link":"https:\/\/gcf.community\/pt\/events\/max7-ai-academy\/dates-times\/","title":{"rendered":"Datas \/ Hor\u00e1rios"},"content":{"rendered":"<button tabindex=\"0\" aria-label=\"Menu\">\n\t\t\t\t\t\t\t<\/button>\n\t<nav aria-label=\"IA\" itemscope=\"itemscope\" itemtype=\"https:\/\/schema.org\/SiteNavigationElement\">\n\t\t<ul id=\"menu-ai\"><li id=\"menu-item-2607\"><a href=\"https:\/\/gcf.community\/pt\/events\/max7-ai-academy\/\">Academia Max7 AI<\/a><\/li><li id=\"menu-item-2604\"><a href=\"https:\/\/gcf.community\/pt\/events\/max7-ai-academy\/dates-times\/\" aria-current=\"page\">Datas \/ Hor\u00e1rios<\/a><\/li><li id=\"menu-item-2603\"><a href=\"https:\/\/gcf.community\/pt\/events\/max7-ai-academy\/info-updates\/\">Atualiza\u00e7\u00f5es de informa\u00e7\u00f5es<\/a><\/li><li id=\"menu-item-2606\"><a href=\"https:\/\/gcf.community\/pt\/events\/max7-ai-academy\/faqs\/\">Perguntas frequentes<\/a><\/li><li id=\"menu-item-2797\"><a href=\"https:\/\/gcf.community\/pt\/events\/max7-ai-academy\/ai-glossary\/\">Gloss\u00e1rio de IA<\/a><\/li><li id=\"menu-item-2798\"><a href=\"https:\/\/gcf.community\/pt\/events\/max7-ai-academy\/tools\/\">Ferramentas<\/a><\/li><li id=\"menu-item-2796\"><a href=\"https:\/\/gcf.community\/pt\/events\/max7-ai-academy\/ai-manual\/\">Manual de IA<\/a><ul>\t<li id=\"menu-item-2866\"><a href=\"https:\/\/gcf.community\/pt\/events\/max7-ai-academy\/ai-manual\/introduction\/\">Introdu\u00e7\u00e3o<\/a><\/li>\t<li id=\"menu-item-2865\"><a href=\"https:\/\/gcf.community\/pt\/events\/max7-ai-academy\/ai-manual\/what-is-ai\/\">O que \u00e9 IA?<\/a><\/li>\t<li id=\"menu-item-2864\"><a href=\"https:\/\/gcf.community\/pt\/events\/max7-ai-academy\/ai-manual\/ai-and-ministry-leaders\/\">L\u00edderes de IA e Minist\u00e9rio<\/a><\/li>\t<li id=\"menu-item-2863\"><a href=\"https:\/\/gcf.community\/pt\/events\/max7-ai-academy\/ai-manual\/getting-ai-apps-set-up\/\">Como configurar aplicativos de IA<\/a><\/li>\t<li id=\"menu-item-2924\"><a href=\"https:\/\/gcf.community\/pt\/events\/max7-ai-academy\/ai-manual\/types-of-prompts\/\">Tipos de Prompts<\/a><\/li>\t<li id=\"menu-item-2944\"><a href=\"https:\/\/gcf.community\/pt\/events\/max7-ai-academy\/ai-manual\/chatbot-ministry-examples-to-try\/\">Exemplos de minist\u00e9rio de chatbot para experimentar<\/a><\/li><\/ul><\/li><li id=\"menu-item-2795\"><a href=\"https:\/\/gcf.community\/pt\/events\/max7-ai-academy\/videos\/\">V\u00eddeos<\/a><\/li><li id=\"menu-item-2825\"><a href=\"https:\/\/ai-academy.max7.org\/\">Academia de IA no Max7<\/a><\/li><\/ul>\n\t\t\t<\/nav>\n<h1>\n\t\tDatas \/ Hor\u00e1rios\n\t<\/h1>\n\t<p>Voc\u00ea planeja participar das sess\u00f5es do Zoom? Se sim, voc\u00ea precisa se registrar para elas. Clique no bot\u00e3o abaixo para fazer isso. Voc\u00ea s\u00f3 precisa fazer isso uma vez, e isso garante sua participa\u00e7\u00e3o em qualquer uma das sess\u00f5es do Zoom que desejar.<\/p>\n\t<a href=\"https:\/\/us02web.zoom.us\/meeting\/register\/tZEvceGtqz4qG9W2MJODRe7PPmCTlWHeM3CD#\/registration\" target=\"_blank\" role=\"button\" rel=\"noopener\" aria-label=\"Inscreva-se para sess\u00f5es do Zoom\">\n\t\t\t\t\t\tInscreva-se para sess\u00f5es do Zoom\n\t\t\t\t\t<\/a>\n\t<p>Clique nos links abaixo para ver o hor\u00e1rio de cada reuni\u00e3o do Zoom no seu fuso hor\u00e1rio local. Voc\u00ea pode clicar em &#039;<strong>Adicionar ao calend\u00e1rio<\/strong>&#039; para adicionar cada reuni\u00e3o que voc\u00ea deseja participar<\/p>\n<p>Observe que o link &#039;Adicionar ao calend\u00e1rio&#039; no e-mail de confirma\u00e7\u00e3o de inscri\u00e7\u00e3o do Zoom que voc\u00ea receber\u00e1, <strong>pode n\u00e3o adicionar as reuni\u00f5es nos momentos certos<\/strong>. Por favor, use os links <strong>abaixo<\/strong> para adicionar essas reuni\u00f5es ao seu calend\u00e1rio.<\/p>\n<p>Observe que muitas partes do mundo mudar\u00e3o seus rel\u00f3gios em algum momento ao longo dos pr\u00f3ximos meses.<\/p>\n<p>Aten\u00e7\u00e3o: estamos em execu\u00e7\u00e3o <strong>cinco<\/strong> Sess\u00f5es de Zoom \u2013 uma vez por semana, durante cinco semanas. Haver\u00e1 uma repeti\u00e7\u00e3o de cada sess\u00e3o de Zoom 12 horas depois. A cada semana, a chamada das 22h (GMT\/UTC) \u00e9 uma repeti\u00e7\u00e3o da chamada das 10h (GMT\/UTC). Basta escolher uma das duas chamadas do dia \u2013 a que for melhor para o seu fuso hor\u00e1rio. <strong>Voc\u00ea n\u00e3o precisa participar de duas chamadas do Zoom na mesma semana<\/strong>.<\/p>\n<h4>Quinta-feira, 24 de outubro<\/h4>\n<ul>\n<li>10h (GMT\/UTC) <a href=\"https:\/\/www.timeanddate.com\/worldclock\/fixedtime.html?msg=AI+Academy+Session+1A+%2810am+UTC%29&amp;iso=20241024T10&amp;p1=1440&amp;ah=2\" target=\"_blank\" rel=\"noopener\">Veja a hora no seu fuso hor\u00e1rio<\/a> | <a href=\"https:\/\/gcf.community\/wp-content\/uploads\/2024\/10\/AI-Academy-Session-1A-10am-UTC.ics\" target=\"_blank\" rel=\"noopener\">Adicionar ao calend\u00e1rio<\/a><\/li>\n<li>22h (GMT\/UTC) <a href=\"https:\/\/www.timeanddate.com\/worldclock\/fixedtime.html?msg=AI+Academy+Session+1B+%2810pm+UTC%29&amp;iso=20241024T22&amp;p1=1440&amp;ah=2\" target=\"_blank\" rel=\"noopener\">Veja a hora no seu fuso hor\u00e1rio<\/a> | <a href=\"https:\/\/gcf.community\/wp-content\/uploads\/2024\/10\/AI-Academy-Session-1B-10pm-UTC.ics\" target=\"_blank\" rel=\"noopener\">Adicionar ao calend\u00e1rio<\/a><\/li>\n<\/ul>\n<h4>Quinta-feira, 31 de outubro<\/h4>\n<ul>\n<li>10h (GMT\/UTC) <a href=\"https:\/\/www.timeanddate.com\/worldclock\/fixedtime.html?msg=AI+Academy+Session+2A+%2810am+UTC%29&amp;iso=20241031T10&amp;p1=1440&amp;ah=2\" target=\"_blank\" rel=\"noopener\">Veja a hora no seu fuso hor\u00e1rio<\/a> | <a href=\"https:\/\/gcf.community\/wp-content\/uploads\/2024\/10\/AI-Academy-Session-2A-10am-UTC.ics\" target=\"_blank\" rel=\"noopener\">Adicionar ao calend\u00e1rio<\/a><\/li>\n<li>22h (GMT\/UTC) <a href=\"https:\/\/www.timeanddate.com\/worldclock\/fixedtime.html?msg=AI+Academy+Session+2B+%2810pm+UTC%29&amp;iso=20241031T22&amp;p1=1440&amp;ah=2\" target=\"_blank\" rel=\"noopener\">Veja a hora no seu fuso hor\u00e1rio<\/a> | <a href=\"https:\/\/gcf.community\/wp-content\/uploads\/2024\/10\/AI-Academy-Session-2B-10pm-UTC.ics\" target=\"_blank\" rel=\"noopener\">Adicionar ao calend\u00e1rio<\/a><\/li>\n<\/ul>\n<h4>Quinta-feira, 7 de novembro<\/h4>\n<ul>\n<li>10h (GMT\/UTC) <a href=\"https:\/\/www.timeanddate.com\/worldclock\/fixedtime.html?msg=AI+Academy+Session+3A+%2810am+UTC%29&amp;iso=20241107T10&amp;p1=1440&amp;ah=2\" target=\"_blank\" rel=\"noopener\">Veja a hora no seu fuso hor\u00e1rio<\/a> | <a href=\"https:\/\/gcf.community\/wp-content\/uploads\/2024\/10\/AI-Academy-Session-3A-10am-UTC.ics\" target=\"_blank\" rel=\"noopener\">Adicionar ao calend\u00e1rio<\/a><\/li>\n<li>22h (GMT\/UTC) <a href=\"https:\/\/www.timeanddate.com\/worldclock\/fixedtime.html?msg=AI+Academy+Session+3B+%2810pm+UTC%29&amp;iso=20241107T22&amp;p1=1440&amp;ah=2\" target=\"_blank\" rel=\"noopener\">Veja a hora no seu fuso hor\u00e1rio<\/a> | <a href=\"https:\/\/gcf.community\/wp-content\/uploads\/2024\/10\/AI-Academy-Session-3B-10pm-UTC.ics\" target=\"_blank\" rel=\"noopener\">Adicionar ao calend\u00e1rio<\/a><\/li>\n<\/ul>\n<h4>Quinta-feira, 14 de novembro<\/h4>\n<ul>\n<li>10h (GMT\/UTC) <a href=\"https:\/\/www.timeanddate.com\/worldclock\/fixedtime.html?msg=AI+Academy+Session+4A+%2810am+UTC%29&amp;iso=20241114T10&amp;p1=1440&amp;ah=2\" target=\"_blank\" rel=\"noopener\">Veja a hora no seu fuso hor\u00e1rio<\/a> | <a href=\"https:\/\/gcf.community\/wp-content\/uploads\/2024\/10\/AI-Academy-Session-4A-10am-UTC.ics\" target=\"_blank\" rel=\"noopener\">Adicionar ao calend\u00e1rio<\/a><\/li>\n<li>22h (GMT\/UTC) <a href=\"https:\/\/www.timeanddate.com\/worldclock\/fixedtime.html?msg=AI+Academy+Session+4B+%2810pm+UTC%29&amp;iso=20241114T22&amp;p1=1440&amp;ah=2\" target=\"_blank\" rel=\"noopener\">Veja a hora no seu fuso hor\u00e1rio<\/a> | <a href=\"https:\/\/gcf.community\/wp-content\/uploads\/2024\/10\/AI-Academy-Session-4B-10pm-UTC.ics\" target=\"_blank\" rel=\"noopener\">Adicionar ao calend\u00e1rio<\/a><\/li>\n<\/ul>\n<h4>Quinta-feira, 21 de novembro<\/h4>\n<ul>\n<li>10h (GMT\/UTC) <a href=\"https:\/\/www.timeanddate.com\/worldclock\/fixedtime.html?msg=AI+Academy+Session+5A+%2810am+UTC%29&amp;iso=20241121T10&amp;p1=1440&amp;ah=2\" target=\"_blank\" rel=\"noopener\">Veja a hora no seu fuso hor\u00e1rio<\/a> | <a href=\"https:\/\/gcf.community\/wp-content\/uploads\/2024\/10\/AI-Academy-Session-5A-10am-UTC.ics\" target=\"_blank\" rel=\"noopener\">Adicionar ao calend\u00e1rio<\/a><\/li>\n<li>22h (GMT\/UTC) <a href=\"https:\/\/www.timeanddate.com\/worldclock\/fixedtime.html?msg=AI+Academy+Session+5B+%2810pm+UTC%29&amp;iso=20241121T22&amp;p1=1440&amp;ah=2\" target=\"_blank\" rel=\"noopener\">Veja a hora no seu fuso hor\u00e1rio<\/a> | <a href=\"https:\/\/gcf.community\/wp-content\/uploads\/2024\/10\/AI-Academy-Session-5B-10pm-UTC.ics\" target=\"_blank\" rel=\"noopener\">Adicionar ao calend\u00e1rio<\/a><\/li>\n<\/ul>\n<h2>\n\t\tTempo at\u00e9 a pr\u00f3xima chamada do Zoom\n\t<\/h2>\n\t\t\t\tDia Hora Minuto Segundo","protected":false},"excerpt":{"rendered":"<p>Academia de IA Max7 Datas\/Hor\u00e1rios Informa\u00e7\u00f5es Atualiza\u00e7\u00f5es Perguntas Frequentes Gloss\u00e1rio de IA Ferramentas Manual de IA Introdu\u00e7\u00e3o O que \u00e9 IA? IA e L\u00edderes Ministeriais Como Configurar Aplicativos de IA Tipos de Prompts Exemplos de chatbots ministeriais para experimentar V\u00eddeos Academia de IA no Max7 Datas\/Hor\u00e1rios Voc\u00ea planeja participar das sess\u00f5es do Zoom? Se sim, voc\u00ea deve... <a title=\"Datas \/ Hor\u00e1rios\" class=\"read-more\" href=\"https:\/\/gcf.community\/pt\/events\/max7-ai-academy\/dates-times\/\" aria-label=\"Leia mais sobre Datas \/ Hor\u00e1rios\">Ler mais<\/a><\/p>","protected":false},"author":1,"featured_media":0,"parent":2379,"menu_order":0,"comment_status":"closed","ping_status":"closed","template":"","meta":{"_acf_changed":false,"_seopress_robots_primary_cat":"","_seopress_titles_title":"","_seopress_titles_desc":"","_seopress_robots_index":"","footnotes":"","_links_to":"","_links_to_target":""},"categories":[],"class_list":["post-2426","page","type-page","status-publish"],"acf":[],"_links":{"self":[{"href":"https:\/\/gcf.community\/pt\/wp-json\/wp\/v2\/pages\/2426","targetHints":{"allow":["GET"]}}],"collection":[{"href":"https:\/\/gcf.community\/pt\/wp-json\/wp\/v2\/pages"}],"about":[{"href":"https:\/\/gcf.community\/pt\/wp-json\/wp\/v2\/types\/page"}],"author":[{"embeddable":true,"href":"https:\/\/gcf.community\/pt\/wp-json\/wp\/v2\/users\/1"}],"replies":[{"embeddable":true,"href":"https:\/\/gcf.community\/pt\/wp-json\/wp\/v2\/comments?post=2426"}],"version-history":[{"count":8,"href":"https:\/\/gcf.community\/pt\/wp-json\/wp\/v2\/pages\/2426\/revisions"}],"predecessor-version":[{"id":2987,"href":"https:\/\/gcf.community\/pt\/wp-json\/wp\/v2\/pages\/2426\/revisions\/2987"}],"up":[{"embeddable":true,"href":"https:\/\/gcf.community\/pt\/wp-json\/wp\/v2\/pages\/2379"}],"wp:attachment":[{"href":"https:\/\/gcf.community\/pt\/wp-json\/wp\/v2\/media?parent=2426"}],"wp:term":[{"taxonomy":"category","embeddable":true,"href":"https:\/\/gcf.community\/pt\/wp-json\/wp\/v2\/categories?post=2426"}],"curies":[{"name":"wp","href":"https:\/\/api.w.org\/{rel}","templated":true}]}}