{"id":2379,"date":"2024-08-22T16:33:00","date_gmt":"2024-08-22T15:33:00","guid":{"rendered":"https:\/\/gcf.community\/?page_id=2379"},"modified":"2026-02-05T19:57:28","modified_gmt":"2026-02-05T19:57:28","slug":"max7-ai-academy","status":"publish","type":"page","link":"https:\/\/gcf.community\/pt\/events\/max7-ai-academy\/","title":{"rendered":"Academia Max7 AI"},"content":{"rendered":"<button tabindex=\"0\" aria-label=\"Menu\" aria-expanded=\"false\">\n\t\t\t\t\t\t\t<\/button>\n\t<nav aria-label=\"Menu\" itemscope=\"itemscope\" itemtype=\"https:\/\/schema.org\/SiteNavigationElement\">\n\t\t<ul id=\"menu-ai\"><li id=\"menu-item-2607\"><a href=\"https:\/\/gcf.community\/pt\/events\/max7-ai-academy\/\" aria-current=\"page\">Academia Max7 AI<\/a><\/li><li id=\"menu-item-2606\"><a href=\"https:\/\/gcf.community\/pt\/events\/max7-ai-academy\/faqs\/\">Perguntas frequentes<\/a><\/li><li id=\"menu-item-2797\"><a href=\"https:\/\/gcf.community\/pt\/events\/max7-ai-academy\/ai-glossary\/\">Gloss\u00e1rio de IA<\/a><\/li><li id=\"menu-item-2798\"><a href=\"https:\/\/gcf.community\/pt\/events\/max7-ai-academy\/tools\/\">Ferramentas<\/a><\/li><li id=\"menu-item-2796\"><a href=\"https:\/\/gcf.community\/pt\/events\/max7-ai-academy\/ai-manual\/\">Manual de IA<\/a><ul>\t<li id=\"menu-item-2866\"><a href=\"https:\/\/gcf.community\/pt\/events\/max7-ai-academy\/ai-manual\/introduction\/\">Introdu\u00e7\u00e3o<\/a><\/li>\t<li id=\"menu-item-2865\"><a href=\"https:\/\/gcf.community\/pt\/events\/max7-ai-academy\/ai-manual\/what-is-ai\/\">O que \u00e9 IA?<\/a><\/li>\t<li id=\"menu-item-2864\"><a href=\"https:\/\/gcf.community\/pt\/events\/max7-ai-academy\/ai-manual\/ai-and-ministry-leaders\/\">L\u00edderes de IA e Minist\u00e9rio<\/a><\/li>\t<li id=\"menu-item-2863\"><a href=\"https:\/\/gcf.community\/pt\/events\/max7-ai-academy\/ai-manual\/getting-ai-apps-set-up\/\">Como configurar aplicativos de IA<\/a><\/li>\t<li id=\"menu-item-2924\"><a href=\"https:\/\/gcf.community\/pt\/events\/max7-ai-academy\/ai-manual\/types-of-prompts\/\">Tipos de Prompts<\/a><\/li>\t<li id=\"menu-item-2944\"><a href=\"https:\/\/gcf.community\/pt\/events\/max7-ai-academy\/ai-manual\/chatbot-ministry-examples-to-try\/\">Exemplos de minist\u00e9rio de chatbot para experimentar<\/a><\/li><\/ul><\/li><li id=\"menu-item-2795\"><a href=\"https:\/\/gcf.community\/pt\/events\/max7-ai-academy\/videos\/\">V\u00eddeos<\/a><\/li><li id=\"menu-item-2825\"><a href=\"https:\/\/ai-academy.max7.org\/en\/library\/ai-academy\">Academia de IA no Max7<\/a><\/li><\/ul>\t<\/nav>\n<h1>\n\t\t\tAcademia Max7 AI\t<\/h1>\n\t<iframe allowfullscreen allow=\"autoplay\" data-src=\"https:\/\/www.youtube.com\/embed\/3F_9QiHMYUQ?feature=oembed&amp;start&amp;end&amp;wmode=opaque&amp;loop=0&amp;controls=1&amp;mute=0&amp;rel=0&amp;modestbranding=0\"><\/iframe>\t\t\n\t\t\t\t\tReproduzir v\u00eddeo\n\t<p><img loading=\"lazy\" decoding=\"async\" src=\"https:\/\/gcf.community\/wp-content\/uploads\/2024\/08\/Max7-AI-Academy-logo-v2-236x300.png\" alt=\"\" width=\"236\" height=\"300\" \/>A Max7 AI Academy \u00e9 uma oportunidade de aprender as \u00faltimas novidades sobre ferramentas de IA com l\u00edderes de minist\u00e9rios globais que as usam todos os dias. Esta Academia tem como objetivo ser uma experi\u00eancia de aprendizado pr\u00e1tico de \u00faltima hora no uso de chatbots de IA, arte e m\u00fasica generativas, v\u00eddeo e anima\u00e7\u00e3o de IA. Ela tamb\u00e9m se baseia nas habilidades e no \u00edmpeto da equipe de m\u00eddia e anima\u00e7\u00e3o por tr\u00e1s do Max7.org e nas anima\u00e7\u00f5es do Max7 vistas por dezenas de milh\u00f5es de pessoas. A Academia se baseia em d\u00e9cadas de experi\u00eancia em desenvolvimento de m\u00eddia pr\u00e9-IA.<\/p>\n<p>Se voc\u00ea tem paix\u00e3o por servir a Jesus, est\u00e1 pronto para expandir sua criatividade humana dada por Deus e para aproveitar a mais recente tecnologia de IA, ent\u00e3o participe!<\/p>\n<h2>Quem?<\/h2>\n<p>Isto \u00e9 para qualquer pessoa de qualquer idade que queira criar ferramentas de minist\u00e9rio para sua igreja, fam\u00edlia, escola ou organiza\u00e7\u00e3o. Leia abaixo sobre as tr\u00eas maneiras de se envolver e o que \u00e9 necess\u00e1rio.<\/p>\n<h2>Quanto?<\/h2>\n<p>O treinamento oferecido vale milhares de d\u00f3lares. Podemos oferec\u00ea-lo gratuitamente \u00e0queles que desejam participar integralmente e que o usar\u00e3o para servir ao Reino de Jesus.<\/p>\n<h2>O que voc\u00ea aprender\u00e1?<\/h2>\n<p>O treinamento abrange:<\/p>\n<p><strong>Criatividade humana<\/strong> \u2013 Acreditamos que a IA exige mais criatividade humana, e n\u00e3o menos! Uma parte importante desta Academia de IA \u00e9 desenvolver suas habilidades criativas e usar a criatividade a servi\u00e7o de Jesus. \u00c0 medida que utilizamos as tecnologias mais recentes, nos inspiraremos em Jesus e na B\u00edblia.<\/p>\n<p><strong>Habilidades de m\u00eddia humana<\/strong> &#8211; we look at storytelling, comedy, animation principles and other media skills that will be invaluable as you use AI tools.<\/p>\n<p><strong>Chatbots de IA<\/strong> \u2013 m\u00e9todos simples e avan\u00e7ados de cria\u00e7\u00e3o de conte\u00fado. O objetivo \u00e9 ajudar voc\u00ea a criar uma ferramenta ministerial para usar e compartilhar. Curr\u00edculos e li\u00e7\u00f5es, roteiros, materiais de treinamento, jogos, etc.<\/p>\n<p><strong>V\u00eddeo e anima\u00e7\u00e3o de IA<\/strong> \u2013 como criar v\u00eddeos usando as mais recentes ferramentas de v\u00eddeo com IA. O objetivo \u00e9 conseguir criar um v\u00eddeo ou anima\u00e7\u00e3o b\u00edblica, ou contar uma hist\u00f3ria que ajude no seu minist\u00e9rio. Como aproveitar diferentes estilos visuais, movimentos de c\u00e2mera, t\u00e9cnicas de narrativa visual, etc.<\/p>\n<p><strong>M\u00fasica IA<\/strong> \u2013 como criar m\u00fasicas e m\u00fasicas instrumentais para seu minist\u00e9rio, para seus v\u00eddeos e muito mais.<\/p>\n<h2>Quem est\u00e1 organizando isso?<\/h2>\n<p>This AI Academy is hosted by the leadership teams of GO Play, the Global Children&#8217;s Forum, Generous Generations, the sports movement, Families on Mission and Max7.org. These are all global Kingdom-minded movements who love and follow Jesus and believe the Bible is God&#8217;s Word for the world.<\/p>\n<figure itemscope itemtype=\"https:\/\/schema.org\/ImageObject\">\n\t\t\t\t<img decoding=\"async\" src=\"https:\/\/gcf.community\/wp-content\/uploads\/2024\/10\/goplay-500.png\" alt=\"goplay 500\" height=\"500\" width=\"500\" title=\"v\u00e1 jogar 500\" onerror=\"this.style.display='none'\" loading=\"lazy\" \/>\n\t<\/figure>\n<figure itemscope itemtype=\"https:\/\/schema.org\/ImageObject\">\n\t\t\t\t<img decoding=\"async\" src=\"https:\/\/gcf.community\/wp-content\/uploads\/2024\/10\/GCF-500.png\" alt=\"GCF 500\" height=\"500\" width=\"500\" title=\"MDC 500\" onerror=\"this.style.display='none'\" loading=\"lazy\" \/>\n\t<\/figure>\n<figure itemscope itemtype=\"https:\/\/schema.org\/ImageObject\">\n\t\t\t\t<img decoding=\"async\" src=\"https:\/\/gcf.community\/wp-content\/uploads\/2024\/10\/rsg-500.png\" alt=\"rsg 500\" height=\"500\" width=\"500\" title=\"rsg 500\" onerror=\"this.style.display='none'\" loading=\"lazy\" \/>\n\t<\/figure>\n<figure itemscope itemtype=\"https:\/\/schema.org\/ImageObject\">\n\t\t\t\t<img decoding=\"async\" src=\"https:\/\/gcf.community\/wp-content\/uploads\/2024\/10\/fom-500.jpg\" alt=\"Community people, social community, human family logo abstract d\" height=\"500\" width=\"500\" title=\"Pessoas da comunidade, comunidade social, logotipo da fam\u00edlia humana abstrato d\" onerror=\"this.style.display='none'\" loading=\"lazy\" \/>\n\t<\/figure>\n<figure itemscope itemtype=\"https:\/\/schema.org\/ImageObject\">\n\t\t\t\t<img decoding=\"async\" src=\"https:\/\/gcf.community\/wp-content\/uploads\/2024\/10\/max7-500.jpg\" alt=\"max7 500\" height=\"500\" width=\"500\" title=\"m\u00e1x. 7 500\" onerror=\"this.style.display='none'\" loading=\"lazy\" \/>\n\t<\/figure>\n<figure itemscope itemtype=\"https:\/\/schema.org\/ImageObject\">\n\t\t\t\t<img decoding=\"async\" src=\"https:\/\/gcf.community\/wp-content\/uploads\/2024\/10\/GG-500.jpg\" alt=\"GG 500\" height=\"500\" width=\"500\" title=\"GG 500\" onerror=\"this.style.display='none'\" loading=\"lazy\" \/>\n\t<\/figure>\n<figure itemscope itemtype=\"https:\/\/schema.org\/ImageObject\">\n\t\t\t\t<img decoding=\"async\" src=\"https:\/\/gcf.community\/wp-content\/uploads\/2024\/10\/414-500.jpg\" alt=\"414 500\" height=\"500\" width=\"500\" title=\"414 500\" onerror=\"this.style.display='none'\" loading=\"lazy\" \/>\n\t<\/figure>\n<figure itemscope itemtype=\"https:\/\/schema.org\/ImageObject\">\n\t\t\t\t<img decoding=\"async\" src=\"https:\/\/gcf.community\/wp-content\/uploads\/2024\/10\/wea-500.jpg\" alt=\"wea 500\" height=\"500\" width=\"500\" title=\"n\u00f3s 500\" onerror=\"this.style.display='none'\" loading=\"lazy\" \/>\n\t<\/figure>","protected":false},"excerpt":{"rendered":"<p>Max7 AI Academy FAQs AI Glossary Tools AI Manual Introduction What is AI? AI and Ministry Leaders Getting AI Apps Set Up Types of Prompts Chatbot ministry examples to try Videos AI Academy on Max7 Max7 AI Academy Play Video The Max7 AI Academy is an opportunity to learn the latest about AI tools from &#8230; <a title=\"Academia Max7 AI\" class=\"read-more\" href=\"https:\/\/gcf.community\/pt\/events\/max7-ai-academy\/\" aria-label=\"Leia mais sobre Max7 AI Academy\">Ler mais<\/a><\/p>","protected":false},"author":1,"featured_media":0,"parent":629,"menu_order":0,"comment_status":"closed","ping_status":"closed","template":"","meta":{"_acf_changed":false,"_seopress_robots_primary_cat":"","_seopress_titles_title":"","_seopress_titles_desc":"","_seopress_robots_index":"","footnotes":"","_links_to":"","_links_to_target":""},"categories":[],"class_list":["post-2379","page","type-page","status-publish"],"acf":[],"_links":{"self":[{"href":"https:\/\/gcf.community\/pt\/wp-json\/wp\/v2\/pages\/2379","targetHints":{"allow":["GET"]}}],"collection":[{"href":"https:\/\/gcf.community\/pt\/wp-json\/wp\/v2\/pages"}],"about":[{"href":"https:\/\/gcf.community\/pt\/wp-json\/wp\/v2\/types\/page"}],"author":[{"embeddable":true,"href":"https:\/\/gcf.community\/pt\/wp-json\/wp\/v2\/users\/1"}],"replies":[{"embeddable":true,"href":"https:\/\/gcf.community\/pt\/wp-json\/wp\/v2\/comments?post=2379"}],"version-history":[{"count":11,"href":"https:\/\/gcf.community\/pt\/wp-json\/wp\/v2\/pages\/2379\/revisions"}],"predecessor-version":[{"id":3206,"href":"https:\/\/gcf.community\/pt\/wp-json\/wp\/v2\/pages\/2379\/revisions\/3206"}],"up":[{"embeddable":true,"href":"https:\/\/gcf.community\/pt\/wp-json\/wp\/v2\/pages\/629"}],"wp:attachment":[{"href":"https:\/\/gcf.community\/pt\/wp-json\/wp\/v2\/media?parent=2379"}],"wp:term":[{"taxonomy":"category","embeddable":true,"href":"https:\/\/gcf.community\/pt\/wp-json\/wp\/v2\/categories?post=2379"}],"curies":[{"name":"wp","href":"https:\/\/api.w.org\/{rel}","templated":true}]}}