{"id":2337,"date":"2023-11-13T12:40:29","date_gmt":"2023-11-13T12:40:29","guid":{"rendered":"https:\/\/gcf.community\/?page_id=2337"},"modified":"2023-11-13T13:38:19","modified_gmt":"2023-11-13T13:38:19","slug":"work-team-feedback","status":"publish","type":"page","link":"https:\/\/gcf.community\/pt\/events\/ethiopia2023\/work-team-feedback\/","title":{"rendered":"Work Team Feedback"},"content":{"rendered":"<h1>\n\t\tGCF Eti\u00f3pia 2023\n\t<\/h1>\n<h2>\n\t\tFeedback das equipes de trabalho\n\t<\/h2>\n\t<p>Use o formul\u00e1rio abaixo para fornecer feedback sobre o tempo que voc\u00eas passaram juntos como um grupo de trabalho no GCF Eti\u00f3pia.<\/p>\n\t<form action=\"https:\/\/gcf.community\/pt\/wp-json\/ws-form\/v1\/submit\" class=\"wsf-form wsf-form-canvas\" id=\"ws-form-1\" data-id=\"39\" method=\"POST\" data-instance-id=\"1\" data-wsf-style-id=\"1\" data-trp-original-action=\"https:\/\/gcf.community\/pt\/wp-json\/ws-form\/v1\/submit\"><input type=\"hidden\" name=\"trp-form-language\" value=\"pt\"\/><\/form>","protected":false},"excerpt":{"rendered":"<p>GCF Ethiopia 2023 Working Teams Feedback Please use the form below to provide feedback on the time you spent together as a working group at GCF Ethiopia.<\/p>","protected":false},"author":1,"featured_media":0,"parent":1574,"menu_order":0,"comment_status":"closed","ping_status":"closed","template":"","meta":{"_acf_changed":false,"_seopress_robots_primary_cat":"","_seopress_titles_title":"","_seopress_titles_desc":"","_seopress_robots_index":"","footnotes":"","_links_to":"","_links_to_target":""},"categories":[],"class_list":["post-2337","page","type-page","status-publish"],"acf":[],"_links":{"self":[{"href":"https:\/\/gcf.community\/pt\/wp-json\/wp\/v2\/pages\/2337","targetHints":{"allow":["GET"]}}],"collection":[{"href":"https:\/\/gcf.community\/pt\/wp-json\/wp\/v2\/pages"}],"about":[{"href":"https:\/\/gcf.community\/pt\/wp-json\/wp\/v2\/types\/page"}],"author":[{"embeddable":true,"href":"https:\/\/gcf.community\/pt\/wp-json\/wp\/v2\/users\/1"}],"replies":[{"embeddable":true,"href":"https:\/\/gcf.community\/pt\/wp-json\/wp\/v2\/comments?post=2337"}],"version-history":[{"count":4,"href":"https:\/\/gcf.community\/pt\/wp-json\/wp\/v2\/pages\/2337\/revisions"}],"predecessor-version":[{"id":2344,"href":"https:\/\/gcf.community\/pt\/wp-json\/wp\/v2\/pages\/2337\/revisions\/2344"}],"up":[{"embeddable":true,"href":"https:\/\/gcf.community\/pt\/wp-json\/wp\/v2\/pages\/1574"}],"wp:attachment":[{"href":"https:\/\/gcf.community\/pt\/wp-json\/wp\/v2\/media?parent=2337"}],"wp:term":[{"taxonomy":"category","embeddable":true,"href":"https:\/\/gcf.community\/pt\/wp-json\/wp\/v2\/categories?post=2337"}],"curies":[{"name":"wp","href":"https:\/\/api.w.org\/{rel}","templated":true}]}}