{"id":2303,"date":"2023-10-27T09:37:44","date_gmt":"2023-10-27T08:37:44","guid":{"rendered":"https:\/\/gcf.community\/?page_id=2303"},"modified":"2023-11-02T10:51:42","modified_gmt":"2023-11-02T10:51:42","slug":"program","status":"publish","type":"page","link":"https:\/\/gcf.community\/pt\/events\/ethiopia2023\/program\/","title":{"rendered":"Programa"},"content":{"rendered":"<h1>\n\t\tGCF Eti\u00f3pia 2023\n\t<\/h1>\n\t\t\t<button tabindex=\"0\" aria-label=\"Menu\">\n\t\t\t\t\t\t\t<\/button>\n\t<nav aria-label=\"Eti\u00f3pia\" itemscope=\"itemscope\" itemtype=\"https:\/\/schema.org\/SiteNavigationElement\">\n\t\t<ul id=\"menu-ethiopia\"><li id=\"menu-item-1790\"><a href=\"https:\/\/gcf.community\/pt\/events\/ethiopia2023\/registration\/\">Registro<\/a><\/li><li id=\"menu-item-2277\"><a href=\"https:\/\/gcf.community\/pt\/events\/ethiopia2023\/confirmation\/\">Confirma\u00e7\u00e3o<\/a><\/li><li id=\"menu-item-1797\"><a href=\"https:\/\/gcf.community\/pt\/events\/ethiopia2023\/payment\/\">Pagamento<\/a><\/li><li id=\"menu-item-2310\"><a href=\"https:\/\/gcf.community\/pt\/events\/ethiopia2023\/program\/\" aria-current=\"page\">Programa<\/a><\/li><li id=\"menu-item-2292\"><a href=\"https:\/\/gcf.community\/pt\/events\/ethiopia2023\/important-messages\/\">Mensagens importantes<\/a><\/li><\/ul>\n\t\t\t<\/nav>\n<h2>\n\t\tPrograma\n\t<\/h2>\n\t<p>Veja abaixo o programa de nossas reuni\u00f5es em Adis Abeba.<\/p>\n<p>Voc\u00ea pode visualizar, baixar ou imprimir o programa abaixo.<\/p>\n<p>Se voc\u00ea comparecer pessoalmente ao nosso evento, receber\u00e1 uma c\u00f3pia impressa na chegada.<\/p>\n<h3>\n\t\tPrograma para o Fundo Verde para o Clima de Adis Abeba 2023\n\t<\/h3>\n\t        <div class=\"embedpress-document-embed ose-document ep-doc-d7fcf3f3b136871a304a78937b86779c\" style=\"width: 730px; height: 450px;; max-width:100%; display: block\">\n                                    <iframe title=\"Livreto Addis 2023 (v7 final baixa resolu\u00e7\u00e3o)\" allowfullscreen=\"true\" mozallowfullscreen=\"true\" webkitallowfullscreen=\"true\" style=\"width: 730px; height: 450px;; max-width:100%; display: inline-block\" data-emsrc=\"https:\/\/gcf.community\/wp-content\/uploads\/2023\/10\/Addis-2023-Booklet-v7-final-low-res.pdf\" data-emid=\"embedpress-pdf-shortcode\" class=\"embedpress-embed-document-pdf embedpress-pdf-shortcode\" src=\"https:\/\/gcf.community\/wp-admin\/admin-ajax.php?action=get_viewer&#038;file=https%3A%2F%2Fgcf.community%2Fwp-content%2Fuploads%2F2023%2F10%2FAddis-2023-Booklet-v7-final-low-res.pdf#key=dGhlbWVNb2RlPWRlZmF1bHQmdG9vbGJhcj10cnVlJmxhenlMb2FkPWZhbHNlJnBvc2l0aW9uPXRvcCZwcmVzZW50YXRpb249dHJ1ZSZkb3dubG9hZD10cnVlJmNvcHlfdGV4dD10cnVlJmFkZF90ZXh0PXRydWUmZHJhdz10cnVlJmRvY19yb3RhdGlvbj10cnVlJmFkZF9pbWFnZT10cnVlJmRvY19kZXRhaWxzPXRydWUmc2VsZWN0aW9uX3Rvb2w9MCZzY3JvbGxpbmc9LTEmc3ByZWFkcz0tMSZ6b29tX2luPXRydWUmem9vbV9vdXQ9dHJ1ZSZmaXRfdmlldz10cnVlJmJvb2ttYXJrPXRydWUmc291bmQ9dHJ1ZSZmbGlwYm9va190b29sYmFyX3Bvc2l0aW9uPWJvdHRvbSZwYWdlTnVtYmVyPTEmd2F0ZXJtYXJrX3RleHQ9JndhdGVybWFya19mb250X3NpemU9NDgmd2F0ZXJtYXJrX2NvbG9yPSUyMzAwMDAwMCZ3YXRlcm1hcmtfb3BhY2l0eT0xNSZ3YXRlcm1hcmtfc3R5bGU9Y2VudGVy\" frameborder=\"0\">\n                        <\/iframe>\n                            <\/div>\n\n\n\t<a href=\"https:\/\/gcf.community\/wp-content\/uploads\/2023\/10\/Addis-2023-Booklet-v7-final-low-res.pdf\" target=\"_self\" role=\"button\" download=\"Addis-2023-Booklet-v7-final-low-res.pdf\" aria-label=\"Baixar programa\" rel=\"noopener\">\n\t\t\t\t\t\tBaixar programa\n\t\t\t\t\t<\/a>","protected":false},"excerpt":{"rendered":"<p>Confirma\u00e7\u00e3o de Inscri\u00e7\u00e3o para o GCF Eti\u00f3pia 2023 Pagamento Programa Mensagens importantes Programa Veja abaixo o programa dos nossos encontros em Adis Abeba. Voc\u00ea pode visualizar, baixar ou imprimir o programa abaixo. Se voc\u00ea for participar pessoalmente do nosso evento, receber\u00e1 uma c\u00f3pia impressa na chegada. Programa para o GCF Adis Abeba 2023 Baixar\u2026 <a title=\"Programa\" class=\"read-more\" href=\"https:\/\/gcf.community\/pt\/events\/ethiopia2023\/program\/\" aria-label=\"Leia mais sobre Programa\">Ler mais<\/a><\/p>","protected":false},"author":1,"featured_media":0,"parent":1574,"menu_order":0,"comment_status":"closed","ping_status":"closed","template":"","meta":{"_acf_changed":false,"_seopress_robots_primary_cat":"","_seopress_titles_title":"","_seopress_titles_desc":"","_seopress_robots_index":"","footnotes":"","_links_to":"","_links_to_target":""},"categories":[],"class_list":["post-2303","page","type-page","status-publish"],"acf":[],"_links":{"self":[{"href":"https:\/\/gcf.community\/pt\/wp-json\/wp\/v2\/pages\/2303","targetHints":{"allow":["GET"]}}],"collection":[{"href":"https:\/\/gcf.community\/pt\/wp-json\/wp\/v2\/pages"}],"about":[{"href":"https:\/\/gcf.community\/pt\/wp-json\/wp\/v2\/types\/page"}],"author":[{"embeddable":true,"href":"https:\/\/gcf.community\/pt\/wp-json\/wp\/v2\/users\/1"}],"replies":[{"embeddable":true,"href":"https:\/\/gcf.community\/pt\/wp-json\/wp\/v2\/comments?post=2303"}],"version-history":[{"count":4,"href":"https:\/\/gcf.community\/pt\/wp-json\/wp\/v2\/pages\/2303\/revisions"}],"predecessor-version":[{"id":2315,"href":"https:\/\/gcf.community\/pt\/wp-json\/wp\/v2\/pages\/2303\/revisions\/2315"}],"up":[{"embeddable":true,"href":"https:\/\/gcf.community\/pt\/wp-json\/wp\/v2\/pages\/1574"}],"wp:attachment":[{"href":"https:\/\/gcf.community\/pt\/wp-json\/wp\/v2\/media?parent=2303"}],"wp:term":[{"taxonomy":"category","embeddable":true,"href":"https:\/\/gcf.community\/pt\/wp-json\/wp\/v2\/categories?post=2303"}],"curies":[{"name":"wp","href":"https:\/\/api.w.org\/{rel}","templated":true}]}}