{"id":2283,"date":"2023-10-19T07:47:26","date_gmt":"2023-10-19T06:47:26","guid":{"rendered":"https:\/\/gcf.community\/?page_id=2283"},"modified":"2023-11-02T11:14:09","modified_gmt":"2023-11-02T11:14:09","slug":"faq","status":"publish","type":"page","link":"https:\/\/gcf.community\/pt\/events\/ethiopia2023\/faq\/","title":{"rendered":"Perguntas frequentes"},"content":{"rendered":"<h1>\n\t\tGCF Eti\u00f3pia 2023\n\t<\/h1>\n\t\t\t<button tabindex=\"0\" aria-label=\"Menu\">\n\t\t\t\t\t\t\t<\/button>\n\t<nav aria-label=\"Eti\u00f3pia\" itemscope=\"itemscope\" itemtype=\"https:\/\/schema.org\/SiteNavigationElement\">\n\t\t<ul id=\"menu-ethiopia\"><li id=\"menu-item-1790\"><a href=\"https:\/\/gcf.community\/pt\/events\/ethiopia2023\/registration\/\">Registro<\/a><\/li><li id=\"menu-item-2277\"><a href=\"https:\/\/gcf.community\/pt\/events\/ethiopia2023\/confirmation\/\">Confirma\u00e7\u00e3o<\/a><\/li><li id=\"menu-item-1797\"><a href=\"https:\/\/gcf.community\/pt\/events\/ethiopia2023\/payment\/\">Pagamento<\/a><\/li><li id=\"menu-item-2310\"><a href=\"https:\/\/gcf.community\/pt\/events\/ethiopia2023\/program\/\">Programa<\/a><\/li><li id=\"menu-item-2328\"><a href=\"https:\/\/gcf.community\/pt\/events\/ethiopia2023\/local-information\/\">Informa\u00e7\u00f5es locais<\/a><\/li><li id=\"menu-item-2292\"><a href=\"https:\/\/gcf.community\/pt\/events\/ethiopia2023\/faq\/\" aria-current=\"page\">Perguntas frequentes<\/a><\/li><\/ul>\n\t\t\t<\/nav>\n<h2>\n\t\tPerguntas frequentes\n\t<\/h2>\n\t<p>Veja abaixo as respostas \u00e0s perguntas mais frequentes.<\/p>\n<p>Voc\u00ea tamb\u00e9m pode querer ver o documento de informa\u00e7\u00f5es locais <a href=\"https:\/\/gcf.community\/pt\/events\/ethiopia2023\/local-information\/\">aqui<\/a>.<\/p>\n\t\t\t\tHot\u00e9is\n\t\t\t\t<p>Nossas reuni\u00f5es ser\u00e3o realizadas no Grand Eliana Hotel (<a href=\"https:\/\/elianahotel.com\/\" target=\"_blank\" rel=\"noopener\">https:\/\/elianahotel.com\/<\/a>).<\/p>\n<p>Devido \u00e0 quantidade de pessoas presentes, acomodaremos algumas pessoas no Grand Eliana e algumas pessoas no Churchill Hotel (<a href=\"https:\/\/churchilladdisababa.com-hotel.website\/\" target=\"_blank\" rel=\"noopener\">https:\/\/churchilladdisababa.com-hotel.website\/<\/a>) que fica a uma curta caminhada do Grand Eliana. Voc\u00ea deve ter recebido a confirma\u00e7\u00e3o de qual hotel ficar\u00e1 hospedado. Se voc\u00ea n\u00e3o recebeu essas informa\u00e7\u00f5es, entre em contato <a href=\"mailto:info@gcf.community\">info@gcf.community<\/a>.<\/p>\n<p>Os detalhes de contato do Grand Eliana Hotel s\u00e3o:<\/p>\n<p><strong>Endere\u00e7o<\/strong>: Grand Eliana Hotel, Piazza, Wawel Street, 21777, Adis Abeba <br \/><strong>Telefone<\/strong>. <a href=\"tel:+251111262600\">+251 11 126 2600<\/a><\/p>\n<p>Os detalhes de contato do Churchill Hotel s\u00e3o:<\/p>\n<p><strong>Endere\u00e7o<\/strong>: Churchill Hotel, Avenida Churchill, Arada, Addis Ababa <br \/><strong>Telefone<\/strong>: <a href=\"tel:+251111111212\">+251 11 111 1212<\/a><\/p>\n\t\t\t\tContatos de emerg\u00eancia\n\t\t\t\t<p>Em caso de emerg\u00eancia, entre em contato com um dos seguintes:<\/p>\n<p><strong>Seble<\/strong><br \/>Telefone: <a href=\"tel:+251942526573\">+251 94 252 6573<\/a><br \/>E-mail: <a href=\"mailto:swongelasrat@gmail.com\">swongelasrat@gmail.com<\/a><\/p>\n<p><strong>Getu<\/strong><br \/>Telefone: <a href=\"tel:+251911706784\">+251 91 170 6784<\/a><br \/>E-mail: <a href=\"mailto:getuamare@gmail.com\">getuamare@gmail.com<\/a><\/p>\n<p><strong>James<\/strong><br \/>Telefone: <a href=\"tel:+447506789420\">+44 7506 789420<\/a><br \/>E-mail: <a href=\"mailto:james@perfectlydigital.net\">james@perfectlydigital.net<\/a><\/p>\n<p><strong>Dawit<\/strong><br \/>Telefone: <a href=\"tel:+251913757587\">+251 91 375 7587<\/a><br \/>E-mail: <a href=\"mailto:davemul8@gmail.com\">davemul8@gmail.com<\/a><\/p>\n\t\t\t\tGrava\u00e7\u00e3o da chamada Zoom pr\u00e9-f\u00f3rum\n\t\t\t\t<p>A grava\u00e7\u00e3o da chamada de zoom pr\u00e9-f\u00f3rum j\u00e1 est\u00e1 pronta. Voc\u00ea pode v\u00ea-la aqui: <a href=\"https:\/\/gcf.community\/pt\/events\/ethiopia2023\/pre-forum-zoom-call\/\">https:\/\/gcf.community\/events\/ethiopia2023\/pre-forum-zoom-call\/<\/a>.<\/p>\n<p>Se voc\u00ea n\u00e3o conseguiu comparecer, recomendamos que assista \u00e0 grava\u00e7\u00e3o. Ela dar\u00e1 uma boa vis\u00e3o geral de v\u00e1rias \u00e1reas diferentes nas quais nos concentraremos em nosso tempo juntos na Eti\u00f3pia.<\/p>\n\t\t\t\tVistos\n\t\t\t\t<p>Os vistos podem ser adquiridos on-line no site do governo et\u00edope aqui: <a href=\"https:\/\/www.evisa.gov.et\/\" target=\"_blank\" rel=\"noopener\">https:\/\/www.evisa.gov.et\/<\/a>. Por favor, certifique-se de escolher Visto de Turista. Alguns de voc\u00eas podem precisar comprar seu visto quando chegarem, mas, sempre que poss\u00edvel, encorajamos voc\u00ea a obter o visto online com anteced\u00eancia, se puder. Isso economizar\u00e1 muito tempo no aeroporto.<\/p>\n<p>A menos que voc\u00ea seja um cidad\u00e3o et\u00edope, os \u00fanicos pa\u00edses que n\u00e3o precisam de visto para viajar para a Eti\u00f3pia s\u00e3o Qu\u00eania e Djibouti. Em caso de d\u00favida, consulte sua embaixada\/consulado.<\/p>\n\t\t\t\tCustos di\u00e1rios\n\t\t\t\t<p>Se voc\u00ea for um visitante diurno (por exemplo, se voc\u00ea mora em Addis, ou est\u00e1 hospedado com amigos\/colegas, e n\u00e3o no hotel), o custo \u00e9 <strong>$30 por dia<\/strong>. Isso inclui o uso das instala\u00e7\u00f5es durante o dia e o almo\u00e7o. Se voc\u00ea quiser jantar no hotel, isso \u00e9 um extra de $15, levando o total do dia para <strong>$45 por dia<\/strong>.<\/p>\n<p>Voc\u00ea pode pagar por isso no formul\u00e1rio de pagamento no site. Ou pode trazer dinheiro e pagar na chegada. Se trouxer dinheiro, certifique-se de ver James para que ele possa marc\u00e1-lo na lista.<\/p>\n\t\t\t\tC\u00f3digo de vestimenta\n\t\t\t\t<p>O c\u00f3digo de vestimenta para nossas reuni\u00f5es \u00e9 casual. Para as mulheres na Eti\u00f3pia, especialmente na cidade, \u00e9 comum v\u00ea-las de cal\u00e7as e vestidos. Shorts n\u00e3o s\u00e3o t\u00e3o comuns no ambiente da igreja. Se evitarmos shorts, isso ser\u00e1 bom.<\/p>\n\t\t\t\tClima\n\t\t\t\t<p>The average for November is highs of 23c (73f) and lows of 7c (45f). It&#8217;s likely to be dry, but rain is of course possible.<\/p>\n\t\t\t\tInforma\u00e7\u00f5es sobre vacinas\n\t\t\t\t<p>We&#8217;ve had a few people ask about whether there are any required vaccinations for Ethiopia, specifically around Yellow Fever.<\/p>\n<p>A Eti\u00f3pia exige prova de vacina\u00e7\u00e3o contra febre amarela se voc\u00ea estiver chegando de uma regi\u00e3o onde o v\u00edrus est\u00e1 presente. Ent\u00e3o depende inteiramente de onde voc\u00ea est\u00e1 viajando e por onde voc\u00ea passou.<\/p>\n<p>Al\u00e9m disso, voc\u00ea pode descobrir que precisa tomar certas vacinas ao retornar ao seu pa\u00eds depois de ter visitado determinados pa\u00edses.<\/p>\n<p>As vari\u00e1veis s\u00e3o bastante significativas, por isso recomendamos fortemente que voc\u00ea procure aconselhamento pessoal sobre vacinas em um centro de sa\u00fade local, que poder\u00e1 lhe dar orienta\u00e7\u00f5es espec\u00edficas para suas circunst\u00e2ncias.<\/p>","protected":false},"excerpt":{"rendered":"<p>GCF Ethiopia 2023 Registration Confirmation Payment Program Local Information FAQ Frequently Asked Questions Please see below for responses to frequently asked questions. You may also like to see the Local Information document here. Hotels Our meetings will be held in the Grand Eliana Hotel (https:\/\/elianahotel.com\/). Due to the amount of people attending we will be &#8230; <a title=\"Perguntas frequentes\" class=\"read-more\" href=\"https:\/\/gcf.community\/pt\/events\/ethiopia2023\/faq\/\" aria-label=\"Leia mais sobre FAQ\">Ler mais<\/a><\/p>","protected":false},"author":1,"featured_media":0,"parent":1574,"menu_order":0,"comment_status":"closed","ping_status":"closed","template":"","meta":{"_acf_changed":false,"_seopress_robots_primary_cat":"","_seopress_titles_title":"","_seopress_titles_desc":"","_seopress_robots_index":"","footnotes":"","_links_to":"","_links_to_target":""},"categories":[],"class_list":["post-2283","page","type-page","status-publish"],"acf":[],"_links":{"self":[{"href":"https:\/\/gcf.community\/pt\/wp-json\/wp\/v2\/pages\/2283","targetHints":{"allow":["GET"]}}],"collection":[{"href":"https:\/\/gcf.community\/pt\/wp-json\/wp\/v2\/pages"}],"about":[{"href":"https:\/\/gcf.community\/pt\/wp-json\/wp\/v2\/types\/page"}],"author":[{"embeddable":true,"href":"https:\/\/gcf.community\/pt\/wp-json\/wp\/v2\/users\/1"}],"replies":[{"embeddable":true,"href":"https:\/\/gcf.community\/pt\/wp-json\/wp\/v2\/comments?post=2283"}],"version-history":[{"count":8,"href":"https:\/\/gcf.community\/pt\/wp-json\/wp\/v2\/pages\/2283\/revisions"}],"predecessor-version":[{"id":2332,"href":"https:\/\/gcf.community\/pt\/wp-json\/wp\/v2\/pages\/2283\/revisions\/2332"}],"up":[{"embeddable":true,"href":"https:\/\/gcf.community\/pt\/wp-json\/wp\/v2\/pages\/1574"}],"wp:attachment":[{"href":"https:\/\/gcf.community\/pt\/wp-json\/wp\/v2\/media?parent=2283"}],"wp:term":[{"taxonomy":"category","embeddable":true,"href":"https:\/\/gcf.community\/pt\/wp-json\/wp\/v2\/categories?post=2283"}],"curies":[{"name":"wp","href":"https:\/\/api.w.org\/{rel}","templated":true}]}}