{"id":2272,"date":"2023-10-18T10:32:14","date_gmt":"2023-10-18T09:32:14","guid":{"rendered":"https:\/\/gcf.community\/?page_id=2272"},"modified":"2023-10-18T11:24:50","modified_gmt":"2023-10-18T10:24:50","slug":"pre-forum-zoom-call","status":"publish","type":"page","link":"https:\/\/gcf.community\/pt\/events\/ethiopia2023\/pre-forum-zoom-call\/","title":{"rendered":"Chamada de Zoom pr\u00e9-f\u00f3rum"},"content":{"rendered":"<h1>\n\t\tChamada de Zoom pr\u00e9-f\u00f3rum\n\t<\/h1>\n\t<p>Agradecemos a todos que participaram da nossa videochamada pr\u00e9-f\u00f3rum. Voc\u00ea pode assistir \u00e0 grava\u00e7\u00e3o abaixo.<\/p>\n\t<iframe style='display:block;margin:auto;width:745px;max-width:100%;aspect-ratio:1.7780429594272076;' src='https:\/\/killerplayer.com\/watch\/video\/65bd6748-4532-4ac9-b002-c591f9b1e6b2' frameborder=\"0\" allow=\"autoplay; gyroscope; picture-in-picture;\" allowfullscreen><\/iframe>","protected":false},"excerpt":{"rendered":"<p>Pre Forum Zoom Call Thanks to everyone who was able to take part in our pre-forum video call. You can view the recording below.<\/p>","protected":false},"author":1,"featured_media":0,"parent":1574,"menu_order":0,"comment_status":"closed","ping_status":"closed","template":"","meta":{"_acf_changed":false,"_seopress_robots_primary_cat":"","_seopress_titles_title":"","_seopress_titles_desc":"","_seopress_robots_index":"","footnotes":"","_links_to":"","_links_to_target":""},"categories":[],"class_list":["post-2272","page","type-page","status-publish"],"acf":[],"_links":{"self":[{"href":"https:\/\/gcf.community\/pt\/wp-json\/wp\/v2\/pages\/2272","targetHints":{"allow":["GET"]}}],"collection":[{"href":"https:\/\/gcf.community\/pt\/wp-json\/wp\/v2\/pages"}],"about":[{"href":"https:\/\/gcf.community\/pt\/wp-json\/wp\/v2\/types\/page"}],"author":[{"embeddable":true,"href":"https:\/\/gcf.community\/pt\/wp-json\/wp\/v2\/users\/1"}],"replies":[{"embeddable":true,"href":"https:\/\/gcf.community\/pt\/wp-json\/wp\/v2\/comments?post=2272"}],"version-history":[{"count":5,"href":"https:\/\/gcf.community\/pt\/wp-json\/wp\/v2\/pages\/2272\/revisions"}],"predecessor-version":[{"id":2280,"href":"https:\/\/gcf.community\/pt\/wp-json\/wp\/v2\/pages\/2272\/revisions\/2280"}],"up":[{"embeddable":true,"href":"https:\/\/gcf.community\/pt\/wp-json\/wp\/v2\/pages\/1574"}],"wp:attachment":[{"href":"https:\/\/gcf.community\/pt\/wp-json\/wp\/v2\/media?parent=2272"}],"wp:term":[{"taxonomy":"category","embeddable":true,"href":"https:\/\/gcf.community\/pt\/wp-json\/wp\/v2\/categories?post=2272"}],"curies":[{"name":"wp","href":"https:\/\/api.w.org\/{rel}","templated":true}]}}