{"id":2264,"date":"2023-10-04T18:01:02","date_gmt":"2023-10-04T17:01:02","guid":{"rendered":"https:\/\/gcf.community\/?page_id=2264"},"modified":"2023-10-05T12:59:20","modified_gmt":"2023-10-05T11:59:20","slug":"confirmation","status":"publish","type":"page","link":"https:\/\/gcf.community\/pt\/events\/ethiopia2023\/confirmation\/","title":{"rendered":"Confirma\u00e7\u00e3o"},"content":{"rendered":"<h1>\n\t\tGCF Eti\u00f3pia 2023\n\t<\/h1>\n\t\t\t<button tabindex=\"0\" role=\"button\" aria-label=\"Menu\">\n\t\t\t\t\t\t\t<\/button>\n\t<nav aria-label=\"Eti\u00f3pia\" itemscope=\"itemscope\" itemtype=\"https:\/\/schema.org\/SiteNavigationElement\">\n\t\t<ul id=\"menu-ethiopia\"><li id=\"menu-item-1790\"><a href=\"https:\/\/gcf.community\/pt\/events\/ethiopia2023\/registration\/\">Registro<\/a><\/li><li id=\"menu-item-1797\"><a href=\"https:\/\/gcf.community\/pt\/events\/ethiopia2023\/payment\/\">Pagamento<\/a><\/li><\/ul>\n\t\t\t<\/nav>\n<h2>\n\t\tConfirma\u00e7\u00e3o\n\t<\/h2>\n\t<p>Estamos ansiosos para receb\u00ea-lo(a) no pr\u00f3ximo f\u00f3rum do GCF na Eti\u00f3pia, dentro de algumas semanas. \u00c9 muito importante que voc\u00ea preencha os dados no formul\u00e1rio abaixo para confirmar sua presen\u00e7a.<\/p>\n<h3>Uma observa\u00e7\u00e3o importante sobre vistos<\/h3>\n<p>Se voc\u00ea precisa de um visto para viajar para a Eti\u00f3pia (e a maioria das pessoas precisa), ent\u00e3o <strong>voc\u00ea deve fazer isso o mais r\u00e1pido poss\u00edvel<\/strong>. Recomendamos fortemente que seu visto seja emitido <strong>pelo menos tr\u00eas dias antes de viajar<\/strong>. Caso contr\u00e1rio, voc\u00ea corre o risco de ficar retido no aeroporto at\u00e9 que esses tr\u00eas dias tenham passado.<\/p>\n<p>Tamb\u00e9m \u00e9 aconselh\u00e1vel solicitar e pagar o visto online (mesmo que voc\u00ea tenha direito a compr\u00e1-lo na chegada). As filas no aeroporto para comprar um visto podem ser muito longas.<\/p>\n\t<form action=\"https:\/\/gcf.community\/pt\/wp-json\/ws-form\/v1\/submit\" class=\"wsf-form wsf-form-canvas\" id=\"ws-form-1\" data-id=\"35\" method=\"POST\" data-instance-id=\"1\" data-wsf-style-id=\"1\" data-trp-original-action=\"https:\/\/gcf.community\/pt\/wp-json\/ws-form\/v1\/submit\"><input type=\"hidden\" name=\"trp-form-language\" value=\"pt\"\/><\/form>","protected":false},"excerpt":{"rendered":"<p>GCF Ethiopia 2023 Registration Payment Confirmation We look forward to welcoming you to the next GCF forum in Ethiopia in just a few weeks time.\u00a0It is really important that you complete the details in the form below to confirm your attendance. An important note about visas If you need a visa for travel to Ethiopia &#8230; <a title=\"Confirma\u00e7\u00e3o\" class=\"read-more\" href=\"https:\/\/gcf.community\/pt\/events\/ethiopia2023\/confirmation\/\" aria-label=\"Leia mais sobre Confirmation\">Ler mais<\/a><\/p>","protected":false},"author":1,"featured_media":0,"parent":1574,"menu_order":0,"comment_status":"closed","ping_status":"closed","template":"","meta":{"_acf_changed":false,"_seopress_robots_primary_cat":"","_seopress_titles_title":"","_seopress_titles_desc":"Registrations now open! We are excited to announce the GCF \/ GoPlay \/ family.fit meetings which will take place in Farol IBMAlphaville in Brazil.","_seopress_robots_index":"","footnotes":"","_links_to":"","_links_to_target":""},"categories":[],"class_list":["post-2264","page","type-page","status-publish"],"acf":[],"_links":{"self":[{"href":"https:\/\/gcf.community\/pt\/wp-json\/wp\/v2\/pages\/2264","targetHints":{"allow":["GET"]}}],"collection":[{"href":"https:\/\/gcf.community\/pt\/wp-json\/wp\/v2\/pages"}],"about":[{"href":"https:\/\/gcf.community\/pt\/wp-json\/wp\/v2\/types\/page"}],"author":[{"embeddable":true,"href":"https:\/\/gcf.community\/pt\/wp-json\/wp\/v2\/users\/1"}],"replies":[{"embeddable":true,"href":"https:\/\/gcf.community\/pt\/wp-json\/wp\/v2\/comments?post=2264"}],"version-history":[{"count":5,"href":"https:\/\/gcf.community\/pt\/wp-json\/wp\/v2\/pages\/2264\/revisions"}],"predecessor-version":[{"id":2271,"href":"https:\/\/gcf.community\/pt\/wp-json\/wp\/v2\/pages\/2264\/revisions\/2271"}],"up":[{"embeddable":true,"href":"https:\/\/gcf.community\/pt\/wp-json\/wp\/v2\/pages\/1574"}],"wp:attachment":[{"href":"https:\/\/gcf.community\/pt\/wp-json\/wp\/v2\/media?parent=2264"}],"wp:term":[{"taxonomy":"category","embeddable":true,"href":"https:\/\/gcf.community\/pt\/wp-json\/wp\/v2\/categories?post=2264"}],"curies":[{"name":"wp","href":"https:\/\/api.w.org\/{rel}","templated":true}]}}