{"id":2230,"date":"2023-10-03T23:04:09","date_gmt":"2023-10-03T22:04:09","guid":{"rendered":"https:\/\/gcf.community\/?page_id=2230"},"modified":"2023-11-15T21:15:50","modified_gmt":"2023-11-15T21:15:50","slug":"resources","status":"publish","type":"page","link":"https:\/\/gcf.community\/pt\/tools\/resources\/","title":{"rendered":"Recursos"},"content":{"rendered":"<h1>\n\t\tRecursos\n\t<\/h1>\n\t<p>Abaixo est\u00e1 uma lista de recursos e ferramentas que coletamos. Eles est\u00e3o organizados em diferentes \u00e1reas. Basta clicar na barra azul para visualizar os links naquela se\u00e7\u00e3o.<\/p>\n<p>Se voc\u00ea encontrar um link quebrado, ou se a informa\u00e7\u00e3o estiver incorreta, ou se voc\u00ea encontrar um recurso que voc\u00ea acha que seria \u00fatil para n\u00f3s adicionarmos a esta lista, ent\u00e3o por favor use o formul\u00e1rio nesta p\u00e1gina para nos informar. Obrigado.<\/p>\n\t\t\t\tChatbots\n\t\t\t\t<p><strong>Bardo<\/strong> (<a href=\"https:\/\/bard.google.com\/\" target=\"_blank\" rel=\"noopener\">https:\/\/bard.google.com\/<\/a>)<\/p>\n<p><strong>Bate-papoGPT<\/strong> (<a href=\"https:\/\/chat.openai.com\/chat\" target=\"_blank\" rel=\"noopener\">https:\/\/chat.openai.com\/chat<\/a>)<\/p>\n<p><strong>Poe.com<\/strong> (<a href=\"https:\/\/poe.com\/\" target=\"_blank\" rel=\"noopener\">https:\/\/poe.com\/<\/a>)<\/p>\n\t\t\t\tArte Generativa\n\t\t\t\t<p><strong>Bing Criar<\/strong> (<a href=\"https:\/\/www.bing.com\/create\" target=\"_blank\" rel=\"noopener\">https:\/\/www.bing.com\/create<\/a>)<\/p>\n<p><b>Salgueiro Azul <\/b>(<a href=\"https:\/\/www.bluewillow.ai\/\" target=\"_blank\" rel=\"noopener\">https:\/\/www.bluewillow.ai\/<\/a>)<\/p>\n<p><strong>IA estrelada<\/strong> (<a href=\"https:\/\/starryai.com\/\" target=\"_blank\" rel=\"noopener\">https:\/\/starryai.com\/<\/a>)<\/p>\n<p><strong>No meio da jornada <\/strong>(<a href=\"https:\/\/www.midjourney.com\/\" target=\"_blank\" rel=\"noopener\">https:\/\/www.midjourney.com\/<\/a>)<\/p>\n\t\t\t\tV\u00eddeo Generativo\n\t\t\t\t<p><strong>Kaiber<\/strong> (<a href=\"https:\/\/kaiber.ai\/\" target=\"_blank\" rel=\"noopener\">https:\/\/kaiber.ai\/<\/a>)<\/p>\n<p><strong>Ol\u00e1 Gen<\/strong> (<a href=\"https:\/\/www.heygen.com\/\" target=\"_blank\" rel=\"noopener\">https:\/\/www.heygen.com\/<\/a>)<\/p>\n\t\t\t\tM\u00fasica Generativa\n\t\t\t\t<p><strong>Aiva<\/strong> (<a href=\"https:\/\/www.aiva.ai\/\" target=\"_blank\" rel=\"noopener\">https:\/\/www.aiva.ai\/<\/a>)<\/p>\n<p><strong>sonoro<\/strong> (<a href=\"https:\/\/soundful.com\/\" target=\"_blank\" rel=\"noopener\">https:\/\/soundful.com\/<\/a>)<\/p>\n<p><strong>M\u00fasica Ecrett<\/strong> (<a href=\"https:\/\/ecrettmusic.com\/\" target=\"_blank\" rel=\"noopener\">https:\/\/ecrettmusic.com\/<\/a>)<\/p>\n<p><strong>Som bruto<\/strong> (<a href=\"https:\/\/soundraw.io\/\" target=\"_blank\" rel=\"noopener\">https:\/\/soundraw.io\/<\/a>)<\/p>\n<p><strong>Ruidosamente<\/strong> (<a href=\"https:\/\/www.loudly.com\/music\/\" target=\"_blank\" rel=\"noopener\">https:\/\/www.loudly.com\/music\/<\/a>)<\/p>\n\t\t\t\tTranscri\u00e7\u00e3o e Resumo de IA\n\t\t\t\t<p><strong>Entender<\/strong> (<a href=\"https:\/\/fathom.video\/\" target=\"_blank\" rel=\"noopener\">https:\/\/fathom.video\/<\/a>)<\/p>\n\t\t\t\tImagens de stock\n\t\t\t\t<p><strong>Desaparecer<\/strong> (<a href=\"https:\/\/unsplash.com\/\" target=\"_blank\" rel=\"noopener\">https:\/\/unsplash.com\/<\/a>)<\/p>\n<p><strong>Pexels<\/strong> (<a href=\"https:\/\/www.pexels.com\/\" target=\"_blank\" rel=\"noopener\">https:\/\/www.pexels.com\/<\/a>)<\/p>\n<p><strong>Imagens gratuitas<\/strong> (<a href=\"https:\/\/www.freeimages.com\/\" target=\"_blank\" rel=\"noopener\">https:\/\/www.freeimages.com\/<\/a>)<\/p>\n<p><strong>Gratisografia<\/strong> (<a href=\"https:\/\/gratisography.com\/\" target=\"_blank\" rel=\"noopener\">https:\/\/gratisography.com\/<\/a>)<\/p>\n<p><strong>Troca de cria\u00e7\u00e3o<\/strong> (<a href=\"https:\/\/www.creationswap.com\/\" target=\"_blank\" rel=\"noopener\">https:\/\/www.creationswap.com\/<\/a>)<\/p>\n<p><strong>Fotos Livres<\/strong> (<a href=\"https:\/\/www.freelyphotos.com\" target=\"_blank\" rel=\"noopener\">https:\/\/www.freelyphotos.com<\/a>)<\/p>\n<p><strong>Christian Lightstock<\/strong> (<a href=\"https:\/\/www.lightstock.com\/\" target=\"_blank\" rel=\"noopener\">https:\/\/www.lightstock.com\/<\/a>)<\/p>\n\t<h2>Kit de ferramentas de IA<\/h2>\n<p>Este kit de ferramentas de treinamento fornece uma vis\u00e3o geral do uso de IA (Intelig\u00eancia Artificial) no minist\u00e9rio. Foi criado em outubro de 2023 para ajudar l\u00edderes de minist\u00e9rio em todo o mundo enquanto eles servem em crian\u00e7as, jovens, fam\u00edlia, esporte, generosidade, condicionamento f\u00edsico e outras formas de minist\u00e9rio. \u00c9 uma introdu\u00e7\u00e3o pr\u00e1tica e simples ao uso de Intelig\u00eancia Artificial no minist\u00e9rio. Este livreto se concentra em como usar IA, em vez de todos os perigos potenciais e quest\u00f5es \u00e9ticas em torno da IA.<\/p>\n<p>A IA est\u00e1 se desenvolvendo t\u00e3o r\u00e1pido que muito neste livreto pode estar desatualizado quando voc\u00ea l\u00ea-lo. Mas muito aqui \u00e9 pr\u00e1tico e simples e provavelmente se aplicar\u00e1 de alguma forma para muitas aplica\u00e7\u00f5es diferentes de IA.<\/p>\n<p>Voc\u00ea pode baixar este kit de ferramentas usando o bot\u00e3o abaixo.<\/p>\n\t<a href=\"https:\/\/gcf.community\/wp-content\/uploads\/2023\/10\/AI-Toolkit.pdf\" target=\"_self\" role=\"button\" download=\"AI-Toolkit.pdf\" aria-label=\"Kit de ferramentas de IA\" rel=\"noopener\">\n\t\t\t\t\t\tKit de ferramentas de IA\n\t\t\t\t\t<\/a>\n\t<h3>Entre em contato conosco sobre novos recursos e ferramentas<\/h3>\n<p>Voc\u00ea tem ideias de recursos e ferramentas que dever\u00edamos adicionar \u00e0 lista acima? Por favor, envie-as para n\u00f3s usando o formul\u00e1rio abaixo.<\/p>\n\t<form action=\"https:\/\/gcf.community\/pt\/wp-json\/ws-form\/v1\/submit\" class=\"wsf-form wsf-form-canvas\" id=\"ws-form-1\" data-id=\"36\" method=\"POST\" data-instance-id=\"1\" data-wsf-style-id=\"1\" data-trp-original-action=\"https:\/\/gcf.community\/pt\/wp-json\/ws-form\/v1\/submit\"><input type=\"hidden\" name=\"trp-form-language\" value=\"pt\"\/><\/form>\n<h2>\n\t\tAssista \u00e0 sess\u00e3o de treinamento de IA abaixo\n\t<\/h2>\n\t\t\t<img decoding=\"async\" src=\"https:\/\/i.ytimg.com\/vi\/u14_ivnVcH8\/hqdefault.jpg\" alt=\"Video\" \/>\t\t\t\t\t\t\t\n\t\t\t\t\tReproduzir v\u00eddeo\n\t<h3>Gostaria de participar da nossa Comunidade de Aprendizagem de IA no WhatsApp?<\/h3>\n<p>Se voc\u00ea quiser participar deste grupo, preencha seus dados abaixo e voc\u00ea receber\u00e1 um e-mail com um link para participar do grupo.<\/p>\n<p>Observe que este grupo \u00e9 somente para fins de aprendizado e compartilhamento de ideias sobre IA. Qualquer outro conte\u00fado publicado ser\u00e1 removido. Obrigado pela sua compreens\u00e3o.<\/p>\n\t<form action=\"https:\/\/gcf.community\/pt\/wp-json\/ws-form\/v1\/submit\" class=\"wsf-form wsf-form-canvas\" id=\"ws-form-2\" data-id=\"37\" method=\"POST\" data-instance-id=\"2\" data-wsf-style-id=\"1\" data-trp-original-action=\"https:\/\/gcf.community\/pt\/wp-json\/ws-form\/v1\/submit\"><input type=\"hidden\" name=\"trp-form-language\" value=\"pt\"\/><\/form>\n\t<h3>Pre\u00e7os<\/h3>\n<p>Essas ferramentas e recursos seguem tr\u00eas modelos b\u00e1sicos de pre\u00e7os:<\/p>\n<p><strong>Livre<\/strong>: Voc\u00ea pode usar livremente a ferramenta e quaisquer recursos que voc\u00ea gerar com ela. Voc\u00ea deve ler cuidadosamente os termos e condi\u00e7\u00f5es no site individual para verificar se h\u00e1 alguma restri\u00e7\u00e3o sobre como voc\u00ea a usa. Por exemplo, voc\u00ea pode ser obrigado a dar cr\u00e9dito, ou pode n\u00e3o ter permiss\u00e3o para vender o conte\u00fado que voc\u00ea criou.<\/p>\n<p><strong>Gr\u00e1tis<\/strong>: You can use the tool for free. But your usage will be limited &#8211; either by time (e.g. you can create 10 images a month), or by functionality (e.g. you can only download your images as low resolution jpegs). If you pay for the tool then these restrictions are lifted.<\/p>\n<p><strong>Pr\u00eamio<\/strong>: Voc\u00ea n\u00e3o pode usar a ferramenta gratuitamente e precisar\u00e1 pagar uma taxa \u00fanica ou uma assinatura. Ferramentas premium \u00e0s vezes oferecem testes gratuitos para que voc\u00ea possa ver se quer pagar por elas.<\/p>\n\t<h3>Avisos<\/h3>\n<p>As ferramentas listadas acima est\u00e3o todas em sites externos. Esses links s\u00e3o fornecidos apenas para sua informa\u00e7\u00e3o e s\u00e3o usados por sua conta e risco. Inclu\u00edmos essas ferramentas porque acreditamos que elas podem ser \u00fateis. Isso n\u00e3o significa que endossamos todo o conte\u00fado que voc\u00ea pode encontrar nesses sites. Como em qualquer site, o conte\u00fado pode ser alterado ou removido.<\/p>\n<p>Por favor, esteja ciente de que n\u00e3o temos controle sobre esses sites ou recursos, ou o conte\u00fado contido neles. Por favor, tenha cautela e sabedoria!<\/p>","protected":false},"excerpt":{"rendered":"<p>Resources Below is a list of resources and tools that we have collected. They are organised into different areas. Simply click on the blue bar to view the links in that section. If you find a link is broken, or if the information is incorrect, or if you find a resource that you think would &#8230; <a title=\"Recursos\" class=\"read-more\" href=\"https:\/\/gcf.community\/pt\/tools\/resources\/\" aria-label=\"Leia mais sobre Recursos\">Ler mais<\/a><\/p>","protected":false},"author":1,"featured_media":0,"parent":849,"menu_order":0,"comment_status":"closed","ping_status":"closed","template":"","meta":{"_acf_changed":false,"_seopress_robots_primary_cat":"","_seopress_titles_title":"","_seopress_titles_desc":"","_seopress_robots_index":"","footnotes":"","_links_to":"","_links_to_target":""},"categories":[],"class_list":["post-2230","page","type-page","status-publish"],"acf":[],"_links":{"self":[{"href":"https:\/\/gcf.community\/pt\/wp-json\/wp\/v2\/pages\/2230","targetHints":{"allow":["GET"]}}],"collection":[{"href":"https:\/\/gcf.community\/pt\/wp-json\/wp\/v2\/pages"}],"about":[{"href":"https:\/\/gcf.community\/pt\/wp-json\/wp\/v2\/types\/page"}],"author":[{"embeddable":true,"href":"https:\/\/gcf.community\/pt\/wp-json\/wp\/v2\/users\/1"}],"replies":[{"embeddable":true,"href":"https:\/\/gcf.community\/pt\/wp-json\/wp\/v2\/comments?post=2230"}],"version-history":[{"count":22,"href":"https:\/\/gcf.community\/pt\/wp-json\/wp\/v2\/pages\/2230\/revisions"}],"predecessor-version":[{"id":2345,"href":"https:\/\/gcf.community\/pt\/wp-json\/wp\/v2\/pages\/2230\/revisions\/2345"}],"up":[{"embeddable":true,"href":"https:\/\/gcf.community\/pt\/wp-json\/wp\/v2\/pages\/849"}],"wp:attachment":[{"href":"https:\/\/gcf.community\/pt\/wp-json\/wp\/v2\/media?parent=2230"}],"wp:term":[{"taxonomy":"category","embeddable":true,"href":"https:\/\/gcf.community\/pt\/wp-json\/wp\/v2\/categories?post=2230"}],"curies":[{"name":"wp","href":"https:\/\/api.w.org\/{rel}","templated":true}]}}