{"id":221,"date":"2021-10-27T10:10:20","date_gmt":"2021-10-27T10:10:20","guid":{"rendered":"https:\/\/gcf.community\/terms-of-service\/"},"modified":"2022-02-20T16:24:51","modified_gmt":"2022-02-20T16:24:51","slug":"terms-of-service","status":"publish","type":"page","link":"https:\/\/gcf.community\/pt\/terms-of-service\/","title":{"rendered":"Termos de Servi\u00e7o"},"content":{"rendered":"<h1>\n\t\tTermos de Servi\u00e7o\n\t<\/h1>\n\t<p>Por favor, leia estes termos e condi\u00e7\u00f5es cuidadosamente antes de usar este site<\/p>\n<h3>O que h\u00e1 nesses termos?<\/h3>\n<p>Estes termos informam as regras de utiliza\u00e7\u00e3o do nosso site <a href=\"https:\/\/gcf.community\/pt\/\">https:\/\/gcf.community<\/a> (nosso site).<\/p>\n<h3>Quem somos e como entrar em contato conosco<\/h3>\n<p><a href=\"https:\/\/gcf.community\/pt\/\">https:\/\/gcf.community<\/a> \u00e9 um site operado por XX. Estamos registrados em XX sob o n\u00famero XX e temos nossa sede social em XX.<\/p>\n<p>Estamos registrados no Information Commissioners Office (ref: XX).<\/p>\n<h3>Ao utilizar nosso site voc\u00ea aceita estes termos<\/h3>\n<p>Ao usar nosso site, voc\u00ea confirma que aceita estes termos e concorda em cumpri-los.<\/p>\n<p>Se voc\u00ea n\u00e3o concordar com estes termos, n\u00e3o dever\u00e1 usar nosso site.<\/p>\n<h3>Existem outros termos que se aplicam a voc\u00ea<\/h3>\n<p>Estes termos referem-se aos seguintes termos adicionais, que tamb\u00e9m se aplicam ao seu uso do nosso site:<\/p>\n<ul>\n<li>Nosso <a href=\"https:\/\/gcf.community\/pt\/privacy\/\">pol\u00edtica de Privacidade<\/a> (veja mais em Como podemos usar suas informa\u00e7\u00f5es pessoais).<\/li>\n<li>Nosso <a href=\"https:\/\/gcf.community\/pt\/cookies\/\">Pol\u00edtica de Cookies<\/a> (estabelece informa\u00e7\u00f5es sobre os cookies em nosso site).<\/li>\n<\/ul>\n<h3>Podemos fazer altera\u00e7\u00f5es nestes termos<\/h3>\n<p>Alteramos estes termos periodicamente. Sempre que desejar utilizar o nosso site, consulte estes termos para garantir que compreende os termos aplic\u00e1veis naquele momento.<\/p>\n<h3>Podemos fazer altera\u00e7\u00f5es em nosso site<\/h3>\n<p>Podemos atualizar e alterar nosso site de tempos em tempos.<\/p>\n<h3>Podemos suspender ou retirar nosso site<\/h3>\n<p>Nosso site \u00e9 disponibilizado gratuitamente.<\/p>\n<p>N\u00e3o garantimos que nosso site, ou qualquer conte\u00fado nele contido, estar\u00e1 sempre dispon\u00edvel ou ininterrupto. Podemos suspender, retirar ou restringir a disponibilidade de todo ou parte do nosso site por motivos operacionais.<\/p>\n<p>Voc\u00ea tamb\u00e9m \u00e9 respons\u00e1vel por garantir que todas as pessoas que acessam nosso site por meio de sua conex\u00e3o de internet estejam cientes destes termos e de outros termos e condi\u00e7\u00f5es aplic\u00e1veis e que os cumpram.<\/p>\n<h3>Voc\u00ea deve manter os detalhes da sua conta seguros<\/h3>\n<p>Se voc\u00ea escolher, ou receber, um nome de usu\u00e1rio, c\u00f3digo de identifica\u00e7\u00e3o, senha ou qualquer outra informa\u00e7\u00e3o como parte de nossos procedimentos de seguran\u00e7a, voc\u00ea dever\u00e1 tratar tais informa\u00e7\u00f5es como confidenciais. Voc\u00ea n\u00e3o dever\u00e1 divulg\u00e1-las a terceiros.<\/p>\n<p>Temos o direito de desabilitar qualquer nome de usu\u00e1rio, c\u00f3digo de identifica\u00e7\u00e3o ou senha, escolhido por voc\u00ea ou atribu\u00eddo por n\u00f3s, a qualquer momento, se, em nossa opini\u00e3o razo\u00e1vel, voc\u00ea n\u00e3o tiver cumprido qualquer uma das disposi\u00e7\u00f5es destes termos.<\/p>\n<p>Se voc\u00ea souber ou suspeitar que algu\u00e9m al\u00e9m de voc\u00ea sabe seu nome de usu\u00e1rio, c\u00f3digo de identifica\u00e7\u00e3o ou senha, voc\u00ea deve nos notificar imediatamente.<\/p>\n<h3>N\u00e3o endossamos materiais aos quais nos referimos<\/h3>\n<p>Quando nosso site faz refer\u00eancia ou cita materiais de terceiros, essas informa\u00e7\u00f5es s\u00e3o fornecidas apenas para sua informa\u00e7\u00e3o. Tais refer\u00eancias n\u00e3o devem ser interpretadas como aprova\u00e7\u00e3o ou endosso por nossa parte desses materiais e n\u00e3o representam nossas opini\u00f5es ou valores.<\/p>\n<h3>N\u00e3o somos respons\u00e1veis pelos sites aos quais fazemos links<\/h3>\n<p>Quando nosso site cont\u00e9m links para outros sites e recursos fornecidos por terceiros, esses links s\u00e3o fornecidos apenas para sua informa\u00e7\u00e3o. Tais links n\u00e3o devem ser interpretados como aprova\u00e7\u00e3o por nossa parte desses sites vinculados ou das informa\u00e7\u00f5es que voc\u00ea possa obter deles.<\/p>\n<p>N\u00e3o temos controle sobre o conte\u00fado desses sites ou recursos.<\/p>\n<h3>Como podemos usar suas informa\u00e7\u00f5es pessoais<\/h3>\n<p>Utilizaremos apenas as suas informa\u00e7\u00f5es pessoais conforme estabelecido em nosso <a href=\"https:\/\/gcf.community\/pt\/privacy\/\">pol\u00edtica de Privacidade<\/a>.<\/p>\n<h3>N\u00e3o somos respons\u00e1veis por v\u00edrus e voc\u00ea n\u00e3o deve introduzi-los<\/h3>\n<p>N\u00e3o garantimos que nosso site ser\u00e1 seguro ou livre de bugs ou v\u00edrus.<\/p>\n<p>Voc\u00ea \u00e9 respons\u00e1vel por configurar sua tecnologia da informa\u00e7\u00e3o, programas de computador e plataforma para acessar nosso site. Voc\u00ea deve usar seu pr\u00f3prio software de prote\u00e7\u00e3o contra v\u00edrus.<\/p>\n<p>Voc\u00ea n\u00e3o deve fazer mau uso do nosso site, introduzindo intencionalmente v\u00edrus, trojans, worms, bombas l\u00f3gicas ou outros materiais maliciosos ou tecnologicamente prejudiciais. Voc\u00ea n\u00e3o deve tentar obter acesso n\u00e3o autorizado ao nosso site, ao servidor no qual ele est\u00e1 armazenado ou a qualquer servidor, computador ou banco de dados conectado ao nosso site. Voc\u00ea n\u00e3o deve atacar o nosso site por meio de um ataque de nega\u00e7\u00e3o de servi\u00e7o ou um ataque de nega\u00e7\u00e3o de servi\u00e7o distribu\u00eddo. Ao violar esta disposi\u00e7\u00e3o, voc\u00ea estar\u00e1 cometendo um crime previsto na Lei de Uso Indevido de Computadores de 1990. Denunciaremos qualquer viola\u00e7\u00e3o desse tipo \u00e0s autoridades policiais competentes e cooperaremos com elas, revelando sua identidade a elas. Em caso de tal viola\u00e7\u00e3o, seu direito de usar o nosso site cessar\u00e1 imediatamente.<\/p>\n<h3>Regras sobre links para nosso site<\/h3>\n<p>Voc\u00ea pode criar um link para nossa p\u00e1gina inicial, desde que fa\u00e7a isso de forma justa e legal e n\u00e3o prejudique nossa reputa\u00e7\u00e3o nem tire vantagem dela.<\/p>\n<p>Voc\u00ea n\u00e3o deve estabelecer um link de forma a sugerir qualquer forma de associa\u00e7\u00e3o, aprova\u00e7\u00e3o ou endosso de nossa parte onde isso n\u00e3o existe.<\/p>\n<p>Voc\u00ea n\u00e3o deve estabelecer um link para nosso site em nenhum site que n\u00e3o seja de sua propriedade.<\/p>\n<p>Nosso site n\u00e3o deve ser enquadrado em nenhum outro site, nem voc\u00ea pode criar um link para qualquer parte do nosso site que n\u00e3o seja a p\u00e1gina inicial.<\/p>\n<p>Reservamo-nos o direito de retirar a permiss\u00e3o de vincula\u00e7\u00e3o sem aviso pr\u00e9vio.<\/p>","protected":false},"excerpt":{"rendered":"<p>Terms of Service Please read these terms and conditions carefully before using this site What is in these terms? These terms tell you the rules for using our website https:\/\/gcf.community (our site). Who we are and how to contact us https:\/\/gcf.community is a site operated by XX. We are registered in XX under company number &#8230; <a title=\"Termos de Servi\u00e7o\" class=\"read-more\" href=\"https:\/\/gcf.community\/pt\/terms-of-service\/\" aria-label=\"Leia mais sobre Terms of Service\">Ler mais<\/a><\/p>","protected":false},"author":1,"featured_media":0,"parent":0,"menu_order":0,"comment_status":"closed","ping_status":"closed","template":"","meta":{"_acf_changed":false,"_seopress_robots_primary_cat":"","_seopress_titles_title":"","_seopress_titles_desc":"","_seopress_robots_index":"","footnotes":"","_links_to":"","_links_to_target":""},"categories":[],"class_list":["post-221","page","type-page","status-publish"],"acf":[],"_links":{"self":[{"href":"https:\/\/gcf.community\/pt\/wp-json\/wp\/v2\/pages\/221","targetHints":{"allow":["GET"]}}],"collection":[{"href":"https:\/\/gcf.community\/pt\/wp-json\/wp\/v2\/pages"}],"about":[{"href":"https:\/\/gcf.community\/pt\/wp-json\/wp\/v2\/types\/page"}],"author":[{"embeddable":true,"href":"https:\/\/gcf.community\/pt\/wp-json\/wp\/v2\/users\/1"}],"replies":[{"embeddable":true,"href":"https:\/\/gcf.community\/pt\/wp-json\/wp\/v2\/comments?post=221"}],"version-history":[{"count":0,"href":"https:\/\/gcf.community\/pt\/wp-json\/wp\/v2\/pages\/221\/revisions"}],"wp:attachment":[{"href":"https:\/\/gcf.community\/pt\/wp-json\/wp\/v2\/media?parent=221"}],"wp:term":[{"taxonomy":"category","embeddable":true,"href":"https:\/\/gcf.community\/pt\/wp-json\/wp\/v2\/categories?post=221"}],"curies":[{"name":"wp","href":"https:\/\/api.w.org\/{rel}","templated":true}]}}