{"id":2138,"date":"2023-08-31T14:49:28","date_gmt":"2023-08-31T13:49:28","guid":{"rendered":"https:\/\/gcf.community\/?page_id=2138"},"modified":"2023-09-05T13:54:51","modified_gmt":"2023-09-05T12:54:51","slug":"schedule","status":"publish","type":"page","link":"https:\/\/gcf.community\/pt\/resources\/flashlab\/flashlab23\/schedule\/","title":{"rendered":"Agendar"},"content":{"rendered":"<nav aria-label=\"Laborat\u00f3rio Flash\" itemscope=\"itemscope\" itemtype=\"https:\/\/schema.org\/SiteNavigationElement\">\n\t\t<ul id=\"menu-flashlab\"><li id=\"menu-item-2008\"><a href=\"https:\/\/gcf.community\/pt\/tools\/flashlab\/\" tabindex=\"0\" role=\"link\">Laborat\u00f3rio Flash<\/a><\/li><li id=\"menu-item-2010\"><a href=\"https:\/\/gcf.community\/pt\/tools\/flashlab\/flashlab23\/\" tabindex=\"0\" role=\"link\">FlashLab23<\/a><ul>\t<li id=\"menu-item-2022\"><a href=\"https:\/\/gcf.community\/pt\/tools\/flashlab\/flashlab23\/reflection\/\" tabindex=\"0\" role=\"link\">Reflex\u00e3o<\/a><\/li>\t<li id=\"menu-item-2016\"><a href=\"https:\/\/gcf.community\/pt\/tools\/flashlab\/flashlab23\/files\/\" tabindex=\"0\" role=\"link\">Arquivos<\/a><\/li>\t<li id=\"menu-item-2027\"><a href=\"https:\/\/gcf.community\/pt\/tools\/flashlab\/zoom-recordings\/\" tabindex=\"0\" role=\"link\">Grava\u00e7\u00f5es de Zoom<\/a><\/li>\t<li id=\"menu-item-2142\"><a href=\"https:\/\/gcf.community\/pt\/tools\/flashlab\/flashlab23\/schedule\/\" aria-current=\"page\" tabindex=\"0\" role=\"link\">Agendar<\/a><\/li><\/ul><\/li><li id=\"menu-item-2014\"><a href=\"https:\/\/gcf.community\/pt\/tools\/flashlab\/overview\/\" tabindex=\"0\" role=\"link\">Vis\u00e3o geral<\/a><\/li><li id=\"menu-item-2011\"><a href=\"https:\/\/gcf.community\/pt\/tools\/flashlab\/how-to-start\/\" tabindex=\"0\" role=\"link\">Como come\u00e7ar<\/a><\/li><li id=\"menu-item-2017\"><a href=\"https:\/\/gcf.community\/pt\/tools\/flashlab\/process\/\" tabindex=\"0\" role=\"link\">Processo<\/a><\/li><li id=\"menu-item-2009\"><a href=\"https:\/\/gcf.community\/pt\/tools\/flashlab\/different-models\/\" tabindex=\"0\" role=\"link\">Diferentes modelos<\/a><\/li><li id=\"menu-item-2012\"><a href=\"https:\/\/gcf.community\/pt\/tools\/flashlab\/look-and-listen\/\" tabindex=\"0\" role=\"link\">1 \u2013 Olhe e Ou\u00e7a<\/a><\/li><li id=\"menu-item-2020\"><a href=\"https:\/\/gcf.community\/pt\/tools\/flashlab\/think-and-explore\/\" tabindex=\"0\" role=\"link\">2 \u2013 Pense e Explore<\/a><\/li><li id=\"menu-item-2013\"><a href=\"https:\/\/gcf.community\/pt\/tools\/flashlab\/make-and-create\/\" tabindex=\"0\" role=\"link\">3 \u2013 Fazer e Criar<\/a><\/li><li id=\"menu-item-2019\"><a href=\"https:\/\/gcf.community\/pt\/tools\/flashlab\/test-and-refine\/\" tabindex=\"0\" role=\"link\">4 \u2013 Teste e refine<\/a><\/li><li id=\"menu-item-2018\"><a href=\"https:\/\/gcf.community\/pt\/tools\/flashlab\/share-and-multiply\/\" tabindex=\"0\" role=\"link\">5 \u2013 Compartilhe e Multiplique<\/a><\/li><li id=\"menu-item-2136\"><a href=\"https:\/\/gcf.community\/pt\/tools\/flashlab\/useful-links\/\" tabindex=\"0\" role=\"link\">Links \u00fateis<\/a><\/li><\/ul>\n\t\t\t<\/nav>\n\t\t\t<button tabindex=\"0\" role=\"button\" aria-label=\"Menu do FlashLab\">\n\t\t\t\tMenu do FlashLab\t\t\t<\/button>\n\t<nav aria-label=\"Laborat\u00f3rio Flash\" itemscope=\"itemscope\" itemtype=\"https:\/\/schema.org\/SiteNavigationElement\">\n\t\t<a href=\"javascript:void(0)\" aria-label=\"Feche o menu\" role=\"button\">\u00d7<\/a>\n\t\t<ul id=\"menu-flashlab-1\"><li id=\"menu-item-2008\"><a href=\"https:\/\/gcf.community\/pt\/tools\/flashlab\/\" tabindex=\"0\" role=\"link\">Laborat\u00f3rio Flash<\/a><\/li><li id=\"menu-item-2010\"><a href=\"https:\/\/gcf.community\/pt\/tools\/flashlab\/flashlab23\/\" tabindex=\"0\" role=\"link\">FlashLab23<\/a><ul>\t<li id=\"menu-item-2022\"><a href=\"https:\/\/gcf.community\/pt\/tools\/flashlab\/flashlab23\/reflection\/\" tabindex=\"0\" role=\"link\">Reflex\u00e3o<\/a><\/li>\t<li id=\"menu-item-2016\"><a href=\"https:\/\/gcf.community\/pt\/tools\/flashlab\/flashlab23\/files\/\" tabindex=\"0\" role=\"link\">Arquivos<\/a><\/li>\t<li id=\"menu-item-2027\"><a href=\"https:\/\/gcf.community\/pt\/tools\/flashlab\/zoom-recordings\/\" tabindex=\"0\" role=\"link\">Grava\u00e7\u00f5es de Zoom<\/a><\/li>\t<li id=\"menu-item-2142\"><a href=\"https:\/\/gcf.community\/pt\/tools\/flashlab\/flashlab23\/schedule\/\" aria-current=\"page\" tabindex=\"0\" role=\"link\">Agendar<\/a><\/li><\/ul><\/li><li id=\"menu-item-2014\"><a href=\"https:\/\/gcf.community\/pt\/tools\/flashlab\/overview\/\" tabindex=\"0\" role=\"link\">Vis\u00e3o geral<\/a><\/li><li id=\"menu-item-2011\"><a href=\"https:\/\/gcf.community\/pt\/tools\/flashlab\/how-to-start\/\" tabindex=\"0\" role=\"link\">Como come\u00e7ar<\/a><\/li><li id=\"menu-item-2017\"><a href=\"https:\/\/gcf.community\/pt\/tools\/flashlab\/process\/\" tabindex=\"0\" role=\"link\">Processo<\/a><\/li><li id=\"menu-item-2009\"><a href=\"https:\/\/gcf.community\/pt\/tools\/flashlab\/different-models\/\" tabindex=\"0\" role=\"link\">Diferentes modelos<\/a><\/li><li id=\"menu-item-2012\"><a href=\"https:\/\/gcf.community\/pt\/tools\/flashlab\/look-and-listen\/\" tabindex=\"0\" role=\"link\">1 \u2013 Olhe e Ou\u00e7a<\/a><\/li><li id=\"menu-item-2020\"><a href=\"https:\/\/gcf.community\/pt\/tools\/flashlab\/think-and-explore\/\" tabindex=\"0\" role=\"link\">2 \u2013 Pense e Explore<\/a><\/li><li id=\"menu-item-2013\"><a href=\"https:\/\/gcf.community\/pt\/tools\/flashlab\/make-and-create\/\" tabindex=\"0\" role=\"link\">3 \u2013 Fazer e Criar<\/a><\/li><li id=\"menu-item-2019\"><a href=\"https:\/\/gcf.community\/pt\/tools\/flashlab\/test-and-refine\/\" tabindex=\"0\" role=\"link\">4 \u2013 Teste e refine<\/a><\/li><li id=\"menu-item-2018\"><a href=\"https:\/\/gcf.community\/pt\/tools\/flashlab\/share-and-multiply\/\" tabindex=\"0\" role=\"link\">5 \u2013 Compartilhe e Multiplique<\/a><\/li><li id=\"menu-item-2136\"><a href=\"https:\/\/gcf.community\/pt\/tools\/flashlab\/useful-links\/\" tabindex=\"0\" role=\"link\">Links \u00fateis<\/a><\/li><\/ul>\n\t\t\t<\/nav>\n\n\t<h4>Semana 1<\/h4>\n<strong>T\u00f3pico<\/strong>: (1) OLHAR E ESCUTAR \/ FORMAR EQUIPES<br>\n<strong>Data<\/strong>: Quarta-feira, 6 de setembro<br>\n<strong>Tempo<\/strong>:7h, hor\u00e1rio de Nova York (<a href=\"https:\/\/www.timeanddate.com\/worldclock\/fixedtime.html?msg=Week+1&amp;iso=20230906T07&amp;p1=179&amp;ah=1\" target=\"_blank\" rel=\"noopener\">veja o hor\u00e1rio do evento no seu fuso hor\u00e1rio local<\/a>)\n<h4>Semana 2<\/h4>\n<strong>T\u00f3pico<\/strong>: (2) PENSE E EXPLORE + (3) FA\u00c7A E CRIAR<br>\n<strong>Data<\/strong>: Quarta-feira, 13 de setembro<br>\n<strong>Tempo<\/strong>:7h, hor\u00e1rio de Nova York (<a href=\"https:\/\/www.timeanddate.com\/worldclock\/fixedtime.html?msg=Week+2&amp;iso=20230913T07&amp;p1=179&amp;ah=1\" target=\"_blank\" rel=\"noopener\">veja o hor\u00e1rio do evento no seu fuso hor\u00e1rio local<\/a>)\n<h4>Semana 3<\/h4>\n<strong>T\u00f3pico<\/strong>: (3) FAZER E CRIAR<br>\n<strong>Data<\/strong>: Quarta-feira, 20 de setembro<br>\n<strong>Tempo<\/strong>:7h, hor\u00e1rio de Nova York (<a href=\"https:\/\/www.timeanddate.com\/worldclock\/fixedtime.html?msg=Week+3&amp;iso=20230920T07&amp;ah=1\" target=\"_blank\" rel=\"noopener\">veja o hor\u00e1rio do evento no seu fuso hor\u00e1rio local<\/a>)\n<h4>Semana 4<\/h4>\n<strong>T\u00f3pico<\/strong>: (4) TESTAR E REFINAR<br>\n<strong>Data<\/strong>: Quarta-feira, 27 de setembro<br>\n<strong>Tempo<\/strong>:7h, hor\u00e1rio de Nova York (<a href=\"https:\/\/www.timeanddate.com\/worldclock\/fixedtime.html?msg=Week+4&amp;iso=20230927T07&amp;p1=179&amp;ah=1\" target=\"_blank\" rel=\"noopener\">veja o hor\u00e1rio do evento no seu fuso hor\u00e1rio local<\/a>)\n<h4>Semana 5<\/h4>\n<strong>T\u00f3pico<\/strong>:(5) COMPARTILHAR E MULTIPLICAR<br>\n<strong>Data<\/strong>: Quarta-feira, 4 de outubro<br>\n<strong>Tempo<\/strong>:7h, hor\u00e1rio de Nova York (<a href=\"https:\/\/www.timeanddate.com\/worldclock\/fixedtime.html?msg=Week+5&amp;iso=20231004T07&amp;p1=179&amp;ah=1\" target=\"_blank\" rel=\"noopener\">veja o hor\u00e1rio do evento no seu fuso hor\u00e1rio local<\/a>)\n<h4>Semana 6<\/h4>\n<strong>T\u00f3pico<\/strong>:A confirmar<br>\n<strong>Data<\/strong>: Quarta-feira, 11 de outubro<br>\n<strong>Tempo<\/strong>:7h, hor\u00e1rio de Nova York (<a href=\"https:\/\/www.timeanddate.com\/worldclock\/fixedtime.html?msg=Week+6&amp;iso=20231011T07&amp;p1=179&amp;ah=1\" target=\"_blank\" rel=\"noopener\">veja o hor\u00e1rio do evento no seu fuso hor\u00e1rio local<\/a>)\n<h4>P\u00f3s-FlashLab<\/h4>\n<strong>T\u00f3pico<\/strong>: CELEBRA\u00c7\u00c3O<br>\n<strong>Data<\/strong>:A confirmar<br>\n<strong>Tempo<\/strong>:A confirmar","protected":false},"excerpt":{"rendered":"<p>FlashLab FlashLab23 Arquivos de reflex\u00e3o Grava\u00e7\u00f5es de zoom Cronograma Vis\u00e3o geral Como come\u00e7ar Processo Diferentes modelos 1 \u2013 Olhe e ou\u00e7a 2 \u2013 Pense e explore 3 \u2013 Fa\u00e7a e crie 4 \u2013 Teste e refine 5 \u2013 Compartilhe e multiplique Links \u00fateis Menu FlashLab \u00d7 FlashLab FlashLab23 Arquivos de reflex\u00e3o Grava\u00e7\u00f5es de zoom Cronograma Vis\u00e3o geral Como come\u00e7ar \u2026 <a title=\"Agendar\" class=\"read-more\" href=\"https:\/\/gcf.community\/pt\/resources\/flashlab\/flashlab23\/schedule\/\" aria-label=\"Leia mais sobre Cronograma\">Ler mais<\/a><\/p>","protected":false},"author":1,"featured_media":0,"parent":1921,"menu_order":0,"comment_status":"closed","ping_status":"closed","template":"","meta":{"_acf_changed":false,"_seopress_robots_primary_cat":"","_seopress_titles_title":"FlashLab: Schedule","_seopress_titles_desc":"A list of all our forthcoming meetings.","_seopress_robots_index":"","footnotes":"","_links_to":"","_links_to_target":""},"categories":[],"class_list":["post-2138","page","type-page","status-publish"],"acf":[],"_links":{"self":[{"href":"https:\/\/gcf.community\/pt\/wp-json\/wp\/v2\/pages\/2138","targetHints":{"allow":["GET"]}}],"collection":[{"href":"https:\/\/gcf.community\/pt\/wp-json\/wp\/v2\/pages"}],"about":[{"href":"https:\/\/gcf.community\/pt\/wp-json\/wp\/v2\/types\/page"}],"author":[{"embeddable":true,"href":"https:\/\/gcf.community\/pt\/wp-json\/wp\/v2\/users\/1"}],"replies":[{"embeddable":true,"href":"https:\/\/gcf.community\/pt\/wp-json\/wp\/v2\/comments?post=2138"}],"version-history":[{"count":0,"href":"https:\/\/gcf.community\/pt\/wp-json\/wp\/v2\/pages\/2138\/revisions"}],"up":[{"embeddable":true,"href":"https:\/\/gcf.community\/pt\/wp-json\/wp\/v2\/pages\/1921"}],"wp:attachment":[{"href":"https:\/\/gcf.community\/pt\/wp-json\/wp\/v2\/media?parent=2138"}],"wp:term":[{"taxonomy":"category","embeddable":true,"href":"https:\/\/gcf.community\/pt\/wp-json\/wp\/v2\/categories?post=2138"}],"curies":[{"name":"wp","href":"https:\/\/api.w.org\/{rel}","templated":true}]}}