{"id":2004,"date":"2023-08-30T14:56:11","date_gmt":"2023-08-30T13:56:11","guid":{"rendered":"https:\/\/gcf.community\/?page_id=2004"},"modified":"2023-09-05T13:50:52","modified_gmt":"2023-09-05T12:50:52","slug":"share-and-multiply","status":"publish","type":"page","link":"https:\/\/gcf.community\/pt\/resources\/flashlab\/share-and-multiply\/","title":{"rendered":"5 \u2013 Compartilhe e Multiplique"},"content":{"rendered":"<nav aria-label=\"Laborat\u00f3rio Flash\" itemscope=\"itemscope\" itemtype=\"https:\/\/schema.org\/SiteNavigationElement\">\n\t\t<ul id=\"menu-flashlab\"><li id=\"menu-item-2008\"><a href=\"https:\/\/gcf.community\/pt\/tools\/flashlab\/\" tabindex=\"0\" role=\"link\">Laborat\u00f3rio Flash<\/a><\/li><li id=\"menu-item-2010\"><a href=\"https:\/\/gcf.community\/pt\/tools\/flashlab\/flashlab23\/\" tabindex=\"0\" role=\"link\">FlashLab23<\/a><ul>\t<li id=\"menu-item-2022\"><a href=\"https:\/\/gcf.community\/pt\/tools\/flashlab\/flashlab23\/reflection\/\" tabindex=\"0\" role=\"link\">Reflex\u00e3o<\/a><\/li>\t<li id=\"menu-item-2016\"><a href=\"https:\/\/gcf.community\/pt\/tools\/flashlab\/flashlab23\/files\/\" tabindex=\"0\" role=\"link\">Arquivos<\/a><\/li>\t<li id=\"menu-item-2027\"><a href=\"https:\/\/gcf.community\/pt\/tools\/flashlab\/zoom-recordings\/\" tabindex=\"0\" role=\"link\">Grava\u00e7\u00f5es de Zoom<\/a><\/li>\t<li id=\"menu-item-2142\"><a href=\"https:\/\/gcf.community\/pt\/tools\/flashlab\/flashlab23\/schedule\/\" tabindex=\"0\" role=\"link\">Agendar<\/a><\/li><\/ul><\/li><li id=\"menu-item-2014\"><a href=\"https:\/\/gcf.community\/pt\/tools\/flashlab\/overview\/\" tabindex=\"0\" role=\"link\">Vis\u00e3o geral<\/a><\/li><li id=\"menu-item-2011\"><a href=\"https:\/\/gcf.community\/pt\/tools\/flashlab\/how-to-start\/\" tabindex=\"0\" role=\"link\">Como come\u00e7ar<\/a><\/li><li id=\"menu-item-2017\"><a href=\"https:\/\/gcf.community\/pt\/tools\/flashlab\/process\/\" tabindex=\"0\" role=\"link\">Processo<\/a><\/li><li id=\"menu-item-2009\"><a href=\"https:\/\/gcf.community\/pt\/tools\/flashlab\/different-models\/\" tabindex=\"0\" role=\"link\">Diferentes modelos<\/a><\/li><li id=\"menu-item-2012\"><a href=\"https:\/\/gcf.community\/pt\/tools\/flashlab\/look-and-listen\/\" tabindex=\"0\" role=\"link\">1 \u2013 Olhe e Ou\u00e7a<\/a><\/li><li id=\"menu-item-2020\"><a href=\"https:\/\/gcf.community\/pt\/tools\/flashlab\/think-and-explore\/\" tabindex=\"0\" role=\"link\">2 \u2013 Pense e Explore<\/a><\/li><li id=\"menu-item-2013\"><a href=\"https:\/\/gcf.community\/pt\/tools\/flashlab\/make-and-create\/\" tabindex=\"0\" role=\"link\">3 \u2013 Fazer e Criar<\/a><\/li><li id=\"menu-item-2019\"><a href=\"https:\/\/gcf.community\/pt\/tools\/flashlab\/test-and-refine\/\" tabindex=\"0\" role=\"link\">4 \u2013 Teste e refine<\/a><\/li><li id=\"menu-item-2018\"><a href=\"https:\/\/gcf.community\/pt\/tools\/flashlab\/share-and-multiply\/\" aria-current=\"page\" tabindex=\"0\" role=\"link\">5 \u2013 Compartilhe e Multiplique<\/a><\/li><li id=\"menu-item-2136\"><a href=\"https:\/\/gcf.community\/pt\/tools\/flashlab\/useful-links\/\" tabindex=\"0\" role=\"link\">Links \u00fateis<\/a><\/li><\/ul>\n\t\t\t<\/nav>\n\t\t\t<button tabindex=\"0\" role=\"button\" aria-label=\"Menu do FlashLab\">\n\t\t\t\tMenu do FlashLab\t\t\t<\/button>\n\t<nav aria-label=\"Laborat\u00f3rio Flash\" itemscope=\"itemscope\" itemtype=\"https:\/\/schema.org\/SiteNavigationElement\">\n\t\t<a href=\"javascript:void(0)\" aria-label=\"Feche o menu\" role=\"button\">\u00d7<\/a>\n\t\t<ul id=\"menu-flashlab-1\"><li id=\"menu-item-2008\"><a href=\"https:\/\/gcf.community\/pt\/tools\/flashlab\/\" tabindex=\"0\" role=\"link\">Laborat\u00f3rio Flash<\/a><\/li><li id=\"menu-item-2010\"><a href=\"https:\/\/gcf.community\/pt\/tools\/flashlab\/flashlab23\/\" tabindex=\"0\" role=\"link\">FlashLab23<\/a><ul>\t<li id=\"menu-item-2022\"><a href=\"https:\/\/gcf.community\/pt\/tools\/flashlab\/flashlab23\/reflection\/\" tabindex=\"0\" role=\"link\">Reflex\u00e3o<\/a><\/li>\t<li id=\"menu-item-2016\"><a href=\"https:\/\/gcf.community\/pt\/tools\/flashlab\/flashlab23\/files\/\" tabindex=\"0\" role=\"link\">Arquivos<\/a><\/li>\t<li id=\"menu-item-2027\"><a href=\"https:\/\/gcf.community\/pt\/tools\/flashlab\/zoom-recordings\/\" tabindex=\"0\" role=\"link\">Grava\u00e7\u00f5es de Zoom<\/a><\/li>\t<li id=\"menu-item-2142\"><a href=\"https:\/\/gcf.community\/pt\/tools\/flashlab\/flashlab23\/schedule\/\" tabindex=\"0\" role=\"link\">Agendar<\/a><\/li><\/ul><\/li><li id=\"menu-item-2014\"><a href=\"https:\/\/gcf.community\/pt\/tools\/flashlab\/overview\/\" tabindex=\"0\" role=\"link\">Vis\u00e3o geral<\/a><\/li><li id=\"menu-item-2011\"><a href=\"https:\/\/gcf.community\/pt\/tools\/flashlab\/how-to-start\/\" tabindex=\"0\" role=\"link\">Como come\u00e7ar<\/a><\/li><li id=\"menu-item-2017\"><a href=\"https:\/\/gcf.community\/pt\/tools\/flashlab\/process\/\" tabindex=\"0\" role=\"link\">Processo<\/a><\/li><li id=\"menu-item-2009\"><a href=\"https:\/\/gcf.community\/pt\/tools\/flashlab\/different-models\/\" tabindex=\"0\" role=\"link\">Diferentes modelos<\/a><\/li><li id=\"menu-item-2012\"><a href=\"https:\/\/gcf.community\/pt\/tools\/flashlab\/look-and-listen\/\" tabindex=\"0\" role=\"link\">1 \u2013 Olhe e Ou\u00e7a<\/a><\/li><li id=\"menu-item-2020\"><a href=\"https:\/\/gcf.community\/pt\/tools\/flashlab\/think-and-explore\/\" tabindex=\"0\" role=\"link\">2 \u2013 Pense e Explore<\/a><\/li><li id=\"menu-item-2013\"><a href=\"https:\/\/gcf.community\/pt\/tools\/flashlab\/make-and-create\/\" tabindex=\"0\" role=\"link\">3 \u2013 Fazer e Criar<\/a><\/li><li id=\"menu-item-2019\"><a href=\"https:\/\/gcf.community\/pt\/tools\/flashlab\/test-and-refine\/\" tabindex=\"0\" role=\"link\">4 \u2013 Teste e refine<\/a><\/li><li id=\"menu-item-2018\"><a href=\"https:\/\/gcf.community\/pt\/tools\/flashlab\/share-and-multiply\/\" aria-current=\"page\" tabindex=\"0\" role=\"link\">5 \u2013 Compartilhe e Multiplique<\/a><\/li><li id=\"menu-item-2136\"><a href=\"https:\/\/gcf.community\/pt\/tools\/flashlab\/useful-links\/\" tabindex=\"0\" role=\"link\">Links \u00fateis<\/a><\/li><\/ul>\n\t\t\t<\/nav>\n\n<h4>\n\t\tAssim que seu recurso estiver pronto, compartilhe-o com outras pessoas. Ajude na tradu\u00e7\u00e3o, avalie o processo do FlashLab e comemore!\n\t<\/h4>\n<h2>\n\t\tCompartilhando seu recurso\n\t<\/h2>\n\t<p>Criar algo para compartilhar \u00e9 a ess\u00eancia do FlashLab. Estamos doando nossa criatividade em prol do Reino de Jesus.<\/p>\n<h3>Onde compartilhar<\/h3>\n<p>A FlashLabs recomenda compartilhar recursos de forma ampla e livre. A forma como voc\u00ea compartilha depende da sua equipe. Voc\u00ea pode j\u00e1 ter uma rede, organiza\u00e7\u00e3o, igreja, denomina\u00e7\u00e3o ou movimento com o qual compartilhar seu recurso. Descobrimos que muitas pessoas em todo o mundo precisam de recursos que n\u00e3o podem comprar, ent\u00e3o considere compartilhar livremente \u2013 veja o impacto se multiplicar!<\/p>\n<p>Voc\u00ea tamb\u00e9m pode compartilhar:<\/p>\n<ul>\n<li>No Max7.org \u2013 um site gratuito de compartilhamento de recursos \u2013 veja o kit de ferramentas FlashLab sobre como fazer upload para o Max7.<\/li>\n<li>Em sites globais \u2013 m\u00eddias sociais, aplicativos de bate-papo, YouTube, etc. Esteja ciente de quaisquer implica\u00e7\u00f5es de seguran\u00e7a ou lugares onde \u00e9 melhor n\u00e3o compartilhar.<\/li>\n<\/ul>\n<h2>\n\t\tTraduzindo\n\t<\/h2>\n\t<p>Seu idioma \u00e9 apenas um entre 7.100 idiomas. Imagine quantas pessoas a mais se beneficiariam do seu trabalho \u00e1rduo se ele estivesse dispon\u00edvel e compartilhado em outro idioma? UAU!<\/p>\n<h3>Como traduzir<\/h3>\n<ul>\n<li>Ao compartilhar seu recurso, convide pessoas em sua rede que falam outros idiomas para se voluntariar para ajudar a traduzi-lo!<\/li>\n<li>Recursos simples e em um formato de arquivo f\u00e1cil de traduzir s\u00e3o muito melhores para tradutores. A Max7 conta com uma equipe de tradutores volunt\u00e1rios que traduzem generosamente para mais de 40 idiomas.<\/li>\n<li>Alguns recursos do FlashLabs foram criados sem palavras. Eles podem ser usados em qualquer idioma!<\/li>\n<\/ul>\n<h3>Coisas para lembrar<\/h3>\n<ul>\n<li>Se o seu recurso for longo e complexo, \u00e9 menos prov\u00e1vel que seja traduzido.<\/li>\n<li>Evite usar met\u00e1foras dif\u00edceis, linguagem idiom\u00e1tica, siglas ou piadas relacionadas a palavras e linguagem. S\u00e3o dif\u00edceis de traduzir.<\/li>\n<\/ul>\n<h2>\n\t\tAvaliar\n\t<\/h2>\n\t<p>Aprender e avaliar \u00e9 um \u00faltimo passo valioso. Precisamos continuar observando e aprendendo para aprimorar os m\u00e9todos que usamos. Da pr\u00f3xima vez, nosso trabalho ser\u00e1 melhor.<\/p>\n<h3>Curto prazo<\/h3>\n<p>Reserve um tempo para discutir o processo do FlashLab:<\/p>\n<ul>\n<li>O que funcionou?<\/li>\n<li>O que poderia ser melhorado?<\/li>\n<li>O que te surpreendeu?<\/li>\n<li>Que ideia nova poder\u00edamos ter na pr\u00f3xima vez?<\/li>\n<\/ul>\n<p>Compartilhe seu feedback com os facilitadores do seu FlashLab.<\/p>\n<h3>Longo prazo<\/h3>\n<p>Alguns membros da equipe devem receber a tarefa de monitorar o desempenho do recurso ao longo do tempo:<\/p>\n<ul>\n<li>Est\u00e1 funcionando? Est\u00e1 alcan\u00e7ando o objetivo que voc\u00ea tinha? Como?<\/li>\n<li>Est\u00e1 se multiplicando?<\/li>\n<li>Est\u00e1 sendo usado de uma forma que voc\u00ea n\u00e3o pretendia?<\/li>\n<li>Isso levou a novas ideias?<\/li>\n<\/ul>\n<h2>\n\t\tComemorar\n\t<\/h2>\n\t<p>Seu FlashLab deve terminar com uma comemora\u00e7\u00e3o!<\/p>\n<h3>Algumas maneiras de comemorar<\/h3>\n<ul>\n<li>Fa\u00e7am uma refei\u00e7\u00e3o juntos se estiverem todos no mesmo lugar.<\/li>\n<li>Ore ao Senhor e agrade\u00e7a pelo trabalho realizado e pela participa\u00e7\u00e3o de cada membro da equipe.<\/li>\n<li>Comemore as partes dif\u00edceis e compartilhe palavras de incentivo uns com os outros.<\/li>\n<\/ul>\n<p>Obrigado por participar do FlashLab. Por favor, compartilhe este livreto com outras pessoas que possam ach\u00e1-lo \u00fatil. Esperamos que voc\u00ea se sinta motivado o suficiente para participar de outro FlashLab e ver mais ferramentas, recursos e tradu\u00e7\u00f5es servindo ao Reino em todo o mundo.<\/p>\n\t<a href=\"https:\/\/gcf.community\/pt\/tools\/flashlab\/test-and-refine\/\" target=\"_self\" role=\"button\" aria-label=\"ANTERIOR\" rel=\"noopener\">\n\t\t\t\t\t\tANTERIOR\n\t\t\t\t\t<\/a>\n\t<a href=\"https:\/\/gcf.community\/pt\/tools\/flashlab\/useful-links\/\" target=\"_self\" role=\"button\" aria-label=\"PR\u00d3XIMO\" rel=\"noopener\">\n\t\t\t\t\t\tPR\u00d3XIMO\n\t\t\t<\/a>","protected":false},"excerpt":{"rendered":"<p>FlashLab FlashLab23 Arquivos de reflex\u00e3o Grava\u00e7\u00f5es de zoom Cronograma Vis\u00e3o geral Como come\u00e7ar Processo Diferentes modelos 1 \u2013 Olhe e ou\u00e7a 2 \u2013 Pense e explore 3 \u2013 Fa\u00e7a e crie 4 \u2013 Teste e refine 5 \u2013 Compartilhe e multiplique Links \u00fateis Menu FlashLab \u00d7 FlashLab FlashLab23 Arquivos de reflex\u00e3o Grava\u00e7\u00f5es de zoom Cronograma Vis\u00e3o geral Como come\u00e7ar \u2026 <a title=\"5 \u2013 Compartilhe e Multiplique\" class=\"read-more\" href=\"https:\/\/gcf.community\/pt\/resources\/flashlab\/share-and-multiply\/\" aria-label=\"Leia mais sobre 5 \u2013 Compartilhe e multiplique\">Ler mais<\/a><\/p>","protected":false},"author":1,"featured_media":0,"parent":1917,"menu_order":0,"comment_status":"closed","ping_status":"closed","template":"","meta":{"_acf_changed":false,"_seopress_robots_primary_cat":"","_seopress_titles_title":"FlashLab: Share and Multiply","_seopress_titles_desc":"Once your resource is finished, share it with others. Help it get translated, evaluate the FlashLab process, and celebrate!","_seopress_robots_index":"","footnotes":"","_links_to":"","_links_to_target":""},"categories":[91],"class_list":{"0":"post-2004","1":"page","2":"type-page","3":"status-publish","5":"category-flashlab"},"acf":[],"_links":{"self":[{"href":"https:\/\/gcf.community\/pt\/wp-json\/wp\/v2\/pages\/2004","targetHints":{"allow":["GET"]}}],"collection":[{"href":"https:\/\/gcf.community\/pt\/wp-json\/wp\/v2\/pages"}],"about":[{"href":"https:\/\/gcf.community\/pt\/wp-json\/wp\/v2\/types\/page"}],"author":[{"embeddable":true,"href":"https:\/\/gcf.community\/pt\/wp-json\/wp\/v2\/users\/1"}],"replies":[{"embeddable":true,"href":"https:\/\/gcf.community\/pt\/wp-json\/wp\/v2\/comments?post=2004"}],"version-history":[{"count":0,"href":"https:\/\/gcf.community\/pt\/wp-json\/wp\/v2\/pages\/2004\/revisions"}],"up":[{"embeddable":true,"href":"https:\/\/gcf.community\/pt\/wp-json\/wp\/v2\/pages\/1917"}],"wp:attachment":[{"href":"https:\/\/gcf.community\/pt\/wp-json\/wp\/v2\/media?parent=2004"}],"wp:term":[{"taxonomy":"category","embeddable":true,"href":"https:\/\/gcf.community\/pt\/wp-json\/wp\/v2\/categories?post=2004"}],"curies":[{"name":"wp","href":"https:\/\/api.w.org\/{rel}","templated":true}]}}