{"id":1992,"date":"2023-08-30T14:52:30","date_gmt":"2023-08-30T13:52:30","guid":{"rendered":"https:\/\/gcf.community\/?page_id=1992"},"modified":"2023-09-05T13:49:24","modified_gmt":"2023-09-05T12:49:24","slug":"think-and-explore","status":"publish","type":"page","link":"https:\/\/gcf.community\/pt\/resources\/flashlab\/think-and-explore\/","title":{"rendered":"2 \u2013 Pense e Explore"},"content":{"rendered":"<nav aria-label=\"Laborat\u00f3rio Flash\" itemscope=\"itemscope\" itemtype=\"https:\/\/schema.org\/SiteNavigationElement\">\n\t\t<ul id=\"menu-flashlab\"><li id=\"menu-item-2008\"><a href=\"https:\/\/gcf.community\/pt\/tools\/flashlab\/\" tabindex=\"0\" role=\"link\">Laborat\u00f3rio Flash<\/a><\/li><li id=\"menu-item-2010\"><a href=\"https:\/\/gcf.community\/pt\/tools\/flashlab\/flashlab23\/\" tabindex=\"0\" role=\"link\">FlashLab23<\/a><ul>\t<li id=\"menu-item-2022\"><a href=\"https:\/\/gcf.community\/pt\/tools\/flashlab\/flashlab23\/reflection\/\" tabindex=\"0\" role=\"link\">Reflex\u00e3o<\/a><\/li>\t<li id=\"menu-item-2016\"><a href=\"https:\/\/gcf.community\/pt\/tools\/flashlab\/flashlab23\/files\/\" tabindex=\"0\" role=\"link\">Arquivos<\/a><\/li>\t<li id=\"menu-item-2027\"><a href=\"https:\/\/gcf.community\/pt\/tools\/flashlab\/zoom-recordings\/\" tabindex=\"0\" role=\"link\">Grava\u00e7\u00f5es de Zoom<\/a><\/li>\t<li id=\"menu-item-2142\"><a href=\"https:\/\/gcf.community\/pt\/tools\/flashlab\/flashlab23\/schedule\/\" tabindex=\"0\" role=\"link\">Agendar<\/a><\/li><\/ul><\/li><li id=\"menu-item-2014\"><a href=\"https:\/\/gcf.community\/pt\/tools\/flashlab\/overview\/\" tabindex=\"0\" role=\"link\">Vis\u00e3o geral<\/a><\/li><li id=\"menu-item-2011\"><a href=\"https:\/\/gcf.community\/pt\/tools\/flashlab\/how-to-start\/\" tabindex=\"0\" role=\"link\">Como come\u00e7ar<\/a><\/li><li id=\"menu-item-2017\"><a href=\"https:\/\/gcf.community\/pt\/tools\/flashlab\/process\/\" tabindex=\"0\" role=\"link\">Processo<\/a><\/li><li id=\"menu-item-2009\"><a href=\"https:\/\/gcf.community\/pt\/tools\/flashlab\/different-models\/\" tabindex=\"0\" role=\"link\">Diferentes modelos<\/a><\/li><li id=\"menu-item-2012\"><a href=\"https:\/\/gcf.community\/pt\/tools\/flashlab\/look-and-listen\/\" tabindex=\"0\" role=\"link\">1 \u2013 Olhe e Ou\u00e7a<\/a><\/li><li id=\"menu-item-2020\"><a href=\"https:\/\/gcf.community\/pt\/tools\/flashlab\/think-and-explore\/\" aria-current=\"page\" tabindex=\"0\" role=\"link\">2 \u2013 Pense e Explore<\/a><\/li><li id=\"menu-item-2013\"><a href=\"https:\/\/gcf.community\/pt\/tools\/flashlab\/make-and-create\/\" tabindex=\"0\" role=\"link\">3 \u2013 Fazer e Criar<\/a><\/li><li id=\"menu-item-2019\"><a href=\"https:\/\/gcf.community\/pt\/tools\/flashlab\/test-and-refine\/\" tabindex=\"0\" role=\"link\">4 \u2013 Teste e refine<\/a><\/li><li id=\"menu-item-2018\"><a href=\"https:\/\/gcf.community\/pt\/tools\/flashlab\/share-and-multiply\/\" tabindex=\"0\" role=\"link\">5 \u2013 Compartilhe e Multiplique<\/a><\/li><li id=\"menu-item-2136\"><a href=\"https:\/\/gcf.community\/pt\/tools\/flashlab\/useful-links\/\" tabindex=\"0\" role=\"link\">Links \u00fateis<\/a><\/li><\/ul>\n\t\t\t<\/nav>\n\t\t\t<button tabindex=\"0\" role=\"button\" aria-label=\"Menu do FlashLab\">\n\t\t\t\tMenu do FlashLab\t\t\t<\/button>\n\t<nav aria-label=\"Laborat\u00f3rio Flash\" itemscope=\"itemscope\" itemtype=\"https:\/\/schema.org\/SiteNavigationElement\">\n\t\t<a href=\"javascript:void(0)\" aria-label=\"Feche o menu\" role=\"button\">\u00d7<\/a>\n\t\t<ul id=\"menu-flashlab-1\"><li id=\"menu-item-2008\"><a href=\"https:\/\/gcf.community\/pt\/tools\/flashlab\/\" tabindex=\"0\" role=\"link\">Laborat\u00f3rio Flash<\/a><\/li><li id=\"menu-item-2010\"><a href=\"https:\/\/gcf.community\/pt\/tools\/flashlab\/flashlab23\/\" tabindex=\"0\" role=\"link\">FlashLab23<\/a><ul>\t<li id=\"menu-item-2022\"><a href=\"https:\/\/gcf.community\/pt\/tools\/flashlab\/flashlab23\/reflection\/\" tabindex=\"0\" role=\"link\">Reflex\u00e3o<\/a><\/li>\t<li id=\"menu-item-2016\"><a href=\"https:\/\/gcf.community\/pt\/tools\/flashlab\/flashlab23\/files\/\" tabindex=\"0\" role=\"link\">Arquivos<\/a><\/li>\t<li id=\"menu-item-2027\"><a href=\"https:\/\/gcf.community\/pt\/tools\/flashlab\/zoom-recordings\/\" tabindex=\"0\" role=\"link\">Grava\u00e7\u00f5es de Zoom<\/a><\/li>\t<li id=\"menu-item-2142\"><a href=\"https:\/\/gcf.community\/pt\/tools\/flashlab\/flashlab23\/schedule\/\" tabindex=\"0\" role=\"link\">Agendar<\/a><\/li><\/ul><\/li><li id=\"menu-item-2014\"><a href=\"https:\/\/gcf.community\/pt\/tools\/flashlab\/overview\/\" tabindex=\"0\" role=\"link\">Vis\u00e3o geral<\/a><\/li><li id=\"menu-item-2011\"><a href=\"https:\/\/gcf.community\/pt\/tools\/flashlab\/how-to-start\/\" tabindex=\"0\" role=\"link\">Como come\u00e7ar<\/a><\/li><li id=\"menu-item-2017\"><a href=\"https:\/\/gcf.community\/pt\/tools\/flashlab\/process\/\" tabindex=\"0\" role=\"link\">Processo<\/a><\/li><li id=\"menu-item-2009\"><a href=\"https:\/\/gcf.community\/pt\/tools\/flashlab\/different-models\/\" tabindex=\"0\" role=\"link\">Diferentes modelos<\/a><\/li><li id=\"menu-item-2012\"><a href=\"https:\/\/gcf.community\/pt\/tools\/flashlab\/look-and-listen\/\" tabindex=\"0\" role=\"link\">1 \u2013 Olhe e Ou\u00e7a<\/a><\/li><li id=\"menu-item-2020\"><a href=\"https:\/\/gcf.community\/pt\/tools\/flashlab\/think-and-explore\/\" aria-current=\"page\" tabindex=\"0\" role=\"link\">2 \u2013 Pense e Explore<\/a><\/li><li id=\"menu-item-2013\"><a href=\"https:\/\/gcf.community\/pt\/tools\/flashlab\/make-and-create\/\" tabindex=\"0\" role=\"link\">3 \u2013 Fazer e Criar<\/a><\/li><li id=\"menu-item-2019\"><a href=\"https:\/\/gcf.community\/pt\/tools\/flashlab\/test-and-refine\/\" tabindex=\"0\" role=\"link\">4 \u2013 Teste e refine<\/a><\/li><li id=\"menu-item-2018\"><a href=\"https:\/\/gcf.community\/pt\/tools\/flashlab\/share-and-multiply\/\" tabindex=\"0\" role=\"link\">5 \u2013 Compartilhe e Multiplique<\/a><\/li><li id=\"menu-item-2136\"><a href=\"https:\/\/gcf.community\/pt\/tools\/flashlab\/useful-links\/\" tabindex=\"0\" role=\"link\">Links \u00fateis<\/a><\/li><\/ul>\n\t\t\t<\/nav>\n\n<h4>\n\t\tTire um tempo para ter ideias boas, novas e \u00fateis. Escolha uma para levar adiante.\n\t<\/h4>\n<h2>\n\t\tExplorar ideias\n\t<\/h2>\n\t<p>O segundo est\u00e1gio consiste em envolver seu c\u00e9rebro e cora\u00e7\u00e3o de diferentes maneiras para criar ideias que ajudem a atender \u00e0s necessidades descobertas em <a href=\"https:\/\/gcf.community\/pt\/tools\/flashlab\/look-and-listen\/\">Olhe e ou\u00e7a<\/a>.<\/p>\n<h3>Produza muitas ideias<\/h3>\n<p>Em sua equipe, tire de 20 a 30 minutos para produzir o m\u00e1ximo de ideias que puder. Pare.<\/p>\n<ul>\n<li>N\u00e3o discuta nem julgue as ideias ainda \u2013 apenas permita que o grupo escreva ou compartilhe suas ideias.<\/li>\n<li>Aproveite as ideias de todos (por exemplo, uma pessoa sugere uma ideia e outras aceitam o desafio \u201cSim! E\u2026\u201d, oferecendo algo que se baseie na ideia original).<\/li>\n<li>Continue for\u00e7ando seu c\u00e9rebro para ter mais ideias. Sua 10\u00aa ou 30\u00aa ideia pode acabar sendo a melhor!<\/li>\n<li>Adicione um objeto ou palavra aleat\u00f3ria ao brainstorm (exemplos: azul, sandu\u00edche, nuvem, polvo). Tente criar mais ideias usando essa palavra como plataforma de lan\u00e7amento.<\/li>\n<\/ul>\n<p>Registre as ideias de todos de forma vis\u00edvel. Use o que voc\u00ea tiver: quadros, pequenos bilhetes, folhas grandes de papel. <a href=\"https:\/\/jamboard.google.com\/\" target=\"_blank\" rel=\"noopener\">Google Jamboard<\/a> \u00e9 uma boa ferramenta online gratuita para brainstorming de ideias. \u00c9 especialmente \u00fatil para FlashLabs virtuais.<\/p>\n<h2>\n\t\tDescanse e esque\u00e7a\n\t<\/h2>\n\t<p>Seu c\u00e9rebro foi feito por nosso Deus para ser incrivelmente criativo. O que \u00e9 incr\u00edvel \u00e9 que seu c\u00e9rebro est\u00e1 no seu momento mais criativo, quando voc\u00ea N\u00c3O est\u00e1 tentando ser criativo!<\/p>\n<p>O pr\u00f3ximo passo nesta etapa do FlashLab \u00e9 deixar o brainstorming e focar em outra coisa!<\/p>\n<ul>\n<li>Descansar<\/li>\n<li>D\u00ea um passeio ou pratique desporto<\/li>\n<li>Fa\u00e7a algo diferente<\/li>\n<\/ul>\n<p>Deixe seu c\u00e9rebro fazer seu trabalho enquanto voc\u00ea est\u00e1 focado em outro lugar. Voc\u00ea pode descobrir que produz suas melhores ideias no chuveiro, quando est\u00e1 correndo ou quando acorda. Este \u00e9 seu c\u00e9rebro incr\u00edvel fazendo seu trabalho em segundo plano.<\/p>\n<p>Anote quaisquer pensamentos novos ou modifica\u00e7\u00f5es para desenvolver ideias existentes que &quot;surjam&quot; em sua mente.<\/p>\n<h2>\n\t\tBrinque com ideias\n\t<\/h2>\n\t<p>Brincar \u00e9 um exerc\u00edcio valioso para as ideias que sua equipe produziu na etapa acima.<\/p>\n<p>Escolha tr\u00eas das ideias:<\/p>\n<ul>\n<li>Um que parece f\u00e1cil e pr\u00e1tico<\/li>\n<li>Aquele que parece ultrajante ou dif\u00edcil<\/li>\n<li>Um no meio \u2013 nem muito f\u00e1cil nem muito dif\u00edcil<\/li>\n<\/ul>\n<p>Aqui est\u00e3o algumas maneiras de brincar com ideias. Voc\u00ea pode encontrar mais informa\u00e7\u00f5es no FlashLab Toolkit.<\/p>\n<p>Transforme uma ideia imaginando como seria se:<\/p>\n<ul>\n<li>Estava de cabe\u00e7a para baixo \u2013 por exemplo, em vez de um grande evento, voc\u00ea tinha muitos eventos pequenos.<\/li>\n<li>Se fosse reduzido, em vez de um manual de 50 p\u00e1ginas, voc\u00ea faria um com apenas duas p\u00e1ginas.<\/li>\n<\/ul>\n<p>Divida uma ideia dividindo-a em partes e:<\/p>\n<ul>\n<li>Reorganize as pe\u00e7as em uma nova ordem.<\/li>\n<li>Descarte uma parte e veja o que voc\u00ea tem.<\/li>\n<\/ul>\n<p>Misture ideias por:<\/p>\n<ul>\n<li>Misturando duas de suas ideias diferentes.<\/li>\n<\/ul>\n<p>Pense nessas duas ideias e veja no que elas podem se transformar.<\/p>\n<ul>\n<li>Olhe para uma ideia atrav\u00e9s de uma lente diferente, como a perspectiva de uma crian\u00e7a, de uma formiga ou de cima.<\/li>\n<\/ul>\n<h2>\n\t\tEscolha ideias\n\t<\/h2>\n\t<p>Depois de brincar com as ideias, reserve um tempo para orar, pensar e escolher o que voc\u00ea desenvolver\u00e1.<\/p>\n<h3>Como escolher uma boa ideia<\/h3>\n<p>Alguns desses aspectos podem ser \u00fateis na escolha de qual ideia levar adiante:<\/p>\n<ul>\n<li>Depois da ora\u00e7\u00e3o, voc\u00ea consegue identificar qual delas Deus quer que voc\u00ea fa\u00e7a?<\/li>\n<li>Qual ideia atender\u00e1 melhor \u00e0s necessidades e \u00e0s pessoas que voc\u00ea identificou no est\u00e1gio 1?<\/li>\n<li>Qual ideia mais te entusiasma?<\/li>\n<li>Qual ideia \u00e9 poss\u00edvel concretizar no tempo que voc\u00ea tem?<\/li>\n<li>Qual ideia te impulsiona e te leva a criar algo \u00fanico?<\/li>\n<\/ul>\n\t<a href=\"https:\/\/gcf.community\/pt\/tools\/flashlab\/look-and-listen\/\" target=\"_self\" role=\"button\" aria-label=\"ANTERIOR\" rel=\"noopener\">\n\t\t\t\t\t\tANTERIOR\n\t\t\t\t\t<\/a>\n\t<a href=\"https:\/\/gcf.community\/pt\/tools\/flashlab\/make-and-create\/\" target=\"_self\" role=\"button\" aria-label=\"PR\u00d3XIMO\" rel=\"noopener\">\n\t\t\t\t\t\tPR\u00d3XIMO\n\t\t\t<\/a>","protected":false},"excerpt":{"rendered":"<p>FlashLab FlashLab23 Arquivos de reflex\u00e3o Grava\u00e7\u00f5es de zoom Cronograma Vis\u00e3o geral Como come\u00e7ar Processo Diferentes modelos 1 \u2013 Olhe e ou\u00e7a 2 \u2013 Pense e explore 3 \u2013 Fa\u00e7a e crie 4 \u2013 Teste e refine 5 \u2013 Compartilhe e multiplique Links \u00fateis Menu FlashLab \u00d7 FlashLab FlashLab23 Arquivos de reflex\u00e3o Grava\u00e7\u00f5es de zoom Cronograma Vis\u00e3o geral Como come\u00e7ar \u2026 <a title=\"2 \u2013 Pense e Explore\" class=\"read-more\" href=\"https:\/\/gcf.community\/pt\/resources\/flashlab\/think-and-explore\/\" aria-label=\"Leia mais sobre 2 \u2013 Pense e Explore\">Ler mais<\/a><\/p>","protected":false},"author":1,"featured_media":0,"parent":1917,"menu_order":0,"comment_status":"closed","ping_status":"closed","template":"","meta":{"_acf_changed":false,"_seopress_robots_primary_cat":"","_seopress_titles_title":"FlashLab: Think and Explore","_seopress_titles_desc":"Take time to come up with good, fresh and helpful ideas. Choose one to take forward.","_seopress_robots_index":"","footnotes":"","_links_to":"","_links_to_target":""},"categories":[91],"class_list":{"0":"post-1992","1":"page","2":"type-page","3":"status-publish","5":"category-flashlab"},"acf":[],"_links":{"self":[{"href":"https:\/\/gcf.community\/pt\/wp-json\/wp\/v2\/pages\/1992","targetHints":{"allow":["GET"]}}],"collection":[{"href":"https:\/\/gcf.community\/pt\/wp-json\/wp\/v2\/pages"}],"about":[{"href":"https:\/\/gcf.community\/pt\/wp-json\/wp\/v2\/types\/page"}],"author":[{"embeddable":true,"href":"https:\/\/gcf.community\/pt\/wp-json\/wp\/v2\/users\/1"}],"replies":[{"embeddable":true,"href":"https:\/\/gcf.community\/pt\/wp-json\/wp\/v2\/comments?post=1992"}],"version-history":[{"count":0,"href":"https:\/\/gcf.community\/pt\/wp-json\/wp\/v2\/pages\/1992\/revisions"}],"up":[{"embeddable":true,"href":"https:\/\/gcf.community\/pt\/wp-json\/wp\/v2\/pages\/1917"}],"wp:attachment":[{"href":"https:\/\/gcf.community\/pt\/wp-json\/wp\/v2\/media?parent=1992"}],"wp:term":[{"taxonomy":"category","embeddable":true,"href":"https:\/\/gcf.community\/pt\/wp-json\/wp\/v2\/categories?post=1992"}],"curies":[{"name":"wp","href":"https:\/\/api.w.org\/{rel}","templated":true}]}}