{"id":1981,"date":"2023-08-30T14:51:05","date_gmt":"2023-08-30T13:51:05","guid":{"rendered":"https:\/\/gcf.community\/?page_id=1981"},"modified":"2023-09-05T13:38:59","modified_gmt":"2023-09-05T12:38:59","slug":"look-and-listen","status":"publish","type":"page","link":"https:\/\/gcf.community\/pt\/resources\/flashlab\/look-and-listen\/","title":{"rendered":"1 \u2013 Olhe e Ou\u00e7a"},"content":{"rendered":"<nav aria-label=\"Laborat\u00f3rio Flash\" itemscope=\"itemscope\" itemtype=\"https:\/\/schema.org\/SiteNavigationElement\">\n\t\t<ul id=\"menu-flashlab\"><li id=\"menu-item-2008\"><a href=\"https:\/\/gcf.community\/pt\/tools\/flashlab\/\" tabindex=\"0\" role=\"link\">Laborat\u00f3rio Flash<\/a><\/li><li id=\"menu-item-2010\"><a href=\"https:\/\/gcf.community\/pt\/tools\/flashlab\/flashlab23\/\" tabindex=\"0\" role=\"link\">FlashLab23<\/a><ul>\t<li id=\"menu-item-2022\"><a href=\"https:\/\/gcf.community\/pt\/tools\/flashlab\/flashlab23\/reflection\/\" tabindex=\"0\" role=\"link\">Reflex\u00e3o<\/a><\/li>\t<li id=\"menu-item-2016\"><a href=\"https:\/\/gcf.community\/pt\/tools\/flashlab\/flashlab23\/files\/\" tabindex=\"0\" role=\"link\">Arquivos<\/a><\/li>\t<li id=\"menu-item-2027\"><a href=\"https:\/\/gcf.community\/pt\/tools\/flashlab\/zoom-recordings\/\" tabindex=\"0\" role=\"link\">Grava\u00e7\u00f5es de Zoom<\/a><\/li>\t<li id=\"menu-item-2142\"><a href=\"https:\/\/gcf.community\/pt\/tools\/flashlab\/flashlab23\/schedule\/\" tabindex=\"0\" role=\"link\">Agendar<\/a><\/li><\/ul><\/li><li id=\"menu-item-2014\"><a href=\"https:\/\/gcf.community\/pt\/tools\/flashlab\/overview\/\" tabindex=\"0\" role=\"link\">Vis\u00e3o geral<\/a><\/li><li id=\"menu-item-2011\"><a href=\"https:\/\/gcf.community\/pt\/tools\/flashlab\/how-to-start\/\" tabindex=\"0\" role=\"link\">Como come\u00e7ar<\/a><\/li><li id=\"menu-item-2017\"><a href=\"https:\/\/gcf.community\/pt\/tools\/flashlab\/process\/\" tabindex=\"0\" role=\"link\">Processo<\/a><\/li><li id=\"menu-item-2009\"><a href=\"https:\/\/gcf.community\/pt\/tools\/flashlab\/different-models\/\" tabindex=\"0\" role=\"link\">Diferentes modelos<\/a><\/li><li id=\"menu-item-2012\"><a href=\"https:\/\/gcf.community\/pt\/tools\/flashlab\/look-and-listen\/\" aria-current=\"page\" tabindex=\"0\" role=\"link\">1 \u2013 Olhe e Ou\u00e7a<\/a><\/li><li id=\"menu-item-2020\"><a href=\"https:\/\/gcf.community\/pt\/tools\/flashlab\/think-and-explore\/\" tabindex=\"0\" role=\"link\">2 \u2013 Pense e Explore<\/a><\/li><li id=\"menu-item-2013\"><a href=\"https:\/\/gcf.community\/pt\/tools\/flashlab\/make-and-create\/\" tabindex=\"0\" role=\"link\">3 \u2013 Fazer e Criar<\/a><\/li><li id=\"menu-item-2019\"><a href=\"https:\/\/gcf.community\/pt\/tools\/flashlab\/test-and-refine\/\" tabindex=\"0\" role=\"link\">4 \u2013 Teste e refine<\/a><\/li><li id=\"menu-item-2018\"><a href=\"https:\/\/gcf.community\/pt\/tools\/flashlab\/share-and-multiply\/\" tabindex=\"0\" role=\"link\">5 \u2013 Compartilhe e Multiplique<\/a><\/li><li id=\"menu-item-2136\"><a href=\"https:\/\/gcf.community\/pt\/tools\/flashlab\/useful-links\/\" tabindex=\"0\" role=\"link\">Links \u00fateis<\/a><\/li><\/ul>\n\t\t\t<\/nav>\n\t\t\t<button tabindex=\"0\" role=\"button\" aria-label=\"Menu do FlashLab\">\n\t\t\t\tMenu do FlashLab\t\t\t<\/button>\n\t<nav aria-label=\"Laborat\u00f3rio Flash\" itemscope=\"itemscope\" itemtype=\"https:\/\/schema.org\/SiteNavigationElement\">\n\t\t<a href=\"javascript:void(0)\" aria-label=\"Feche o menu\" role=\"button\">\u00d7<\/a>\n\t\t<ul id=\"menu-flashlab-1\"><li id=\"menu-item-2008\"><a href=\"https:\/\/gcf.community\/pt\/tools\/flashlab\/\" tabindex=\"0\" role=\"link\">Laborat\u00f3rio Flash<\/a><\/li><li id=\"menu-item-2010\"><a href=\"https:\/\/gcf.community\/pt\/tools\/flashlab\/flashlab23\/\" tabindex=\"0\" role=\"link\">FlashLab23<\/a><ul>\t<li id=\"menu-item-2022\"><a href=\"https:\/\/gcf.community\/pt\/tools\/flashlab\/flashlab23\/reflection\/\" tabindex=\"0\" role=\"link\">Reflex\u00e3o<\/a><\/li>\t<li id=\"menu-item-2016\"><a href=\"https:\/\/gcf.community\/pt\/tools\/flashlab\/flashlab23\/files\/\" tabindex=\"0\" role=\"link\">Arquivos<\/a><\/li>\t<li id=\"menu-item-2027\"><a href=\"https:\/\/gcf.community\/pt\/tools\/flashlab\/zoom-recordings\/\" tabindex=\"0\" role=\"link\">Grava\u00e7\u00f5es de Zoom<\/a><\/li>\t<li id=\"menu-item-2142\"><a href=\"https:\/\/gcf.community\/pt\/tools\/flashlab\/flashlab23\/schedule\/\" tabindex=\"0\" role=\"link\">Agendar<\/a><\/li><\/ul><\/li><li id=\"menu-item-2014\"><a href=\"https:\/\/gcf.community\/pt\/tools\/flashlab\/overview\/\" tabindex=\"0\" role=\"link\">Vis\u00e3o geral<\/a><\/li><li id=\"menu-item-2011\"><a href=\"https:\/\/gcf.community\/pt\/tools\/flashlab\/how-to-start\/\" tabindex=\"0\" role=\"link\">Como come\u00e7ar<\/a><\/li><li id=\"menu-item-2017\"><a href=\"https:\/\/gcf.community\/pt\/tools\/flashlab\/process\/\" tabindex=\"0\" role=\"link\">Processo<\/a><\/li><li id=\"menu-item-2009\"><a href=\"https:\/\/gcf.community\/pt\/tools\/flashlab\/different-models\/\" tabindex=\"0\" role=\"link\">Diferentes modelos<\/a><\/li><li id=\"menu-item-2012\"><a href=\"https:\/\/gcf.community\/pt\/tools\/flashlab\/look-and-listen\/\" aria-current=\"page\" tabindex=\"0\" role=\"link\">1 \u2013 Olhe e Ou\u00e7a<\/a><\/li><li id=\"menu-item-2020\"><a href=\"https:\/\/gcf.community\/pt\/tools\/flashlab\/think-and-explore\/\" tabindex=\"0\" role=\"link\">2 \u2013 Pense e Explore<\/a><\/li><li id=\"menu-item-2013\"><a href=\"https:\/\/gcf.community\/pt\/tools\/flashlab\/make-and-create\/\" tabindex=\"0\" role=\"link\">3 \u2013 Fazer e Criar<\/a><\/li><li id=\"menu-item-2019\"><a href=\"https:\/\/gcf.community\/pt\/tools\/flashlab\/test-and-refine\/\" tabindex=\"0\" role=\"link\">4 \u2013 Teste e refine<\/a><\/li><li id=\"menu-item-2018\"><a href=\"https:\/\/gcf.community\/pt\/tools\/flashlab\/share-and-multiply\/\" tabindex=\"0\" role=\"link\">5 \u2013 Compartilhe e Multiplique<\/a><\/li><li id=\"menu-item-2136\"><a href=\"https:\/\/gcf.community\/pt\/tools\/flashlab\/useful-links\/\" tabindex=\"0\" role=\"link\">Links \u00fateis<\/a><\/li><\/ul>\n\t\t\t<\/nav>\n\n<h4>\n\t\tAprenda e descubra o que voc\u00ea gostaria de fazer entendendo para quem voc\u00ea est\u00e1 fazendo isso.\n\t<\/h4>\n<h2>\n\t\tCome\u00e7ar\n\t<\/h2>\n\t<p>A primeira etapa do processo FlashLab consiste em identificar um ou mais destes exemplos:<\/p>\n<div id=\"footable_parent_2128\"\n         class=\"footable_parent ninja_table_wrapper loading_ninja_table wp_table_data_press_parent semantic_ui\">\n                <table data-ninja_table_instance=\"ninja_table_instance_0\" data-footable_id=\"2128\" data-filter-delay=\"1000\" aria-label=\"Introdu\u00e7\u00e3o ao FlashLab\"            id=\"footable_2128\"\n           data-unique_identifier=\"ninja_table_unique_id_2146218323_2128\"\n           class=\"foo-table ninja_footable foo_table_2128 ninja_table_unique_id_2146218323_2128 ui table  nt_type_legacy_table selectable striped vertical_centered  footable-paging-right ninjatable_hide_header_row ninja_table_search_disabled ninja_table_pro\">\n                <colgroup>\n                            <col class=\"ninja_column_0\">\n                            <col class=\"ninja_column_1\">\n                    <\/colgroup>\n        <thead>\n<tr class=\"footable-header\">\n                                        <th scope=\"col\"  class=\"ninja_column_0 ninja_clmn_nm_1\">1<\/th><th scope=\"col\"  class=\"ninja_column_1 ninja_clmn_nm_2\">2<\/th><\/tr>\n<\/thead>\n<tbody>\n\n        <tr data-row_id=\"28\" class=\"ninja_table_row_0 nt_row_id_28\">\n            <td><strong>Tem alguma coisa que voc\u00ea quer fazer?<\/strong><\/td><td><em>Talvez voc\u00ea j\u00e1 tenha um projeto em mente ou tenha sido solicitado a fazer algo.<\/em><\/td>        <\/tr>\n            <tr data-row_id=\"30\" class=\"ninja_table_row_1 nt_row_id_30\">\n            <td><strong>H\u00e1 algum problema que voc\u00ea est\u00e1 tentando resolver?<\/strong><\/td><td><em>Talvez voc\u00ea tenha uma \u00e1rea que precisa ser abordada e gostaria de criar um recurso para ajudar a treinar seus l\u00edderes.<\/em><\/td>        <\/tr>\n            <tr data-row_id=\"29\" class=\"ninja_table_row_2 nt_row_id_29\">\n            <td><strong>Existe alguma necessidade que voc\u00ea gostaria de abordar?<\/strong><\/td><td><em>Ao olhar ao seu redor, voc\u00ea pode encontrar uma necessidade urgente que ningu\u00e9m abordou em seu contexto ou idioma.<\/em><\/td>        <\/tr>\n            <tr data-row_id=\"31\" class=\"ninja_table_row_3 nt_row_id_31\">\n            <td><strong>Existe alguma oportunidade que voc\u00ea gostaria de aproveitar?<\/strong><\/td><td><em>Voc\u00ea pode ter uma grande oportunidade surgindo, um grande evento ou um convite especial e precisa de um plano, estrat\u00e9gia ou recurso para aproveitar ao m\u00e1ximo a oportunidade.<\/em><\/td>        <\/tr>\n    <\/tbody><!--ninja_tobody_rendering_done-->\n    <\/table>\n    \n    \n    \n<\/div>\n\n<p>O FlashLab visa ajudar voc\u00ea a criar um novo recurso para atender \u00e0s suas necessidades. O que voc\u00ea deseja pode estar muito claro ou ser apenas uma ideia vaga. Tudo bem, pois o processo ajudar\u00e1 a aprimorar seu foco.<\/p>\n<h2>\n\t\tFazer perguntas\n\t<\/h2>\n\t<p>Observe e ou\u00e7a um pouco e fa\u00e7a boas perguntas a si mesmo e aos outros.<\/p>\n<h3>Olhe e ou\u00e7a<\/h3>\n<p>Certifique-se de entender as pessoas que voc\u00ea deseja atender por meio do processo FlashLab:<\/p>\n<ul>\n<li>Quem s\u00e3o eles (idade, g\u00eanero, grupos)?<\/li>\n<li>Onde eles est\u00e3o?<\/li>\n<li>Quais s\u00e3o as necessidades deles? Como podemos ajud\u00e1-los?<\/li>\n<li>O que eles precisam saber sobre Deus?<\/li>\n<li>Qual \u00e9 a mensagem de Deus para eles?<\/li>\n<\/ul>\n<p>Tenha essas respostas e os rostos das pessoas a quem voc\u00ea atende em mente. Crie um gr\u00e1fico ou p\u00e1gina do seu p\u00fablico com as respostas, imagens \u00fateis e informa\u00e7\u00f5es.<\/p>\n<p>O FlashLab visa criar recursos com um prop\u00f3sito e para atender ao p\u00fablico-alvo que voc\u00ea identificou. Ent\u00e3o, pergunte:<\/p>\n<ul>\n<li>Que tipo de recurso seria melhor para eles?<\/li>\n<li>Que tipos diferentes de recursos poderiam ser?<\/li>\n<li>Que tipos podem ser mais \u00fateis no contexto?<\/li>\n<li>Que lacuna esse recurso pode preencher?<\/li>\n<\/ul>\n\t<a href=\"https:\/\/gcf.community\/pt\/tools\/flashlab\/different-models\/\" target=\"_self\" role=\"button\" aria-label=\"ANTERIOR\" rel=\"noopener\">\n\t\t\t\t\t\tANTERIOR\n\t\t\t\t\t<\/a>\n\t<a href=\"https:\/\/gcf.community\/pt\/tools\/flashlab\/think-and-explore\/\" target=\"_self\" role=\"button\" aria-label=\"PR\u00d3XIMO\" rel=\"noopener\">\n\t\t\t\t\t\tPR\u00d3XIMO\n\t\t\t<\/a>","protected":false},"excerpt":{"rendered":"<p>FlashLab FlashLab23 Arquivos de reflex\u00e3o Grava\u00e7\u00f5es de zoom Cronograma Vis\u00e3o geral Como come\u00e7ar Processo Diferentes modelos 1 \u2013 Olhe e ou\u00e7a 2 \u2013 Pense e explore 3 \u2013 Fa\u00e7a e crie 4 \u2013 Teste e refine 5 \u2013 Compartilhe e multiplique Links \u00fateis Menu FlashLab \u00d7 FlashLab FlashLab23 Arquivos de reflex\u00e3o Grava\u00e7\u00f5es de zoom Cronograma Vis\u00e3o geral Como come\u00e7ar \u2026 <a title=\"1 \u2013 Olhe e ou\u00e7a\" class=\"read-more\" href=\"https:\/\/gcf.community\/pt\/resources\/flashlab\/look-and-listen\/\" aria-label=\"Leia mais sobre 1 \u2013 Olhe e Ou\u00e7a\">Ler mais<\/a><\/p>","protected":false},"author":1,"featured_media":0,"parent":1917,"menu_order":0,"comment_status":"closed","ping_status":"closed","template":"","meta":{"_acf_changed":false,"_seopress_robots_primary_cat":"","_seopress_titles_title":"FlashLab: Look and Listen","_seopress_titles_desc":"Learn and discover what you would like to make by understanding who you are making it for.","_seopress_robots_index":"","footnotes":"","_links_to":"","_links_to_target":""},"categories":[91],"class_list":{"0":"post-1981","1":"page","2":"type-page","3":"status-publish","5":"category-flashlab"},"acf":[],"_links":{"self":[{"href":"https:\/\/gcf.community\/pt\/wp-json\/wp\/v2\/pages\/1981","targetHints":{"allow":["GET"]}}],"collection":[{"href":"https:\/\/gcf.community\/pt\/wp-json\/wp\/v2\/pages"}],"about":[{"href":"https:\/\/gcf.community\/pt\/wp-json\/wp\/v2\/types\/page"}],"author":[{"embeddable":true,"href":"https:\/\/gcf.community\/pt\/wp-json\/wp\/v2\/users\/1"}],"replies":[{"embeddable":true,"href":"https:\/\/gcf.community\/pt\/wp-json\/wp\/v2\/comments?post=1981"}],"version-history":[{"count":0,"href":"https:\/\/gcf.community\/pt\/wp-json\/wp\/v2\/pages\/1981\/revisions"}],"up":[{"embeddable":true,"href":"https:\/\/gcf.community\/pt\/wp-json\/wp\/v2\/pages\/1917"}],"wp:attachment":[{"href":"https:\/\/gcf.community\/pt\/wp-json\/wp\/v2\/media?parent=1981"}],"wp:term":[{"taxonomy":"category","embeddable":true,"href":"https:\/\/gcf.community\/pt\/wp-json\/wp\/v2\/categories?post=1981"}],"curies":[{"name":"wp","href":"https:\/\/api.w.org\/{rel}","templated":true}]}}