{"id":1967,"date":"2023-08-30T14:49:47","date_gmt":"2023-08-30T13:49:47","guid":{"rendered":"https:\/\/gcf.community\/?page_id=1967"},"modified":"2023-09-05T13:55:25","modified_gmt":"2023-09-05T12:55:25","slug":"how-to-start","status":"publish","type":"page","link":"https:\/\/gcf.community\/pt\/resources\/flashlab\/how-to-start\/","title":{"rendered":"Como come\u00e7ar"},"content":{"rendered":"<nav aria-label=\"Laborat\u00f3rio Flash\" itemscope=\"itemscope\" itemtype=\"https:\/\/schema.org\/SiteNavigationElement\">\n\t\t<ul id=\"menu-flashlab\"><li id=\"menu-item-2008\"><a href=\"https:\/\/gcf.community\/pt\/tools\/flashlab\/\" tabindex=\"0\" role=\"link\">Laborat\u00f3rio Flash<\/a><\/li><li id=\"menu-item-2010\"><a href=\"https:\/\/gcf.community\/pt\/tools\/flashlab\/flashlab23\/\" tabindex=\"0\" role=\"link\">FlashLab23<\/a><ul>\t<li id=\"menu-item-2022\"><a href=\"https:\/\/gcf.community\/pt\/tools\/flashlab\/flashlab23\/reflection\/\" tabindex=\"0\" role=\"link\">Reflex\u00e3o<\/a><\/li>\t<li id=\"menu-item-2016\"><a href=\"https:\/\/gcf.community\/pt\/tools\/flashlab\/flashlab23\/files\/\" tabindex=\"0\" role=\"link\">Arquivos<\/a><\/li>\t<li id=\"menu-item-2027\"><a href=\"https:\/\/gcf.community\/pt\/tools\/flashlab\/zoom-recordings\/\" tabindex=\"0\" role=\"link\">Grava\u00e7\u00f5es de Zoom<\/a><\/li>\t<li id=\"menu-item-2142\"><a href=\"https:\/\/gcf.community\/pt\/tools\/flashlab\/flashlab23\/schedule\/\" tabindex=\"0\" role=\"link\">Agendar<\/a><\/li><\/ul><\/li><li id=\"menu-item-2014\"><a href=\"https:\/\/gcf.community\/pt\/tools\/flashlab\/overview\/\" tabindex=\"0\" role=\"link\">Vis\u00e3o geral<\/a><\/li><li id=\"menu-item-2011\"><a href=\"https:\/\/gcf.community\/pt\/tools\/flashlab\/how-to-start\/\" aria-current=\"page\" tabindex=\"0\" role=\"link\">Como come\u00e7ar<\/a><\/li><li id=\"menu-item-2017\"><a href=\"https:\/\/gcf.community\/pt\/tools\/flashlab\/process\/\" tabindex=\"0\" role=\"link\">Processo<\/a><\/li><li id=\"menu-item-2009\"><a href=\"https:\/\/gcf.community\/pt\/tools\/flashlab\/different-models\/\" tabindex=\"0\" role=\"link\">Diferentes modelos<\/a><\/li><li id=\"menu-item-2012\"><a href=\"https:\/\/gcf.community\/pt\/tools\/flashlab\/look-and-listen\/\" tabindex=\"0\" role=\"link\">1 \u2013 Olhe e Ou\u00e7a<\/a><\/li><li id=\"menu-item-2020\"><a href=\"https:\/\/gcf.community\/pt\/tools\/flashlab\/think-and-explore\/\" tabindex=\"0\" role=\"link\">2 \u2013 Pense e Explore<\/a><\/li><li id=\"menu-item-2013\"><a href=\"https:\/\/gcf.community\/pt\/tools\/flashlab\/make-and-create\/\" tabindex=\"0\" role=\"link\">3 \u2013 Fazer e Criar<\/a><\/li><li id=\"menu-item-2019\"><a href=\"https:\/\/gcf.community\/pt\/tools\/flashlab\/test-and-refine\/\" tabindex=\"0\" role=\"link\">4 \u2013 Teste e refine<\/a><\/li><li id=\"menu-item-2018\"><a href=\"https:\/\/gcf.community\/pt\/tools\/flashlab\/share-and-multiply\/\" tabindex=\"0\" role=\"link\">5 \u2013 Compartilhe e Multiplique<\/a><\/li><li id=\"menu-item-2136\"><a href=\"https:\/\/gcf.community\/pt\/tools\/flashlab\/useful-links\/\" tabindex=\"0\" role=\"link\">Links \u00fateis<\/a><\/li><\/ul>\n\t\t\t<\/nav>\n\t\t\t<button tabindex=\"0\" role=\"button\" aria-label=\"Menu do FlashLab\">\n\t\t\t\tMenu do FlashLab\t\t\t<\/button>\n\t<nav aria-label=\"Laborat\u00f3rio Flash\" itemscope=\"itemscope\" itemtype=\"https:\/\/schema.org\/SiteNavigationElement\">\n\t\t<a href=\"javascript:void(0)\" aria-label=\"Feche o menu\" role=\"button\">\u00d7<\/a>\n\t\t<ul id=\"menu-flashlab-1\"><li id=\"menu-item-2008\"><a href=\"https:\/\/gcf.community\/pt\/tools\/flashlab\/\" tabindex=\"0\" role=\"link\">Laborat\u00f3rio Flash<\/a><\/li><li id=\"menu-item-2010\"><a href=\"https:\/\/gcf.community\/pt\/tools\/flashlab\/flashlab23\/\" tabindex=\"0\" role=\"link\">FlashLab23<\/a><ul>\t<li id=\"menu-item-2022\"><a href=\"https:\/\/gcf.community\/pt\/tools\/flashlab\/flashlab23\/reflection\/\" tabindex=\"0\" role=\"link\">Reflex\u00e3o<\/a><\/li>\t<li id=\"menu-item-2016\"><a href=\"https:\/\/gcf.community\/pt\/tools\/flashlab\/flashlab23\/files\/\" tabindex=\"0\" role=\"link\">Arquivos<\/a><\/li>\t<li id=\"menu-item-2027\"><a href=\"https:\/\/gcf.community\/pt\/tools\/flashlab\/zoom-recordings\/\" tabindex=\"0\" role=\"link\">Grava\u00e7\u00f5es de Zoom<\/a><\/li>\t<li id=\"menu-item-2142\"><a href=\"https:\/\/gcf.community\/pt\/tools\/flashlab\/flashlab23\/schedule\/\" tabindex=\"0\" role=\"link\">Agendar<\/a><\/li><\/ul><\/li><li id=\"menu-item-2014\"><a href=\"https:\/\/gcf.community\/pt\/tools\/flashlab\/overview\/\" tabindex=\"0\" role=\"link\">Vis\u00e3o geral<\/a><\/li><li id=\"menu-item-2011\"><a href=\"https:\/\/gcf.community\/pt\/tools\/flashlab\/how-to-start\/\" aria-current=\"page\" tabindex=\"0\" role=\"link\">Como come\u00e7ar<\/a><\/li><li id=\"menu-item-2017\"><a href=\"https:\/\/gcf.community\/pt\/tools\/flashlab\/process\/\" tabindex=\"0\" role=\"link\">Processo<\/a><\/li><li id=\"menu-item-2009\"><a href=\"https:\/\/gcf.community\/pt\/tools\/flashlab\/different-models\/\" tabindex=\"0\" role=\"link\">Diferentes modelos<\/a><\/li><li id=\"menu-item-2012\"><a href=\"https:\/\/gcf.community\/pt\/tools\/flashlab\/look-and-listen\/\" tabindex=\"0\" role=\"link\">1 \u2013 Olhe e Ou\u00e7a<\/a><\/li><li id=\"menu-item-2020\"><a href=\"https:\/\/gcf.community\/pt\/tools\/flashlab\/think-and-explore\/\" tabindex=\"0\" role=\"link\">2 \u2013 Pense e Explore<\/a><\/li><li id=\"menu-item-2013\"><a href=\"https:\/\/gcf.community\/pt\/tools\/flashlab\/make-and-create\/\" tabindex=\"0\" role=\"link\">3 \u2013 Fazer e Criar<\/a><\/li><li id=\"menu-item-2019\"><a href=\"https:\/\/gcf.community\/pt\/tools\/flashlab\/test-and-refine\/\" tabindex=\"0\" role=\"link\">4 \u2013 Teste e refine<\/a><\/li><li id=\"menu-item-2018\"><a href=\"https:\/\/gcf.community\/pt\/tools\/flashlab\/share-and-multiply\/\" tabindex=\"0\" role=\"link\">5 \u2013 Compartilhe e Multiplique<\/a><\/li><li id=\"menu-item-2136\"><a href=\"https:\/\/gcf.community\/pt\/tools\/flashlab\/useful-links\/\" tabindex=\"0\" role=\"link\">Links \u00fateis<\/a><\/li><\/ul>\n\t\t\t<\/nav>\n\n\t<p>O objetivo do processo FlashLab \u00e9 transformar ideias de seus prim\u00f3rdios avassaladores e \u201cimposs\u00edveis\u201d em etapas realiz\u00e1veis para que mais ideias grandiosas do Reino possam ser amplamente compartilhadas por todo o corpo de Cristo.<\/p>\n<p>O processo ser\u00e1 r\u00e1pido (a parte \u201cFlash\u201d) e \u00e9 experimental, ent\u00e3o n\u00e3o h\u00e1 problema em testar, falhar e tentar novamente (a parte \u201cLaborat\u00f3rio\u201d).<\/p>\n<p>Aqui est\u00e3o algumas maneiras de come\u00e7ar:<\/p>\n<ol>\n<li><strong>Comece com uma equipe<\/strong> \u2013 use uma equipe existente ou crie uma equipe FlashLab de sua igreja, minist\u00e9rio ou outros com um interesse comum.<\/li>\n<li><strong>Compartilhe a vis\u00e3o<\/strong> do FlashLab e pergunte o que voc\u00ea poderia fazer para ajudar outras pessoas.<\/li>\n<li><strong>Iniciar o processo<\/strong> \u2013 este manual ir\u00e1 gui\u00e1-lo e dar-lhe dicas ao longo do caminho.<\/li>\n<li><strong>Continue falando<\/strong> \u2013 um r\u00e1pido \u201cciclo de feedback\u201d \u00e9 importante para manter sua equipe atualizada sobre o que cada pessoa est\u00e1 fazendo.<\/li>\n<li><strong>Desenvolva seus pontos fortes<\/strong> \u2013 voc\u00ea ser\u00e1 bom em algumas partes desse processo e achar\u00e1 f\u00e1ceis.<\/li>\n<li><strong>Trabalhe em suas fraquezas<\/strong> \u2013 experimente coisas novas e n\u00e3o tenha medo de errar. At\u00e9 mesmo tentar ajudar\u00e1 voc\u00ea a melhorar.<\/li>\n<li><strong>Compartilhe o que voc\u00ea faz<\/strong> com outros!<\/li>\n<\/ol>\n\t<a href=\"https:\/\/gcf.community\/pt\/tools\/flashlab\/overview\/\" target=\"_self\" role=\"button\" aria-label=\"ANTERIOR\" rel=\"noopener\">\n\t\t\t\t\t\tANTERIOR\n\t\t\t\t\t<\/a>\n\t<a href=\"https:\/\/gcf.community\/pt\/tools\/flashlab\/process\/\" target=\"_self\" role=\"button\" aria-label=\"PR\u00d3XIMO\" rel=\"noopener\">\n\t\t\t\t\t\tPR\u00d3XIMO\n\t\t\t<\/a>","protected":false},"excerpt":{"rendered":"<p>FlashLab FlashLab23 Arquivos de reflex\u00e3o Grava\u00e7\u00f5es de zoom Cronograma Vis\u00e3o geral Como come\u00e7ar Processo Diferentes modelos 1 \u2013 Olhe e ou\u00e7a 2 \u2013 Pense e explore 3 \u2013 Fa\u00e7a e crie 4 \u2013 Teste e refine 5 \u2013 Compartilhe e multiplique Links \u00fateis Menu FlashLab \u00d7 FlashLab FlashLab23 Arquivos de reflex\u00e3o Grava\u00e7\u00f5es de zoom Cronograma Vis\u00e3o geral Como come\u00e7ar \u2026 <a title=\"Como come\u00e7ar\" class=\"read-more\" href=\"https:\/\/gcf.community\/pt\/resources\/flashlab\/how-to-start\/\" aria-label=\"Leia mais sobre Como come\u00e7ar\">Ler mais<\/a><\/p>","protected":false},"author":1,"featured_media":0,"parent":1917,"menu_order":0,"comment_status":"closed","ping_status":"closed","template":"","meta":{"_acf_changed":false,"_seopress_robots_primary_cat":"","_seopress_titles_title":"FlashLab: How to Start","_seopress_titles_desc":"The goal of the FlashLab process is to take ideas from their overwhelming and \u201cimpossible beginnings\u201d into do-able steps","_seopress_robots_index":"","footnotes":"","_links_to":"","_links_to_target":""},"categories":[91],"class_list":{"0":"post-1967","1":"page","2":"type-page","3":"status-publish","5":"category-flashlab"},"acf":[],"_links":{"self":[{"href":"https:\/\/gcf.community\/pt\/wp-json\/wp\/v2\/pages\/1967","targetHints":{"allow":["GET"]}}],"collection":[{"href":"https:\/\/gcf.community\/pt\/wp-json\/wp\/v2\/pages"}],"about":[{"href":"https:\/\/gcf.community\/pt\/wp-json\/wp\/v2\/types\/page"}],"author":[{"embeddable":true,"href":"https:\/\/gcf.community\/pt\/wp-json\/wp\/v2\/users\/1"}],"replies":[{"embeddable":true,"href":"https:\/\/gcf.community\/pt\/wp-json\/wp\/v2\/comments?post=1967"}],"version-history":[{"count":0,"href":"https:\/\/gcf.community\/pt\/wp-json\/wp\/v2\/pages\/1967\/revisions"}],"up":[{"embeddable":true,"href":"https:\/\/gcf.community\/pt\/wp-json\/wp\/v2\/pages\/1917"}],"wp:attachment":[{"href":"https:\/\/gcf.community\/pt\/wp-json\/wp\/v2\/media?parent=1967"}],"wp:term":[{"taxonomy":"category","embeddable":true,"href":"https:\/\/gcf.community\/pt\/wp-json\/wp\/v2\/categories?post=1967"}],"curies":[{"name":"wp","href":"https:\/\/api.w.org\/{rel}","templated":true}]}}