{"id":1962,"date":"2023-08-30T14:49:05","date_gmt":"2023-08-30T13:49:05","guid":{"rendered":"https:\/\/gcf.community\/?page_id=1962"},"modified":"2023-09-05T13:55:44","modified_gmt":"2023-09-05T12:55:44","slug":"overview","status":"publish","type":"page","link":"https:\/\/gcf.community\/pt\/resources\/flashlab\/overview\/","title":{"rendered":"Vis\u00e3o geral"},"content":{"rendered":"<nav aria-label=\"Laborat\u00f3rio Flash\" itemscope=\"itemscope\" itemtype=\"https:\/\/schema.org\/SiteNavigationElement\">\n\t\t<ul id=\"menu-flashlab\"><li id=\"menu-item-2008\"><a href=\"https:\/\/gcf.community\/pt\/tools\/flashlab\/\" tabindex=\"0\" role=\"link\">Laborat\u00f3rio Flash<\/a><\/li><li id=\"menu-item-2010\"><a href=\"https:\/\/gcf.community\/pt\/tools\/flashlab\/flashlab23\/\" tabindex=\"0\" role=\"link\">FlashLab23<\/a><ul>\t<li id=\"menu-item-2022\"><a href=\"https:\/\/gcf.community\/pt\/tools\/flashlab\/flashlab23\/reflection\/\" tabindex=\"0\" role=\"link\">Reflex\u00e3o<\/a><\/li>\t<li id=\"menu-item-2016\"><a href=\"https:\/\/gcf.community\/pt\/tools\/flashlab\/flashlab23\/files\/\" tabindex=\"0\" role=\"link\">Arquivos<\/a><\/li>\t<li id=\"menu-item-2027\"><a href=\"https:\/\/gcf.community\/pt\/tools\/flashlab\/zoom-recordings\/\" tabindex=\"0\" role=\"link\">Grava\u00e7\u00f5es de Zoom<\/a><\/li>\t<li id=\"menu-item-2142\"><a href=\"https:\/\/gcf.community\/pt\/tools\/flashlab\/flashlab23\/schedule\/\" tabindex=\"0\" role=\"link\">Agendar<\/a><\/li><\/ul><\/li><li id=\"menu-item-2014\"><a href=\"https:\/\/gcf.community\/pt\/tools\/flashlab\/overview\/\" aria-current=\"page\" tabindex=\"0\" role=\"link\">Vis\u00e3o geral<\/a><\/li><li id=\"menu-item-2011\"><a href=\"https:\/\/gcf.community\/pt\/tools\/flashlab\/how-to-start\/\" tabindex=\"0\" role=\"link\">Como come\u00e7ar<\/a><\/li><li id=\"menu-item-2017\"><a href=\"https:\/\/gcf.community\/pt\/tools\/flashlab\/process\/\" tabindex=\"0\" role=\"link\">Processo<\/a><\/li><li id=\"menu-item-2009\"><a href=\"https:\/\/gcf.community\/pt\/tools\/flashlab\/different-models\/\" tabindex=\"0\" role=\"link\">Diferentes modelos<\/a><\/li><li id=\"menu-item-2012\"><a href=\"https:\/\/gcf.community\/pt\/tools\/flashlab\/look-and-listen\/\" tabindex=\"0\" role=\"link\">1 \u2013 Olhe e Ou\u00e7a<\/a><\/li><li id=\"menu-item-2020\"><a href=\"https:\/\/gcf.community\/pt\/tools\/flashlab\/think-and-explore\/\" tabindex=\"0\" role=\"link\">2 \u2013 Pense e Explore<\/a><\/li><li id=\"menu-item-2013\"><a href=\"https:\/\/gcf.community\/pt\/tools\/flashlab\/make-and-create\/\" tabindex=\"0\" role=\"link\">3 \u2013 Fazer e Criar<\/a><\/li><li id=\"menu-item-2019\"><a href=\"https:\/\/gcf.community\/pt\/tools\/flashlab\/test-and-refine\/\" tabindex=\"0\" role=\"link\">4 \u2013 Teste e refine<\/a><\/li><li id=\"menu-item-2018\"><a href=\"https:\/\/gcf.community\/pt\/tools\/flashlab\/share-and-multiply\/\" tabindex=\"0\" role=\"link\">5 \u2013 Compartilhe e Multiplique<\/a><\/li><li id=\"menu-item-2136\"><a href=\"https:\/\/gcf.community\/pt\/tools\/flashlab\/useful-links\/\" tabindex=\"0\" role=\"link\">Links \u00fateis<\/a><\/li><\/ul>\n\t\t\t<\/nav>\n\t\t\t<button tabindex=\"0\" role=\"button\" aria-label=\"Menu do FlashLab\">\n\t\t\t\tMenu do FlashLab\t\t\t<\/button>\n\t<nav aria-label=\"Laborat\u00f3rio Flash\" itemscope=\"itemscope\" itemtype=\"https:\/\/schema.org\/SiteNavigationElement\">\n\t\t<a href=\"javascript:void(0)\" aria-label=\"Feche o menu\" role=\"button\">\u00d7<\/a>\n\t\t<ul id=\"menu-flashlab-1\"><li id=\"menu-item-2008\"><a href=\"https:\/\/gcf.community\/pt\/tools\/flashlab\/\" tabindex=\"0\" role=\"link\">Laborat\u00f3rio Flash<\/a><\/li><li id=\"menu-item-2010\"><a href=\"https:\/\/gcf.community\/pt\/tools\/flashlab\/flashlab23\/\" tabindex=\"0\" role=\"link\">FlashLab23<\/a><ul>\t<li id=\"menu-item-2022\"><a href=\"https:\/\/gcf.community\/pt\/tools\/flashlab\/flashlab23\/reflection\/\" tabindex=\"0\" role=\"link\">Reflex\u00e3o<\/a><\/li>\t<li id=\"menu-item-2016\"><a href=\"https:\/\/gcf.community\/pt\/tools\/flashlab\/flashlab23\/files\/\" tabindex=\"0\" role=\"link\">Arquivos<\/a><\/li>\t<li id=\"menu-item-2027\"><a href=\"https:\/\/gcf.community\/pt\/tools\/flashlab\/zoom-recordings\/\" tabindex=\"0\" role=\"link\">Grava\u00e7\u00f5es de Zoom<\/a><\/li>\t<li id=\"menu-item-2142\"><a href=\"https:\/\/gcf.community\/pt\/tools\/flashlab\/flashlab23\/schedule\/\" tabindex=\"0\" role=\"link\">Agendar<\/a><\/li><\/ul><\/li><li id=\"menu-item-2014\"><a href=\"https:\/\/gcf.community\/pt\/tools\/flashlab\/overview\/\" aria-current=\"page\" tabindex=\"0\" role=\"link\">Vis\u00e3o geral<\/a><\/li><li id=\"menu-item-2011\"><a href=\"https:\/\/gcf.community\/pt\/tools\/flashlab\/how-to-start\/\" tabindex=\"0\" role=\"link\">Como come\u00e7ar<\/a><\/li><li id=\"menu-item-2017\"><a href=\"https:\/\/gcf.community\/pt\/tools\/flashlab\/process\/\" tabindex=\"0\" role=\"link\">Processo<\/a><\/li><li id=\"menu-item-2009\"><a href=\"https:\/\/gcf.community\/pt\/tools\/flashlab\/different-models\/\" tabindex=\"0\" role=\"link\">Diferentes modelos<\/a><\/li><li id=\"menu-item-2012\"><a href=\"https:\/\/gcf.community\/pt\/tools\/flashlab\/look-and-listen\/\" tabindex=\"0\" role=\"link\">1 \u2013 Olhe e Ou\u00e7a<\/a><\/li><li id=\"menu-item-2020\"><a href=\"https:\/\/gcf.community\/pt\/tools\/flashlab\/think-and-explore\/\" tabindex=\"0\" role=\"link\">2 \u2013 Pense e Explore<\/a><\/li><li id=\"menu-item-2013\"><a href=\"https:\/\/gcf.community\/pt\/tools\/flashlab\/make-and-create\/\" tabindex=\"0\" role=\"link\">3 \u2013 Fazer e Criar<\/a><\/li><li id=\"menu-item-2019\"><a href=\"https:\/\/gcf.community\/pt\/tools\/flashlab\/test-and-refine\/\" tabindex=\"0\" role=\"link\">4 \u2013 Teste e refine<\/a><\/li><li id=\"menu-item-2018\"><a href=\"https:\/\/gcf.community\/pt\/tools\/flashlab\/share-and-multiply\/\" tabindex=\"0\" role=\"link\">5 \u2013 Compartilhe e Multiplique<\/a><\/li><li id=\"menu-item-2136\"><a href=\"https:\/\/gcf.community\/pt\/tools\/flashlab\/useful-links\/\" tabindex=\"0\" role=\"link\">Links \u00fateis<\/a><\/li><\/ul>\n\t\t\t<\/nav>\n\n\t<h3>O que \u00e9 um FlashLab?<\/h3>\n<p>Um FlashLab \u00e9 um processo guiado e colaborativo para criar rapidamente estrat\u00e9gias ou recursos para comunidades em todo o mundo. Todos podem oferecer sua combina\u00e7\u00e3o \u00fanica de dons, paix\u00f5es, habilidades e interesses em benef\u00edcio do Corpo de Cristo.<\/p>\n<h3>Por que fazer um FlashLab?<\/h3>\n<p>Existem muitas maneiras de criar novas ferramentas e recursos. O FlashLab ajuda a trazer foco, energia e, o mais importante, um prazo curto para a conclus\u00e3o! Quantas vezes vimos boas ideias come\u00e7arem, mas nunca terminarem? O FlashLab foi projetado para ajudar voc\u00ea a iniciar, criar e finalizar um novo recurso.<\/p>\n<h3>De onde veio?<\/h3>\n<p>O m\u00e9todo FlashLab foi desenvolvido globalmente como um experimento em mar\u00e7o de 2022, inicialmente para o family.fit, como:<\/p>\n<ul>\n<li>Uma maneira de criar novos recursos<\/li>\n<li>Atrav\u00e9s de uma equipe de volunt\u00e1rios<\/li>\n<li>Que se espalhou pelo mundo<\/li>\n<\/ul>\n<p>Em um m\u00eas, 55 novos recursos family.fit foram criados e o m\u00e9todo FlashLab nasceu!<\/p>\n\t<a href=\"https:\/\/gcf.community\/pt\/tools\/flashlab\/how-to-start\/\" target=\"_self\" role=\"button\" aria-label=\"PR\u00d3XIMO\" rel=\"noopener\">\n\t\t\t\t\t\tPR\u00d3XIMO\n\t\t\t<\/a>","protected":false},"excerpt":{"rendered":"<p>FlashLab FlashLab23 Arquivos de reflex\u00e3o Grava\u00e7\u00f5es de zoom Cronograma Vis\u00e3o geral Como come\u00e7ar Processo Diferentes modelos 1 \u2013 Olhe e ou\u00e7a 2 \u2013 Pense e explore 3 \u2013 Fa\u00e7a e crie 4 \u2013 Teste e refine 5 \u2013 Compartilhe e multiplique Links \u00fateis Menu FlashLab \u00d7 FlashLab FlashLab23 Arquivos de reflex\u00e3o Grava\u00e7\u00f5es de zoom Cronograma Vis\u00e3o geral Como come\u00e7ar \u2026 <a title=\"Vis\u00e3o geral\" class=\"read-more\" href=\"https:\/\/gcf.community\/pt\/resources\/flashlab\/overview\/\" aria-label=\"Leia mais sobre Vis\u00e3o geral\">Ler mais<\/a><\/p>","protected":false},"author":1,"featured_media":0,"parent":1917,"menu_order":0,"comment_status":"closed","ping_status":"closed","template":"","meta":{"_acf_changed":false,"_seopress_robots_primary_cat":"","_seopress_titles_title":"FlashLab: Overview","_seopress_titles_desc":"A FlashLab is a guided and collaborative process to rapidly create strategies or resources for communities worldwide.","_seopress_robots_index":"","footnotes":"","_links_to":"","_links_to_target":""},"categories":[91],"class_list":{"0":"post-1962","1":"page","2":"type-page","3":"status-publish","5":"category-flashlab"},"acf":[],"_links":{"self":[{"href":"https:\/\/gcf.community\/pt\/wp-json\/wp\/v2\/pages\/1962","targetHints":{"allow":["GET"]}}],"collection":[{"href":"https:\/\/gcf.community\/pt\/wp-json\/wp\/v2\/pages"}],"about":[{"href":"https:\/\/gcf.community\/pt\/wp-json\/wp\/v2\/types\/page"}],"author":[{"embeddable":true,"href":"https:\/\/gcf.community\/pt\/wp-json\/wp\/v2\/users\/1"}],"replies":[{"embeddable":true,"href":"https:\/\/gcf.community\/pt\/wp-json\/wp\/v2\/comments?post=1962"}],"version-history":[{"count":0,"href":"https:\/\/gcf.community\/pt\/wp-json\/wp\/v2\/pages\/1962\/revisions"}],"up":[{"embeddable":true,"href":"https:\/\/gcf.community\/pt\/wp-json\/wp\/v2\/pages\/1917"}],"wp:attachment":[{"href":"https:\/\/gcf.community\/pt\/wp-json\/wp\/v2\/media?parent=1962"}],"wp:term":[{"taxonomy":"category","embeddable":true,"href":"https:\/\/gcf.community\/pt\/wp-json\/wp\/v2\/categories?post=1962"}],"curies":[{"name":"wp","href":"https:\/\/api.w.org\/{rel}","templated":true}]}}