{"id":1954,"date":"2023-08-30T14:42:25","date_gmt":"2023-08-30T13:42:25","guid":{"rendered":"https:\/\/gcf.community\/?page_id=1954"},"modified":"2023-09-05T13:54:24","modified_gmt":"2023-09-05T12:54:24","slug":"reflection","status":"publish","type":"page","link":"https:\/\/gcf.community\/pt\/resources\/flashlab\/flashlab23\/reflection\/","title":{"rendered":"Reflex\u00e3o"},"content":{"rendered":"<nav aria-label=\"Laborat\u00f3rio Flash\" itemscope=\"itemscope\" itemtype=\"https:\/\/schema.org\/SiteNavigationElement\">\n\t\t<ul id=\"menu-flashlab\"><li id=\"menu-item-2008\"><a href=\"https:\/\/gcf.community\/pt\/tools\/flashlab\/\" tabindex=\"0\" role=\"link\">Laborat\u00f3rio Flash<\/a><\/li><li id=\"menu-item-2010\"><a href=\"https:\/\/gcf.community\/pt\/tools\/flashlab\/flashlab23\/\" tabindex=\"0\" role=\"link\">FlashLab23<\/a><ul>\t<li id=\"menu-item-2022\"><a href=\"https:\/\/gcf.community\/pt\/tools\/flashlab\/flashlab23\/reflection\/\" aria-current=\"page\" tabindex=\"0\" role=\"link\">Reflex\u00e3o<\/a><\/li>\t<li id=\"menu-item-2016\"><a href=\"https:\/\/gcf.community\/pt\/tools\/flashlab\/flashlab23\/files\/\" tabindex=\"0\" role=\"link\">Arquivos<\/a><\/li>\t<li id=\"menu-item-2027\"><a href=\"https:\/\/gcf.community\/pt\/tools\/flashlab\/zoom-recordings\/\" tabindex=\"0\" role=\"link\">Grava\u00e7\u00f5es de Zoom<\/a><\/li><\/ul><\/li><li id=\"menu-item-2014\"><a href=\"https:\/\/gcf.community\/pt\/tools\/flashlab\/overview\/\" tabindex=\"0\" role=\"link\">Vis\u00e3o geral<\/a><\/li><li id=\"menu-item-2011\"><a href=\"https:\/\/gcf.community\/pt\/tools\/flashlab\/how-to-start\/\" tabindex=\"0\" role=\"link\">Como come\u00e7ar<\/a><\/li><li id=\"menu-item-2017\"><a href=\"https:\/\/gcf.community\/pt\/tools\/flashlab\/process\/\" tabindex=\"0\" role=\"link\">Processo<\/a><\/li><li id=\"menu-item-2009\"><a href=\"https:\/\/gcf.community\/pt\/tools\/flashlab\/different-models\/\" tabindex=\"0\" role=\"link\">Diferentes modelos<\/a><\/li><li id=\"menu-item-2012\"><a href=\"https:\/\/gcf.community\/pt\/tools\/flashlab\/look-and-listen\/\" tabindex=\"0\" role=\"link\">Olhe e ou\u00e7a<\/a><\/li><li id=\"menu-item-2020\"><a href=\"https:\/\/gcf.community\/pt\/tools\/flashlab\/think-and-explore\/\" tabindex=\"0\" role=\"link\">Pense e Explore<\/a><\/li><li id=\"menu-item-2013\"><a href=\"https:\/\/gcf.community\/pt\/tools\/flashlab\/make-and-create\/\" tabindex=\"0\" role=\"link\">Fa\u00e7a e crie<\/a><\/li><li id=\"menu-item-2019\"><a href=\"https:\/\/gcf.community\/pt\/tools\/flashlab\/test-and-refine\/\" tabindex=\"0\" role=\"link\">Testar e refinar<\/a><\/li><li id=\"menu-item-2018\"><a href=\"https:\/\/gcf.community\/pt\/tools\/flashlab\/share-and-multiply\/\" tabindex=\"0\" role=\"link\">Compartilhe e Multiplique<\/a><\/li><\/ul>\n\t\t\t<\/nav>\n\t\t\t<button tabindex=\"0\" role=\"button\" aria-label=\"Menu do FlashLab\">\n\t\t\t\tMenu do FlashLab\t\t\t<\/button>\n\t<nav aria-label=\"Laborat\u00f3rio Flash\" itemscope=\"itemscope\" itemtype=\"https:\/\/schema.org\/SiteNavigationElement\">\n\t\t<a href=\"javascript:void(0)\" aria-label=\"Feche o menu\" role=\"button\">\u00d7<\/a>\n\t\t<ul id=\"menu-flashlab-1\"><li id=\"menu-item-2008\"><a href=\"https:\/\/gcf.community\/pt\/tools\/flashlab\/\" tabindex=\"0\" role=\"link\">Laborat\u00f3rio Flash<\/a><\/li><li id=\"menu-item-2010\"><a href=\"https:\/\/gcf.community\/pt\/tools\/flashlab\/flashlab23\/\" tabindex=\"0\" role=\"link\">FlashLab23<\/a><ul>\t<li id=\"menu-item-2022\"><a href=\"https:\/\/gcf.community\/pt\/tools\/flashlab\/flashlab23\/reflection\/\" aria-current=\"page\" tabindex=\"0\" role=\"link\">Reflex\u00e3o<\/a><\/li>\t<li id=\"menu-item-2016\"><a href=\"https:\/\/gcf.community\/pt\/tools\/flashlab\/flashlab23\/files\/\" tabindex=\"0\" role=\"link\">Arquivos<\/a><\/li>\t<li id=\"menu-item-2027\"><a href=\"https:\/\/gcf.community\/pt\/tools\/flashlab\/zoom-recordings\/\" tabindex=\"0\" role=\"link\">Grava\u00e7\u00f5es de Zoom<\/a><\/li><\/ul><\/li><li id=\"menu-item-2014\"><a href=\"https:\/\/gcf.community\/pt\/tools\/flashlab\/overview\/\" tabindex=\"0\" role=\"link\">Vis\u00e3o geral<\/a><\/li><li id=\"menu-item-2011\"><a href=\"https:\/\/gcf.community\/pt\/tools\/flashlab\/how-to-start\/\" tabindex=\"0\" role=\"link\">Como come\u00e7ar<\/a><\/li><li id=\"menu-item-2017\"><a href=\"https:\/\/gcf.community\/pt\/tools\/flashlab\/process\/\" tabindex=\"0\" role=\"link\">Processo<\/a><\/li><li id=\"menu-item-2009\"><a href=\"https:\/\/gcf.community\/pt\/tools\/flashlab\/different-models\/\" tabindex=\"0\" role=\"link\">Diferentes modelos<\/a><\/li><li id=\"menu-item-2012\"><a href=\"https:\/\/gcf.community\/pt\/tools\/flashlab\/look-and-listen\/\" tabindex=\"0\" role=\"link\">Olhe e ou\u00e7a<\/a><\/li><li id=\"menu-item-2020\"><a href=\"https:\/\/gcf.community\/pt\/tools\/flashlab\/think-and-explore\/\" tabindex=\"0\" role=\"link\">Pense e Explore<\/a><\/li><li id=\"menu-item-2013\"><a href=\"https:\/\/gcf.community\/pt\/tools\/flashlab\/make-and-create\/\" tabindex=\"0\" role=\"link\">Fa\u00e7a e crie<\/a><\/li><li id=\"menu-item-2019\"><a href=\"https:\/\/gcf.community\/pt\/tools\/flashlab\/test-and-refine\/\" tabindex=\"0\" role=\"link\">Testar e refinar<\/a><\/li><li id=\"menu-item-2018\"><a href=\"https:\/\/gcf.community\/pt\/tools\/flashlab\/share-and-multiply\/\" tabindex=\"0\" role=\"link\">Compartilhe e Multiplique<\/a><\/li><\/ul>\n\t\t\t<\/nav>\n\n\t<p>FlashLab \u00e9 um processo e m\u00e9todo para criar novas ferramentas e recursos ministeriais.<\/p>\n<p>Voc\u00ea pode perguntar por qu\u00ea? Sabemos que:<\/p>\n        <p><em>Toda a Escritura \u00e9 inspirada por Deus e \u00e9 \u00fatil para <\/em><em>ensinando, repreendendo, corrigindo e treinando em <\/em><em>justi\u00e7a, para que o servo de Deus seja <\/em><em>completamente equipado para toda boa obra.<\/em>2 Tim\u00f3teo 3:16 NVI<\/p>    \n\t<p>Ent\u00e3o por que precisamos de mais ferramentas e recursos?<\/p>\n<p>No cerne do FlashLab est\u00e1 o desejo de ver pessoas em todos os lugares engajadas com a Palavra de Deus. Criar novas ferramentas e recursos \u00e9 uma forma de treinar, equipar, engajar, inspirar e comunicar a Palavra de Deus em v\u00e1rios idiomas. Seja um curr\u00edculo b\u00edblico, um v\u00eddeo, uma sess\u00e3o de treinamento ou um jogo experimental. Qualquer um deles pode ser usado por Deus para ajudar outros a se engajarem com a Sua Palavra e a encontrarem Jesus.<\/p>\n        <p><em>O amor inabal\u00e1vel do Senhor nunca cessa;<\/em><br><em>&nbsp; &nbsp;suas miseric\u00f3rdias nunca terminam;<\/em><br><em>elas s\u00e3o novas todas as manh\u00e3s;<\/em><br><em>&nbsp; &nbsp;grande \u00e9 a tua fidelidade.<\/em>Lamenta\u00e7\u00f5es 3:22-23 NVI<\/p>    \n\t<p>Como parte deste FlashLab, reserve um tempo para ler a B\u00edblia e refletir sobre como o Senhor nos criou.<\/p>\n<h3>Em ser criativo<\/h3>\n<p>Leia sobre a primeira pessoa na B\u00edblia a ser considerada &quot;cheia do Esp\u00edrito de Deus&quot; \u2013 Bezalel (\u00caxodo 31:1-5). Que dons criativos podemos oferecer?<\/p>\n<p>Davi, t\u00e3o criativo, queria \u201ccantar um c\u00e2ntico novo\u201d ao Senhor (Salmos 96 e 98). O que podemos oferecer ao Senhor que seja fresco e novo hoje?<\/p>\n<h3>Em nossa doa\u00e7\u00e3o de tempo<\/h3>\n<p>Leia 2 Cor\u00edntios 9:6-8. Como podemos ser generosos com nosso tempo, incentivo e trabalho em benef\u00edcio dos outros?<\/p>\n<h3>Ao compartilhar nossos dons em unidade<\/h3>\n<p>Cada membro de uma equipe tem dons diferentes a oferecer, mas somos todos um sob Jesus. Leia Ef\u00e9sios 4:1-16 ou 1 Cor\u00edntios 12:12-19. Para que o FlashLab funcione, haver\u00e1 pessoas diferentes servindo de maneiras diferentes.<\/p>","protected":false},"excerpt":{"rendered":"<p>FlashLab FlashLab23 Arquivos de reflex\u00e3o Grava\u00e7\u00f5es de zoom Vis\u00e3o geral Como come\u00e7ar Processar Diferentes modelos Olhar e ouvir Pensar e explorar Fazer e criar Testar e refinar Compartilhar e multiplicar Menu FlashLab \u00d7 FlashLab FlashLab23 Arquivos de reflex\u00e3o Grava\u00e7\u00f5es de zoom Vis\u00e3o geral Como come\u00e7ar Processar Diferentes modelos Olhar e ouvir Pensar e explorar Fazer e criar Testar e \u2026 <a title=\"Reflex\u00e3o\" class=\"read-more\" href=\"https:\/\/gcf.community\/pt\/resources\/flashlab\/flashlab23\/reflection\/\" aria-label=\"Leia mais sobre Reflex\u00e3o\">Ler mais<\/a><\/p>","protected":false},"author":1,"featured_media":0,"parent":1921,"menu_order":0,"comment_status":"closed","ping_status":"closed","template":"","meta":{"_acf_changed":false,"_seopress_robots_primary_cat":"","_seopress_titles_title":"FlashLab: Reflection","_seopress_titles_desc":"FlashLab is a process and method for making new ministry tools and resources. You might ask why?","_seopress_robots_index":"","footnotes":"","_links_to":"","_links_to_target":""},"categories":[91],"class_list":{"0":"post-1954","1":"page","2":"type-page","3":"status-publish","5":"category-flashlab"},"acf":[],"_links":{"self":[{"href":"https:\/\/gcf.community\/pt\/wp-json\/wp\/v2\/pages\/1954","targetHints":{"allow":["GET"]}}],"collection":[{"href":"https:\/\/gcf.community\/pt\/wp-json\/wp\/v2\/pages"}],"about":[{"href":"https:\/\/gcf.community\/pt\/wp-json\/wp\/v2\/types\/page"}],"author":[{"embeddable":true,"href":"https:\/\/gcf.community\/pt\/wp-json\/wp\/v2\/users\/1"}],"replies":[{"embeddable":true,"href":"https:\/\/gcf.community\/pt\/wp-json\/wp\/v2\/comments?post=1954"}],"version-history":[{"count":0,"href":"https:\/\/gcf.community\/pt\/wp-json\/wp\/v2\/pages\/1954\/revisions"}],"up":[{"embeddable":true,"href":"https:\/\/gcf.community\/pt\/wp-json\/wp\/v2\/pages\/1921"}],"wp:attachment":[{"href":"https:\/\/gcf.community\/pt\/wp-json\/wp\/v2\/media?parent=1954"}],"wp:term":[{"taxonomy":"category","embeddable":true,"href":"https:\/\/gcf.community\/pt\/wp-json\/wp\/v2\/categories?post=1954"}],"curies":[{"name":"wp","href":"https:\/\/api.w.org\/{rel}","templated":true}]}}