{"id":1921,"date":"2023-08-30T06:47:15","date_gmt":"2023-08-30T05:47:15","guid":{"rendered":"https:\/\/gcf.community\/?page_id=1921"},"modified":"2023-09-05T13:52:21","modified_gmt":"2023-09-05T12:52:21","slug":"flashlab23","status":"publish","type":"page","link":"https:\/\/gcf.community\/pt\/resources\/flashlab\/flashlab23\/","title":{"rendered":"FlashLab23"},"content":{"rendered":"<nav aria-label=\"Laborat\u00f3rio Flash\" itemscope=\"itemscope\" itemtype=\"https:\/\/schema.org\/SiteNavigationElement\">\n\t\t<ul id=\"menu-flashlab\"><li id=\"menu-item-2008\"><a href=\"https:\/\/gcf.community\/pt\/tools\/flashlab\/\" tabindex=\"0\" role=\"link\">Laborat\u00f3rio Flash<\/a><\/li><li id=\"menu-item-2010\"><a href=\"https:\/\/gcf.community\/pt\/tools\/flashlab\/flashlab23\/\" aria-current=\"page\" tabindex=\"0\" role=\"link\">FlashLab23<\/a><ul>\t<li id=\"menu-item-2022\"><a href=\"https:\/\/gcf.community\/pt\/tools\/flashlab\/flashlab23\/reflection\/\" tabindex=\"0\" role=\"link\">Reflex\u00e3o<\/a><\/li>\t<li id=\"menu-item-2016\"><a href=\"https:\/\/gcf.community\/pt\/tools\/flashlab\/flashlab23\/files\/\" tabindex=\"0\" role=\"link\">Arquivos<\/a><\/li>\t<li id=\"menu-item-2027\"><a href=\"https:\/\/gcf.community\/pt\/tools\/flashlab\/zoom-recordings\/\" tabindex=\"0\" role=\"link\">Grava\u00e7\u00f5es de Zoom<\/a><\/li><\/ul><\/li><li id=\"menu-item-2014\"><a href=\"https:\/\/gcf.community\/pt\/tools\/flashlab\/overview\/\" tabindex=\"0\" role=\"link\">Vis\u00e3o geral<\/a><\/li><li id=\"menu-item-2011\"><a href=\"https:\/\/gcf.community\/pt\/tools\/flashlab\/how-to-start\/\" tabindex=\"0\" role=\"link\">Como come\u00e7ar<\/a><\/li><li id=\"menu-item-2017\"><a href=\"https:\/\/gcf.community\/pt\/tools\/flashlab\/process\/\" tabindex=\"0\" role=\"link\">Processo<\/a><\/li><li id=\"menu-item-2009\"><a href=\"https:\/\/gcf.community\/pt\/tools\/flashlab\/different-models\/\" tabindex=\"0\" role=\"link\">Diferentes modelos<\/a><\/li><li id=\"menu-item-2012\"><a href=\"https:\/\/gcf.community\/pt\/tools\/flashlab\/look-and-listen\/\" tabindex=\"0\" role=\"link\">Olhe e ou\u00e7a<\/a><\/li><li id=\"menu-item-2020\"><a href=\"https:\/\/gcf.community\/pt\/tools\/flashlab\/think-and-explore\/\" tabindex=\"0\" role=\"link\">Pense e Explore<\/a><\/li><li id=\"menu-item-2013\"><a href=\"https:\/\/gcf.community\/pt\/tools\/flashlab\/make-and-create\/\" tabindex=\"0\" role=\"link\">Fa\u00e7a e crie<\/a><\/li><li id=\"menu-item-2019\"><a href=\"https:\/\/gcf.community\/pt\/tools\/flashlab\/test-and-refine\/\" tabindex=\"0\" role=\"link\">Testar e refinar<\/a><\/li><li id=\"menu-item-2018\"><a href=\"https:\/\/gcf.community\/pt\/tools\/flashlab\/share-and-multiply\/\" tabindex=\"0\" role=\"link\">Compartilhe e Multiplique<\/a><\/li><\/ul>\n\t\t\t<\/nav>\n\t\t\t<button tabindex=\"0\" role=\"button\" aria-label=\"Menu do FlashLab\">\n\t\t\t\tMenu do FlashLab\t\t\t<\/button>\n\t<nav aria-label=\"Laborat\u00f3rio Flash\" itemscope=\"itemscope\" itemtype=\"https:\/\/schema.org\/SiteNavigationElement\">\n\t\t<a href=\"javascript:void(0)\" aria-label=\"Feche o menu\" role=\"button\">\u00d7<\/a>\n\t\t<ul id=\"menu-flashlab-1\"><li id=\"menu-item-2008\"><a href=\"https:\/\/gcf.community\/pt\/tools\/flashlab\/\" tabindex=\"0\" role=\"link\">Laborat\u00f3rio Flash<\/a><\/li><li id=\"menu-item-2010\"><a href=\"https:\/\/gcf.community\/pt\/tools\/flashlab\/flashlab23\/\" aria-current=\"page\" tabindex=\"0\" role=\"link\">FlashLab23<\/a><ul>\t<li id=\"menu-item-2022\"><a href=\"https:\/\/gcf.community\/pt\/tools\/flashlab\/flashlab23\/reflection\/\" tabindex=\"0\" role=\"link\">Reflex\u00e3o<\/a><\/li>\t<li id=\"menu-item-2016\"><a href=\"https:\/\/gcf.community\/pt\/tools\/flashlab\/flashlab23\/files\/\" tabindex=\"0\" role=\"link\">Arquivos<\/a><\/li>\t<li id=\"menu-item-2027\"><a href=\"https:\/\/gcf.community\/pt\/tools\/flashlab\/zoom-recordings\/\" tabindex=\"0\" role=\"link\">Grava\u00e7\u00f5es de Zoom<\/a><\/li><\/ul><\/li><li id=\"menu-item-2014\"><a href=\"https:\/\/gcf.community\/pt\/tools\/flashlab\/overview\/\" tabindex=\"0\" role=\"link\">Vis\u00e3o geral<\/a><\/li><li id=\"menu-item-2011\"><a href=\"https:\/\/gcf.community\/pt\/tools\/flashlab\/how-to-start\/\" tabindex=\"0\" role=\"link\">Como come\u00e7ar<\/a><\/li><li id=\"menu-item-2017\"><a href=\"https:\/\/gcf.community\/pt\/tools\/flashlab\/process\/\" tabindex=\"0\" role=\"link\">Processo<\/a><\/li><li id=\"menu-item-2009\"><a href=\"https:\/\/gcf.community\/pt\/tools\/flashlab\/different-models\/\" tabindex=\"0\" role=\"link\">Diferentes modelos<\/a><\/li><li id=\"menu-item-2012\"><a href=\"https:\/\/gcf.community\/pt\/tools\/flashlab\/look-and-listen\/\" tabindex=\"0\" role=\"link\">Olhe e ou\u00e7a<\/a><\/li><li id=\"menu-item-2020\"><a href=\"https:\/\/gcf.community\/pt\/tools\/flashlab\/think-and-explore\/\" tabindex=\"0\" role=\"link\">Pense e Explore<\/a><\/li><li id=\"menu-item-2013\"><a href=\"https:\/\/gcf.community\/pt\/tools\/flashlab\/make-and-create\/\" tabindex=\"0\" role=\"link\">Fa\u00e7a e crie<\/a><\/li><li id=\"menu-item-2019\"><a href=\"https:\/\/gcf.community\/pt\/tools\/flashlab\/test-and-refine\/\" tabindex=\"0\" role=\"link\">Testar e refinar<\/a><\/li><li id=\"menu-item-2018\"><a href=\"https:\/\/gcf.community\/pt\/tools\/flashlab\/share-and-multiply\/\" tabindex=\"0\" role=\"link\">Compartilhe e Multiplique<\/a><\/li><\/ul>\n\t\t\t<\/nav>\n\n\t<h2>Participe do World FlashLab 2023!<\/h2>\n<p>Uma oportunidade de trabalhar na cria\u00e7\u00e3o de novos recursos que voc\u00ea precisa para a sua comunidade. Junte-se ao seu grupo e ao movimento esportivo, GO Play, F\u00f3rum Global de Crian\u00e7as, GO Health &amp; Fitness, family.fit, Gen-G, Max7 e muitos outros!<\/p>\n<p>O FlashLab \u00e9 um processo simples, guiado e colaborativo para a cria\u00e7\u00e3o de novos recursos para a sua comunidade. \u00c9 aberto a qualquer equipe de trabalho, e voc\u00ea pode trabalhar em recursos no seu idioma e para os seus colaboradores.<\/p>\n<p>Grupos que conhecemos estar\u00e3o focados em criar recursos para fam\u00edlias em miss\u00e3o, lideran\u00e7a jovem, generosidade infantil, condicionamento f\u00edsico, recupera\u00e7\u00e3o de traumas, engajamento comunit\u00e1rio, generosidade e pessoas n\u00e3o alcan\u00e7adas de todas as idades. Adicione suas tarefas a esta lista maravilhosa!<\/p>\n<p>Envolva-se trazendo uma equipe e um projeto para trabalhar em prol da sua comunidade. Voc\u00ea tamb\u00e9m pode se juntar a uma equipe que trabalha em uma \u00e1rea de seu interesse.<\/p>\n<p>O FlashLab come\u00e7a em 4 de setembro de 2023 com uma chamada pelo Zoom e termina em meados de outubro.<\/p>\n<h3>Para registrar seu interesse<\/h3>\n<p>Participe de um dos \u201cgrupos de informa\u00e7\u00e3o do FlashLab 2023\u201d:<\/p>\n<ul>\n<li><strong>Telegrama:<\/strong> <a href=\"https:\/\/t.me\/+PYZl1L7-swFmYjZk\" target=\"_blank\" rel=\"noopener\">https:\/\/t.me\/+PYZl1L7-swFmYjZk<\/a><\/li>\n<li><strong>O que voc\u00ea acha do WhatsApp?<\/strong> <a href=\"https:\/\/chat.whatsapp.com\/FQSYil7jQdaKCn3o9zUd3e\" target=\"_blank\" rel=\"noopener\">https:\/\/chat.whatsapp.com\/FQSYil7jQdaKCn3o9zUd3e<\/a><\/li>\n<\/ul>\n<p>Inscreva-se para uma das chamadas de lan\u00e7amento do FlashLab 2023 no Zoom em 4 de setembro:<\/p>\n<ul>\n<li><strong>7h, hor\u00e1rio de Nova York<\/strong>: <a href=\"https:\/\/us02web.zoom.us\/meeting\/register\/tZctduyorjoiHdRaJnqz9UUZOx4E2Iwr4c93\" target=\"_blank\" rel=\"noopener\">https:\/\/us02web.zoom.us\/meeting\/register\/tZctduyorjoiHdRaJnqz9UUZOx4E2Iwr4c93<\/a><\/li>\n<li><strong>19h, hor\u00e1rio de Nova York<\/strong>: <a href=\"https:\/\/us02web.zoom.us\/meeting\/register\/tZ0kdisrDooGdExtxaN_GkEeGeeyUAuY9Q7\" target=\"_blank\" rel=\"noopener\">https:\/\/us02web.zoom.us\/meeting\/register\/tZ0kdisrDooGdExtxaN_GkEeGeeyUAuY9Q7<\/a><\/li>\n<\/ul>","protected":false},"excerpt":{"rendered":"<p>FlashLab FlashLab23 Arquivos de reflex\u00e3o Grava\u00e7\u00f5es de zoom Vis\u00e3o geral Como come\u00e7ar Processar Diferentes modelos Olhar e ouvir Pensar e explorar Fazer e criar Testar e refinar Compartilhar e multiplicar Menu FlashLab \u00d7 FlashLab FlashLab23 Arquivos de reflex\u00e3o Grava\u00e7\u00f5es de zoom Vis\u00e3o geral Como come\u00e7ar Processar Diferentes modelos Olhar e ouvir Pensar e explorar Fazer e criar Testar e \u2026 <a title=\"FlashLab23\" class=\"read-more\" href=\"https:\/\/gcf.community\/pt\/resources\/flashlab\/flashlab23\/\" aria-label=\"Leia mais sobre FlashLab23\">Ler mais<\/a><\/p>","protected":false},"author":1,"featured_media":0,"parent":1917,"menu_order":0,"comment_status":"closed","ping_status":"closed","template":"","meta":{"_acf_changed":false,"_seopress_robots_primary_cat":"","_seopress_titles_title":"FlashLab: FlashLab23","_seopress_titles_desc":"Join the 2023 World FlashLab! An opportunity to work on creating new resources that you need for your community.","_seopress_robots_index":"","footnotes":"","_links_to":"","_links_to_target":""},"categories":[91],"class_list":{"0":"post-1921","1":"page","2":"type-page","3":"status-publish","5":"category-flashlab"},"acf":[],"_links":{"self":[{"href":"https:\/\/gcf.community\/pt\/wp-json\/wp\/v2\/pages\/1921","targetHints":{"allow":["GET"]}}],"collection":[{"href":"https:\/\/gcf.community\/pt\/wp-json\/wp\/v2\/pages"}],"about":[{"href":"https:\/\/gcf.community\/pt\/wp-json\/wp\/v2\/types\/page"}],"author":[{"embeddable":true,"href":"https:\/\/gcf.community\/pt\/wp-json\/wp\/v2\/users\/1"}],"replies":[{"embeddable":true,"href":"https:\/\/gcf.community\/pt\/wp-json\/wp\/v2\/comments?post=1921"}],"version-history":[{"count":0,"href":"https:\/\/gcf.community\/pt\/wp-json\/wp\/v2\/pages\/1921\/revisions"}],"up":[{"embeddable":true,"href":"https:\/\/gcf.community\/pt\/wp-json\/wp\/v2\/pages\/1917"}],"wp:attachment":[{"href":"https:\/\/gcf.community\/pt\/wp-json\/wp\/v2\/media?parent=1921"}],"wp:term":[{"taxonomy":"category","embeddable":true,"href":"https:\/\/gcf.community\/pt\/wp-json\/wp\/v2\/categories?post=1921"}],"curies":[{"name":"wp","href":"https:\/\/api.w.org\/{rel}","templated":true}]}}