{"id":1917,"date":"2023-08-30T06:33:15","date_gmt":"2023-08-30T05:33:15","guid":{"rendered":"https:\/\/gcf.community\/?page_id=1917"},"modified":"2025-06-11T16:58:50","modified_gmt":"2025-06-11T15:58:50","slug":"flashlab","status":"publish","type":"page","link":"https:\/\/gcf.community\/pt\/resources\/flashlab\/","title":{"rendered":"Laborat\u00f3rio Flash"},"content":{"rendered":"<nav aria-label=\"Laborat\u00f3rio Flash\" itemscope=\"itemscope\" itemtype=\"https:\/\/schema.org\/SiteNavigationElement\">\n\t\t<ul id=\"menu-flashlab\"><li id=\"menu-item-2008\"><a href=\"https:\/\/gcf.community\/pt\/tools\/flashlab\/\" aria-current=\"page\" tabindex=\"0\" role=\"link\">Laborat\u00f3rio Flash<\/a><\/li><li id=\"menu-item-2010\"><a href=\"https:\/\/gcf.community\/pt\/tools\/flashlab\/flashlab23\/\" tabindex=\"0\" role=\"link\">FlashLab23<\/a><ul>\t<li id=\"menu-item-2022\"><a href=\"https:\/\/gcf.community\/pt\/tools\/flashlab\/flashlab23\/reflection\/\" tabindex=\"0\" role=\"link\">Reflex\u00e3o<\/a><\/li>\t<li id=\"menu-item-2016\"><a href=\"https:\/\/gcf.community\/pt\/tools\/flashlab\/flashlab23\/files\/\" tabindex=\"0\" role=\"link\">Arquivos<\/a><\/li>\t<li id=\"menu-item-2027\"><a href=\"https:\/\/gcf.community\/pt\/tools\/flashlab\/zoom-recordings\/\" tabindex=\"0\" role=\"link\">Grava\u00e7\u00f5es de Zoom<\/a><\/li>\t<li id=\"menu-item-2142\"><a href=\"https:\/\/gcf.community\/pt\/tools\/flashlab\/flashlab23\/schedule\/\" tabindex=\"0\" role=\"link\">Agendar<\/a><\/li><\/ul><\/li><li id=\"menu-item-2014\"><a href=\"https:\/\/gcf.community\/pt\/tools\/flashlab\/overview\/\" tabindex=\"0\" role=\"link\">Vis\u00e3o geral<\/a><\/li><li id=\"menu-item-2011\"><a href=\"https:\/\/gcf.community\/pt\/tools\/flashlab\/how-to-start\/\" tabindex=\"0\" role=\"link\">Como come\u00e7ar<\/a><\/li><li id=\"menu-item-2017\"><a href=\"https:\/\/gcf.community\/pt\/tools\/flashlab\/process\/\" tabindex=\"0\" role=\"link\">Processo<\/a><\/li><li id=\"menu-item-2009\"><a href=\"https:\/\/gcf.community\/pt\/tools\/flashlab\/different-models\/\" tabindex=\"0\" role=\"link\">Diferentes modelos<\/a><\/li><li id=\"menu-item-2012\"><a href=\"https:\/\/gcf.community\/pt\/tools\/flashlab\/look-and-listen\/\" tabindex=\"0\" role=\"link\">1 \u2013 Olhe e Ou\u00e7a<\/a><\/li><li id=\"menu-item-2020\"><a href=\"https:\/\/gcf.community\/pt\/tools\/flashlab\/think-and-explore\/\" tabindex=\"0\" role=\"link\">2 \u2013 Pense e Explore<\/a><\/li><li id=\"menu-item-2013\"><a href=\"https:\/\/gcf.community\/pt\/tools\/flashlab\/make-and-create\/\" tabindex=\"0\" role=\"link\">3 \u2013 Fazer e Criar<\/a><\/li><li id=\"menu-item-2019\"><a href=\"https:\/\/gcf.community\/pt\/tools\/flashlab\/test-and-refine\/\" tabindex=\"0\" role=\"link\">4 \u2013 Teste e refine<\/a><\/li><li id=\"menu-item-2018\"><a href=\"https:\/\/gcf.community\/pt\/tools\/flashlab\/share-and-multiply\/\" tabindex=\"0\" role=\"link\">5 \u2013 Compartilhe e Multiplique<\/a><\/li><li id=\"menu-item-2136\"><a href=\"https:\/\/gcf.community\/pt\/tools\/flashlab\/useful-links\/\" tabindex=\"0\" role=\"link\">Links \u00fateis<\/a><\/li><\/ul>\n\t\t\t<\/nav>\n\t\t\t<button tabindex=\"0\" role=\"button\" aria-label=\"Menu do FlashLab\">\n\t\t\t\tMenu do FlashLab\t\t\t<\/button>\n\t<nav aria-label=\"Laborat\u00f3rio Flash\" itemscope=\"itemscope\" itemtype=\"https:\/\/schema.org\/SiteNavigationElement\">\n\t\t<a href=\"javascript:void(0)\" aria-label=\"Feche o menu\" role=\"button\">\u00d7<\/a>\n\t\t<ul id=\"menu-flashlab-1\"><li id=\"menu-item-2008\"><a href=\"https:\/\/gcf.community\/pt\/tools\/flashlab\/\" aria-current=\"page\" tabindex=\"0\" role=\"link\">Laborat\u00f3rio Flash<\/a><\/li><li id=\"menu-item-2010\"><a href=\"https:\/\/gcf.community\/pt\/tools\/flashlab\/flashlab23\/\" tabindex=\"0\" role=\"link\">FlashLab23<\/a><ul>\t<li id=\"menu-item-2022\"><a href=\"https:\/\/gcf.community\/pt\/tools\/flashlab\/flashlab23\/reflection\/\" tabindex=\"0\" role=\"link\">Reflex\u00e3o<\/a><\/li>\t<li id=\"menu-item-2016\"><a href=\"https:\/\/gcf.community\/pt\/tools\/flashlab\/flashlab23\/files\/\" tabindex=\"0\" role=\"link\">Arquivos<\/a><\/li>\t<li id=\"menu-item-2027\"><a href=\"https:\/\/gcf.community\/pt\/tools\/flashlab\/zoom-recordings\/\" tabindex=\"0\" role=\"link\">Grava\u00e7\u00f5es de Zoom<\/a><\/li>\t<li id=\"menu-item-2142\"><a href=\"https:\/\/gcf.community\/pt\/tools\/flashlab\/flashlab23\/schedule\/\" tabindex=\"0\" role=\"link\">Agendar<\/a><\/li><\/ul><\/li><li id=\"menu-item-2014\"><a href=\"https:\/\/gcf.community\/pt\/tools\/flashlab\/overview\/\" tabindex=\"0\" role=\"link\">Vis\u00e3o geral<\/a><\/li><li id=\"menu-item-2011\"><a href=\"https:\/\/gcf.community\/pt\/tools\/flashlab\/how-to-start\/\" tabindex=\"0\" role=\"link\">Como come\u00e7ar<\/a><\/li><li id=\"menu-item-2017\"><a href=\"https:\/\/gcf.community\/pt\/tools\/flashlab\/process\/\" tabindex=\"0\" role=\"link\">Processo<\/a><\/li><li id=\"menu-item-2009\"><a href=\"https:\/\/gcf.community\/pt\/tools\/flashlab\/different-models\/\" tabindex=\"0\" role=\"link\">Diferentes modelos<\/a><\/li><li id=\"menu-item-2012\"><a href=\"https:\/\/gcf.community\/pt\/tools\/flashlab\/look-and-listen\/\" tabindex=\"0\" role=\"link\">1 \u2013 Olhe e Ou\u00e7a<\/a><\/li><li id=\"menu-item-2020\"><a href=\"https:\/\/gcf.community\/pt\/tools\/flashlab\/think-and-explore\/\" tabindex=\"0\" role=\"link\">2 \u2013 Pense e Explore<\/a><\/li><li id=\"menu-item-2013\"><a href=\"https:\/\/gcf.community\/pt\/tools\/flashlab\/make-and-create\/\" tabindex=\"0\" role=\"link\">3 \u2013 Fazer e Criar<\/a><\/li><li id=\"menu-item-2019\"><a href=\"https:\/\/gcf.community\/pt\/tools\/flashlab\/test-and-refine\/\" tabindex=\"0\" role=\"link\">4 \u2013 Teste e refine<\/a><\/li><li id=\"menu-item-2018\"><a href=\"https:\/\/gcf.community\/pt\/tools\/flashlab\/share-and-multiply\/\" tabindex=\"0\" role=\"link\">5 \u2013 Compartilhe e Multiplique<\/a><\/li><li id=\"menu-item-2136\"><a href=\"https:\/\/gcf.community\/pt\/tools\/flashlab\/useful-links\/\" tabindex=\"0\" role=\"link\">Links \u00fateis<\/a><\/li><\/ul>\n\t\t\t<\/nav>\n\n\t<p>Precisa de algo para o seu minist\u00e9rio ou equipe? Um curr\u00edculo, um recurso b\u00edblico ou um manual? Ou talvez queira um v\u00eddeo, uma m\u00fasica, uma nova vers\u00e3o de um recurso antigo, uma sess\u00e3o de treinamento, um jogo, um kit informativo, um gr\u00e1fico, um PowerPoint ou um diagrama. Ou precisa desenvolver uma estrat\u00e9gia, uma declara\u00e7\u00e3o de vis\u00e3o ou algo mais!<\/p>\n<p>Um FlashLab \u00e9 um m\u00e9todo guiado que ajuda voc\u00ea a colaborar com outras pessoas para criar um novo recurso em conjunto. \u00c9 um processo simples e definido que guia voc\u00ea do in\u00edcio ao fim.<\/p>\n<p>Esta se\u00e7\u00e3o do site o guiar\u00e1 pelas diferentes etapas de um FlashLab. Voc\u00ea tamb\u00e9m pode baixar este conte\u00fado como um manual em PDF otimizado para dispositivos m\u00f3veis. \u00c9 gratuito. Pegue, use e compartilhe!<\/p>\n\t<a href=\"https:\/\/gcf.community\/wp-content\/uploads\/2023\/08\/FlashLab-Manual-2023-mobile-v4.pdf\" target=\"_self\" role=\"button\" download=\"FlashLab-Manual-2023-mobile-v4.pdf\" aria-label=\"Baixe o Manual do FlashLab (PDF)\" rel=\"noopener\">\n\t\t\t\t\t\tBaixe o Manual do FlashLab (PDF)\n\t\t\t\t\t<\/a>","protected":false},"excerpt":{"rendered":"<p>FlashLab FlashLab23 Arquivos de reflex\u00e3o Grava\u00e7\u00f5es de zoom Cronograma Vis\u00e3o geral Como come\u00e7ar Processo Diferentes modelos 1 \u2013 Olhe e ou\u00e7a 2 \u2013 Pense e explore 3 \u2013 Fa\u00e7a e crie 4 \u2013 Teste e refine 5 \u2013 Compartilhe e multiplique Links \u00fateis Menu FlashLab \u00d7 FlashLab FlashLab23 Arquivos de reflex\u00e3o Grava\u00e7\u00f5es de zoom Cronograma Vis\u00e3o geral Como come\u00e7ar \u2026 <a title=\"Laborat\u00f3rio Flash\" class=\"read-more\" href=\"https:\/\/gcf.community\/pt\/resources\/flashlab\/\" aria-label=\"Leia mais sobre FlashLab\">Ler mais<\/a><\/p>","protected":false},"author":1,"featured_media":0,"parent":3157,"menu_order":0,"comment_status":"closed","ping_status":"closed","template":"","meta":{"_acf_changed":false,"_seopress_robots_primary_cat":"","_seopress_titles_title":"FlashLab","_seopress_titles_desc":"A FlashLab is a guided method that helps you collaborate with others to create a new resource together.","_seopress_robots_index":"","footnotes":"","_links_to":"","_links_to_target":""},"categories":[91],"class_list":{"0":"post-1917","1":"page","2":"type-page","3":"status-publish","5":"category-flashlab"},"acf":[],"_links":{"self":[{"href":"https:\/\/gcf.community\/pt\/wp-json\/wp\/v2\/pages\/1917","targetHints":{"allow":["GET"]}}],"collection":[{"href":"https:\/\/gcf.community\/pt\/wp-json\/wp\/v2\/pages"}],"about":[{"href":"https:\/\/gcf.community\/pt\/wp-json\/wp\/v2\/types\/page"}],"author":[{"embeddable":true,"href":"https:\/\/gcf.community\/pt\/wp-json\/wp\/v2\/users\/1"}],"replies":[{"embeddable":true,"href":"https:\/\/gcf.community\/pt\/wp-json\/wp\/v2\/comments?post=1917"}],"version-history":[{"count":1,"href":"https:\/\/gcf.community\/pt\/wp-json\/wp\/v2\/pages\/1917\/revisions"}],"predecessor-version":[{"id":3164,"href":"https:\/\/gcf.community\/pt\/wp-json\/wp\/v2\/pages\/1917\/revisions\/3164"}],"up":[{"embeddable":true,"href":"https:\/\/gcf.community\/pt\/wp-json\/wp\/v2\/pages\/3157"}],"wp:attachment":[{"href":"https:\/\/gcf.community\/pt\/wp-json\/wp\/v2\/media?parent=1917"}],"wp:term":[{"taxonomy":"category","embeddable":true,"href":"https:\/\/gcf.community\/pt\/wp-json\/wp\/v2\/categories?post=1917"}],"curies":[{"name":"wp","href":"https:\/\/api.w.org\/{rel}","templated":true}]}}