{"id":1870,"date":"2023-06-13T08:11:11","date_gmt":"2023-06-13T07:11:11","guid":{"rendered":"https:\/\/gcf.community\/?page_id=1870"},"modified":"2023-09-12T08:28:43","modified_gmt":"2023-09-12T07:28:43","slug":"resources","status":"publish","type":"page","link":"https:\/\/gcf.community\/pt\/campaigns\/families-on-mission\/resources\/","title":{"rendered":"Recursos"},"content":{"rendered":"<a href=\"https:\/\/gcf.community\/pt\/campaigns\/families-on-mission\/\" target=\"_self\" itemprop=\"url\" rel=\"noopener\">\n\t\t\t\t<img loading=\"lazy\" decoding=\"async\" src=\"https:\/\/gcf.community\/wp-content\/uploads\/2023\/05\/fom-logo-portrait-transparent-for-white-background-600.png\" alt=\"fom logo portrait transparent for white background 600\" itemprop=\"image\" height=\"536\" width=\"600\" title=\"fom logo retrato transparente para fundo branco 600\" onerror=\"this.style.display='none'\"  \/>\n\t\t\t\t<\/a>\n<h2>\n\t\tToda fam\u00edlia\n\t<\/h2>\n<h2>\n\t\tAtrav\u00e9s de cada igreja\n\t<\/h2>\n<h2>\n\t\tPara cada comunidade\n\t<\/h2>\n\t\t\t<button tabindex=\"0\" role=\"button\" aria-label=\"Menu\">\n\t\t\t\t\t\t\t<\/button>\n\t<nav aria-label=\"FoM\" itemscope=\"itemscope\" itemtype=\"https:\/\/schema.org\/SiteNavigationElement\">\n\t\t<ul id=\"menu-fom\"><li id=\"menu-item-1752\"><a href=\"https:\/\/gcf.community\/pt\/campaigns\/families-on-mission\/\">Introdu\u00e7\u00e3o<\/a><\/li><li id=\"menu-item-1723\"><a href=\"https:\/\/gcf.community\/pt\/campaigns\/families-on-mission\/statement\/\">Declara\u00e7\u00e3o<\/a><\/li><li id=\"menu-item-1725\"><a href=\"https:\/\/gcf.community\/pt\/campaigns\/families-on-mission\/report\/\">Relat\u00f3rio<\/a><\/li><li id=\"menu-item-2204\"><a href=\"https:\/\/gcf.community\/pt\/campaigns\/families-on-mission\/resources\/\" aria-current=\"page\">Recursos<\/a><\/li><li id=\"menu-item-1724\"><a href=\"https:\/\/gcf.community\/pt\/campaigns\/families-on-mission\/showcase\/\">Vitrine<\/a><\/li><li id=\"menu-item-1731\"><a href=\"https:\/\/gcf.community\/pt\/campaigns\/families-on-mission\/videos\/\">V\u00eddeos<\/a><\/li><\/ul>\n\t\t\t<\/nav>\n<h1>\n\t\tRecursos\n\t<\/h1>\n\t<p>Voc\u00ea pode usar os controles no canto superior direito da caixa abaixo para pesquisar, filtrar e alterar a visualiza\u00e7\u00e3o dos recursos. Clique nos tr\u00eas pontos verticais para alterar se voc\u00ea visualiza os recursos em visualiza\u00e7\u00e3o de lista ou visualiza\u00e7\u00e3o de miniatura.<\/p>\n\t<h3>Todos os arquivos relacionados a Fam\u00edlias em Miss\u00e3o<\/h3>\n<p>Observe que muitos dos recursos abaixo podem estar inacabados e em andamento.<\/p>\n\t<div id='wpcp-a815960cd52feba90286c180d3802223' class='wpcp-container'><div id='OutoftheBox' class='files  wpcp-has-scroll-to-top' data-module-id='wpcp-a815960cd52feba90286c180d3802223' style='display:none'><noscript><div class='OutoftheBox-nojsmessage'>Para visualizar este conte\u00fado, voc\u00ea precisa ter o JavaScript habilitado em seu navegador.<br\/><a href='http:\/\/www.enable-javascript.com\/' target='_blank'>Para fazer isso, siga estas instru\u00e7\u00f5es<\/a>.<\/div><\/noscript><div class='wpcp-module OutoftheBox files jsdisabled wpcp-thumb-view'  id='OutoftheBox-a815960cd52feba90286c180d3802223' data-token='a815960cd52feba90286c180d3802223' data-account-id='dbid:AAB2dTcGQmrzZtKegNrHODwdwEKSkvgz8y4' data-org-id='' data-path='' data-org-path='%2F' data-source='6da603d68b6c4405f95a25ea6da1813c' data-sort='name:asc' data-list='files' data-query='' data-lightboxnav='1' data-lightboxthumbs='1' data-layout='grid' data-action='0'  ><div class=\"wpcp-browser-container wpcp-no-tree wpcp-browser--init\" style=\"width:100%;max-width:100%;\">\r\n    <div class=\"wpcp-browser-container-tree\" data-show-tree='0'>\r\n        <div class=\"wpcp-container-overlay\"><\/div>\r\n        <div class=\"nav-header\">\r\n            <a class=\"nav-tree-toggle entry-info-button\" tabindex=\"0\" title=\"Mostrar a \u00e1rvore de massas\">\r\n                <i class=\"eva eva-arrowhead-left-outline\"><\/i>\r\n            <\/a>\r\n        <\/div>\r\n        <div class=\"wpcp-browser-tree\"><\/div>\r\n    <\/div>\r\n    <div class=\"wpcp-browser-container-content\">\r\n                <div class=\"nav-header nav-header-has-breadcrumb\">            <a class=\"nav-tree-toggle entry-info-button\" tabindex=\"0\" title=\"Mostrar a \u00e1rvore de massas\">\r\n                <i class=\"eva eva-arrowhead-left-outline\"><\/i>\r\n            <\/a>\r\n            <a class=\"nav-home entry-info-button\" title=\"Volte para a massa de in\u00edcio\" tabindex=\"0\">\r\n                <i class=\"eva eva-home-outline\"><\/i>\r\n            <\/a>\r\n            <div class=\"nav-title\">Carregando...<\/div>\r\n                        <a class=\"nav-search entry-info-button\" tabindex=\"0\">\r\n                <i class=\"eva eva-search\"><\/i>\r\n            <\/a>\r\n\r\n            <div class=\"tippy-content-holder search-wrapper\">\r\n                <a class=\"search-icon search-submit\" href=\"javascript:;\"><i class=\"eva eva-search\"><\/i><\/a>\r\n                <input class=\"search-input\" name=\"q\" type=\"search\" autocomplete=\"off\" size=\"40\" aria-label=\"Pesquisar\" placeholder=\"Procurar arquivos\" \/>\r\n                <a class=\"search-remove\" href=\"javascript:;\" title=\"Limpar\"><i class=\"eva eva-close\"><\/i><\/a>\r\n            <\/div>\r\n            \r\n            <a class=\"nav-sort entry-info-button\" title=\"Op\u00e7\u00f5es de classifica\u00e7\u00e3o\">\r\n                <i class=\"eva eva-options\"><\/i>\r\n            <\/a>\r\n            <div class=\"tippy-content-holder sort-div\">\r\n                <ul class='nav-sorting-list'>\r\n                    <li><a class=\"nav-sorting-field nav-name sort-selected\" data-field=\"name\" title=\"Nome\">\r\n                            Nome                        <\/a>\r\n                    <\/li>\r\n                    <li><a class=\"nav-sorting-field nav-size\" data-field=\"size\" title=\"Tamanho\">\r\n                            Tamanho                        <\/a>\r\n                    <\/li>\r\n                    <li><a class=\"nav-sorting-field nav-modified\" data-field=\"modified\" title=\"Modificado\">\r\n                            Modificado                        <\/a>\r\n                    <\/li>\r\n                    <li class=\"list-separator\">&nbsp;<\/li>\r\n                    <li><a class=\"nav-sorting-order nav-asc sort-selected\" data-order=\"asc\" title=\"Ascendente\">\r\n                            Ascendente                        <\/a>\r\n                    <\/li>\r\n                    <li><a class=\"nav-sorting-order nav-desc\" data-order=\"desc\" title=\"Descendente\">\r\n                            Descendente                        <\/a>\r\n                    <\/li>\r\n                <\/ul>\r\n            <\/div>\r\n\r\n            <a class=\"nav-gear entry-info-button\" title=\"Mais a\u00e7\u00f5es\">\r\n                <i class=\"eva eva-more-vertical-outline\"><\/i>\r\n            <\/a>\r\n            <div class=\"tippy-content-holder gear-div\" data-token=\"a815960cd52feba90286c180d3802223\">\r\n                <ul data-id=\"a815960cd52feba90286c180d3802223\">\r\n\r\n                                        <li style=\"display: none\"><a class=\"nav-layout nav-layout-grid\" title=\"Ver em grade\">\r\n                            <i class=\"eva eva-grid-outline eva-lg\"><\/i>Ver em grade                        <\/a>\r\n                    <\/li>\r\n                    <li><a class=\"nav-layout nav-layout-list\" title=\"Ver na lista\">\r\n                            <i class=\"eva eva-list-outline eva-lg\"><\/i>Ver na lista                        <\/a>\r\n                    <\/li>\r\n                    \r\n                    <li class='gear-menu-no-options' style=\"display: none\"><a><i class='eva eva-info-outline eva-lg'><\/i>Sem op\u00e7\u00f5es...<\/a><\/li>\r\n                <\/ul>\r\n            <\/div>\r\n                        <a class=\"nav-refresh entry-info-button\" title=\"Atualizar\">\r\n                <i class=\"eva eva-sync\"><\/i>\r\n            <\/a>\r\n                    <\/div>        <div class=\"wpcp-container-content\">\r\n            <div class=\"loading initialize\">                <svg class=\"loader-spinner\" viewbox=\"25 25 50 50\">\r\n                    <circle class=\"path\" cx=\"50\" cy=\"50\" r=\"20\" fill=\"none\" stroke-width=\"3\" stroke-miterlimit=\"10\"><\/circle>\r\n                <\/svg>\r\n                            <\/div>\r\n            <div class=\"ajax-filelist\" style=\"\">\r\n                <div class='files'>\r\n                    <div class=\"folders-container\"><div class=\"entry folder skeleton-entry\">\r\n    <div class=\"entry_block\">\r\n                <div class=\"entry-info\">\r\n            <div class=\"entry-info-icon skeleton skeleton-icon\"><\/div>\r\n            <div class=\"entry-info-name\"><span class=\"skeleton skeleton-text\"><\/span><\/div>\r\n                    <\/div>\r\n    <\/div>\r\n<\/div>\r\n<div class=\"entry folder skeleton-entry\">\r\n    <div class=\"entry_block\">\r\n                <div class=\"entry-info\">\r\n            <div class=\"entry-info-icon skeleton skeleton-icon\"><\/div>\r\n            <div class=\"entry-info-name\"><span class=\"skeleton skeleton-text\"><\/span><\/div>\r\n                    <\/div>\r\n    <\/div>\r\n<\/div>\r\n<div class=\"entry folder skeleton-entry\">\r\n    <div class=\"entry_block\">\r\n                <div class=\"entry-info\">\r\n            <div class=\"entry-info-icon skeleton skeleton-icon\"><\/div>\r\n            <div class=\"entry-info-name\"><span class=\"skeleton skeleton-text\"><\/span><\/div>\r\n                    <\/div>\r\n    <\/div>\r\n<\/div>\r\n<\/div>\r\n                    <div class=\"files-container\"><div class=\"entry file skeleton-entry\">\r\n    <div class=\"entry_block\">\r\n         <div class=\"entry_thumbnail skeleton skeleton-img\"><\/div>        <div class=\"entry-info\">\r\n            <div class=\"entry-info-icon skeleton skeleton-icon\"><\/div>\r\n            <div class=\"entry-info-name\"><span class=\"skeleton skeleton-text\"><\/span><\/div>\r\n                        <div class=\"entry-info-modified-date skeleton skeleton-text-small\"><\/div>\r\n            <div class=\"entry-info-size skeleton skeleton-text-small\"><\/div>\r\n                    <\/div>\r\n    <\/div>\r\n<\/div>\r\n<div class=\"entry file skeleton-entry\">\r\n    <div class=\"entry_block\">\r\n         <div class=\"entry_thumbnail skeleton skeleton-img\"><\/div>        <div class=\"entry-info\">\r\n            <div class=\"entry-info-icon skeleton skeleton-icon\"><\/div>\r\n            <div class=\"entry-info-name\"><span class=\"skeleton skeleton-text\"><\/span><\/div>\r\n                        <div class=\"entry-info-modified-date skeleton skeleton-text-small\"><\/div>\r\n            <div class=\"entry-info-size skeleton skeleton-text-small\"><\/div>\r\n                    <\/div>\r\n    <\/div>\r\n<\/div>\r\n<div class=\"entry file skeleton-entry\">\r\n    <div class=\"entry_block\">\r\n         <div class=\"entry_thumbnail skeleton skeleton-img\"><\/div>        <div class=\"entry-info\">\r\n            <div class=\"entry-info-icon skeleton skeleton-icon\"><\/div>\r\n            <div class=\"entry-info-name\"><span class=\"skeleton skeleton-text\"><\/span><\/div>\r\n                        <div class=\"entry-info-modified-date skeleton skeleton-text-small\"><\/div>\r\n            <div class=\"entry-info-size skeleton skeleton-text-small\"><\/div>\r\n                    <\/div>\r\n    <\/div>\r\n<\/div>\r\n<div class=\"entry file skeleton-entry\">\r\n    <div class=\"entry_block\">\r\n         <div class=\"entry_thumbnail skeleton skeleton-img\"><\/div>        <div class=\"entry-info\">\r\n            <div class=\"entry-info-icon skeleton skeleton-icon\"><\/div>\r\n            <div class=\"entry-info-name\"><span class=\"skeleton skeleton-text\"><\/span><\/div>\r\n                        <div class=\"entry-info-modified-date skeleton skeleton-text-small\"><\/div>\r\n            <div class=\"entry-info-size skeleton skeleton-text-small\"><\/div>\r\n                    <\/div>\r\n    <\/div>\r\n<\/div>\r\n<div class=\"entry file skeleton-entry\">\r\n    <div class=\"entry_block\">\r\n         <div class=\"entry_thumbnail skeleton skeleton-img\"><\/div>        <div class=\"entry-info\">\r\n            <div class=\"entry-info-icon skeleton skeleton-icon\"><\/div>\r\n            <div class=\"entry-info-name\"><span class=\"skeleton skeleton-text\"><\/span><\/div>\r\n                        <div class=\"entry-info-modified-date skeleton skeleton-text-small\"><\/div>\r\n            <div class=\"entry-info-size skeleton skeleton-text-small\"><\/div>\r\n                    <\/div>\r\n    <\/div>\r\n<\/div>\r\n<\/div>\r\n                <\/div>\r\n            <\/div>\r\n            <div class=\"scroll-to-top\">\r\n                <button class=\"scroll-to-top-action button button-round-icon secondary button-round-icon-lg button-shadow-3\" type=\"button\" title=\"Ir para o topo\" aria-expanded=\"false\"><i class=\"eva eva-arrow-upward-outline eva-2x\"><\/i><\/button>\r\n                            <\/div>\r\n            <div class=\"wpcp-browser-container-info\">\r\n                <div class=\"wpcp-container-overlay\"><\/div>\r\n                <div class=\"wpcp-info-content\">\r\n                    <div class=\"wpcp-info-close entry-info-button\">\r\n                        <i class=\"eva eva-close eva-lg\" aria-hidden=\"true\"><\/i>\r\n                    <\/div>\r\n                    <div class=\"wpcp-info-thumbnail\"><\/div>\r\n                    <div class=\"wpcp-info-list\"><\/div>\r\n                <\/div>\r\n            <\/div>\r\n        <\/div>\r\n    <\/div>\r\n<\/div><\/div><\/div><div class='wpcp-module-script'><script type='text\/javascript'>if (typeof(jQuery) !== 'undefined' && typeof(jQuery.cp) !== 'undefined' && typeof(jQuery.cp.OutoftheBox) === 'function') { jQuery('#OutoftheBox-a815960cd52feba90286c180d3802223').OutoftheBox(OutoftheBox_vars); };<\/script><\/div><\/div>\n<h2>\n\t\tCarregar\n\t<\/h2>\n\t<p>Voc\u00ea pode carregar seus arquivos abaixo. Use esta ferramenta somente para compartilhar recursos como PDFs, documentos do Office, imagens etc. O tamanho m\u00e1ximo do arquivo \u00e9 100 MB. Se desejar, voc\u00ea pode carregar uma pasta de recursos\/arquivos.<\/p>\n<p><strong>Por favor, n\u00e3o carregue nenhum v\u00eddeo para esta p\u00e1gina. Em vez disso, pedimos que voc\u00ea entre no grupo do WhatsApp atrav\u00e9s do bot\u00e3o na parte inferior desta p\u00e1gina e carregue seus v\u00eddeos l\u00e1.<\/strong>.<\/p>\n<h3>\n\t\tCarregue seus arquivos aqui\n\t<\/h3>\n\t<div id='wpcp-900e029e4b1cc1837e1198f92f4dca87' class='wpcp-container'><div id='OutoftheBox' class='upload  wpcp-has-scroll-to-top' data-module-id='wpcp-900e029e4b1cc1837e1198f92f4dca87' style='display:none'><noscript><div class='OutoftheBox-nojsmessage'>Para visualizar este conte\u00fado, voc\u00ea precisa ter o JavaScript habilitado em seu navegador.<br\/><a href='http:\/\/www.enable-javascript.com\/' target='_blank'>Para fazer isso, siga estas instru\u00e7\u00f5es<\/a>.<\/div><\/noscript><div class='wpcp-module OutoftheBox upload jsdisabled'  id='OutoftheBox-900e029e4b1cc1837e1198f92f4dca87' data-token='900e029e4b1cc1837e1198f92f4dca87' data-account-id='dbid:AAB2dTcGQmrzZtKegNrHODwdwEKSkvgz8y4' data-org-id='' data-path='' data-org-path='%2F' data-source='5e8698da324cdd20ff2e47bcf068c73e' data-sort='name:asc'>\r\n<div class=\"fileupload-box   auto_upload\" style=\"width:100%;max-width:100%;\" data-preprocess=\"\">\r\n    <!-- FORM ELEMENTS -->\r\n    <div id=\"fileupload-900e029e4b1cc1837e1198f92f4dca87\" class=\"fileupload-form\" data-token='900e029e4b1cc1837e1198f92f4dca87'>\r\n        <input type=\"hidden\" name=\"acceptfiletypes\" value=\".(.)$\">\r\n        <input type=\"hidden\" name=\"minfilesize\" value=\"0\">\r\n        <input type=\"hidden\" name=\"maxfilesize\" data-limit=\"1\" value=\"104857600\">\r\n        <input type=\"hidden\" name=\"maxnumberofuploads\" value=\"-1\">\r\n        <input type=\"hidden\" name=\"listtoken\" value=\"900e029e4b1cc1837e1198f92f4dca87\">\r\n        <input type='hidden' name='fileupload-filelist_900e029e4b1cc1837e1198f92f4dca87' class='fileupload-filelist' value=''>\r\n        <input type=\"file\" name=\"files[]\" class='upload-input upload-input-files' multiple accept=\"\">\r\n                <input type=\"file\" name=\"files[]\" class='upload-input upload-input-folder' multiple directory webkitdirectory>\r\n            <\/div>\r\n    <!-- END FORM ELEMENTS -->\r\n\r\n    <!-- UPLOAD BOX HEADER -->\r\n    <div class=\"fileupload-header\">\r\n        <div class=\"fileupload-header-title\">\r\n            <div class=\"fileupload-empty\">\r\n                <div class=\"fileupload-header-text-title upload-add-file\">Adicionar arquivos<\/div>\r\n                                <div class=\"fileupload-header-text-subtitle upload-add-folder\"><a title=\"Ou selecione uma pasta\">Ou selecione uma pasta<\/a>\r\n                <\/div>\r\n                            <\/div>\r\n            <div class=\"fileupload-not-empty\">\r\n                <div class=\"fileupload-header-text-title fileupload-items\"><\/div>\r\n                <div class=\"fileupload-header-text-subtitle fileupload-items-size\"><\/div>\r\n            <\/div>\r\n        <\/div>\r\n        <div class=\"fileupload-header-button\">\r\n            <button class='fileupload-requirements-button button button-round-icon secondary' type=\"button\" title=\"Requisitos para upload\"><i class=\"eva eva-list eva-lg\"><\/i><\/button>\r\n            <div class='tippy-content-holder'>\r\n                <div class='tippy-content'>\r\n                    <div class=\"upload-requirements-content-subtitle\">\r\n                        <div class=\"upload-requirements-size\">Tamanho M\u00e1ximo: <em><span class='max-file-size'>100 MB<\/span><\/em><\/div>                    <\/div>\r\n                <\/div>\r\n            <\/div>\r\n        <\/div>\r\n        <div class=\"fileupload-header-button\">\r\n            <button class='fileupload-add-button button button-round-icon' type=\"button\" title=\"Adicionar arquivos\"><i class=\"eva eva-plus-outline eva-lg\"><\/i><\/button>\r\n            <div class='tippy-content-holder'>\r\n                <div class='tippy-content'>\r\n                    <ul>\r\n                        <li class=\"upload-add-file\">\r\n                            <a title=\"Arquivos\">\r\n                                <i class=\"eva eva-file-add-outline eva-lg\"><\/i> Arquivos                            <\/a>\r\n                        <\/li>\r\n                                                <li class=\"upload-add-folder\">\r\n                            <a title=\"Massas\">\r\n                                <i class=\"eva eva-folder-add-outline eva-lg\"><\/i> Massas                            <\/a>\r\n                        <\/li>\r\n                                            <\/ul>\r\n                <\/div>\r\n            <\/div>\r\n        <\/div>\r\n    <\/div>\r\n    <!-- END UPLOAD BOX HEADER -->\r\n\r\n    <!-- UPLOAD PROGRESS -->\r\n    <div class=\"fileupload-global-progress\">\r\n        <div class=\"fileupload-global-progress-bar\"><\/div>\r\n    <\/div>\r\n    <!-- END UPLOAD PROGRESS -->\r\n\r\n    <!-- UPLOAD BOX LIST -->\r\n    <div class=\"fileupload-list\" style=\"\">\r\n        <table role=\"table\" class=\"fileupload-table\">\r\n            <tbody class=\"fileupload-table-body\">\r\n\r\n                <!-- UPLOAD BOX TEMPLATE ROW -->\r\n                <tr class=\"fileupload-table-row fileupload-table-row-template\" role=\"row\">\r\n                    <td class=\"fileupload-table-cell\" role=\"cell\" style=\"flex: 1 1 100%;\">\r\n                        <div class=\"fileupload-table-cell-icon\"><img decoding=\"async\" class=\"\" src=\"\" loading=\"lazy\" \/><\/div>\r\n                        <div class=\"fileupload-table-cell-content\">\r\n                            <div class=\"fileupload-table-cell-text fileupload-table-text-title\"><\/div>\r\n                            <div class=\"fileupload-table-cell-text fileupload-table-text-subtitle\"><\/div>\r\n                        <\/div>\r\n                    <\/td>\r\n\r\n                    <td class=\"fileupload-table-cell fileupload-table-cell-action\" role=\"cell\" style=\"flex: 1 0 auto;\">\r\n                                                <button type=\"button\" title=\"Baixar arquivo\" class=\"upload-download\"><i class=\"eva eva-download-outline eva-lg\"><\/i><span> Baixar arquivo<\/span><\/button>\r\n                                                <button type=\"button\" title=\"Tente carregar o arquivo novamente\" class=\"upload-redo\"><i class=\"eva eva-refresh eva-lg\"><\/i><\/button>\r\n                    <\/td>\r\n\r\n                    <td class=\"fileupload-table-cell fileupload-table-cell-result\" role=\"cell\" style=\"flex: 0 0 64px;\">\r\n                        <i title=\"Removedor de filamento\" aria-label=\"Removedor de filamento\" class=\"upload-remove eva eva-close eva-lg\"><\/i>\r\n                        <i title=\"Carregar para %s\" aria-label=\"Carregar para %s\" class=\"upload-stop eva eva-stop-circle eva-lg\"><\/i>\r\n                        <i class=\"upload-waiting eva eva-pause-circle-outline eva-lg\"><\/i>\r\n                        <i class=\"upload-success eva eva-checkmark eva-lg\"><\/i>\r\n                        <i class=\"upload-fail eva eva-alert-triangle-outline eva-lg\"><\/i>\r\n                        <i class=\"upload-convert eva eva-settings-outline eva-lg eva-spin\"><\/i>\r\n                    <\/td>\r\n\r\n                    <td class=\"fileupload-table-cell fileupload-table-cell-progress\" role=\"cell\" style=\"flex: 0 0 80px;\">\r\n                        <div class=\"fileupload-loading-bar label-center\" data-preset=\"circle\" data-value=\"0\"><\/div>\r\n                    <\/td>\r\n\r\n\r\n                <\/tr>\r\n                <!-- UPLOAD BOX END TEMPLATE ROW -->\r\n            <\/tbody>\r\n        <\/table>\r\n    <\/div>\r\n    <!-- END UPLOAD BOX LIST -->\r\n\r\n    <!-- UPLOAD BOX FOOTER -->\r\n    <div class=\"fileupload-footer\">\r\n        <div class=\"fileupload-footer-content\">\r\n            <button class=\"fileupload-start-button button\" disabled>Iniciar Upload<\/button>\r\n        <\/div>\r\n    <\/div>\r\n    <!-- END UPLOAD BOX FOOTER -->\r\n\r\n<\/div>\r\n\r\n<!-- UPLOAD BOX DRAG & DROP -->\r\n<div class=\"fileupload-drag-drop\"><\/div>\r\n<!-- END UPLOAD DRAG & DROP --><\/div><\/div><div class='wpcp-module-script'><script type='text\/javascript'>if (typeof(jQuery) !== 'undefined' && typeof(jQuery.cp) !== 'undefined' && typeof(jQuery.cp.OutoftheBox) === 'function') { jQuery('#OutoftheBox-900e029e4b1cc1837e1198f92f4dca87').OutoftheBox(OutoftheBox_vars); };<\/script><\/div><\/div>\n<h4>\n\t\tEnvios de v\u00eddeo\n\t<\/h4>\n\t<p>Se voc\u00ea quiser compartilhar um v\u00eddeo, compartilhe-o com nosso grupo do GCF Video no WhatsApp, no qual voc\u00ea pode entrar atrav\u00e9s do bot\u00e3o abaixo.<\/p>\n\t<a href=\"https:\/\/chat.whatsapp.com\/Kj0tpSATv0EG6i8C8sqfRn\" target=\"_blank\" role=\"button\" rel=\"noopener\" aria-label=\"Junte-se ao grupo WhatsApp da GCF Media\">\n\t\t\t\t\t\tJunte-se ao grupo WhatsApp da GCF Media\n\t\t\t\t\t<\/a>","protected":false},"excerpt":{"rendered":"<p>Cada fam\u00edlia Atrav\u00e9s de cada igreja Para cada comunidade Declara\u00e7\u00e3o de Apresenta\u00e7\u00e3o Relat\u00f3rio Recursos Apresenta\u00e7\u00e3o V\u00eddeos Recursos Voc\u00ea pode usar os controles no canto superior direito da caixa abaixo para pesquisar, filtrar e alterar a visualiza\u00e7\u00e3o dos recursos. Clique nos tr\u00eas pontos verticais para alterar se deseja visualizar os recursos em lista... <a title=\"Recursos\" class=\"read-more\" href=\"https:\/\/gcf.community\/pt\/campaigns\/families-on-mission\/resources\/\" aria-label=\"Leia mais sobre Recursos\">Ler mais<\/a><\/p>","protected":false},"author":1,"featured_media":0,"parent":1656,"menu_order":0,"comment_status":"closed","ping_status":"closed","template":"","meta":{"_acf_changed":false,"_seopress_robots_primary_cat":"","_seopress_titles_title":"","_seopress_titles_desc":"","_seopress_robots_index":"","footnotes":"","_links_to":"","_links_to_target":""},"categories":[],"class_list":["post-1870","page","type-page","status-publish"],"acf":[],"_links":{"self":[{"href":"https:\/\/gcf.community\/pt\/wp-json\/wp\/v2\/pages\/1870","targetHints":{"allow":["GET"]}}],"collection":[{"href":"https:\/\/gcf.community\/pt\/wp-json\/wp\/v2\/pages"}],"about":[{"href":"https:\/\/gcf.community\/pt\/wp-json\/wp\/v2\/types\/page"}],"author":[{"embeddable":true,"href":"https:\/\/gcf.community\/pt\/wp-json\/wp\/v2\/users\/1"}],"replies":[{"embeddable":true,"href":"https:\/\/gcf.community\/pt\/wp-json\/wp\/v2\/comments?post=1870"}],"version-history":[{"count":0,"href":"https:\/\/gcf.community\/pt\/wp-json\/wp\/v2\/pages\/1870\/revisions"}],"up":[{"embeddable":true,"href":"https:\/\/gcf.community\/pt\/wp-json\/wp\/v2\/pages\/1656"}],"wp:attachment":[{"href":"https:\/\/gcf.community\/pt\/wp-json\/wp\/v2\/media?parent=1870"}],"wp:term":[{"taxonomy":"category","embeddable":true,"href":"https:\/\/gcf.community\/pt\/wp-json\/wp\/v2\/categories?post=1870"}],"curies":[{"name":"wp","href":"https:\/\/api.w.org\/{rel}","templated":true}]}}