{"id":1776,"date":"2023-05-29T13:49:07","date_gmt":"2023-05-29T12:49:07","guid":{"rendered":"https:\/\/gcf.community\/?page_id=1776"},"modified":"2026-02-13T16:52:52","modified_gmt":"2026-02-13T16:52:52","slug":"projects","status":"publish","type":"page","link":"https:\/\/gcf.community\/pt\/projects\/","title":{"rendered":"Projetos"},"content":{"rendered":"<h1>\n\t\t\tProjetos\t<\/h1>\n\t<p>Acreditamos que a vida das crian\u00e7as \u00e9 moldada pela fam\u00edlia, pela m\u00eddia, pela igreja, pela escola e por uma s\u00e9rie de outras organiza\u00e7\u00f5es. O GCF busca ser um movimento altru\u00edsta que serve silenciosamente a cada uma delas, de forma a ajud\u00e1-las em seu papel de proteger as crian\u00e7as e a ajud\u00e1-las a identificar, moldar e liberar o potencial que Deus lhes deu.<\/p>\n<p>Acreditamos que a colabora\u00e7\u00e3o \u00e9 a chave para alcan\u00e7ar e fazer disc\u00edpulos de crian\u00e7as em todo o mundo. Trabalhando sozinhos, estamos apenas arranhando a superf\u00edcie desse desafio. Para isso, diversos projetos est\u00e3o sendo desenvolvidos pela GCF para servir \u00e0 igreja local. Esses projetos incluem:<\/p>\n        <p><img loading=\"lazy\" decoding=\"async\" src=\"https:\/\/gcf.community\/wp-content\/uploads\/2024\/11\/heart-150.png\" alt=\"\" width=\"50\" height=\"43\" \/>Experi\u00eancia de lideran\u00e7a<\/p>    \n            <a href=\"https:\/\/gcfleadership.org\" target=\"_self\"><\/a>\n        <p><img loading=\"lazy\" decoding=\"async\" src=\"https:\/\/gcf.community\/wp-content\/uploads\/2024\/11\/heart-150.png\" alt=\"\" width=\"50\" height=\"43\" \/>Fam\u00edlias em Miss\u00e3o<\/p>    \n            <a href=\"https:\/\/gcf.community\/pt\/campaigns\/families-on-mission\/\" target=\"_self\"><\/a>\n        <p><img loading=\"lazy\" decoding=\"async\" src=\"https:\/\/gcf.community\/wp-content\/uploads\/2024\/11\/heart-150.png\" alt=\"\" width=\"50\" height=\"43\" \/>Crian\u00e7as em todo lugar<\/p>    \n            <a href=\"https:\/\/childreneverywhere.com\" target=\"_self\"><\/a>\n        <p><img loading=\"lazy\" decoding=\"async\" src=\"https:\/\/gcf.community\/wp-content\/uploads\/2024\/11\/heart-150.png\" alt=\"\" width=\"50\" height=\"43\" \/>Max7<\/p>    \n            <a href=\"https:\/\/www.max7.org\/en\" target=\"_self\"><\/a>\n        <p><img loading=\"lazy\" decoding=\"async\" src=\"https:\/\/gcf.community\/wp-content\/uploads\/2024\/11\/heart-150.png\" alt=\"\" width=\"50\" height=\"43\" \/>Centros Infantis<\/p>    \n            <a href=\"https:\/\/kidshubs.com\/\" target=\"_self\"><\/a>\n        <p><img loading=\"lazy\" decoding=\"async\" src=\"https:\/\/gcf.community\/wp-content\/uploads\/2024\/11\/heart-150.png\" alt=\"\" width=\"50\" height=\"43\" \/>KidsHubsTV<\/p>    \n            <a href=\"https:\/\/kidshubtv.com\/en\/default.aspx\" target=\"_self\"><\/a>\n        <p><img loading=\"lazy\" decoding=\"async\" src=\"https:\/\/gcf.community\/wp-content\/uploads\/2024\/11\/heart-150.png\" alt=\"\" width=\"50\" height=\"43\" \/>Crian\u00e7as em Risco<\/p>    \n            <a href=\"https:\/\/lausanne.org\/network\/children-at-risk\" target=\"_self\"><\/a>\n        <p><img loading=\"lazy\" decoding=\"async\" src=\"https:\/\/gcf.community\/wp-content\/uploads\/2024\/11\/heart-150.png\" alt=\"\" width=\"50\" height=\"43\" \/>Crian\u00e7as e Fam\u00edlias<\/p>    \n            <a href=\"https:\/\/lausanne.org\/network\/children-and-family\" target=\"_self\"><\/a>\n        <p><img loading=\"lazy\" decoding=\"async\" src=\"https:\/\/gcf.community\/wp-content\/uploads\/2024\/11\/heart-150.png\" alt=\"\" width=\"50\" height=\"43\" \/>Gera\u00e7\u00f5es Generosas<\/p>    \n            <a href=\"https:\/\/generousgenerations.org\/\" target=\"_self\"><\/a>","protected":false},"excerpt":{"rendered":"<p>Projetos Acreditamos que a vida das crian\u00e7as \u00e9 moldada pela fam\u00edlia, pela m\u00eddia, pela igreja, pela escola e por uma s\u00e9rie de outras organiza\u00e7\u00f5es. O GCF busca ser um movimento altru\u00edsta que serve silenciosamente a cada uma delas, de forma a ajud\u00e1-las em seu papel de proteger as crian\u00e7as e a ajud\u00e1-las a identificar, moldar e liberar o dom que Deus lhes deu\u2026 <a title=\"Projetos\" class=\"read-more\" href=\"https:\/\/gcf.community\/pt\/projects\/\" aria-label=\"Leia mais sobre Projetos\">Ler mais<\/a><\/p>","protected":false},"author":1,"featured_media":0,"parent":0,"menu_order":0,"comment_status":"closed","ping_status":"closed","template":"","meta":{"_acf_changed":false,"_seopress_robots_primary_cat":"","_seopress_titles_title":"","_seopress_titles_desc":"","_seopress_robots_index":"","footnotes":"","_links_to":"","_links_to_target":""},"categories":[1],"class_list":{"0":"post-1776","1":"page","2":"type-page","3":"status-publish","5":"category-uncategorized"},"acf":[],"_links":{"self":[{"href":"https:\/\/gcf.community\/pt\/wp-json\/wp\/v2\/pages\/1776","targetHints":{"allow":["GET"]}}],"collection":[{"href":"https:\/\/gcf.community\/pt\/wp-json\/wp\/v2\/pages"}],"about":[{"href":"https:\/\/gcf.community\/pt\/wp-json\/wp\/v2\/types\/page"}],"author":[{"embeddable":true,"href":"https:\/\/gcf.community\/pt\/wp-json\/wp\/v2\/users\/1"}],"replies":[{"embeddable":true,"href":"https:\/\/gcf.community\/pt\/wp-json\/wp\/v2\/comments?post=1776"}],"version-history":[{"count":11,"href":"https:\/\/gcf.community\/pt\/wp-json\/wp\/v2\/pages\/1776\/revisions"}],"predecessor-version":[{"id":3217,"href":"https:\/\/gcf.community\/pt\/wp-json\/wp\/v2\/pages\/1776\/revisions\/3217"}],"wp:attachment":[{"href":"https:\/\/gcf.community\/pt\/wp-json\/wp\/v2\/media?parent=1776"}],"wp:term":[{"taxonomy":"category","embeddable":true,"href":"https:\/\/gcf.community\/pt\/wp-json\/wp\/v2\/categories?post=1776"}],"curies":[{"name":"wp","href":"https:\/\/api.w.org\/{rel}","templated":true}]}}