{"id":1761,"date":"2023-05-29T13:34:42","date_gmt":"2023-05-29T12:34:42","guid":{"rendered":"https:\/\/gcf.community\/?page_id=1761"},"modified":"2023-05-29T13:47:54","modified_gmt":"2023-05-29T12:47:54","slug":"toolbox","status":"publish","type":"page","link":"https:\/\/gcf.community\/pt\/campaigns\/children-everywhere\/toolbox\/","title":{"rendered":"Caixa de ferramentas"},"content":{"rendered":"<a href=\"https:\/\/gcf.community\/pt\/campaigns\/children-everywhere\/\" target=\"_self\" itemprop=\"url\" rel=\"noopener\">\n\t\t\t\t<img loading=\"lazy\" decoding=\"async\" src=\"https:\/\/gcf.community\/wp-content\/uploads\/2023\/05\/CEWWJ-Logo-C-300x238.png\" alt=\"CEWWJ Logo C\" itemprop=\"image\" height=\"238\" width=\"300\" title=\"Logotipo CEWWJ C\" onerror=\"this.style.display='none'\"  \/>\n\t\t\t\t<\/a>\n<h2>\n\t\tImaginar\u2026\n\t<\/h2>\n<h3>\n\t\tcrian\u00e7as em todo lugar\n\t<\/h3>\n<h3>\n\t\tcaminhando com jesus\n\t<\/h3>\n\t\t\t<button tabindex=\"0\" role=\"button\" aria-label=\"Menu\">\n\t\t\t\t\t\t\t<\/button>\n\t<nav aria-label=\"CEWWJ\" itemscope=\"itemscope\" itemtype=\"https:\/\/schema.org\/SiteNavigationElement\">\n\t\t<ul id=\"menu-cewwj\"><li id=\"menu-item-1760\"><a href=\"https:\/\/gcf.community\/pt\/campaigns\/children-everywhere\/\" tabindex=\"0\" role=\"link\">Introdu\u00e7\u00e3o<\/a><\/li><li id=\"menu-item-1769\"><a href=\"https:\/\/gcf.community\/pt\/campaigns\/children-everywhere\/challenge\/\" tabindex=\"0\" role=\"link\">Desafio<\/a><\/li><li id=\"menu-item-1770\"><a href=\"https:\/\/gcf.community\/pt\/campaigns\/children-everywhere\/toolbox\/\" aria-current=\"page\" tabindex=\"0\" role=\"link\">Caixa de ferramentas<\/a><\/li><\/ul>\n\t\t\t<\/nav>\n\t<p>Conte\u00fado em breve. Por favor, veja <a href=\"https:\/\/childreneverywhere.com\/toolbox\/\" target=\"_blank\" rel=\"noopener\">https:\/\/childreneverywhere.com\/toolbox\/<\/a> enquanto isso.<\/p>","protected":false},"excerpt":{"rendered":"<p>Imagine... crian\u00e7as em todos os lugares caminhando com Jesus. Introdu\u00e7\u00e3o. Desafio. Conte\u00fado da Caixa de Ferramentas em breve. Acesse https:\/\/childreneverywhere.com\/toolbox\/ enquanto isso.<\/p>","protected":false},"author":1,"featured_media":0,"parent":1754,"menu_order":0,"comment_status":"closed","ping_status":"closed","template":"","meta":{"_acf_changed":false,"_seopress_robots_primary_cat":"","_seopress_titles_title":"","_seopress_titles_desc":"","_seopress_robots_index":"","footnotes":"","_links_to":"","_links_to_target":""},"categories":[1],"class_list":{"0":"post-1761","1":"page","2":"type-page","3":"status-publish","5":"category-uncategorized"},"acf":[],"_links":{"self":[{"href":"https:\/\/gcf.community\/pt\/wp-json\/wp\/v2\/pages\/1761","targetHints":{"allow":["GET"]}}],"collection":[{"href":"https:\/\/gcf.community\/pt\/wp-json\/wp\/v2\/pages"}],"about":[{"href":"https:\/\/gcf.community\/pt\/wp-json\/wp\/v2\/types\/page"}],"author":[{"embeddable":true,"href":"https:\/\/gcf.community\/pt\/wp-json\/wp\/v2\/users\/1"}],"replies":[{"embeddable":true,"href":"https:\/\/gcf.community\/pt\/wp-json\/wp\/v2\/comments?post=1761"}],"version-history":[{"count":0,"href":"https:\/\/gcf.community\/pt\/wp-json\/wp\/v2\/pages\/1761\/revisions"}],"up":[{"embeddable":true,"href":"https:\/\/gcf.community\/pt\/wp-json\/wp\/v2\/pages\/1754"}],"wp:attachment":[{"href":"https:\/\/gcf.community\/pt\/wp-json\/wp\/v2\/media?parent=1761"}],"wp:term":[{"taxonomy":"category","embeddable":true,"href":"https:\/\/gcf.community\/pt\/wp-json\/wp\/v2\/categories?post=1761"}],"curies":[{"name":"wp","href":"https:\/\/api.w.org\/{rel}","templated":true}]}}