{"id":1715,"date":"2023-05-29T10:36:30","date_gmt":"2023-05-29T09:36:30","guid":{"rendered":"https:\/\/gcf.community\/?page_id=1715"},"modified":"2023-09-11T15:53:43","modified_gmt":"2023-09-11T14:53:43","slug":"showcase","status":"publish","type":"page","link":"https:\/\/gcf.community\/pt\/campaigns\/families-on-mission\/showcase\/","title":{"rendered":"Vitrine"},"content":{"rendered":"<a href=\"https:\/\/gcf.community\/pt\/campaigns\/families-on-mission\/\" target=\"_self\" itemprop=\"url\" rel=\"noopener\">\n\t\t\t\t<img loading=\"lazy\" decoding=\"async\" src=\"https:\/\/gcf.community\/wp-content\/uploads\/2023\/05\/fom-logo-portrait-transparent-for-white-background-600.png\" alt=\"fom logo portrait transparent for white background 600\" itemprop=\"image\" height=\"536\" width=\"600\" title=\"fom logo retrato transparente para fundo branco 600\" onerror=\"this.style.display='none'\"  \/>\n\t\t\t\t<\/a>\n<h2>\n\t\tToda fam\u00edlia\n\t<\/h2>\n<h2>\n\t\tAtrav\u00e9s de cada igreja\n\t<\/h2>\n<h2>\n\t\tPara cada comunidade\n\t<\/h2>\n\t\t\t<button tabindex=\"0\" role=\"button\" aria-label=\"Menu\">\n\t\t\t\t\t\t\t<\/button>\n\t<nav aria-label=\"FoM\" itemscope=\"itemscope\" itemtype=\"https:\/\/schema.org\/SiteNavigationElement\">\n\t\t<ul id=\"menu-fom\"><li id=\"menu-item-1752\"><a href=\"https:\/\/gcf.community\/pt\/campaigns\/families-on-mission\/\">Introdu\u00e7\u00e3o<\/a><\/li><li id=\"menu-item-1723\"><a href=\"https:\/\/gcf.community\/pt\/campaigns\/families-on-mission\/statement\/\">Declara\u00e7\u00e3o<\/a><\/li><li id=\"menu-item-1725\"><a href=\"https:\/\/gcf.community\/pt\/campaigns\/families-on-mission\/report\/\">Relat\u00f3rio<\/a><\/li><li id=\"menu-item-2204\"><a href=\"https:\/\/gcf.community\/pt\/campaigns\/families-on-mission\/resources\/\">Recursos<\/a><\/li><li id=\"menu-item-1724\"><a href=\"https:\/\/gcf.community\/pt\/campaigns\/families-on-mission\/showcase\/\" aria-current=\"page\">Vitrine<\/a><\/li><li id=\"menu-item-1731\"><a href=\"https:\/\/gcf.community\/pt\/campaigns\/families-on-mission\/videos\/\">V\u00eddeos<\/a><\/li><\/ul>\n\t\t\t<\/nav>\n<h1>\n\t\tVitrine\n\t<\/h1>\n\t<p>Confira nossa recente chamada de apresenta\u00e7\u00e3o sobre Fam\u00edlias em Miss\u00e3o. Este v\u00eddeo destaca o progresso em diversas \u00e1reas de projetos nos \u00faltimos meses.<\/p>\n\t<iframe style='position: absolute;  width: 100%; height: 100%; left: 0; top: 0;' src='https:\/\/killerplayer.com\/new\/video\/088d45ec-375c-498e-97e7-5db1018b162f' width='900' height='508' frameborder='0' scrolling='no' allowfullscreen><\/iframe>","protected":false},"excerpt":{"rendered":"<p>Cada fam\u00edlia Atrav\u00e9s de cada igreja Para cada comunidade Declara\u00e7\u00e3o de Apresenta\u00e7\u00e3o Relat\u00f3rio Recursos Apresenta\u00e7\u00e3o V\u00eddeos Apresenta\u00e7\u00e3o Confira nossa recente chamada de apresenta\u00e7\u00e3o sobre Fam\u00edlias em Miss\u00e3o. Este v\u00eddeo destaca o progresso em diversas \u00e1reas de projetos nos \u00faltimos meses.<\/p>","protected":false},"author":1,"featured_media":0,"parent":1656,"menu_order":0,"comment_status":"closed","ping_status":"closed","template":"","meta":{"_acf_changed":false,"_seopress_robots_primary_cat":"","_seopress_titles_title":"","_seopress_titles_desc":"","_seopress_robots_index":"","footnotes":"","_links_to":"","_links_to_target":""},"categories":[1],"class_list":{"0":"post-1715","1":"page","2":"type-page","3":"status-publish","5":"category-uncategorized"},"acf":[],"_links":{"self":[{"href":"https:\/\/gcf.community\/pt\/wp-json\/wp\/v2\/pages\/1715","targetHints":{"allow":["GET"]}}],"collection":[{"href":"https:\/\/gcf.community\/pt\/wp-json\/wp\/v2\/pages"}],"about":[{"href":"https:\/\/gcf.community\/pt\/wp-json\/wp\/v2\/types\/page"}],"author":[{"embeddable":true,"href":"https:\/\/gcf.community\/pt\/wp-json\/wp\/v2\/users\/1"}],"replies":[{"embeddable":true,"href":"https:\/\/gcf.community\/pt\/wp-json\/wp\/v2\/comments?post=1715"}],"version-history":[{"count":0,"href":"https:\/\/gcf.community\/pt\/wp-json\/wp\/v2\/pages\/1715\/revisions"}],"up":[{"embeddable":true,"href":"https:\/\/gcf.community\/pt\/wp-json\/wp\/v2\/pages\/1656"}],"wp:attachment":[{"href":"https:\/\/gcf.community\/pt\/wp-json\/wp\/v2\/media?parent=1715"}],"wp:term":[{"taxonomy":"category","embeddable":true,"href":"https:\/\/gcf.community\/pt\/wp-json\/wp\/v2\/categories?post=1715"}],"curies":[{"name":"wp","href":"https:\/\/api.w.org\/{rel}","templated":true}]}}