{"id":1711,"date":"2023-05-29T10:35:48","date_gmt":"2023-05-29T09:35:48","guid":{"rendered":"https:\/\/gcf.community\/?page_id=1711"},"modified":"2023-12-15T12:24:27","modified_gmt":"2023-12-15T12:24:27","slug":"report","status":"publish","type":"page","link":"https:\/\/gcf.community\/pt\/campaigns\/families-on-mission\/report\/","title":{"rendered":"Relat\u00f3rio"},"content":{"rendered":"<a href=\"https:\/\/gcf.community\/pt\/campaigns\/families-on-mission\/\" target=\"_self\" itemprop=\"url\" rel=\"noopener\">\n\t\t\t\t<img loading=\"lazy\" decoding=\"async\" src=\"https:\/\/gcf.community\/wp-content\/uploads\/2023\/05\/fom-logo-portrait-transparent-for-white-background-600.png\" alt=\"fom logo portrait transparent for white background 600\" itemprop=\"image\" height=\"536\" width=\"600\" title=\"fom logo retrato transparente para fundo branco 600\" onerror=\"this.style.display='none'\"  \/>\n\t\t\t\t<\/a>\n<h2>\n\t\tToda fam\u00edlia\n\t<\/h2>\n<h2>\n\t\tAtrav\u00e9s de cada igreja\n\t<\/h2>\n<h2>\n\t\tPara cada comunidade\n\t<\/h2>\n\t\t\t<button tabindex=\"0\" aria-label=\"Menu\">\n\t\t\t\t\t\t\t<\/button>\n\t<nav aria-label=\"FoM\" itemscope=\"itemscope\" itemtype=\"https:\/\/schema.org\/SiteNavigationElement\">\n\t\t<ul id=\"menu-fom\"><li id=\"menu-item-1752\"><a href=\"https:\/\/gcf.community\/pt\/campaigns\/families-on-mission\/\">Introdu\u00e7\u00e3o<\/a><\/li><li id=\"menu-item-1723\"><a href=\"https:\/\/gcf.community\/pt\/campaigns\/families-on-mission\/statement\/\">Declara\u00e7\u00e3o<\/a><\/li><li id=\"menu-item-1725\"><a href=\"https:\/\/gcf.community\/pt\/campaigns\/families-on-mission\/report\/\" aria-current=\"page\">Relat\u00f3rio<\/a><\/li><li id=\"menu-item-2204\"><a href=\"https:\/\/gcf.community\/pt\/campaigns\/families-on-mission\/resources\/\">Recursos<\/a><\/li><li id=\"menu-item-1724\"><a href=\"https:\/\/gcf.community\/pt\/campaigns\/families-on-mission\/showcase\/\">Vitrine<\/a><\/li><li id=\"menu-item-1731\"><a href=\"https:\/\/gcf.community\/pt\/campaigns\/families-on-mission\/videos\/\">V\u00eddeos<\/a><\/li><\/ul>\n\t\t\t<\/nav>\n<h1>\n\t\tResultados e Iniciativas\n\t<\/h1>\n\t\t\t\tGera\u00e7\u00f5es Generosas\n\t\t\t\t<p>O grupo Generous Generations (agora conhecido como &quot;GenG&quot;) come\u00e7ou a trabalhar em uma variedade de atividades e recursos. Eles tamb\u00e9m est\u00e3o considerando uma &quot;Experi\u00eancia de Lan\u00e7amento&quot; GenG (inspirada na Jornada da Generosidade; embora \u00fanica em sua express\u00e3o), voltada para fam\u00edlias, igrejas e, potencialmente, m\u00eddias sociais (YouTube, TikTok, jogos, etc.).<\/p>\n\t\t\t\tConex\u00f5es globais\n\t\t\t\t<p>O grupo Global Connections lutou com como podemos ser portadores infecciosos nos passos que damos adiante. Queremos ser intencionais sobre as redes e igrejas com as quais nos envolvemos. Queremos capacitar vozes e campe\u00f5es importantes.<\/p>\n<p>O foco atual \u00e9 desenvolver um roteiro para os pr\u00f3ximos tr\u00eas anos \u2013 os primeiros passos s\u00e3o trabalhar em um descritor simples, uma declara\u00e7\u00e3o mais longa e uma estrutura teol\u00f3gica para ajudar outros a se envolverem colaborativamente.<\/p>\n\t\t\t\tRecursos da Igreja Local\n\t\t\t\t<p>Reconhecemos o papel central das igrejas locais enquanto ministram com e para as fam\u00edlias. Queremos investir nessa \u00e1rea pelo seguinte:<\/p>\n<ul>\n<li>Um kit de sobreviv\u00eancia para pastores (eles tamb\u00e9m t\u00eam fam\u00edlias desfeitas)<\/li>\n<li>Um recurso da igreja chamado &#039;Dia da Fam\u00edlia&#039; para ajudar as fam\u00edlias a se reunirem, se divertirem e trabalharem em apoio, relacionamentos, ritmo e prioridades<\/li>\n<\/ul>\n\t\t\t\tRecursos para a fam\u00edlia\n\t\t\t\t<p>Estamos nos concentrando na constru\u00e7\u00e3o de um kit de ferramentas que incorporar\u00e1 o seguinte:<\/p>\n<ul>\n<li>Um v\u00eddeo para comunidades e igrejas<\/li>\n<li>Um manual para m\u00e3es (Solo Mama)<\/li>\n<li>Um jogo para ser jogado por uma fam\u00edlia para falar sobre o que eles gostam e n\u00e3o gostam na maneira como interagem uns com os outros \u2013 uma boa maneira de ouvir as crian\u00e7as<\/li>\n<\/ul>\n\t\t\t\tDigital\n\t\t\t\t<p>O digital \u00e9 relevante para todos os grupos e continua a dar suporte ao desenvolvimento e \u00e0 comunica\u00e7\u00e3o de projetos. Tamb\u00e9m estamos trabalhando no seguinte:<\/p>\n<ul>\n<li>Desenvolver o uso do site gcf.community e explorar como isso pode dar suporte \u00e0 comunidade em geral<\/li>\n<li>Explorando como levamos os recursos do programa Fam\u00edlias em Miss\u00e3o \u00e0s pessoas \u2013 equipando-as e capacitando-as. Por exemplo, estamos buscando desenvolver modelos e recursos para organiza\u00e7\u00f5es, a fim de ajud\u00e1-las a come\u00e7ar a criar novos recursos do programa Fam\u00edlias em Miss\u00e3o.<\/li>\n<\/ul>\n\t\t\t\tfam\u00edlia.em forma\n\t\t\t\t<p>O programa family.fit continua a empolgar e inspirar. Atualmente, estamos trabalhando no seguinte:<\/p>\n<ul>\n<li>Ampliar a forma\u00e7\u00e3o dispon\u00edvel no s\u00edtio web e torn\u00e1-la mais acess\u00edvel \u00e0s escolas de forma\u00e7\u00e3o<\/li>\n<li>Grava\u00e7\u00e3o de v\u00eddeo multil\u00edngue explicando FF para pastores<\/li>\n<li>Melhorando os v\u00eddeos atuais adicionando legendas para melhorar a clareza<\/li>\n<li>Material de treinamento para family.fit distribu\u00eddo para mais de 70 escolas<\/li>\n<li>Uma equipe de m\u00eddia social foi formada para criar um novo conte\u00fado family.fit<\/li>\n<li>Um grupo do WhatsApp para campe\u00f5es do family.fit foi criado para apoiar, compartilhar ideias e encorajar uns aos outros como uma comunidade de melhores pr\u00e1ticas.<\/li>\n<\/ul>\n\t\t\t\tPaternidade\n\t\t\t\t<p>Os pais s\u00e3o importantes! Eles s\u00e3o fundamentais para as fam\u00edlias, modelos e respons\u00e1veis por liderar as fam\u00edlias na miss\u00e3o. Entre muitas ideias, h\u00e1 duas que est\u00e3o se concentrando primeiro em:<\/p>\n<ul>\n<li>Um recurso fundamental como um guia pr\u00e1tico para fam\u00edlias que querem acompanhar outras fam\u00edlias em sua jornada mission\u00e1ria<\/li>\n<li>Um recurso para l\u00edderes da igreja treinarem sobre parentalidade<\/li>\n<\/ul>\n\t\t\t\tAv\u00f3s\n\t\t\t\t<p>O papel dos av\u00f3s pode ser extremamente significativo. Atualmente, estamos trabalhando no seguinte:<\/p>\n<ul>\n<li>Criando um recurso para primeiros passos: 10 ideias para av\u00f3s em miss\u00e3o (dispon\u00edvel online e impresso)<\/li>\n<li>Trabalhando em um pacote de recursos para igrejas para aumentar o perfil do uso desses recursos<\/li>\n<\/ul>\n\t<p>Hospedar as reuni\u00f5es no Brasil deu um foco maravilhoso \u00e0 energia e \u00e0s iniciativas nessas regi\u00f5es. Aqui estamos trabalhando no seguinte:<\/p>\n<ul>\n<li>Encontrando campe\u00f5es em nossa regi\u00e3o<\/li>\n<li>Conectando-se a redes e parcerias globais<\/li>\n<li>Come\u00e7ando pequeno, apresentando exemplos que podem ser adaptados e multiplicados em nossa regi\u00e3o<\/li>\n<\/ul>\n\t\t\t\tAEL, a Alian\u00e7a Latina de Evangeliza\u00e7\u00e3o Regional\n\t\t\t\t<p>O tempo compartilhado pelos nossos membros da AEL no F\u00f3rum foi muito \u00fatil para fortalecer as rela\u00e7\u00f5es estrat\u00e9gicas com a Alian\u00e7a Evang\u00e9lica Mundial e iniciar v\u00ednculos com a Alian\u00e7a Evang\u00e9lica da \u00c1frica \u2013 Crian\u00e7as.<\/p>\n<p>Os representantes da comiss\u00e3o AEL Ni\u00f1ez tamb\u00e9m tiveram sua pr\u00f3pria reuni\u00e3o ap\u00f3s o F\u00f3rum para avaliar e abordar quest\u00f5es regionais que ser\u00e3o desenvolvidas para este ano, fortalecendo equipes estrat\u00e9gicas em n\u00edvel nacional. Da mesma forma, trabalhou-se para ter, na Am\u00e9rica Latina, um treinamento h\u00edbrido global de alto n\u00edvel em Lideran\u00e7a em torno de Crian\u00e7as com o endosso e certificado do Bethel Seminary, EUA.<\/p>\n\t\t\t\t Rede M\u00e3os Dados, Rede de Minist\u00e9rio Infantil do Brasil\n\t\t\t\t<p>Um benef\u00edcio significativo de se reunir no Brasil foi a oportunidade de fertiliza\u00e7\u00e3o cruzada entre os diferentes movimentos. As principais prioridades para a equipe da Rede M\u00e3os Dados incluem:<\/p>\n<ul>\n<li>Trabalhando em um jogo para fam\u00edlias explorarem melhores maneiras de comunicar suas queixas cotidianas de forma saud\u00e1vel.<\/li>\n<li>Saiba mais sobre o modus operandi do GCF e aproxime-se dessa maneira de manifestar o chamado \u00e0 unidade no Reino de Cristo.<\/li>\n<li>Saiba mais sobre o family.fit e como se envolver mais.<\/li>\n<li>Saiba mais sobre os planos de Experi\u00eancia de Lideran\u00e7a<\/li>\n<li>Explorando como encontrar maneiras de incluir lideran\u00e7as mais jovens na rede. <\/li>\n<\/ul>\n\t<p>Veja abaixo o relat\u00f3rio completo sobre nosso tempo juntos em S\u00e3o Paulo, ou baixe o relat\u00f3rio em PDF usando o bot\u00e3o abaixo.<\/p>\n\t<a href=\"https:\/\/gcf.community\/wp-content\/uploads\/2023\/05\/Sao-Paulo-Report-compressed.pdf\" target=\"_self\" role=\"button\" download=\"Sao-Paulo-Report-compressed.pdf\" aria-label=\"Relat\u00f3rio completo (PDF)\" rel=\"noopener\">\n\t\t\t\t\t\tRelat\u00f3rio completo (PDF)\n\t\t\t\t\t<\/a>\n\t        <div class=\"embedpress-document-embed ose-document ep-doc-d7fcf3f3b136871a304a78937b86779c\" style=\"width: 730px; height: 450px;; max-width:100%; display: block\">\n                                    <iframe title=\"Relat\u00f3rio S\u00e3o Paulo - compactado\" allowfullscreen=\"true\" mozallowfullscreen=\"true\" webkitallowfullscreen=\"true\" style=\"width: 730px; height: 450px;; max-width:100%; display: inline-block\" data-emsrc=\"https:\/\/gcf.community\/wp-content\/uploads\/2023\/05\/Sao-Paulo-Report-compressed.pdf\" data-emid=\"embedpress-pdf-shortcode\" class=\"embedpress-embed-document-pdf embedpress-pdf-shortcode\" src=\"https:\/\/gcf.community\/wp-admin\/admin-ajax.php?action=get_viewer&#038;file=https%3A%2F%2Fgcf.community%2Fwp-content%2Fuploads%2F2023%2F05%2FSao-Paulo-Report-compressed.pdf#key=dGhlbWVNb2RlPWRlZmF1bHQmdG9vbGJhcj10cnVlJmxhenlMb2FkPWZhbHNlJnBvc2l0aW9uPXRvcCZwcmVzZW50YXRpb249dHJ1ZSZkb3dubG9hZD10cnVlJmNvcHlfdGV4dD10cnVlJmFkZF90ZXh0PXRydWUmZHJhdz10cnVlJmRvY19yb3RhdGlvbj10cnVlJmFkZF9pbWFnZT10cnVlJmRvY19kZXRhaWxzPXRydWUmc2VsZWN0aW9uX3Rvb2w9MCZzY3JvbGxpbmc9LTEmc3ByZWFkcz0tMSZ6b29tX2luPXRydWUmem9vbV9vdXQ9dHJ1ZSZmaXRfdmlldz10cnVlJmJvb2ttYXJrPXRydWUmc291bmQ9dHJ1ZSZmbGlwYm9va190b29sYmFyX3Bvc2l0aW9uPWJvdHRvbQ==\" frameborder=\"0\">\n                        <\/iframe>\n                            <\/div>","protected":false},"excerpt":{"rendered":"<p>Cada fam\u00edlia Atrav\u00e9s de cada igreja Para cada comunidade Declara\u00e7\u00e3o de Apresenta\u00e7\u00e3o Relat\u00f3rio Recursos V\u00eddeos de Apresenta\u00e7\u00e3o Resultados e Iniciativas Gera\u00e7\u00f5es Generosas O grupo Gera\u00e7\u00f5es Generosas (agora conhecido como &quot;GenG&quot;) come\u00e7ou a trabalhar em uma variedade de atividades e recursos. Eles tamb\u00e9m est\u00e3o analisando uma &quot;Experi\u00eancia de Lan\u00e7amento&quot; GenG (inspirada na Jornada da Generosidade; embora \u00fanica em... <a title=\"Relat\u00f3rio\" class=\"read-more\" href=\"https:\/\/gcf.community\/pt\/campaigns\/families-on-mission\/report\/\" aria-label=\"Leia mais sobre Relat\u00f3rio\">Ler mais<\/a><\/p>","protected":false},"author":1,"featured_media":0,"parent":1656,"menu_order":0,"comment_status":"closed","ping_status":"closed","template":"","meta":{"_acf_changed":false,"_seopress_robots_primary_cat":"","_seopress_titles_title":"","_seopress_titles_desc":"","_seopress_robots_index":"","footnotes":"","_links_to":"","_links_to_target":""},"categories":[1],"class_list":{"0":"post-1711","1":"page","2":"type-page","3":"status-publish","5":"category-uncategorized"},"acf":[],"_links":{"self":[{"href":"https:\/\/gcf.community\/pt\/wp-json\/wp\/v2\/pages\/1711","targetHints":{"allow":["GET"]}}],"collection":[{"href":"https:\/\/gcf.community\/pt\/wp-json\/wp\/v2\/pages"}],"about":[{"href":"https:\/\/gcf.community\/pt\/wp-json\/wp\/v2\/types\/page"}],"author":[{"embeddable":true,"href":"https:\/\/gcf.community\/pt\/wp-json\/wp\/v2\/users\/1"}],"replies":[{"embeddable":true,"href":"https:\/\/gcf.community\/pt\/wp-json\/wp\/v2\/comments?post=1711"}],"version-history":[{"count":1,"href":"https:\/\/gcf.community\/pt\/wp-json\/wp\/v2\/pages\/1711\/revisions"}],"predecessor-version":[{"id":2350,"href":"https:\/\/gcf.community\/pt\/wp-json\/wp\/v2\/pages\/1711\/revisions\/2350"}],"up":[{"embeddable":true,"href":"https:\/\/gcf.community\/pt\/wp-json\/wp\/v2\/pages\/1656"}],"wp:attachment":[{"href":"https:\/\/gcf.community\/pt\/wp-json\/wp\/v2\/media?parent=1711"}],"wp:term":[{"taxonomy":"category","embeddable":true,"href":"https:\/\/gcf.community\/pt\/wp-json\/wp\/v2\/categories?post=1711"}],"curies":[{"name":"wp","href":"https:\/\/api.w.org\/{rel}","templated":true}]}}